{"id":1173,"date":"2025-10-09T15:22:39","date_gmt":"2025-10-09T13:22:39","guid":{"rendered":"https:\/\/www.spowerba.sk\/wp_test\/?page_id=1173"},"modified":"2026-03-10T16:04:11","modified_gmt":"2026-03-10T15:04:11","slug":"ultrazvukova-cistiaca-linka-kontinualna","status":"publish","type":"page","link":"https:\/\/www.spower-prod.sk\/en\/ultrazvukova-cistiaca-linka-kontinualna\/","title":{"rendered":"Continuous Ultrasonic Cleaning Line"},"content":{"rendered":"<div data-elementor-type=\"wp-page\" data-elementor-id=\"1173\" class=\"elementor elementor-1173\">\n\t\t\t\t<div class=\"elementor-element elementor-element-d90b74f e-flex e-con-boxed e-con e-parent\" data-id=\"d90b74f\" data-element_type=\"container\" data-e-type=\"container\">\n\t\t\t\t\t<div class=\"e-con-inner\">\n\t\t\t\t<div class=\"elementor-element elementor-element-1f3419e elementor-widget elementor-widget-heading\" data-id=\"1f3419e\" data-element_type=\"widget\" data-e-type=\"widget\" data-widget_type=\"heading.default\">\n\t\t\t\t\t<h2 class=\"elementor-heading-title elementor-size-default\">Continuous Ultrasonic Cleaning Line<\/h2>\t\t\t\t<\/div>\n\t\t\t\t\t<\/div>\n\t\t\t\t<\/div>\n\t\t<div class=\"elementor-element elementor-element-a185ff1 e-con-full e-flex e-con e-parent\" data-id=\"a185ff1\" data-element_type=\"container\" data-e-type=\"container\">\n\t\t<div class=\"elementor-element elementor-element-74e3949 e-flex e-con-boxed e-con e-child\" data-id=\"74e3949\" data-element_type=\"container\" data-e-type=\"container\">\n\t\t\t\t\t<div class=\"e-con-inner\">\n\t\t\t\t<div class=\"elementor-element elementor-element-fbf4dc5 elementor-widget elementor-widget-image\" data-id=\"fbf4dc5\" data-element_type=\"widget\" data-e-type=\"widget\" data-widget_type=\"image.default\">\n\t\t\t\t\t\t\t\t\t\t\t\t\t\t\t<img fetchpriority=\"high\" decoding=\"async\" width=\"768\" height=\"768\" src=\"https:\/\/www.spower-prod.sk\/wp-content\/uploads\/2025\/11\/predna_strana_kontinualna-768x768.png\" class=\"attachment-medium_large size-medium_large wp-image-5741\" alt=\"\" srcset=\"https:\/\/www.spower-prod.sk\/wp-content\/uploads\/2025\/11\/predna_strana_kontinualna-768x768.png 768w, https:\/\/www.spower-prod.sk\/wp-content\/uploads\/2025\/11\/predna_strana_kontinualna-300x300.png 300w, https:\/\/www.spower-prod.sk\/wp-content\/uploads\/2025\/11\/predna_strana_kontinualna-1024x1024.png 1024w, https:\/\/www.spower-prod.sk\/wp-content\/uploads\/2025\/11\/predna_strana_kontinualna-150x150.png 150w, https:\/\/www.spower-prod.sk\/wp-content\/uploads\/2025\/11\/predna_strana_kontinualna.png 1512w\" sizes=\"(max-width: 768px) 100vw, 768px\" \/>\t\t\t\t\t\t\t\t\t\t\t\t\t\t\t<\/div>\n\t\t<div class=\"elementor-element elementor-element-b749d2e e-con-full e-flex e-con e-child\" data-id=\"b749d2e\" data-element_type=\"container\" data-e-type=\"container\">\n\t\t\t\t<div class=\"elementor-element elementor-element-24f3ffe elementor-widget-divider--view-line elementor-widget elementor-widget-divider\" data-id=\"24f3ffe\" data-element_type=\"widget\" data-e-type=\"widget\" data-widget_type=\"divider.default\">\n\t\t\t\t\t\t\t<div class=\"elementor-divider\">\n\t\t\t<span class=\"elementor-divider-separator\">\n\t\t\t\t\t\t<\/span>\n\t\t<\/div>\n\t\t\t\t\t\t<\/div>\n\t\t\t\t<div class=\"elementor-element elementor-element-fd7fea6 elementor-widget elementor-widget-text-editor\" data-id=\"fd7fea6\" data-element_type=\"widget\" data-e-type=\"widget\" data-widget_type=\"text-editor.default\">\n\t\t\t\t\t\t\t\t\t<ul><li>High-quality efficient cleaning<\/li><li>Custom solutions according to customer requirements<\/li><li>Items to be cleaned are moved on a mechanical conveyor belt\u00a0<\/li><li>The line includes:<br \/>\u2013 input and output conveyors<br \/>\u2013 cleaning section<br \/>\u2013 drying section<\/li><li>Comprehensive implementation from design to production<\/li><li>Modern engineering methods<\/li><li>Models for water-based or flammable liquids<\/li><\/ul>\t\t\t\t\t\t\t\t<\/div>\n\t\t\t\t<div class=\"elementor-element elementor-element-6f159c9 elementor-widget-divider--view-line elementor-widget elementor-widget-divider\" data-id=\"6f159c9\" data-element_type=\"widget\" data-e-type=\"widget\" data-widget_type=\"divider.default\">\n\t\t\t\t\t\t\t<div class=\"elementor-divider\">\n\t\t\t<span class=\"elementor-divider-separator\">\n\t\t\t\t\t\t<\/span>\n\t\t<\/div>\n\t\t\t\t\t\t<\/div>\n\t\t\t\t<\/div>\n\t\t\t\t\t<\/div>\n\t\t\t\t<\/div>\n\t\t\t\t<\/div>\n\t\t<div class=\"elementor-element elementor-element-821ff31 e-flex e-con-boxed e-con e-parent\" data-id=\"821ff31\" data-element_type=\"container\" data-e-type=\"container\">\n\t\t\t\t\t<div class=\"e-con-inner\">\n\t\t\t\t<div class=\"elementor-element elementor-element-cc1dc81 e-n-tabs-mobile elementor-widget elementor-widget-n-tabs\" data-id=\"cc1dc81\" data-element_type=\"widget\" data-e-type=\"widget\" data-settings=\"{&quot;horizontal_scroll&quot;:&quot;disable&quot;}\" data-widget_type=\"nested-tabs.default\">\n\t\t\t\t\t\t\t<div class=\"e-n-tabs\" data-widget-number=\"214031489\" aria-label=\"Tabs. Open items with Enter or Space, close with Escape and navigate using the Arrow keys.\">\n\t\t\t<div class=\"e-n-tabs-heading\" role=\"tablist\">\n\t\t\t\t\t<button id=\"e-n-tab-title-2140314891\" data-tab-title-id=\"e-n-tab-title-2140314891\" class=\"e-n-tab-title\" aria-selected=\"true\" data-tab-index=\"1\" role=\"tab\" tabindex=\"0\" aria-controls=\"e-n-tab-content-2140314891\" style=\"--n-tabs-title-order: 1;\">\n\t\t\t\t\t\t<span class=\"e-n-tab-title-text\">\n\t\t\t\tDescription\t\t\t<\/span>\n\t\t<\/button>\n\t\t\t\t<button id=\"e-n-tab-title-2140314892\" data-tab-title-id=\"e-n-tab-title-2140314892\" class=\"e-n-tab-title\" aria-selected=\"false\" data-tab-index=\"2\" role=\"tab\" tabindex=\"-1\" aria-controls=\"e-n-tab-content-2140314892\" style=\"--n-tabs-title-order: 2;\">\n\t\t\t\t\t\t<span class=\"e-n-tab-title-text\">\n\t\t\t\tTechnical parameters\t\t\t<\/span>\n\t\t<\/button>\n\t\t\t\t<button id=\"e-n-tab-title-2140314893\" data-tab-title-id=\"e-n-tab-title-2140314893\" class=\"e-n-tab-title\" aria-selected=\"false\" data-tab-index=\"3\" role=\"tab\" tabindex=\"-1\" aria-controls=\"e-n-tab-content-2140314893\" style=\"--n-tabs-title-order: 3;\">\n\t\t\t\t\t\t<span class=\"e-n-tab-title-text\">\n\t\t\t\tModels\t\t\t<\/span>\n\t\t<\/button>\n\t\t\t\t<button id=\"e-n-tab-title-2140314894\" data-tab-title-id=\"e-n-tab-title-2140314894\" class=\"e-n-tab-title\" aria-selected=\"false\" data-tab-index=\"4\" role=\"tab\" tabindex=\"-1\" aria-controls=\"e-n-tab-content-2140314894\" style=\"--n-tabs-title-order: 4;\">\n\t\t\t\t\t\t<span class=\"e-n-tab-title-text\">\n\t\t\t\tGallery\t\t\t<\/span>\n\t\t<\/button>\n\t\t\t\t<button id=\"e-n-tab-title-2140314895\" data-tab-title-id=\"e-n-tab-title-2140314895\" class=\"e-n-tab-title\" aria-selected=\"false\" data-tab-index=\"5\" role=\"tab\" tabindex=\"-1\" aria-controls=\"e-n-tab-content-2140314895\" style=\"--n-tabs-title-order: 5;\">\n\t\t\t\t\t\t<span class=\"e-n-tab-title-text\">\n\t\t\t\tVideos\t\t\t<\/span>\n\t\t<\/button>\n\t\t\t\t\t<\/div>\n\t\t\t<div class=\"e-n-tabs-content\">\n\t\t\t\t<div id=\"e-n-tab-content-2140314891\" role=\"tabpanel\" aria-labelledby=\"e-n-tab-title-2140314891\" data-tab-index=\"1\" style=\"--n-tabs-title-order: 1;\" class=\"e-active elementor-element elementor-element-44255e1 e-con-full e-flex e-con e-child\" data-id=\"44255e1\" data-element_type=\"container\" data-e-type=\"container\">\n\t\t\t\t<div class=\"elementor-element elementor-element-6e86e6e elementor-widget elementor-widget-text-editor\" data-id=\"6e86e6e\" data-element_type=\"widget\" data-e-type=\"widget\" data-widget_type=\"text-editor.default\">\n\t\t\t\t\t\t\t\t\t<p data-start=\"108\" data-end=\"596\"><strong data-start=\"108\" data-end=\"271\"><span style=\"background-color: rgba(0, 0, 0, 0); font-weight: normal;\"><strong>Continuous ultrasonic cleaning line \u2013 high-quality efficient cleaning<\/strong><br \/><\/span><br \/><\/strong>The continuous ultrasonic cleaning line is <strong>a PLC-controlled automated system<\/strong>that can be seamlessly integrated into the customer's production system.<br data-start=\"271\" data-end=\"274\" \/>Parts intended for cleaning are fed onto the input conveyor, where they are placed one after another onto a mechanical belt. This belt continuously moves them into the line, into the ultrasonic cleaning tank. The items pass through while submerged in the cleaning fluid, ensuring uniform and highly efficient removal of contaminants. The cleaning process is followed by a drying section, where residual moisture is removed from the parts. At the end of the line, they emerge onto the output conveyor, where they can be manually collected by the operator, or this section can be supplemented with an automatic pick-up system, a robotic workstation, or a connecting conveyor for seamless integration into the next production step.<\/p><p data-start=\"108\" data-end=\"596\"><strong>Advantages of the continuous ultrasonic line<\/strong><\/p><ul data-start=\"728\" data-end=\"1302\"><li data-start=\"728\" data-end=\"833\"><p data-start=\"730\" data-end=\"833\"><strong data-start=\"730\" data-end=\"766\">High cleaning standard<b data-path-to-node=\"4,0,0\" data-index-in-node=\"0\">\u00a0<\/b><\/strong>\u2013 achieving stable and repeatable results even in technologically demanding applications.<\/p><\/li><li data-start=\"834\" data-end=\"936\"><p data-start=\"836\" data-end=\"936\"><b data-path-to-node=\"4,1,0\" data-index-in-node=\"0\">Maximum time efficiency<\/b> \u2013 continuous loading of parts onto the conveyor belt allows for the processing of large quantities simultaneously. The smooth process ensures a continuous output of clean production without downtime.<\/p><\/li><li data-start=\"1052\" data-end=\"1222\"><p data-start=\"1054\" data-end=\"1222\"><strong data-start=\"1054\" data-end=\"1079\">Automated process<\/strong> \u2013 the transport of parts between the input and output conveyors is fully automatic, minimizing the need for manual intervention and eliminating operator errors.<\/p><\/li><li data-start=\"1223\" data-end=\"1302\"><p data-start=\"1225\" data-end=\"1302\"><b data-path-to-node=\"4,3,0\" data-index-in-node=\"0\">Modular flexibility<\/b> \u2013 the length of the line and the configuration of individual sections are custom-designed according to the dimensions of the items to be cleaned and the required cleaning time.<\/p><\/li><\/ul><p><strong>Tank type<\/strong><\/p><ul><li>Cleaning tank with integrated drying<\/li><\/ul><p><strong>Cleaning liquid<\/strong><\/p><p>The items to be cleaned are submerged in the cleaning liquid. Ultrasonic waves propagate through the liquid, inducing cavitation \u2013 a process of formation and implosion of microbubbles that mechanically and highly effectively remove contaminants from the surfaces of the parts.\u00a0<\/p><p>Applicable liquids: water-based liquids with cleaning additives, or flammable liquids with a flash point above 63\u00b0C.\u00a0\u00a0<\/p>\t\t\t\t\t\t\t\t<\/div>\n\t\t\t\t<\/div>\n\t\t<div id=\"e-n-tab-content-2140314892\" role=\"tabpanel\" aria-labelledby=\"e-n-tab-title-2140314892\" data-tab-index=\"2\" style=\"--n-tabs-title-order: 2;\" class=\"elementor-element elementor-element-9db37c2 e-con-full e-flex e-con e-child\" data-id=\"9db37c2\" data-element_type=\"container\" data-e-type=\"container\">\n\t\t<div class=\"elementor-element elementor-element-a3e7a65 e-con-full e-flex e-con e-child\" data-id=\"a3e7a65\" data-element_type=\"container\" data-e-type=\"container\">\n\t\t\t\t<div class=\"elementor-element elementor-element-2898098 elementor-widget elementor-widget-heading\" data-id=\"2898098\" data-element_type=\"widget\" data-e-type=\"widget\" data-widget_type=\"heading.default\">\n\t\t\t\t\t<h2 class=\"elementor-heading-title elementor-size-default\">Table 1: Technical data for cleaner type - UCI4500C63\/L\/SK4<\/h2>\t\t\t\t<\/div>\n\t\t\t\t<div class=\"elementor-element elementor-element-e17dfcd elementor-widget elementor-widget-html\" data-id=\"e17dfcd\" data-element_type=\"widget\" data-e-type=\"widget\" data-widget_type=\"html.default\">\n\t\t\t\t\t<table class=\"mojetabulka\">\n  <thead>\n    <tr>\n    <\/tr>\n  <\/thead>\n  <tbody>\n    <tr>\n      <td>Supply voltage \/ frequency<\/td>\n      <td>3\/N\/PE~50 Hz, 230\/400V \/ TN-S<\/td>\n    <\/tr>\n    <tr>\n      <td>Protected current (I)<\/td>\n      <td>50 A<\/td>\n    <\/tr>\n    <tr>\n      <td>Installed power input<\/td>\n      <td>16 000 W<\/td>\n    <\/tr>\n    <tr>\n      <td>Ultrasonic power input<\/td>\n      <td>4 500 W<\/td>\n    <\/tr>\n    <tr>\n      <td>Heating power input<\/td>\n      <td>3 000 W<\/td>\n    <\/tr>\n    <tr>\n      <td>Cooling capacity<\/td>\n      <td>10 000 W<\/td>\n    <\/tr>\n    <tr>\n      <td>Cleaner type<\/td>\n      <td>A2<\/td>\n    <\/tr>\n    <tr>\n      <td>Line dimensions without cooling (W x L x H)\t<\/td>\n      <td>4008 x 900 x 1530 mm<\/td>\n    <\/tr>\n    <tr>\n      <td>Line dimensions with cooling (W x L x H)<\/td>\n      <td>1280 x 600 x 1530 mm<\/td>\n    <\/tr>\n    <tr>\n      <td>Min. flash point of the cleaning liquid<\/td>\n      <td>>= 63`C<\/td>\n    <\/tr>\n    <tr>\n      <td>Max. operating temperature of the cleaning liquid<\/td>\n      <td>15\u00b0C lower than the minimum flash point of the cleaning liquid<\/td>\n    <\/tr>\n    <tr>\n      <td>Overheating protection for the cleaning liquid<\/td>\n      <td>Two-stage protection (SW and HW)<\/td>\n    <\/tr>\n    <tr>\n      <td>Max. ambient temperature<\/td>\n      <td>40\u00b0C<\/td>\n    <\/tr>\n    <tr>\n      <td>Technical standards<\/td>\n      <td>EN ISO 12100; EN 60204-1; EN 61439-1; EN 61439-2; EN 12921-1; EN 12921-3; EN 61000-6-4; EN 61000-6-2<\/td>\n    <\/tr>\n    \n  <\/tbody>\n<\/table>\t\t\t\t<\/div>\n\t\t\t\t<\/div>\n\t\t\t\t<\/div>\n\t\t<div id=\"e-n-tab-content-2140314893\" role=\"tabpanel\" aria-labelledby=\"e-n-tab-title-2140314893\" data-tab-index=\"3\" style=\"--n-tabs-title-order: 3;\" class=\"elementor-element elementor-element-11b5f99 e-con-full e-flex e-con e-child\" data-id=\"11b5f99\" data-element_type=\"container\" data-e-type=\"container\">\n\t\t\t\t<div class=\"elementor-element elementor-element-0744056 elementor-widget elementor-widget-text-editor\" data-id=\"0744056\" data-element_type=\"widget\" data-e-type=\"widget\" data-widget_type=\"text-editor.default\">\n\t\t\t\t\t\t\t\t\t<p><span style=\"background-color: rgba(0, 0, 0, 0);\">Type: UCI4500C63\/L\/SK4\u00a0<\/span><span style=\"background-color: rgba(0, 0, 0, 0);\">\u2013 for cleaning liquid with a flash point above 63\u00b0C.<br \/>Consists of<\/span><span style=\"background-color: rgba(0, 0, 0, 0);\">:<\/span><\/p><ol><li>Input conveyor<\/li><li>Cleaning section<\/li><li>Drying section<\/li><li>Output conveyor<\/li><\/ol>\t\t\t\t\t\t\t\t<\/div>\n\t\t\t\t<\/div>\n\t\t<div id=\"e-n-tab-content-2140314894\" role=\"tabpanel\" aria-labelledby=\"e-n-tab-title-2140314894\" data-tab-index=\"4\" style=\"--n-tabs-title-order: 4;\" class=\"elementor-element elementor-element-f9268bc e-flex e-con-boxed e-con e-child\" data-id=\"f9268bc\" data-element_type=\"container\" data-e-type=\"container\">\n\t\t\t\t\t<div class=\"e-con-inner\">\n\t\t\t\t<div class=\"elementor-element elementor-element-f3fce26 elementor-widget elementor-widget-image-gallery\" data-id=\"f3fce26\" data-element_type=\"widget\" data-e-type=\"widget\" data-widget_type=\"image-gallery.default\">\n\t\t\t\t\t\t\t<div class=\"elementor-image-gallery\">\n\t\t\t<div id='gallery-1' class='gallery galleryid-1173 gallery-columns-4 gallery-size-medium'><figure class='gallery-item'>\n\t\t\t<div class='gallery-icon landscape'>\n\t\t\t\t<a data-elementor-open-lightbox=\"yes\" data-elementor-lightbox-slideshow=\"f3fce26\" data-elementor-lightbox-title=\"predna_strana_kontinualna\" data-e-action-hash=\"#elementor-action%3Aaction%3Dlightbox%26settings%3DeyJpZCI6NTc0MSwidXJsIjoiaHR0cHM6XC9cL3d3dy5zcG93ZXItcHJvZC5za1wvd3AtY29udGVudFwvdXBsb2Fkc1wvMjAyNVwvMTFcL3ByZWRuYV9zdHJhbmFfa29udGludWFsbmEucG5nIiwic2xpZGVzaG93IjoiZjNmY2UyNiJ9\" href='https:\/\/www.spower-prod.sk\/wp-content\/uploads\/2025\/11\/predna_strana_kontinualna.png'><img decoding=\"async\" width=\"300\" height=\"300\" src=\"https:\/\/www.spower-prod.sk\/wp-content\/uploads\/2025\/11\/predna_strana_kontinualna-300x300.png\" class=\"attachment-medium size-medium\" alt=\"\" aria-describedby=\"gallery-1-5741\" srcset=\"https:\/\/www.spower-prod.sk\/wp-content\/uploads\/2025\/11\/predna_strana_kontinualna-300x300.png 300w, https:\/\/www.spower-prod.sk\/wp-content\/uploads\/2025\/11\/predna_strana_kontinualna-1024x1024.png 1024w, https:\/\/www.spower-prod.sk\/wp-content\/uploads\/2025\/11\/predna_strana_kontinualna-150x150.png 150w, https:\/\/www.spower-prod.sk\/wp-content\/uploads\/2025\/11\/predna_strana_kontinualna-768x768.png 768w, https:\/\/www.spower-prod.sk\/wp-content\/uploads\/2025\/11\/predna_strana_kontinualna.png 1512w\" sizes=\"(max-width: 300px) 100vw, 300px\" \/><\/a>\n\t\t\t<\/div>\n\t\t\t\t<figcaption class='wp-caption-text gallery-caption' id='gallery-1-5741'>\n\t\t\t\tFront view of UCI4500C63\/L\/SK4\u00a0\n\t\t\t\t<\/figcaption><\/figure><figure class='gallery-item'>\n\t\t\t<div class='gallery-icon landscape'>\n\t\t\t\t<a data-elementor-open-lightbox=\"yes\" data-elementor-lightbox-slideshow=\"f3fce26\" data-elementor-lightbox-title=\"zadna_strana\" data-e-action-hash=\"#elementor-action%3Aaction%3Dlightbox%26settings%3DeyJpZCI6NDc3OCwidXJsIjoiaHR0cHM6XC9cL3d3dy5zcG93ZXItcHJvZC5za1wvd3AtY29udGVudFwvdXBsb2Fkc1wvMjAyNVwvMTFcL3phZG5hX3N0cmFuYS5wbmciLCJzbGlkZXNob3ciOiJmM2ZjZTI2In0%3D\" href='https:\/\/www.spower-prod.sk\/wp-content\/uploads\/2025\/11\/zadna_strana.png'><img decoding=\"async\" width=\"300\" height=\"300\" src=\"https:\/\/www.spower-prod.sk\/wp-content\/uploads\/2025\/11\/zadna_strana-300x300.png\" class=\"attachment-medium size-medium\" alt=\"\" aria-describedby=\"gallery-1-4778\" srcset=\"https:\/\/www.spower-prod.sk\/wp-content\/uploads\/2025\/11\/zadna_strana-300x300.png 300w, https:\/\/www.spower-prod.sk\/wp-content\/uploads\/2025\/11\/zadna_strana-1024x1024.png 1024w, https:\/\/www.spower-prod.sk\/wp-content\/uploads\/2025\/11\/zadna_strana-150x150.png 150w, https:\/\/www.spower-prod.sk\/wp-content\/uploads\/2025\/11\/zadna_strana-768x768.png 768w, https:\/\/www.spower-prod.sk\/wp-content\/uploads\/2025\/11\/zadna_strana-1536x1536.png 1536w, https:\/\/www.spower-prod.sk\/wp-content\/uploads\/2025\/11\/zadna_strana-2048x2048.png 2048w\" sizes=\"(max-width: 300px) 100vw, 300px\" \/><\/a>\n\t\t\t<\/div>\n\t\t\t\t<figcaption class='wp-caption-text gallery-caption' id='gallery-1-4778'>\n\t\t\t\tRear view of UCI4500C63\/L\/SK4\u00a0\n\t\t\t\t<\/figcaption><\/figure>\n\t\t<\/div>\n\t\t<\/div>\n\t\t\t\t\t\t<\/div>\n\t\t\t\t\t<\/div>\n\t\t\t\t<\/div>\n\t\t<div id=\"e-n-tab-content-2140314895\" role=\"tabpanel\" aria-labelledby=\"e-n-tab-title-2140314895\" data-tab-index=\"5\" style=\"--n-tabs-title-order: 5;\" class=\"elementor-element elementor-element-db5df91 e-flex e-con-boxed e-con e-child\" data-id=\"db5df91\" data-element_type=\"container\" data-e-type=\"container\">\n\t\t\t\t\t<div class=\"e-con-inner\">\n\t\t<div class=\"elementor-element elementor-element-12b6394 e-grid e-con-full e-con e-child\" data-id=\"12b6394\" data-element_type=\"container\" data-e-type=\"container\">\n\t\t\t\t<div class=\"elementor-element elementor-element-bc9b590 elementor-widget elementor-widget-video\" data-id=\"bc9b590\" data-element_type=\"widget\" data-e-type=\"widget\" data-settings=\"{&quot;youtube_url&quot;:&quot;https:\\\/\\\/youtu.be\\\/yoVTKOnxtz4&quot;,&quot;video_type&quot;:&quot;youtube&quot;,&quot;controls&quot;:&quot;yes&quot;}\" data-widget_type=\"video.default\">\n\t\t\t\t\t\t\t<div class=\"elementor-wrapper elementor-open-inline\">\n\t\t\t<div class=\"elementor-video\"><\/div>\t\t<\/div>\n\t\t\t\t\t\t<\/div>\n\t\t\t\t<\/div>\n\t\t\t\t\t<\/div>\n\t\t\t\t<\/div>\n\t\t\t\t\t<\/div>\n\t\t<\/div>\n\t\t\t\t\t\t<\/div>\n\t\t\t\t\t<\/div>\n\t\t\t\t<\/div>\n\t\t\t\t<\/div>","protected":false},"excerpt":{"rendered":"<p>Ultrazvukov\u00e1 \u010distiaca linka kontinu\u00e1lna Efekt\u00edvne \u010distenie vo vysokej kvalite Rie\u0161enie pod\u013ea po\u017eiadaviek z\u00e1kazn\u00edka \u010cisten\u00e9 predmety s\u00fa pos\u00favan\u00e9 na mechanickom p\u00e1se\u00a0 Linka obsahuje:&#8211; vstupn\u00fd a v\u00fdstupn\u00fd dopravn\u00edk&#8211; \u010distiacu \u010das\u0165&#8211; su\u0161iacu \u010das\u0165 Komplexn\u00e1 realiz\u00e1cia od n\u00e1vrhu po v\u00fdrobu Modern\u00e9 kon\u0161truk\u010dn\u00e9 postupy Modely s kvapalinou na b\u00e1ze vody alebo s hor\u013eavou kvapalinou Popis Technick\u00e9 \u00fadaje Modely Gal\u00e9ria Vide\u00e1&#8230;<\/p>","protected":false},"author":1,"featured_media":0,"parent":0,"menu_order":0,"comment_status":"closed","ping_status":"closed","template":"","meta":{"_kadence_starter_templates_imported_post":false,"_kad_post_transparent":"","_kad_post_title":"hide","_kad_post_layout":"fullwidth","_kad_post_sidebar_id":"","_kad_post_content_style":"unboxed","_kad_post_vertical_padding":"hide","_kad_post_feature":"hide","_kad_post_feature_position":"","_kad_post_header":false,"_kad_post_footer":false,"footnotes":""},"class_list":["post-1173","page","type-page","status-publish","hentry"],"_links":{"self":[{"href":"https:\/\/www.spower-prod.sk\/en\/wp-json\/wp\/v2\/pages\/1173","targetHints":{"allow":["GET"]}}],"collection":[{"href":"https:\/\/www.spower-prod.sk\/en\/wp-json\/wp\/v2\/pages"}],"about":[{"href":"https:\/\/www.spower-prod.sk\/en\/wp-json\/wp\/v2\/types\/page"}],"author":[{"embeddable":true,"href":"https:\/\/www.spower-prod.sk\/en\/wp-json\/wp\/v2\/users\/1"}],"replies":[{"embeddable":true,"href":"https:\/\/www.spower-prod.sk\/en\/wp-json\/wp\/v2\/comments?post=1173"}],"version-history":[{"count":260,"href":"https:\/\/www.spower-prod.sk\/en\/wp-json\/wp\/v2\/pages\/1173\/revisions"}],"predecessor-version":[{"id":10321,"href":"https:\/\/www.spower-prod.sk\/en\/wp-json\/wp\/v2\/pages\/1173\/revisions\/10321"}],"wp:attachment":[{"href":"https:\/\/www.spower-prod.sk\/en\/wp-json\/wp\/v2\/media?parent=1173"}],"curies":[{"name":"wp","href":"https:\/\/api.w.org\/{rel}","templated":true}]}}