{"id":1201,"date":"2025-10-09T17:11:56","date_gmt":"2025-10-09T15:11:56","guid":{"rendered":"https:\/\/www.spowerba.sk\/wp_test\/?page_id=1201"},"modified":"2026-02-26T15:30:27","modified_gmt":"2026-02-26T14:30:27","slug":"ac-dc-adaptery","status":"publish","type":"page","link":"https:\/\/www.spower-prod.sk\/en\/ac-dc-adaptery\/","title":{"rendered":"AC\/DC Power Adapters"},"content":{"rendered":"<div data-elementor-type=\"wp-page\" data-elementor-id=\"1201\" class=\"elementor elementor-1201\">\n\t\t\t\t<div class=\"elementor-element elementor-element-7c08dd8 e-flex e-con-boxed e-con e-parent\" data-id=\"7c08dd8\" data-element_type=\"container\" data-e-type=\"container\">\n\t\t\t\t\t<div class=\"e-con-inner\">\n\t\t\t\t<div class=\"elementor-element elementor-element-2b24736 elementor-widget elementor-widget-heading\" data-id=\"2b24736\" data-element_type=\"widget\" data-e-type=\"widget\" data-widget_type=\"heading.default\">\n\t\t\t\t\t<h2 class=\"elementor-heading-title elementor-size-default\">AC\/DC Power Adapters<\/h2>\t\t\t\t<\/div>\n\t\t\t\t\t<\/div>\n\t\t\t\t<\/div>\n\t\t<div class=\"elementor-element elementor-element-30d00ee e-flex e-con-boxed e-con e-parent\" data-id=\"30d00ee\" data-element_type=\"container\" data-e-type=\"container\">\n\t\t\t\t\t<div class=\"e-con-inner\">\n\t\t\t\t<div class=\"elementor-element elementor-element-1d98295 elementor-widget elementor-widget-heading\" data-id=\"1d98295\" data-element_type=\"widget\" data-e-type=\"widget\" data-widget_type=\"heading.default\">\n\t\t\t\t\t<h2 class=\"elementor-heading-title elementor-size-default\">Product Range<\/h2>\t\t\t\t<\/div>\n\t\t\t\t\t<\/div>\n\t\t\t\t<\/div>\n\t\t<div class=\"elementor-element elementor-element-aad4b70 e-flex e-con-boxed e-con e-parent\" data-id=\"aad4b70\" data-element_type=\"container\" data-e-type=\"container\">\n\t\t\t\t\t<div class=\"e-con-inner\">\n\t\t<div class=\"elementor-element elementor-element-7d029b3 e-con-full e-flex e-con e-child\" data-id=\"7d029b3\" data-element_type=\"container\" data-e-type=\"container\">\n\t\t\t\t<div class=\"elementor-element elementor-element-16478b8 elementor-widget__width-inherit elementor-widget elementor-widget-image\" data-id=\"16478b8\" data-element_type=\"widget\" data-e-type=\"widget\" data-widget_type=\"image.default\">\n\t\t\t\t\t\t\t\t\t\t\t\t\t\t\t<img fetchpriority=\"high\" decoding=\"async\" width=\"768\" height=\"1024\" src=\"https:\/\/www.spower-prod.sk\/wp-content\/uploads\/2025\/10\/16ada-768x1024.png\" class=\"attachment-large size-large wp-image-2361\" alt=\"\" srcset=\"https:\/\/www.spower-prod.sk\/wp-content\/uploads\/2025\/10\/16ada-768x1024.png 768w, https:\/\/www.spower-prod.sk\/wp-content\/uploads\/2025\/10\/16ada-225x300.png 225w, https:\/\/www.spower-prod.sk\/wp-content\/uploads\/2025\/10\/16ada-1152x1536.png 1152w, https:\/\/www.spower-prod.sk\/wp-content\/uploads\/2025\/10\/16ada.png 1512w\" sizes=\"(max-width: 768px) 100vw, 768px\" \/>\t\t\t\t\t\t\t\t\t\t\t\t\t\t\t<\/div>\n\t\t\t\t<\/div>\n\t\t<div class=\"elementor-element elementor-element-db1fb76 e-con-full e-flex e-con e-child\" data-id=\"db1fb76\" data-element_type=\"container\" data-e-type=\"container\">\n\t\t\t\t<div class=\"elementor-element elementor-element-b3a32cf elementor-widget elementor-widget-text-editor\" data-id=\"b3a32cf\" data-element_type=\"widget\" data-e-type=\"widget\" data-widget_type=\"text-editor.default\">\n\t\t\t\t\t\t\t\t\t<p><a href=\"\/en\/adaptery-ada\/\">Adapters Type ADA<\/a><\/p>\t\t\t\t\t\t\t\t<\/div>\n\t\t\t\t<div class=\"elementor-element elementor-element-d654d57 elementor-widget elementor-widget-text-editor\" data-id=\"d654d57\" data-element_type=\"widget\" data-e-type=\"widget\" data-widget_type=\"text-editor.default\">\n\t\t\t\t\t\t\t\t\t<ul><li>Input \u2013 double-insulated twin-core power cable<\/li><li>Output \u2013 insulated twin-core cable<\/li><li>Self-adhesive mounting<\/li><\/ul>\t\t\t\t\t\t\t\t<\/div>\n\t\t\t\t<\/div>\n\t\t\t\t\t<\/div>\n\t\t\t\t<\/div>\n\t\t<div class=\"elementor-element elementor-element-363b39a e-flex e-con-boxed e-con e-parent\" data-id=\"363b39a\" data-element_type=\"container\" data-e-type=\"container\">\n\t\t\t\t\t<div class=\"e-con-inner\">\n\t\t<div class=\"elementor-element elementor-element-f4a052d e-con-full e-flex e-con e-child\" data-id=\"f4a052d\" data-element_type=\"container\" data-e-type=\"container\">\n\t\t\t\t<div class=\"elementor-element elementor-element-6048954 elementor-widget__width-inherit elementor-widget elementor-widget-image\" data-id=\"6048954\" data-element_type=\"widget\" data-e-type=\"widget\" data-widget_type=\"image.default\">\n\t\t\t\t\t\t\t\t\t\t\t\t\t\t\t<img decoding=\"async\" width=\"768\" height=\"1024\" src=\"https:\/\/www.spower-prod.sk\/wp-content\/uploads\/2025\/10\/12adr-768x1024.png\" class=\"attachment-large size-large wp-image-2359\" alt=\"\" srcset=\"https:\/\/www.spower-prod.sk\/wp-content\/uploads\/2025\/10\/12adr-768x1024.png 768w, https:\/\/www.spower-prod.sk\/wp-content\/uploads\/2025\/10\/12adr-225x300.png 225w, https:\/\/www.spower-prod.sk\/wp-content\/uploads\/2025\/10\/12adr-1152x1536.png 1152w, https:\/\/www.spower-prod.sk\/wp-content\/uploads\/2025\/10\/12adr.png 1512w\" sizes=\"(max-width: 768px) 100vw, 768px\" \/>\t\t\t\t\t\t\t\t\t\t\t\t\t\t\t<\/div>\n\t\t\t\t<\/div>\n\t\t<div class=\"elementor-element elementor-element-a9f4da7 e-con-full e-flex e-con e-child\" data-id=\"a9f4da7\" data-element_type=\"container\" data-e-type=\"container\">\n\t\t\t\t<div class=\"elementor-element elementor-element-97a60ab elementor-widget elementor-widget-text-editor\" data-id=\"97a60ab\" data-element_type=\"widget\" data-e-type=\"widget\" data-widget_type=\"text-editor.default\">\n\t\t\t\t\t\t\t\t\t<p><a href=\"\/en\/adaptery-adr\/\">Adapters Type ADR<\/a><\/p>\t\t\t\t\t\t\t\t<\/div>\n\t\t\t\t<div class=\"elementor-element elementor-element-5c83cac elementor-widget elementor-widget-text-editor\" data-id=\"5c83cac\" data-element_type=\"widget\" data-e-type=\"widget\" data-widget_type=\"text-editor.default\">\n\t\t\t\t\t\t\t\t\t<ul><li>Input \u2013 terminal block<\/li><li>Output \u2013 terminal block<\/li><li>DIN rail mounting<\/li><\/ul>\t\t\t\t\t\t\t\t<\/div>\n\t\t\t\t<\/div>\n\t\t\t\t\t<\/div>\n\t\t\t\t<\/div>\n\t\t<div class=\"elementor-element elementor-element-12e15f6 e-flex e-con-boxed e-con e-parent\" data-id=\"12e15f6\" data-element_type=\"container\" data-e-type=\"container\">\n\t\t\t\t\t<div class=\"e-con-inner\">\n\t\t<div class=\"elementor-element elementor-element-0a36fd2 e-con-full e-flex e-con e-child\" data-id=\"0a36fd2\" data-element_type=\"container\" data-e-type=\"container\">\n\t\t\t\t<div class=\"elementor-element elementor-element-1ec6e00 elementor-widget__width-inherit elementor-widget elementor-widget-image\" data-id=\"1ec6e00\" data-element_type=\"widget\" data-e-type=\"widget\" data-widget_type=\"image.default\">\n\t\t\t\t\t\t\t\t\t\t\t\t\t\t\t<img decoding=\"async\" width=\"768\" height=\"1024\" src=\"https:\/\/www.spower-prod.sk\/wp-content\/uploads\/2025\/10\/12ads-768x1024.png\" class=\"attachment-large size-large wp-image-2360\" alt=\"\" srcset=\"https:\/\/www.spower-prod.sk\/wp-content\/uploads\/2025\/10\/12ads-768x1024.png 768w, https:\/\/www.spower-prod.sk\/wp-content\/uploads\/2025\/10\/12ads-225x300.png 225w, https:\/\/www.spower-prod.sk\/wp-content\/uploads\/2025\/10\/12ads-1152x1536.png 1152w, https:\/\/www.spower-prod.sk\/wp-content\/uploads\/2025\/10\/12ads.png 1512w\" sizes=\"(max-width: 768px) 100vw, 768px\" \/>\t\t\t\t\t\t\t\t\t\t\t\t\t\t\t<\/div>\n\t\t\t\t<\/div>\n\t\t<div class=\"elementor-element elementor-element-1648f75 e-con-full e-flex e-con e-child\" data-id=\"1648f75\" data-element_type=\"container\" data-e-type=\"container\">\n\t\t\t\t<div class=\"elementor-element elementor-element-1299683 elementor-widget elementor-widget-text-editor\" data-id=\"1299683\" data-element_type=\"widget\" data-e-type=\"widget\" data-widget_type=\"text-editor.default\">\n\t\t\t\t\t\t\t\t\t<p><a href=\"\/en\/adaptery-ads\/\">Adapters Type ADS<\/a><\/p>\t\t\t\t\t\t\t\t<\/div>\n\t\t\t\t<div class=\"elementor-element elementor-element-249dc04 elementor-widget elementor-widget-text-editor\" data-id=\"249dc04\" data-element_type=\"widget\" data-e-type=\"widget\" data-widget_type=\"text-editor.default\">\n\t\t\t\t\t\t\t\t\t<ul><li>Connection \u2013 mains socket<\/li><li>Output \u2013 insulated twin-core cable<\/li><\/ul>\t\t\t\t\t\t\t\t<\/div>\n\t\t\t\t<\/div>\n\t\t\t\t\t<\/div>\n\t\t\t\t<\/div>\n\t\t\t\t<\/div>","protected":false},"excerpt":{"rendered":"<p>AC\/DC adapt\u00e9ry Ponuka produktov: Adapt\u00e9ry typ ADA Vstup \u2013 sie\u0165ov\u00e1 dvojlinka s dvojitou izol\u00e1ciou V\u00fdstup \u2013 izolovan\u00e1 dvojlinka Upevnenie samolepkou Adapt\u00e9ry typ ADR Vstup \u2013 svorkovnica V\u00fdstup \u2013 svorkovnica Upevnenie na DIN li\u0161tu Adapt\u00e9ry typ ADS Pripojenie &#8211; sie\u0165ov\u00e1 z\u00e1suvka V\u00fdstup \u2013 izolovan\u00e1 dvojlinka<\/p>","protected":false},"author":1,"featured_media":0,"parent":0,"menu_order":0,"comment_status":"closed","ping_status":"closed","template":"","meta":{"_kadence_starter_templates_imported_post":false,"_kad_post_transparent":"","_kad_post_title":"hide","_kad_post_layout":"fullwidth","_kad_post_sidebar_id":"","_kad_post_content_style":"unboxed","_kad_post_vertical_padding":"hide","_kad_post_feature":"hide","_kad_post_feature_position":"","_kad_post_header":false,"_kad_post_footer":false,"footnotes":""},"class_list":["post-1201","page","type-page","status-publish","hentry"],"_links":{"self":[{"href":"https:\/\/www.spower-prod.sk\/en\/wp-json\/wp\/v2\/pages\/1201","targetHints":{"allow":["GET"]}}],"collection":[{"href":"https:\/\/www.spower-prod.sk\/en\/wp-json\/wp\/v2\/pages"}],"about":[{"href":"https:\/\/www.spower-prod.sk\/en\/wp-json\/wp\/v2\/types\/page"}],"author":[{"embeddable":true,"href":"https:\/\/www.spower-prod.sk\/en\/wp-json\/wp\/v2\/users\/1"}],"replies":[{"embeddable":true,"href":"https:\/\/www.spower-prod.sk\/en\/wp-json\/wp\/v2\/comments?post=1201"}],"version-history":[{"count":70,"href":"https:\/\/www.spower-prod.sk\/en\/wp-json\/wp\/v2\/pages\/1201\/revisions"}],"predecessor-version":[{"id":10028,"href":"https:\/\/www.spower-prod.sk\/en\/wp-json\/wp\/v2\/pages\/1201\/revisions\/10028"}],"wp:attachment":[{"href":"https:\/\/www.spower-prod.sk\/en\/wp-json\/wp\/v2\/media?parent=1201"}],"curies":[{"name":"wp","href":"https:\/\/api.w.org\/{rel}","templated":true}]}}