{"id":1249,"date":"2025-10-09T22:00:41","date_gmt":"2025-10-09T20:00:41","guid":{"rendered":"https:\/\/www.spowerba.sk\/wp_test\/?page_id=1249"},"modified":"2026-04-23T20:45:00","modified_gmt":"2026-04-23T18:45:00","slug":"adaptery-adr","status":"publish","type":"page","link":"https:\/\/www.spower-prod.sk\/en\/adaptery-adr\/","title":{"rendered":"Adapt\u00e9ry ADR"},"content":{"rendered":"<div data-elementor-type=\"wp-page\" data-elementor-id=\"1249\" class=\"elementor elementor-1249\">\n\t\t\t\t<div class=\"elementor-element elementor-element-72b0eb3 e-flex e-con-boxed e-con e-parent\" data-id=\"72b0eb3\" data-element_type=\"container\" data-e-type=\"container\">\n\t\t\t\t\t<div class=\"e-con-inner\">\n\t\t\t\t<div class=\"elementor-element elementor-element-5c59130 elementor-widget elementor-widget-heading\" data-id=\"5c59130\" data-element_type=\"widget\" data-e-type=\"widget\" data-widget_type=\"heading.default\">\n\t\t\t\t\t<h2 class=\"elementor-heading-title elementor-size-default\">Adapt\u00e9ry ADR<\/h2>\t\t\t\t<\/div>\n\t\t\t\t\t<\/div>\n\t\t\t\t<\/div>\n\t\t<div class=\"elementor-element elementor-element-1494805 e-flex e-con-boxed e-con e-parent\" data-id=\"1494805\" data-element_type=\"container\" data-e-type=\"container\">\n\t\t\t\t\t<div class=\"e-con-inner\">\n\t\t<div class=\"elementor-element elementor-element-dc6ab20 e-con-full e-flex e-con e-child\" data-id=\"dc6ab20\" data-element_type=\"container\" data-e-type=\"container\">\n\t\t\t\t<div class=\"elementor-element elementor-element-6b6c9d4 elementor-widget elementor-widget-image\" data-id=\"6b6c9d4\" data-element_type=\"widget\" data-e-type=\"widget\" data-widget_type=\"image.default\">\n\t\t\t\t\t\t\t\t\t\t\t\t\t\t\t<img fetchpriority=\"high\" decoding=\"async\" width=\"225\" height=\"300\" src=\"https:\/\/www.spower-prod.sk\/wp-content\/uploads\/2025\/10\/12adr-225x300.png\" class=\"attachment-medium size-medium wp-image-2359\" alt=\"\" srcset=\"https:\/\/www.spower-prod.sk\/wp-content\/uploads\/2025\/10\/12adr-225x300.png 225w, https:\/\/www.spower-prod.sk\/wp-content\/uploads\/2025\/10\/12adr-768x1024.png 768w, https:\/\/www.spower-prod.sk\/wp-content\/uploads\/2025\/10\/12adr-1152x1536.png 1152w, https:\/\/www.spower-prod.sk\/wp-content\/uploads\/2025\/10\/12adr.png 1512w\" sizes=\"(max-width: 225px) 100vw, 225px\" \/>\t\t\t\t\t\t\t\t\t\t\t\t\t\t\t<\/div>\n\t\t\t\t<div class=\"elementor-element elementor-element-2c28273 elementor-widget elementor-widget-text-editor\" data-id=\"2c28273\" data-element_type=\"widget\" data-e-type=\"widget\" data-widget_type=\"text-editor.default\">\n\t\t\t\t\t\t\t\t\t<ul><li>Power output \u2013 up to 12 W<\/li><li>Mounting \u2013 DIN rail mount<\/li><li>Regulated output voltage<\/li><li>Output voltage range from 3,1 V to 48 V<\/li><li>Input \u2013 terminal block<\/li><li>Output \u2013 terminal block<\/li><li>Protection rating \u2013 IP00<\/li><\/ul>\t\t\t\t\t\t\t\t<\/div>\n\t\t\t\t<\/div>\n\t\t<div class=\"elementor-element elementor-element-82b5338 e-con-full e-flex e-con e-child\" data-id=\"82b5338\" data-element_type=\"container\" data-e-type=\"container\">\n\t\t\t\t<div class=\"elementor-element elementor-element-d77ca8f elementor-widget elementor-widget-image\" data-id=\"d77ca8f\" data-element_type=\"widget\" data-e-type=\"widget\" data-widget_type=\"image.default\">\n\t\t\t\t\t\t\t\t\t\t\t\t\t\t\t<img decoding=\"async\" width=\"225\" height=\"300\" src=\"https:\/\/www.spower-prod.sk\/wp-content\/uploads\/2025\/10\/16adr-225x300.png\" class=\"attachment-medium size-medium wp-image-2362\" alt=\"\" srcset=\"https:\/\/www.spower-prod.sk\/wp-content\/uploads\/2025\/10\/16adr-225x300.png 225w, https:\/\/www.spower-prod.sk\/wp-content\/uploads\/2025\/10\/16adr-768x1024.png 768w, https:\/\/www.spower-prod.sk\/wp-content\/uploads\/2025\/10\/16adr-1152x1536.png 1152w, https:\/\/www.spower-prod.sk\/wp-content\/uploads\/2025\/10\/16adr.png 1512w\" sizes=\"(max-width: 225px) 100vw, 225px\" \/>\t\t\t\t\t\t\t\t\t\t\t\t\t\t\t<\/div>\n\t\t\t\t<div class=\"elementor-element elementor-element-935f8f8 elementor-widget elementor-widget-text-editor\" data-id=\"935f8f8\" data-element_type=\"widget\" data-e-type=\"widget\" data-widget_type=\"text-editor.default\">\n\t\t\t\t\t\t\t\t\t<ul><li>Power output \u2013 up to 16 W<\/li><li>Mounting \u2013 DIN rail mount<\/li><li>Regulated output voltage<\/li><li>Output voltage range from 3,1 V to 48 V<\/li><li>Input \u2013 terminal block<\/li><li>Output \u2013 terminal block<\/li><li>Protection rating \u2013 IP00<\/li><\/ul>\t\t\t\t\t\t\t\t<\/div>\n\t\t\t\t<\/div>\n\t\t\t\t\t<\/div>\n\t\t\t\t<\/div>\n\t\t<div class=\"elementor-element elementor-element-9e58fd8 e-flex e-con-boxed e-con e-parent\" data-id=\"9e58fd8\" data-element_type=\"container\" data-e-type=\"container\">\n\t\t\t\t\t<div class=\"e-con-inner\">\n\t\t\t\t<div class=\"elementor-element elementor-element-8ce97f7 e-n-tabs-mobile elementor-widget elementor-widget-n-tabs\" data-id=\"8ce97f7\" data-element_type=\"widget\" data-e-type=\"widget\" data-settings=\"{&quot;horizontal_scroll&quot;:&quot;disable&quot;}\" data-widget_type=\"nested-tabs.default\">\n\t\t\t\t\t\t\t<div class=\"e-n-tabs\" data-widget-number=\"147757047\" aria-label=\"Tabs. Open items with Enter or Space, close with Escape and navigate using the Arrow keys.\">\n\t\t\t<div class=\"e-n-tabs-heading\" role=\"tablist\">\n\t\t\t\t\t<button id=\"e-n-tab-title-1477570471\" data-tab-title-id=\"e-n-tab-title-1477570471\" class=\"e-n-tab-title\" aria-selected=\"true\" data-tab-index=\"1\" role=\"tab\" tabindex=\"0\" aria-controls=\"e-n-tab-content-1477570471\" style=\"--n-tabs-title-order: 1;\">\n\t\t\t\t\t\t<span class=\"e-n-tab-title-text\">\n\t\t\t\tDescription\t\t\t<\/span>\n\t\t<\/button>\n\t\t\t\t<button id=\"e-n-tab-title-1477570472\" data-tab-title-id=\"e-n-tab-title-1477570472\" class=\"e-n-tab-title\" aria-selected=\"false\" data-tab-index=\"2\" role=\"tab\" tabindex=\"-1\" aria-controls=\"e-n-tab-content-1477570472\" style=\"--n-tabs-title-order: 2;\">\n\t\t\t\t\t\t<span class=\"e-n-tab-title-text\">\n\t\t\t\tTechnical parameters\t\t\t<\/span>\n\t\t<\/button>\n\t\t\t\t<button id=\"e-n-tab-title-1477570473\" data-tab-title-id=\"e-n-tab-title-1477570473\" class=\"e-n-tab-title\" aria-selected=\"false\" data-tab-index=\"3\" role=\"tab\" tabindex=\"-1\" aria-controls=\"e-n-tab-content-1477570473\" style=\"--n-tabs-title-order: 3;\">\n\t\t\t\t\t\t<span class=\"e-n-tab-title-text\">\n\t\t\t\tModels\t\t\t<\/span>\n\t\t<\/button>\n\t\t\t\t\t<\/div>\n\t\t\t<div class=\"e-n-tabs-content\">\n\t\t\t\t<div id=\"e-n-tab-content-1477570471\" role=\"tabpanel\" aria-labelledby=\"e-n-tab-title-1477570471\" data-tab-index=\"1\" style=\"--n-tabs-title-order: 1;\" class=\"e-active elementor-element elementor-element-3946e85 e-con-full e-flex e-con e-child\" data-id=\"3946e85\" data-element_type=\"container\" data-e-type=\"container\">\n\t\t\t\t<div class=\"elementor-element elementor-element-8f38df9 elementor-widget elementor-widget-text-editor\" data-id=\"8f38df9\" data-element_type=\"widget\" data-e-type=\"widget\" data-widget_type=\"text-editor.default\">\n\t\t\t\t\t\t\t\t\t<p>The converters are designed for general-purpose use to power electrical and electronic equipment with DC voltage in indoor, non-explosive environments. The output voltage can range from 3.1 V to 48 V. The unit is designed for DIN rail mounting, making it ideal for installation in electrical cabinets. Input and output connections are made via terminal blocks. The input and output terminals are not protected against contact with hazardous voltages. Providing adequate protection for the input terminals is the responsibility of the customer.<\/p><p>The nominal output voltages and respective maximum output currents are listed in the table. The converter is protected against short-term output short circuits.<\/p>\t\t\t\t\t\t\t\t<\/div>\n\t\t\t\t<\/div>\n\t\t<div id=\"e-n-tab-content-1477570472\" role=\"tabpanel\" aria-labelledby=\"e-n-tab-title-1477570472\" data-tab-index=\"2\" style=\"--n-tabs-title-order: 2;\" class=\"elementor-element elementor-element-452ae7e e-con-full e-flex e-con e-child\" data-id=\"452ae7e\" data-element_type=\"container\" data-e-type=\"container\">\n\t\t<div class=\"elementor-element elementor-element-1fa80c6 e-con-full e-flex e-con e-child\" data-id=\"1fa80c6\" data-element_type=\"container\" data-e-type=\"container\">\n\t\t\t\t<div class=\"elementor-element elementor-element-e237500 elementor-widget elementor-widget-heading\" data-id=\"e237500\" data-element_type=\"widget\" data-e-type=\"widget\" data-widget_type=\"heading.default\">\n\t\t\t\t\t<h2 class=\"elementor-heading-title elementor-size-default\">Table 2: Documents<\/h2>\t\t\t\t<\/div>\n\t\t\t\t<div class=\"elementor-element elementor-element-3a6a906 elementor-widget elementor-widget-html\" data-id=\"3a6a906\" data-element_type=\"widget\" data-e-type=\"widget\" data-widget_type=\"html.default\">\n\t\t\t\t\t<table class=\"mojetabulka\">\r\n  <thead>\r\n    <tr>\r\n    <\/tr>\r\n  <\/thead>\r\n  <tbody>\r\n    <tr>\r\n      <td>\r\n         <a href=\"\/wp-content\/uploads\/pdf\/p_12ad.pdf\"  \r\n         target=\"_blank\" rel=\"noopener noreferrer\">\r\n        <img decoding=\"async\" src=\"\/wp-content\/uploads\/2025\/10\/icon_pdf.gif\" alt=\"Ikona\" class=\"icon\"> Brochure 12W\r\n      <\/td>\r\n    <\/tr>\r\n    <tr>\r\n      <td>\r\n        <a href=\"\/wp-content\/uploads\/pdf\/p_16ad.pdf\" \r\n        target=\"_blank\" rel=\"noopener noreferrer\">\r\n        <img decoding=\"async\" src=\"\/wp-content\/uploads\/2025\/10\/icon_pdf.gif\" alt=\"Ikona\" class=\"icon\"> Brochure 16W\r\n      <\/td>\r\n    <\/tr>\r\n    <tr>\r\n      <td>\r\n        <a href=\"\/wp-content\/uploads\/pdf\/Vyhlasenie_o_zhode_12AD.pdf\"\r\n        target=\"_blank\" rel=\"noopener noreferrer\">\r\n        <img decoding=\"async\" src=\"\/wp-content\/uploads\/2025\/10\/icon_pdf.gif\" alt=\"Ikona\" class=\"icon\"> Vyhl\u00e1senie o zhode 12W\r\n      <\/td>\r\n    <\/tr>\r\n    <tr>\r\n      <td>\r\n        <a href=\"\/wp-content\/uploads\/pdf\/Vyhlasenie_o_zhode_16AD.pdf\" \r\n        target=\"_blank\" rel=\"noopener noreferrer\">\r\n        <img decoding=\"async\" src=\"\/wp-content\/uploads\/2025\/10\/icon_pdf.gif\" alt=\"Ikona\" class=\"icon\"> Vyhl\u00e1senie o zhode 16W\r\n      <\/td>\r\n    <\/tr>\r\n  <\/tbody>\r\n<\/table>\r\n\t\t\t\t<\/div>\n\t\t\t\t<\/div>\n\t\t<div class=\"elementor-element elementor-element-ac6abc7 e-con-full e-flex e-con e-child\" data-id=\"ac6abc7\" data-element_type=\"container\" data-e-type=\"container\">\n\t\t\t\t<div class=\"elementor-element elementor-element-f53ece4 elementor-widget elementor-widget-heading\" data-id=\"f53ece4\" data-element_type=\"widget\" data-e-type=\"widget\" data-widget_type=\"heading.default\">\n\t\t\t\t\t<h2 class=\"elementor-heading-title elementor-size-default\">Table 1: Technical parameters<\/h2>\t\t\t\t<\/div>\n\t\t\t\t<div class=\"elementor-element elementor-element-e2c2fce elementor-widget elementor-widget-html\" data-id=\"e2c2fce\" data-element_type=\"widget\" data-e-type=\"widget\" data-widget_type=\"html.default\">\n\t\t\t\t\t<table class=\"mojetabulka\">\n  <thead>\n    <tr>\n    <\/tr>\n  <\/thead>\n  <tbody>\n    <tr>\n      <td>Input Voltage<\/td>\n      <td>195 - 255 V AC<\/td>\n    <\/tr>\n    <tr>\n      <td>Operating temperature<\/td>\n      <td>-15 \u00b0C to +40 \u00b0C<\/td>\n    <\/tr>\n    <tr>\n      <td>Output short-circuit protection<\/td>\n      <td>&lt;1 min. (short-term)<\/td>\n    <\/tr>\n    <tr>\n      <td>Dielectric Strength<\/td>\n      <td>3000 V AC<\/td>\n    <\/tr>\n    <tr>\n      <td>Protection Rating<\/td>\n      <td>IP00<\/td>\n    <\/tr>\n    <tr>\n      <td>Dimensions<\/td>\n      <td>56 \u00d7 47 \u00d7 39 mm<\/td>\n    <\/tr>\n    <tr>\n      <td>Weight<\/td>\n      <td>85 g<\/td>\n    <\/tr>\n    <tr>\n      <td>Electrical Safety<\/td>\n      <td>EN 60950-1:2003<\/td>\n    <\/tr>\n    <tr>\n      <td>EMC<\/td>\n      <td>EN 55011+A1:2002,<br>\nEN 61000-3-2:2002,<br>\nEN 61000-3-3:2000+A1:2003,<br>\nEN 61000-6-1:2003<\/td>\n    <\/tr>\n  <\/tbody>\n<\/table>\t\t\t\t<\/div>\n\t\t\t\t<\/div>\n\t\t\t\t<\/div>\n\t\t<div id=\"e-n-tab-content-1477570473\" role=\"tabpanel\" aria-labelledby=\"e-n-tab-title-1477570473\" data-tab-index=\"3\" style=\"--n-tabs-title-order: 3;\" class=\"elementor-element elementor-element-1976c0c e-con-full e-flex e-con e-child\" data-id=\"1976c0c\" data-element_type=\"container\" data-e-type=\"container\">\n\t\t<div class=\"elementor-element elementor-element-07ef1ab e-con-full e-flex e-con e-child\" data-id=\"07ef1ab\" data-element_type=\"container\" data-e-type=\"container\">\n\t\t\t\t<div class=\"elementor-element elementor-element-5335e55 elementor-widget elementor-widget-heading\" data-id=\"5335e55\" data-element_type=\"widget\" data-e-type=\"widget\" data-widget_type=\"heading.default\">\n\t\t\t\t\t<h2 class=\"elementor-heading-title elementor-size-default\">Table 3: AC\/DC Adapter Models 12ADR<\/h2>\t\t\t\t<\/div>\n\t\t\t\t<div class=\"elementor-element elementor-element-7a2a8b3 elementor-widget elementor-widget-html\" data-id=\"7a2a8b3\" data-element_type=\"widget\" data-e-type=\"widget\" data-widget_type=\"html.default\">\n\t\t\t\t\t<div class=\"table-horizontal-scroll\">\r\n    <table class=\"mojetabulka2\">\r\n  <thead>\r\n    <tr>\r\n        <td>Model Name<\/td>\r\n        <td>Output Voltage<\/td>\r\n        <td>Output Current<\/td>\r\n        <td>Stability<\/td>\r\n        <td>Ripple<\/td>\r\n        <td>Noise<\/td>\r\n    <\/tr>\r\n  <\/thead>\r\n  <tbody>\r\n    <tr>\r\n      <td data-label=\"N\u00e1zov\">12ADR030\/10<\/td>\r\n      <td data-label=\"V\u00fdstupn\u00e9 nap\u00e4tie\">3.1 V<\/td>\r\n      <td data-label=\"V\u00fdstupn\u00fd pr\u00fad\">1 A<\/td>\r\n      <td data-label=\"Stabilita\">2 %<\/td>\r\n      <td data-label=\"Zvlnenie\"><70 mV<\/td>\r\n      <td data-label=\"\u0160um\"><100 mV \u0161\u0161<\/td>\r\n    <\/tr>\r\n    <tr>\r\n      <td data-label=\"N\u00e1zov\">12ADR050\/10<\/td>\r\n      <td data-label=\"V\u00fdstupn\u00e9 nap\u00e4tie\">5 V<\/td>\r\n      <td data-label=\"V\u00fdstupn\u00fd pr\u00fad\">1 A<\/td>\r\n      <td data-label=\"Stabilita\">2 %<\/td>\r\n      <td data-label=\"Zvlnenie\"><70 mV<\/td>\r\n      <td data-label=\"\u0160um\"><100 mV \u0161\u0161<\/td>\r\n    <\/tr>\r\n    <tr>\r\n      <td data-label=\"N\u00e1zov\">12ADR069\/10<\/td>\r\n      <td data-label=\"V\u00fdstupn\u00e9 nap\u00e4tie\">6.9 V<\/td>\r\n      <td data-label=\"V\u00fdstupn\u00fd pr\u00fad\">1 A<\/td>\r\n      <td data-label=\"Stabilita\">2 %<\/td>\r\n      <td data-label=\"Zvlnenie\"><70 mV<\/td>\r\n      <td data-label=\"\u0160um\"><100 mV \u0161\u0161<\/td>\r\n    <\/tr>\r\n    \r\n    <tr>\r\n      <td data-label=\"N\u00e1zov\">12ADR090\/10<\/td>\r\n      <td data-label=\"V\u00fdstupn\u00e9 nap\u00e4tie\">9 V<\/td>\r\n      <td data-label=\"V\u00fdstupn\u00fd pr\u00fad\">1 A<\/td>\r\n      <td data-label=\"Stabilita\">1 %<\/td>\r\n      <td data-label=\"Zvlnenie\"><50 mV<\/td>\r\n      <td data-label=\"\u0160um\"><100 mV \u0161\u0161<\/td>\r\n    <\/tr>\r\n    <tr>\r\n      <td data-label=\"N\u00e1zov\">12ADR120\/10<\/td>\r\n      <td data-label=\"V\u00fdstupn\u00e9 nap\u00e4tie\">12 V<\/td>\r\n      <td data-label=\"V\u00fdstupn\u00fd pr\u00fad\">1 A<\/td>\r\n      <td data-label=\"Stabilita\">1 %<\/td>\r\n      <td data-label=\"Zvlnenie\"><50 mV<\/td>\r\n      <td data-label=\"\u0160um\"><100 mV \u0161\u0161<\/td>\r\n    <\/tr>\r\n    <tr>\r\n      <td data-label=\"N\u00e1zov\">12ADR138\/08<\/td>\r\n      <td data-label=\"V\u00fdstupn\u00e9 nap\u00e4tie\">13.8 V<\/td>\r\n      <td data-label=\"V\u00fdstupn\u00fd pr\u00fad\">0.8 A<\/td>\r\n      <td data-label=\"Stabilita\">1 %<\/td>\r\n      <td data-label=\"Zvlnenie\"><50 mV<\/td>\r\n      <td data-label=\"\u0160um\"><100 mV \u0161\u0161<\/td>\r\n    <\/tr>\r\n    <tr>\r\n      <td data-label=\"N\u00e1zov\">12ADR150\/07<\/td>\r\n      <td data-label=\"V\u00fdstupn\u00e9 nap\u00e4tie\">15 V<\/td>\r\n      <td data-label=\"V\u00fdstupn\u00fd pr\u00fad\">0.7 A<\/td>\r\n      <td data-label=\"Stabilita\">1 %<\/td>\r\n      <td data-label=\"Zvlnenie\"><60 mV<\/td>\r\n      <td data-label=\"\u0160um\"><100 mV \u0161\u0161<\/td>\r\n    <\/tr>\r\n    <tr>\r\n      <td data-label=\"N\u00e1zov\">12ADR180\/06<\/td>\r\n      <td data-label=\"V\u00fdstupn\u00e9 nap\u00e4tie\">18 V<\/td>\r\n      <td data-label=\"V\u00fdstupn\u00fd pr\u00fad\">0.6 A<\/td>\r\n      <td data-label=\"Stabilita\">1 %<\/td>\r\n      <td data-label=\"Zvlnenie\"><60 mV<\/td>\r\n      <td data-label=\"\u0160um\"><100 mV \u0161\u0161<\/td>\r\n    <\/tr>\r\n    <tr>\r\n      <td data-label=\"N\u00e1zov\">12ADR240\/04<\/td>\r\n      <td data-label=\"V\u00fdstupn\u00e9 nap\u00e4tie\">24 V<\/td>\r\n      <td data-label=\"V\u00fdstupn\u00fd pr\u00fad\">0.4 A<\/td>\r\n      <td data-label=\"Stabilita\">1 %<\/td>\r\n      <td data-label=\"Zvlnenie\"><60 mV<\/td>\r\n      <td data-label=\"\u0160um\"><100 mV \u0161\u0161<\/td>\r\n    <\/tr>\r\n    <tr>\r\n      <td data-label=\"N\u00e1zov\">12ADR276\/03<\/td>\r\n      <td data-label=\"V\u00fdstupn\u00e9 nap\u00e4tie\">27.6 V<\/td>\r\n      <td data-label=\"V\u00fdstupn\u00fd pr\u00fad\">0.3 A<\/td>\r\n      <td data-label=\"Stabilita\">1 %<\/td>\r\n      <td data-label=\"Zvlnenie\"><60 mV<\/td>\r\n      <td data-label=\"\u0160um\"><100 mV \u0161\u0161<\/td>\r\n    <\/tr>\r\n    <tr>\r\n      <td data-label=\"N\u00e1zov\">12ADR480\/02<\/td>\r\n      <td data-label=\"V\u00fdstupn\u00e9 nap\u00e4tie\">48 V<\/td>\r\n      <td data-label=\"V\u00fdstupn\u00fd pr\u00fad\">0.25 A<\/td>\r\n      <td data-label=\"Stabilita\">1 %<\/td>\r\n      <td data-label=\"Zvlnenie\"><70 mV<\/td>\r\n      <td data-label=\"\u0160um\"><100 mV \u0161\u0161<\/td>\r\n    <\/tr>\r\n  <\/tbody>\r\n<\/table>\r\n<\/div>\r\n\r\n\r\n\r\n\r\n\r\n\r\n\r\n\r\n\r\n\r\n\r\n\r\n\r\n\r\n\r\n\r\n\r\n\r\n\r\n\r\n\r\n\r\n\r\n\r\n\r\n\r\n\r\n\r\n\r\n\r\n\r\n\r\n\r\n\r\n\r\n\r\n\r\n\r\n\r\n\r\n\r\n\r\n\r\n\r\n\r\n\r\n\r\n\r\n\r\n\r\n\r\n\r\n\r\n\r\n\r\n\t\t\t\t<\/div>\n\t\t\t\t<\/div>\n\t\t<div class=\"elementor-element elementor-element-d9ea575 e-con-full e-flex e-con e-child\" data-id=\"d9ea575\" data-element_type=\"container\" data-e-type=\"container\">\n\t\t\t\t<div class=\"elementor-element elementor-element-bb3ce58 elementor-widget elementor-widget-heading\" data-id=\"bb3ce58\" data-element_type=\"widget\" data-e-type=\"widget\" data-widget_type=\"heading.default\">\n\t\t\t\t\t<h2 class=\"elementor-heading-title elementor-size-default\">Table 4: AC\/DC Adapter Models 16ADR<\/h2>\t\t\t\t<\/div>\n\t\t\t\t<div class=\"elementor-element elementor-element-6b36956 elementor-widget elementor-widget-html\" data-id=\"6b36956\" data-element_type=\"widget\" data-e-type=\"widget\" data-widget_type=\"html.default\">\n\t\t\t\t\t<div class=\"table-horizontal-scroll\">\r\n    <table class=\"mojetabulka2\">\r\n  <thead>\r\n    <tr>\r\n        <td>Model Name<\/td>\r\n        <td>Output Voltage<\/td>\r\n        <td>Output Current<\/td>\r\n        <td>Stability<\/td>\r\n        <td>Ripple<\/td>\r\n        <td>Noise<\/td>\r\n    <\/tr>\r\n  <\/thead>\r\n  <tbody>\r\n    <tr>\r\n      <td data-label=\"N\u00e1zov\">16ADR030\/25<\/td>\r\n      <td data-label=\"V\u00fdstupn\u00e9 nap\u00e4tie\">3.1 V<\/td>\r\n      <td data-label=\"V\u00fdstupn\u00fd pr\u00fad\">2.5 A<\/td>\r\n      <td data-label=\"Stabilita\">2 %<\/td>\r\n      <td data-label=\"Zvlnenie\"><130 mV<\/td>\r\n      <td data-label=\"\u0160um\"><150 mV \u0161\u0161<\/td>\r\n    <\/tr>\r\n    <tr>\r\n      <td data-label=\"N\u00e1zov\">16ADR050\/25<\/td>\r\n      <td data-label=\"V\u00fdstupn\u00e9 nap\u00e4tie\">5.1 V<\/td>\r\n      <td data-label=\"V\u00fdstupn\u00fd pr\u00fad\">2.5 A<\/td>\r\n      <td data-label=\"Stabilita\">2 %<\/td>\r\n      <td data-label=\"Zvlnenie\"><130 mV<\/td>\r\n      <td data-label=\"\u0160um\"><150 mV \u0161\u0161<\/td>\r\n    <\/tr>\r\n    <tr>\r\n      <td data-label=\"N\u00e1zov\">16ADR060\/25<\/td>\r\n      <td data-label=\"V\u00fdstupn\u00e9 nap\u00e4tie\">6 V<\/td>\r\n      <td data-label=\"V\u00fdstupn\u00fd pr\u00fad\">2.5 A<\/td>\r\n      <td data-label=\"Stabilita\">2 %<\/td>\r\n      <td data-label=\"Zvlnenie\"><120 mV<\/td>\r\n      <td data-label=\"\u0160um\"><150 mV \u0161\u0161<\/td>\r\n    <\/tr>\r\n    \r\n    <tr>\r\n      <td data-label=\"N\u00e1zov\">16ADR069\/14<\/td>\r\n      <td data-label=\"V\u00fdstupn\u00e9 nap\u00e4tie\">6.9 V<\/td>\r\n      <td data-label=\"V\u00fdstupn\u00fd pr\u00fad\">1.4 A<\/td>\r\n      <td data-label=\"Stabilita\">2 %<\/td>\r\n      <td data-label=\"Zvlnenie\"><120 mV<\/td>\r\n      <td data-label=\"\u0160um\"><150 mV \u0161\u0161<\/td>\r\n    <\/tr>\r\n    <tr>\r\n      <td data-label=\"N\u00e1zov\">16ADR090\/14<\/td>\r\n      <td data-label=\"V\u00fdstupn\u00e9 nap\u00e4tie\">9 V<\/td>\r\n      <td data-label=\"V\u00fdstupn\u00fd pr\u00fad\">1.4 A<\/td>\r\n      <td data-label=\"Stabilita\">1 %<\/td>\r\n      <td data-label=\"Zvlnenie\"><120 mV<\/td>\r\n      <td data-label=\"\u0160um\"><150 mV \u0161\u0161<\/td>\r\n    <\/tr>\r\n    <tr>\r\n      <td data-label=\"N\u00e1zov\">16ADR120\/14<\/td>\r\n      <td data-label=\"V\u00fdstupn\u00e9 nap\u00e4tie\">12 V<\/td>\r\n      <td data-label=\"V\u00fdstupn\u00fd pr\u00fad\">1.4 A<\/td>\r\n      <td data-label=\"Stabilita\">1 %<\/td>\r\n      <td data-label=\"Zvlnenie\"><120 mV<\/td>\r\n      <td data-label=\"\u0160um\"><150 mV \u0161\u0161<\/td>\r\n    <\/tr>\r\n    <tr>\r\n      <td data-label=\"N\u00e1zov\">16ADR138\/12<\/td>\r\n      <td data-label=\"V\u00fdstupn\u00e9 nap\u00e4tie\">13.8 V<\/td>\r\n      <td data-label=\"V\u00fdstupn\u00fd pr\u00fad\">1.2 A<\/td>\r\n      <td data-label=\"Stabilita\">1 %<\/td>\r\n      <td data-label=\"Zvlnenie\"><100 mV<\/td>\r\n      <td data-label=\"\u0160um\"><100 mV \u0161\u0161<\/td>\r\n    <\/tr>\r\n    <tr>\r\n      <td data-label=\"N\u00e1zov\">16ADR150\/11<\/td>\r\n      <td data-label=\"V\u00fdstupn\u00e9 nap\u00e4tie\">15 V<\/td>\r\n      <td data-label=\"V\u00fdstupn\u00fd pr\u00fad\">1.1 A<\/td>\r\n      <td data-label=\"Stabilita\">1 %<\/td>\r\n      <td data-label=\"Zvlnenie\"><100 mV<\/td>\r\n      <td data-label=\"\u0160um\"><100 mV \u0161\u0161<\/td>\r\n    <\/tr>\r\n    <tr>\r\n      <td data-label=\"N\u00e1zov\">16ADR180\/09<\/td>\r\n      <td data-label=\"V\u00fdstupn\u00e9 nap\u00e4tie\">18 V<\/td>\r\n      <td data-label=\"V\u00fdstupn\u00fd pr\u00fad\">0.9 A<\/td>\r\n      <td data-label=\"Stabilita\">1 %<\/td>\r\n      <td data-label=\"Zvlnenie\"><80 mV<\/td>\r\n      <td data-label=\"\u0160um\"><100 mV \u0161\u0161<\/td>\r\n    <\/tr>\r\n    <tr>\r\n      <td data-label=\"N\u00e1zov\">16ADR240\/07<\/td>\r\n      <td data-label=\"V\u00fdstupn\u00e9 nap\u00e4tie\">24 V<\/td>\r\n      <td data-label=\"V\u00fdstupn\u00fd pr\u00fad\">0.7 A<\/td>\r\n      <td data-label=\"Stabilita\">1 %<\/td>\r\n      <td data-label=\"Zvlnenie\"><80 mV<\/td>\r\n      <td data-label=\"\u0160um\"><100 mV \u0161\u0161<\/td>\r\n    <\/tr>\r\n    <tr>\r\n      <td data-label=\"N\u00e1zov\">16ADR276\/06<\/td>\r\n      <td data-label=\"V\u00fdstupn\u00e9 nap\u00e4tie\">27.6 V<\/td>\r\n      <td data-label=\"V\u00fdstupn\u00fd pr\u00fad\">0.6 A<\/td>\r\n      <td data-label=\"Stabilita\">1 %<\/td>\r\n      <td data-label=\"Zvlnenie\"><80 mV<\/td>\r\n      <td data-label=\"\u0160um\"><100 mV \u0161\u0161<\/td>\r\n    <\/tr>\r\n    <tr>\r\n      <td data-label=\"N\u00e1zov\">16ADR480\/03<\/td>\r\n      <td data-label=\"V\u00fdstupn\u00e9 nap\u00e4tie\">48 V<\/td>\r\n      <td data-label=\"V\u00fdstupn\u00fd pr\u00fad\">0.3 A<\/td>\r\n      <td data-label=\"Stabilita\">1 %<\/td>\r\n      <td data-label=\"Zvlnenie\"><120 mV<\/td>\r\n      <td data-label=\"\u0160um\"><150 mV \u0161\u0161<\/td>\r\n    <\/tr>\r\n  <\/tbody>\r\n<\/table>\r\n<\/div>\r\n\r\n\r\n\r\n\r\n\r\n\r\n\r\n\r\n\r\n\r\n\r\n\r\n\r\n\r\n\r\n\r\n\r\n\r\n\r\n\r\n\r\n\r\n\r\n\r\n\r\n\r\n\r\n\r\n\r\n\r\n\r\n\r\n\r\n\r\n\r\n\r\n\r\n\r\n\r\n\r\n\r\n\r\n\r\n\r\n\r\n\r\n\r\n\r\n\r\n\r\n\r\n\r\n\r\n\r\n\r\n\t\t\t\t<\/div>\n\t\t\t\t<\/div>\n\t\t\t\t<\/div>\n\t\t\t\t\t<\/div>\n\t\t<\/div>\n\t\t\t\t\t\t<\/div>\n\t\t\t\t\t<\/div>\n\t\t\t\t<\/div>\n\t\t\t\t<\/div>","protected":false},"excerpt":{"rendered":"<p>Adapt\u00e9ry ADR V\u00fdkon &#8211; do 12 W Upevnenie &#8211; na DIN li\u0161tu Stabilizovan\u00e9 v\u00fdstupn\u00e9 nap\u00e4tie Rozsah v\u00fdstupn\u00fdch nap\u00e4t\u00ed od 3,1 V do 48 V Vstup \u2013 svorkovnica V\u00fdstup \u2013 svorkovnica Krytie IP00 V\u00fdkon &#8211; do 16 W Upevnenie &#8211; na DIN li\u0161tu Stabilizovan\u00e9 v\u00fdstupn\u00e9 nap\u00e4tie Rozsah v\u00fdstupn\u00fdch nap\u00e4t\u00ed od 3,1 V do 48 V Vstup&#8230;<\/p>","protected":false},"author":1,"featured_media":0,"parent":0,"menu_order":0,"comment_status":"closed","ping_status":"closed","template":"","meta":{"_kadence_starter_templates_imported_post":false,"_kad_post_transparent":"","_kad_post_title":"hide","_kad_post_layout":"fullwidth","_kad_post_sidebar_id":"","_kad_post_content_style":"unboxed","_kad_post_vertical_padding":"hide","_kad_post_feature":"hide","_kad_post_feature_position":"","_kad_post_header":false,"_kad_post_footer":false,"footnotes":""},"class_list":["post-1249","page","type-page","status-publish","hentry"],"_links":{"self":[{"href":"https:\/\/www.spower-prod.sk\/en\/wp-json\/wp\/v2\/pages\/1249","targetHints":{"allow":["GET"]}}],"collection":[{"href":"https:\/\/www.spower-prod.sk\/en\/wp-json\/wp\/v2\/pages"}],"about":[{"href":"https:\/\/www.spower-prod.sk\/en\/wp-json\/wp\/v2\/types\/page"}],"author":[{"embeddable":true,"href":"https:\/\/www.spower-prod.sk\/en\/wp-json\/wp\/v2\/users\/1"}],"replies":[{"embeddable":true,"href":"https:\/\/www.spower-prod.sk\/en\/wp-json\/wp\/v2\/comments?post=1249"}],"version-history":[{"count":170,"href":"https:\/\/www.spower-prod.sk\/en\/wp-json\/wp\/v2\/pages\/1249\/revisions"}],"predecessor-version":[{"id":10457,"href":"https:\/\/www.spower-prod.sk\/en\/wp-json\/wp\/v2\/pages\/1249\/revisions\/10457"}],"wp:attachment":[{"href":"https:\/\/www.spower-prod.sk\/en\/wp-json\/wp\/v2\/media?parent=1249"}],"curies":[{"name":"wp","href":"https:\/\/api.w.org\/{rel}","templated":true}]}}