{"id":1306,"date":"2025-10-10T15:25:31","date_gmt":"2025-10-10T13:25:31","guid":{"rendered":"https:\/\/www.spowerba.sk\/wp_test\/?page_id=1306"},"modified":"2026-02-26T15:53:53","modified_gmt":"2026-02-26T14:53:53","slug":"stabilizovane-zdroje","status":"publish","type":"page","link":"https:\/\/www.spower-prod.sk\/en\/stabilizovane-zdroje\/","title":{"rendered":"Stabilized Power Supplies"},"content":{"rendered":"<div data-elementor-type=\"wp-page\" data-elementor-id=\"1306\" class=\"elementor elementor-1306\">\n\t\t\t\t<div class=\"elementor-element elementor-element-8d53b1e e-flex e-con-boxed e-con e-parent\" data-id=\"8d53b1e\" data-element_type=\"container\" data-e-type=\"container\">\n\t\t\t\t\t<div class=\"e-con-inner\">\n\t\t\t\t<div class=\"elementor-element elementor-element-cb8cd15 elementor-widget elementor-widget-heading\" data-id=\"cb8cd15\" data-element_type=\"widget\" data-e-type=\"widget\" data-widget_type=\"heading.default\">\n\t\t\t\t\t<h2 class=\"elementor-heading-title elementor-size-default\">Stabilized Power Supplies<\/h2>\t\t\t\t<\/div>\n\t\t\t\t\t<\/div>\n\t\t\t\t<\/div>\n\t\t<div class=\"elementor-element elementor-element-70db6b6 e-flex e-con-boxed e-con e-parent\" data-id=\"70db6b6\" data-element_type=\"container\" data-e-type=\"container\">\n\t\t\t\t\t<div class=\"e-con-inner\">\n\t\t\t\t<div class=\"elementor-element elementor-element-08e291f elementor-widget elementor-widget-heading\" data-id=\"08e291f\" data-element_type=\"widget\" data-e-type=\"widget\" data-widget_type=\"heading.default\">\n\t\t\t\t\t<h2 class=\"elementor-heading-title elementor-size-default\">Product Range<\/h2>\t\t\t\t<\/div>\n\t\t\t\t\t<\/div>\n\t\t\t\t<\/div>\n\t\t<div class=\"elementor-element elementor-element-2e1fbaa e-flex e-con-boxed e-con e-parent\" data-id=\"2e1fbaa\" data-element_type=\"container\" data-e-type=\"container\">\n\t\t\t\t\t<div class=\"e-con-inner\">\n\t\t<div class=\"elementor-element elementor-element-f4395cd e-con-full e-flex e-con e-child\" data-id=\"f4395cd\" data-element_type=\"container\" data-e-type=\"container\">\n\t\t\t\t<div class=\"elementor-element elementor-element-2f680be elementor-widget__width-inherit elementor-widget elementor-widget-image\" data-id=\"2f680be\" data-element_type=\"widget\" data-e-type=\"widget\" data-widget_type=\"image.default\">\n\t\t\t\t\t\t\t\t\t\t\t\t\t\t\t<img fetchpriority=\"high\" decoding=\"async\" width=\"1024\" height=\"768\" src=\"https:\/\/www.spower-prod.sk\/wp-content\/uploads\/2026\/02\/IMG_20260203_1049162-1024x768.jpg\" class=\"attachment-large size-large wp-image-9677\" alt=\"\" srcset=\"https:\/\/www.spower-prod.sk\/wp-content\/uploads\/2026\/02\/IMG_20260203_1049162-1024x768.jpg 1024w, https:\/\/www.spower-prod.sk\/wp-content\/uploads\/2026\/02\/IMG_20260203_1049162-300x225.jpg 300w, https:\/\/www.spower-prod.sk\/wp-content\/uploads\/2026\/02\/IMG_20260203_1049162-768x576.jpg 768w, https:\/\/www.spower-prod.sk\/wp-content\/uploads\/2026\/02\/IMG_20260203_1049162-1536x1152.jpg 1536w, https:\/\/www.spower-prod.sk\/wp-content\/uploads\/2026\/02\/IMG_20260203_1049162-2048x1536.jpg 2048w\" sizes=\"(max-width: 1024px) 100vw, 1024px\" \/>\t\t\t\t\t\t\t\t\t\t\t\t\t\t\t<\/div>\n\t\t\t\t<\/div>\n\t\t<div class=\"elementor-element elementor-element-8f5a8ea e-con-full e-flex e-con e-child\" data-id=\"8f5a8ea\" data-element_type=\"container\" data-e-type=\"container\">\n\t\t\t\t<div class=\"elementor-element elementor-element-b27cae2 elementor-widget elementor-widget-text-editor\" data-id=\"b27cae2\" data-element_type=\"widget\" data-e-type=\"widget\" data-widget_type=\"text-editor.default\">\n\t\t\t\t\t\t\t\t\t<p><a href=\"\/en\/stabilizovane-zdroje-1ps-150w\/\">Switching Power Supply 1PS (150W)<\/a><\/p>\t\t\t\t\t\t\t\t<\/div>\n\t\t\t\t<div class=\"elementor-element elementor-element-160ea85 elementor-widget elementor-widget-text-editor\" data-id=\"160ea85\" data-element_type=\"widget\" data-e-type=\"widget\" data-widget_type=\"text-editor.default\">\n\t\t\t\t\t\t\t\t\t<p>These switching power supplies are designed for industrial use, as reflected in their robust construction.<\/p>\t\t\t\t\t\t\t\t<\/div>\n\t\t\t\t<\/div>\n\t\t\t\t\t<\/div>\n\t\t\t\t<\/div>\n\t\t<div class=\"elementor-element elementor-element-59a651d e-flex e-con-boxed e-con e-parent\" data-id=\"59a651d\" data-element_type=\"container\" data-e-type=\"container\">\n\t\t\t\t\t<div class=\"e-con-inner\">\n\t\t<div class=\"elementor-element elementor-element-a3d77ef e-con-full e-flex e-con e-child\" data-id=\"a3d77ef\" data-element_type=\"container\" data-e-type=\"container\">\n\t\t\t\t<div class=\"elementor-element elementor-element-1e1567c elementor-widget__width-inherit elementor-widget elementor-widget-image\" data-id=\"1e1567c\" data-element_type=\"widget\" data-e-type=\"widget\" data-widget_type=\"image.default\">\n\t\t\t\t\t\t\t\t\t\t\t\t\t\t\t<img decoding=\"async\" width=\"397\" height=\"253\" src=\"https:\/\/www.spower-prod.sk\/wp-content\/uploads\/2025\/10\/stab.zdroj_75PS.jpg\" class=\"attachment-large size-large wp-image-1319\" alt=\"\" srcset=\"https:\/\/www.spower-prod.sk\/wp-content\/uploads\/2025\/10\/stab.zdroj_75PS.jpg 397w, https:\/\/www.spower-prod.sk\/wp-content\/uploads\/2025\/10\/stab.zdroj_75PS-300x191.jpg 300w\" sizes=\"(max-width: 397px) 100vw, 397px\" \/>\t\t\t\t\t\t\t\t\t\t\t\t\t\t\t<\/div>\n\t\t\t\t<\/div>\n\t\t<div class=\"elementor-element elementor-element-1802ef4 e-con-full e-flex e-con e-child\" data-id=\"1802ef4\" data-element_type=\"container\" data-e-type=\"container\">\n\t\t\t\t<div class=\"elementor-element elementor-element-9852755 elementor-widget elementor-widget-text-editor\" data-id=\"9852755\" data-element_type=\"widget\" data-e-type=\"widget\" data-widget_type=\"text-editor.default\">\n\t\t\t\t\t\t\t\t\t<p><a href=\"\/en\/stabilizovane-zdroje-75ps-75w\/\">Switching Power Supply 75PS (75W)<\/a><\/p>\t\t\t\t\t\t\t\t<\/div>\n\t\t\t\t<div class=\"elementor-element elementor-element-544b05a elementor-widget elementor-widget-text-editor\" data-id=\"544b05a\" data-element_type=\"widget\" data-e-type=\"widget\" data-widget_type=\"text-editor.default\">\n\t\t\t\t\t\t\t\t\t<p>These switching power supplies are designed to power devices in electrical cabinets, featuring mechanical mounting for standard DIN rail installation.<\/p>\t\t\t\t\t\t\t\t<\/div>\n\t\t\t\t<\/div>\n\t\t\t\t\t<\/div>\n\t\t\t\t<\/div>\n\t\t<div class=\"elementor-element elementor-element-b2dc0b9 e-flex e-con-boxed e-con e-parent\" data-id=\"b2dc0b9\" data-element_type=\"container\" data-e-type=\"container\">\n\t\t\t\t\t<div class=\"e-con-inner\">\n\t\t<div class=\"elementor-element elementor-element-56c4d0f e-con-full e-flex e-con e-child\" data-id=\"56c4d0f\" data-element_type=\"container\" data-e-type=\"container\">\n\t\t\t\t<div class=\"elementor-element elementor-element-540e6d6 elementor-widget__width-inherit elementor-widget elementor-widget-image\" data-id=\"540e6d6\" data-element_type=\"widget\" data-e-type=\"widget\" data-widget_type=\"image.default\">\n\t\t\t\t\t\t\t\t\t\t\t\t\t\t\t<img decoding=\"async\" width=\"1024\" height=\"1024\" src=\"https:\/\/www.spower-prod.sk\/wp-content\/uploads\/2026\/01\/120PS_2560x2560-1024x1024.png\" class=\"attachment-large size-large wp-image-8931\" alt=\"\" srcset=\"https:\/\/www.spower-prod.sk\/wp-content\/uploads\/2026\/01\/120PS_2560x2560-1024x1024.png 1024w, https:\/\/www.spower-prod.sk\/wp-content\/uploads\/2026\/01\/120PS_2560x2560-300x300.png 300w, https:\/\/www.spower-prod.sk\/wp-content\/uploads\/2026\/01\/120PS_2560x2560-150x150.png 150w, https:\/\/www.spower-prod.sk\/wp-content\/uploads\/2026\/01\/120PS_2560x2560-768x768.png 768w, https:\/\/www.spower-prod.sk\/wp-content\/uploads\/2026\/01\/120PS_2560x2560-1536x1536.png 1536w, https:\/\/www.spower-prod.sk\/wp-content\/uploads\/2026\/01\/120PS_2560x2560-2048x2048.png 2048w\" sizes=\"(max-width: 1024px) 100vw, 1024px\" \/>\t\t\t\t\t\t\t\t\t\t\t\t\t\t\t<\/div>\n\t\t\t\t<\/div>\n\t\t<div class=\"elementor-element elementor-element-4765ae8 e-con-full e-flex e-con e-child\" data-id=\"4765ae8\" data-element_type=\"container\" data-e-type=\"container\">\n\t\t\t\t<div class=\"elementor-element elementor-element-081dfa3 elementor-widget elementor-widget-text-editor\" data-id=\"081dfa3\" data-element_type=\"widget\" data-e-type=\"widget\" data-widget_type=\"text-editor.default\">\n\t\t\t\t\t\t\t\t\t<p><a href=\"\/en\/stabilizovane-zdroje-120ps\/\">Switching Power Supply 120PS<\/a><\/p>\t\t\t\t\t\t\t\t<\/div>\n\t\t\t\t<div class=\"elementor-element elementor-element-15226eb elementor-widget elementor-widget-text-editor\" data-id=\"15226eb\" data-element_type=\"widget\" data-e-type=\"widget\" data-widget_type=\"text-editor.default\">\n\t\t\t\t\t\t\t\t\t<p>The 120PS series consists of safety extra-low voltage (SELV) switching power supplies, designed primarily for powering electronic security systems.<\/p>\t\t\t\t\t\t\t\t<\/div>\n\t\t\t\t<\/div>\n\t\t\t\t\t<\/div>\n\t\t\t\t<\/div>\n\t\t<div class=\"elementor-element elementor-element-277654e e-flex e-con-boxed e-con e-parent\" data-id=\"277654e\" data-element_type=\"container\" data-e-type=\"container\">\n\t\t\t\t\t<div class=\"e-con-inner\">\n\t\t<div class=\"elementor-element elementor-element-2df3b3c e-con-full e-flex e-con e-child\" data-id=\"2df3b3c\" data-element_type=\"container\" data-e-type=\"container\">\n\t\t\t\t<div class=\"elementor-element elementor-element-c451b79 elementor-widget__width-inherit elementor-widget elementor-widget-image\" data-id=\"c451b79\" data-element_type=\"widget\" data-e-type=\"widget\" data-widget_type=\"image.default\">\n\t\t\t\t\t\t\t\t\t\t\t\t\t\t\t<img loading=\"lazy\" decoding=\"async\" width=\"1024\" height=\"1024\" src=\"https:\/\/www.spower-prod.sk\/wp-content\/uploads\/2026\/01\/SP150_2560x2560.png\" class=\"attachment-large size-large wp-image-8932\" alt=\"\" srcset=\"https:\/\/www.spower-prod.sk\/wp-content\/uploads\/2026\/01\/SP150_2560x2560.png 1024w, https:\/\/www.spower-prod.sk\/wp-content\/uploads\/2026\/01\/SP150_2560x2560-300x300.png 300w, https:\/\/www.spower-prod.sk\/wp-content\/uploads\/2026\/01\/SP150_2560x2560-150x150.png 150w, https:\/\/www.spower-prod.sk\/wp-content\/uploads\/2026\/01\/SP150_2560x2560-768x768.png 768w\" sizes=\"(max-width: 1024px) 100vw, 1024px\" \/>\t\t\t\t\t\t\t\t\t\t\t\t\t\t\t<\/div>\n\t\t\t\t<\/div>\n\t\t<div class=\"elementor-element elementor-element-ea35700 e-con-full e-flex e-con e-child\" data-id=\"ea35700\" data-element_type=\"container\" data-e-type=\"container\">\n\t\t\t\t<div class=\"elementor-element elementor-element-8929cf4 elementor-widget elementor-widget-text-editor\" data-id=\"8929cf4\" data-element_type=\"widget\" data-e-type=\"widget\" data-widget_type=\"text-editor.default\">\n\t\t\t\t\t\t\t\t\t<p><a href=\"\/en\/regulovatelne-zdroje-sp150-150w\/\">Adjustable Power Supply SP150 (150W)<\/a><\/p>\t\t\t\t\t\t\t\t<\/div>\n\t\t\t\t<div class=\"elementor-element elementor-element-e47cd10 elementor-widget elementor-widget-text-editor\" data-id=\"e47cd10\" data-element_type=\"widget\" data-e-type=\"widget\" data-widget_type=\"text-editor.default\">\n\t\t\t\t\t\t\t\t\t<p>Adjustable power supplies are primarily used in research, laboratories, and education, as well as in any application requiring frequent adjustment of output parameters.<\/p>\t\t\t\t\t\t\t\t<\/div>\n\t\t\t\t<\/div>\n\t\t\t\t\t<\/div>\n\t\t\t\t<\/div>\n\t\t<div class=\"elementor-element elementor-element-17280f3 e-flex e-con-boxed e-con e-parent\" data-id=\"17280f3\" data-element_type=\"container\" data-e-type=\"container\">\n\t\t\t\t\t<div class=\"e-con-inner\">\n\t\t<div class=\"elementor-element elementor-element-cd8652d e-con-full e-flex e-con e-child\" data-id=\"cd8652d\" data-element_type=\"container\" data-e-type=\"container\">\n\t\t\t\t<div class=\"elementor-element elementor-element-fb71444 elementor-widget__width-inherit elementor-widget elementor-widget-image\" data-id=\"fb71444\" data-element_type=\"widget\" data-e-type=\"widget\" data-widget_type=\"image.default\">\n\t\t\t\t\t\t\t\t\t\t\t\t\t\t\t<img loading=\"lazy\" decoding=\"async\" width=\"1024\" height=\"1024\" src=\"https:\/\/www.spower-prod.sk\/wp-content\/uploads\/2025\/10\/K40_10A-1024x1024.png\" class=\"attachment-large size-large wp-image-4385\" alt=\"\" srcset=\"https:\/\/www.spower-prod.sk\/wp-content\/uploads\/2025\/10\/K40_10A-1024x1024.png 1024w, https:\/\/www.spower-prod.sk\/wp-content\/uploads\/2025\/10\/elementor\/thumbs\/K40_10A-rdvyp8ty8iwwr41al3l05q44j3iwkwz6cdte3na2m0.png 300w, https:\/\/www.spower-prod.sk\/wp-content\/uploads\/2025\/10\/K40_10A-150x150.png 150w, https:\/\/www.spower-prod.sk\/wp-content\/uploads\/2025\/10\/K40_10A-768x768.png 768w, https:\/\/www.spower-prod.sk\/wp-content\/uploads\/2025\/10\/K40_10A.png 1512w\" sizes=\"(max-width: 1024px) 100vw, 1024px\" \/>\t\t\t\t\t\t\t\t\t\t\t\t\t\t\t<\/div>\n\t\t\t\t<\/div>\n\t\t<div class=\"elementor-element elementor-element-9342414 e-con-full e-flex e-con e-child\" data-id=\"9342414\" data-element_type=\"container\" data-e-type=\"container\">\n\t\t\t\t<div class=\"elementor-element elementor-element-7c9a8c2 elementor-widget elementor-widget-text-editor\" data-id=\"7c9a8c2\" data-element_type=\"widget\" data-e-type=\"widget\" data-widget_type=\"text-editor.default\">\n\t\t\t\t\t\t\t\t\t<p><a href=\"\/en\/zalohovane-napajacie-zdroje-v-kryte-k-40\/\">Switching Power Supply Unit in Case K-40<\/a><\/p>\t\t\t\t\t\t\t\t<\/div>\n\t\t\t\t<div class=\"elementor-element elementor-element-8c9ffec elementor-widget elementor-widget-text-editor\" data-id=\"8c9ffec\" data-element_type=\"widget\" data-e-type=\"widget\" data-widget_type=\"text-editor.default\">\n\t\t\t\t\t\t\t\t\t<p>Switching Power Supply Units in Case are designed to power devices requiring an uninterruptible 13.8 VDC or 12 VDC supply.<\/p>\t\t\t\t\t\t\t\t<\/div>\n\t\t\t\t<\/div>\n\t\t\t\t\t<\/div>\n\t\t\t\t<\/div>\n\t\t\t\t<\/div>","protected":false},"excerpt":{"rendered":"<p>Stabilizovan\u00e9 zdroje Ponuka produktov: Stabilizovan\u00e9 zdroje 1PS (150W) Tieto stabilizovan\u00e9 zdroje s\u00fa ur\u010den\u00e9 pre priemyseln\u00e9 pou\u017eitie. Tomu zodpoved\u00e1 aj ich robustn\u00e1 kon\u0161trukcia. Stabilizovan\u00e9 zdroje 75PS (75W) Tieto stabilizovan\u00e9 zdroje s\u00fa ur\u010den\u00e9 na nap\u00e1janie zariaden\u00ed v rozv\u00e1dza\u010doch. K tomu je prisp\u00f4soben\u00e1 aj ich mechanick\u00e9 upevnenie na DIN li\u0161tu. Stabilizovan\u00e9 zdroje 120 PS Stabilizovan\u00e9 zdroje rad 120PS&#8230;<\/p>","protected":false},"author":1,"featured_media":0,"parent":0,"menu_order":0,"comment_status":"closed","ping_status":"closed","template":"","meta":{"_kadence_starter_templates_imported_post":false,"_kad_post_transparent":"","_kad_post_title":"hide","_kad_post_layout":"fullwidth","_kad_post_sidebar_id":"","_kad_post_content_style":"unboxed","_kad_post_vertical_padding":"hide","_kad_post_feature":"hide","_kad_post_feature_position":"","_kad_post_header":false,"_kad_post_footer":false,"footnotes":""},"class_list":["post-1306","page","type-page","status-publish","hentry"],"_links":{"self":[{"href":"https:\/\/www.spower-prod.sk\/en\/wp-json\/wp\/v2\/pages\/1306","targetHints":{"allow":["GET"]}}],"collection":[{"href":"https:\/\/www.spower-prod.sk\/en\/wp-json\/wp\/v2\/pages"}],"about":[{"href":"https:\/\/www.spower-prod.sk\/en\/wp-json\/wp\/v2\/types\/page"}],"author":[{"embeddable":true,"href":"https:\/\/www.spower-prod.sk\/en\/wp-json\/wp\/v2\/users\/1"}],"replies":[{"embeddable":true,"href":"https:\/\/www.spower-prod.sk\/en\/wp-json\/wp\/v2\/comments?post=1306"}],"version-history":[{"count":64,"href":"https:\/\/www.spower-prod.sk\/en\/wp-json\/wp\/v2\/pages\/1306\/revisions"}],"predecessor-version":[{"id":10031,"href":"https:\/\/www.spower-prod.sk\/en\/wp-json\/wp\/v2\/pages\/1306\/revisions\/10031"}],"wp:attachment":[{"href":"https:\/\/www.spower-prod.sk\/en\/wp-json\/wp\/v2\/media?parent=1306"}],"curies":[{"name":"wp","href":"https:\/\/api.w.org\/{rel}","templated":true}]}}