{"id":1338,"date":"2025-10-10T15:51:46","date_gmt":"2025-10-10T13:51:46","guid":{"rendered":"https:\/\/www.spowerba.sk\/wp_test\/?page_id=1338"},"modified":"2026-02-03T14:25:28","modified_gmt":"2026-02-03T13:25:28","slug":"dc-dc-menice","status":"publish","type":"page","link":"https:\/\/www.spower-prod.sk\/en\/dc-dc-menice\/","title":{"rendered":"DC\/DC Converters"},"content":{"rendered":"<div data-elementor-type=\"wp-page\" data-elementor-id=\"1338\" class=\"elementor elementor-1338\">\n\t\t\t\t<div class=\"elementor-element elementor-element-78f6e3b e-flex e-con-boxed e-con e-parent\" data-id=\"78f6e3b\" data-element_type=\"container\" data-e-type=\"container\">\n\t\t\t\t\t<div class=\"e-con-inner\">\n\t\t\t\t<div class=\"elementor-element elementor-element-cd81021 elementor-widget elementor-widget-heading\" data-id=\"cd81021\" data-element_type=\"widget\" data-e-type=\"widget\" data-widget_type=\"heading.default\">\n\t\t\t\t\t<h2 class=\"elementor-heading-title elementor-size-default\">DC\/DC Converters<\/h2>\t\t\t\t<\/div>\n\t\t\t\t\t<\/div>\n\t\t\t\t<\/div>\n\t\t<div class=\"elementor-element elementor-element-2954acd e-flex e-con-boxed e-con e-parent\" data-id=\"2954acd\" data-element_type=\"container\" data-e-type=\"container\">\n\t\t\t\t\t<div class=\"e-con-inner\">\n\t\t\t\t<div class=\"elementor-element elementor-element-42ffee8 elementor-widget elementor-widget-heading\" data-id=\"42ffee8\" data-element_type=\"widget\" data-e-type=\"widget\" data-widget_type=\"heading.default\">\n\t\t\t\t\t<h2 class=\"elementor-heading-title elementor-size-default\">Product Range<\/h2>\t\t\t\t<\/div>\n\t\t\t\t\t<\/div>\n\t\t\t\t<\/div>\n\t\t<div class=\"elementor-element elementor-element-f8bec51 e-flex e-con-boxed e-con e-parent\" data-id=\"f8bec51\" data-element_type=\"container\" data-e-type=\"container\">\n\t\t\t\t\t<div class=\"e-con-inner\">\n\t\t<div class=\"elementor-element elementor-element-fe7cf75 e-con-full e-flex e-con e-child\" data-id=\"fe7cf75\" data-element_type=\"container\" data-e-type=\"container\">\n\t\t\t\t<div class=\"elementor-element elementor-element-dc8033b elementor-widget__width-inherit elementor-widget elementor-widget-image\" data-id=\"dc8033b\" data-element_type=\"widget\" data-e-type=\"widget\" data-widget_type=\"image.default\">\n\t\t\t\t\t\t\t\t\t\t\t\t\t\t\t<img fetchpriority=\"high\" decoding=\"async\" width=\"1024\" height=\"712\" src=\"https:\/\/www.spower-prod.sk\/wp-content\/uploads\/2026\/02\/12DCR_strana-1024x712.png\" class=\"attachment-large size-large wp-image-9655\" alt=\"\" srcset=\"https:\/\/www.spower-prod.sk\/wp-content\/uploads\/2026\/02\/12DCR_strana-1024x712.png 1024w, https:\/\/www.spower-prod.sk\/wp-content\/uploads\/2026\/02\/12DCR_strana-300x209.png 300w, https:\/\/www.spower-prod.sk\/wp-content\/uploads\/2026\/02\/12DCR_strana-768x534.png 768w, https:\/\/www.spower-prod.sk\/wp-content\/uploads\/2026\/02\/12DCR_strana-1536x1068.png 1536w, https:\/\/www.spower-prod.sk\/wp-content\/uploads\/2026\/02\/12DCR_strana.png 1744w\" sizes=\"(max-width: 1024px) 100vw, 1024px\" \/>\t\t\t\t\t\t\t\t\t\t\t\t\t\t\t<\/div>\n\t\t\t\t<\/div>\n\t\t<div class=\"elementor-element elementor-element-3fe3aa3 e-con-full e-flex e-con e-child\" data-id=\"3fe3aa3\" data-element_type=\"container\" data-e-type=\"container\">\n\t\t\t\t<div class=\"elementor-element elementor-element-d1466c6 elementor-widget elementor-widget-text-editor\" data-id=\"d1466c6\" data-element_type=\"widget\" data-e-type=\"widget\" data-widget_type=\"text-editor.default\">\n\t\t\t\t\t\t\t\t\t<p><a href=\"\/en\/dc-dc-menice-12dcr-10w\/\">DC\/DC Converters Type 12DCR (10W)<\/a><\/p>\t\t\t\t\t\t\t\t<\/div>\n\t\t\t\t<div class=\"elementor-element elementor-element-4f50494 elementor-widget elementor-widget-text-editor\" data-id=\"4f50494\" data-element_type=\"widget\" data-e-type=\"widget\" data-widget_type=\"text-editor.default\">\n\t\t\t\t\t\t\t\t\t<p>12DCR converters are designed to power devices requiring galvanic isolation between input and output. They are mounted on a DIN rail.<\/p>\t\t\t\t\t\t\t\t<\/div>\n\t\t\t\t<\/div>\n\t\t\t\t\t<\/div>\n\t\t\t\t<\/div>\n\t\t\t\t<\/div>","protected":false},"excerpt":{"rendered":"<p>DC\/DC meni\u010de Ponuka produktov: DC\/DC meni\u010de 12DCR (10W) Meni\u010de 12DCR s\u00fa ur\u010den\u00e9 na nap\u00e1janie zariaden\u00ed, kde sa vy\u017eaduje galvanick\u00e9 oddelenie vstupu od v\u00fdstupu. Upev\u0148uj\u00fa sa na DIN li\u0161tu.<\/p>","protected":false},"author":1,"featured_media":0,"parent":0,"menu_order":0,"comment_status":"closed","ping_status":"closed","template":"","meta":{"_kadence_starter_templates_imported_post":false,"_kad_post_transparent":"","_kad_post_title":"hide","_kad_post_layout":"fullwidth","_kad_post_sidebar_id":"","_kad_post_content_style":"unboxed","_kad_post_vertical_padding":"hide","_kad_post_feature":"hide","_kad_post_feature_position":"","_kad_post_header":false,"_kad_post_footer":false,"footnotes":""},"class_list":["post-1338","page","type-page","status-publish","hentry"],"_links":{"self":[{"href":"https:\/\/www.spower-prod.sk\/en\/wp-json\/wp\/v2\/pages\/1338","targetHints":{"allow":["GET"]}}],"collection":[{"href":"https:\/\/www.spower-prod.sk\/en\/wp-json\/wp\/v2\/pages"}],"about":[{"href":"https:\/\/www.spower-prod.sk\/en\/wp-json\/wp\/v2\/types\/page"}],"author":[{"embeddable":true,"href":"https:\/\/www.spower-prod.sk\/en\/wp-json\/wp\/v2\/users\/1"}],"replies":[{"embeddable":true,"href":"https:\/\/www.spower-prod.sk\/en\/wp-json\/wp\/v2\/comments?post=1338"}],"version-history":[{"count":40,"href":"https:\/\/www.spower-prod.sk\/en\/wp-json\/wp\/v2\/pages\/1338\/revisions"}],"predecessor-version":[{"id":9667,"href":"https:\/\/www.spower-prod.sk\/en\/wp-json\/wp\/v2\/pages\/1338\/revisions\/9667"}],"wp:attachment":[{"href":"https:\/\/www.spower-prod.sk\/en\/wp-json\/wp\/v2\/media?parent=1338"}],"curies":[{"name":"wp","href":"https:\/\/api.w.org\/{rel}","templated":true}]}}