{"id":1414,"date":"2025-10-10T17:19:44","date_gmt":"2025-10-10T15:19:44","guid":{"rendered":"https:\/\/www.spowerba.sk\/wp_test\/?page_id=1414"},"modified":"2026-04-23T20:51:07","modified_gmt":"2026-04-23T18:51:07","slug":"stabilizovane-zdroje-120ps","status":"publish","type":"page","link":"https:\/\/www.spower-prod.sk\/en\/stabilizovane-zdroje-120ps\/","title":{"rendered":"Switching Power Supply 120PS"},"content":{"rendered":"<div data-elementor-type=\"wp-page\" data-elementor-id=\"1414\" class=\"elementor elementor-1414\">\n\t\t\t\t<div class=\"elementor-element elementor-element-81fd0a5 e-flex e-con-boxed e-con e-parent\" data-id=\"81fd0a5\" data-element_type=\"container\" data-e-type=\"container\">\n\t\t\t\t\t<div class=\"e-con-inner\">\n\t\t\t\t<div class=\"elementor-element elementor-element-6ae17e7 elementor-widget elementor-widget-heading\" data-id=\"6ae17e7\" data-element_type=\"widget\" data-e-type=\"widget\" data-widget_type=\"heading.default\">\n\t\t\t\t\t<h2 class=\"elementor-heading-title elementor-size-default\">Switching Power Supply 120PS<\/h2>\t\t\t\t<\/div>\n\t\t\t\t\t<\/div>\n\t\t\t\t<\/div>\n\t\t<div class=\"elementor-element elementor-element-8aa48a4 e-flex e-con-boxed e-con e-parent\" data-id=\"8aa48a4\" data-element_type=\"container\" data-e-type=\"container\">\n\t\t\t\t\t<div class=\"e-con-inner\">\n\t\t<div class=\"elementor-element elementor-element-88264fb e-con-full e-flex e-con e-child\" data-id=\"88264fb\" data-element_type=\"container\" data-e-type=\"container\">\n\t\t\t\t<div class=\"elementor-element elementor-element-8b32db5 elementor-widget elementor-widget-image\" data-id=\"8b32db5\" data-element_type=\"widget\" data-e-type=\"widget\" data-widget_type=\"image.default\">\n\t\t\t\t\t\t\t\t\t\t\t\t\t\t\t<img fetchpriority=\"high\" decoding=\"async\" width=\"368\" height=\"284\" src=\"https:\/\/www.spower-prod.sk\/wp-content\/uploads\/2025\/10\/stab.zdroj_120PS.jpg\" class=\"attachment-large size-large wp-image-1323\" alt=\"\" srcset=\"https:\/\/www.spower-prod.sk\/wp-content\/uploads\/2025\/10\/stab.zdroj_120PS.jpg 368w, https:\/\/www.spower-prod.sk\/wp-content\/uploads\/2025\/10\/stab.zdroj_120PS-300x232.jpg 300w\" sizes=\"(max-width: 368px) 100vw, 368px\" \/>\t\t\t\t\t\t\t\t\t\t\t\t\t\t\t<\/div>\n\t\t\t\t<\/div>\n\t\t<div class=\"elementor-element elementor-element-dddf19b e-con-full e-flex e-con e-child\" data-id=\"dddf19b\" data-element_type=\"container\" data-e-type=\"container\">\n\t\t\t\t<div class=\"elementor-element elementor-element-47362d9 elementor-widget elementor-widget-text-editor\" data-id=\"47362d9\" data-element_type=\"widget\" data-e-type=\"widget\" data-widget_type=\"text-editor.default\">\n\t\t\t\t\t\t\t\t\t<ul><li>Power \u2013 up to 120 W<\/li><li>Mounting \u2013 DIN rail or screw mounting<\/li><li>Regulated output voltage<\/li><li>Output voltage 12 V or 24 V<\/li><li>Input \u2013 terminal block<\/li><li>Output \u2013 terminal block<\/li><li>IP20 protection rating<\/li><li>Terminal protection rating IP00<\/li><\/ul>\t\t\t\t\t\t\t\t<\/div>\n\t\t\t\t<\/div>\n\t\t\t\t\t<\/div>\n\t\t\t\t<\/div>\n\t\t<div class=\"elementor-element elementor-element-2dafb06 e-flex e-con-boxed e-con e-parent\" data-id=\"2dafb06\" data-element_type=\"container\" data-e-type=\"container\">\n\t\t\t\t\t<div class=\"e-con-inner\">\n\t\t\t\t<div class=\"elementor-element elementor-element-ae20acc e-n-tabs-mobile elementor-widget elementor-widget-n-tabs\" data-id=\"ae20acc\" data-element_type=\"widget\" data-e-type=\"widget\" data-settings=\"{&quot;horizontal_scroll&quot;:&quot;disable&quot;}\" data-widget_type=\"nested-tabs.default\">\n\t\t\t\t\t\t\t<div class=\"e-n-tabs\" data-widget-number=\"182586060\" aria-label=\"Tabs. Open items with Enter or Space, close with Escape and navigate using the Arrow keys.\">\n\t\t\t<div class=\"e-n-tabs-heading\" role=\"tablist\">\n\t\t\t\t\t<button id=\"e-n-tab-title-1825860601\" data-tab-title-id=\"e-n-tab-title-1825860601\" class=\"e-n-tab-title\" aria-selected=\"true\" data-tab-index=\"1\" role=\"tab\" tabindex=\"0\" aria-controls=\"e-n-tab-content-1825860601\" style=\"--n-tabs-title-order: 1;\">\n\t\t\t\t\t\t<span class=\"e-n-tab-title-text\">\n\t\t\t\tDescription\t\t\t<\/span>\n\t\t<\/button>\n\t\t\t\t<button id=\"e-n-tab-title-1825860602\" data-tab-title-id=\"e-n-tab-title-1825860602\" class=\"e-n-tab-title\" aria-selected=\"false\" data-tab-index=\"2\" role=\"tab\" tabindex=\"-1\" aria-controls=\"e-n-tab-content-1825860602\" style=\"--n-tabs-title-order: 2;\">\n\t\t\t\t\t\t<span class=\"e-n-tab-title-text\">\n\t\t\t\tTechnical parameters\t\t\t<\/span>\n\t\t<\/button>\n\t\t\t\t<button id=\"e-n-tab-title-1825860603\" data-tab-title-id=\"e-n-tab-title-1825860603\" class=\"e-n-tab-title\" aria-selected=\"false\" data-tab-index=\"3\" role=\"tab\" tabindex=\"-1\" aria-controls=\"e-n-tab-content-1825860603\" style=\"--n-tabs-title-order: 3;\">\n\t\t\t\t\t\t<span class=\"e-n-tab-title-text\">\n\t\t\t\tModels\t\t\t<\/span>\n\t\t<\/button>\n\t\t\t\t\t<\/div>\n\t\t\t<div class=\"e-n-tabs-content\">\n\t\t\t\t<div id=\"e-n-tab-content-1825860601\" role=\"tabpanel\" aria-labelledby=\"e-n-tab-title-1825860601\" data-tab-index=\"1\" style=\"--n-tabs-title-order: 1;\" class=\"e-active elementor-element elementor-element-a369c04 e-con-full e-flex e-con e-child\" data-id=\"a369c04\" data-element_type=\"container\" data-e-type=\"container\">\n\t\t\t\t<div class=\"elementor-element elementor-element-6ec4e65 elementor-widget elementor-widget-text-editor\" data-id=\"6ec4e65\" data-element_type=\"widget\" data-e-type=\"widget\" data-widget_type=\"text-editor.default\">\n\t\t\t\t\t\t\t\t\t<table class=\"alignleft\"><tbody><tr><td><p>The 120PS series stabilized power supplies are Safety Extra Low Voltage (SELV) sources designed primarily for powering electrical systems. They are intended for use with lead-acid batteries, with which they form a comprehensive backup power system with multiple functions. The power supplies maintain an output voltage of 12 V (or 24 V) even while charging the battery at an elevated voltage. The output voltage of the unit never exceeds 12 V (or 24 V).<\/p><p>As long as the mains voltage is present, the power supply provides power to the connected security system while simultaneously keeping the backup battery in a charged state. The voltage at the power supply output (OUTPUT) is 12 V (24 V). The ON BAT, U BAT 11V, and ON POWER LEDs are illuminated. The signaling contacts for ON BAT, U BAT 11V, and ON POWER are closed.<\/p><p>In the event of a mains power failure, the OUTPUT terminals maintain a voltage of 12 V (24 V) from the backup battery via a linear stabilizer. This state is indicated by the ON POWER LED turning off and the opening of the ON POWER contact. Depending on the voltage drop of the battery, the output voltage gradually decreases.<\/p><\/td><\/tr><tr><td colspan=\"2\"><p>If the power failure is prolonged, the battery voltage gradually decreases. A drop below 11 V (22 V) is indicated by the U BAT 11V LED turning off and the opening of the U BAT 11V contact. If the mains power failure continues and there is a risk of damaging the battery through deep discharge, the battery will be disconnected, and the security system will no longer be powered. Disconnection occurs when the battery voltage drops below 10.5 V (21 V). This state is indicated by the ON BAT LED turning off and the opening of the ON BAT contact.<\/p><p>Once the mains voltage is restored, the power supply takes over the load, and the backup battery is reconnected for charging. The maximum battery charging current is set via DIP switches. The available settings are 4 A, 3 A, 2 A, 1 A (2 A, 1.5 A, 1 A, 0.5 A). When the voltage at the battery terminals reaches 13.8 V (27.6 V), the battery continues to be charged at a constant voltage.<br \/>The power supply continuously monitors the battery connection. If the battery is disconnected from the BAT connector, or if the fuse protecting the battery against short circuits blows, the fault is indicated within 10 seconds by the ON BAT LED turning off and the opening of the ON BAT contact.<\/p><p>By closing the POWER OFF terminals, the power supply is electronically switched off, and the system is powered solely by the backup battery. This controlled state is intended for testing the backup battery. The need for battery replacement can then be assessed based on the backup duration.<\/p><\/td><\/tr><\/tbody><\/table>\t\t\t\t\t\t\t\t<\/div>\n\t\t\t\t<\/div>\n\t\t<div id=\"e-n-tab-content-1825860602\" role=\"tabpanel\" aria-labelledby=\"e-n-tab-title-1825860602\" data-tab-index=\"2\" style=\"--n-tabs-title-order: 2;\" class=\"elementor-element elementor-element-f5c5dff e-con-full e-flex e-con e-child\" data-id=\"f5c5dff\" data-element_type=\"container\" data-e-type=\"container\">\n\t\t<div class=\"elementor-element elementor-element-a5ad959 e-con-full e-flex e-con e-child\" data-id=\"a5ad959\" data-element_type=\"container\" data-e-type=\"container\">\n\t\t\t\t<div class=\"elementor-element elementor-element-37edc9a elementor-widget elementor-widget-heading\" data-id=\"37edc9a\" data-element_type=\"widget\" data-e-type=\"widget\" data-widget_type=\"heading.default\">\n\t\t\t\t\t<h2 class=\"elementor-heading-title elementor-size-default\">Table 1: Technical parameters<\/h2>\t\t\t\t<\/div>\n\t\t\t\t<div class=\"elementor-element elementor-element-4721338 elementor-widget elementor-widget-html\" data-id=\"4721338\" data-element_type=\"widget\" data-e-type=\"widget\" data-widget_type=\"html.default\">\n\t\t\t\t\t<table class=\"mojetabulka\">\n  <thead>\n    <tr>\n    <\/tr>\n  <\/thead>\n  <tbody>\n    <tr>\n      <td>Input Voltage<\/td>\n      <td>195 V to 255 V \/ 50 Hz<\/td>\n    <\/tr>\n    <tr>\n      <td>Maximum power consumption<\/td>\n      <td>180 VA<\/td>\n    <\/tr>\n    <tr>\n      <td>Nominal output voltage<\/td>\n      <td>12 V or 24 V<\/td>\n    <\/tr>\n    \n    <tr>\n      <td>Output voltage fluctuation when powered from 230 V \/ 50 Hz mains<\/td>\n      <td>1 %<\/td>\n    <\/tr>\n    <tr>\n      <td>Output voltage fluctuation when powered from a backup battery<\/td>\n      <td>10,5 V to 12 V<br> or <br>21 V to 24 V<\/td>\n    <\/tr>\n    <tr>\n      <td>Output noise<\/td>\n      <td>max 60 mV \u0161\u0161<\/td>\n    <\/tr>\n    <tr>\n      <td>Operating ambient temperature<\/td>\n      <td>-5 \u00b0C to +40 \u00b0C<\/td>\n    <\/tr>\n    <tr>\n      <td>Thermal protection against overheating<\/td>\n      <td>Electronic fuse<\/td>\n    <\/tr>\n    <tr>\n      <td>Protection against output short circuit and battery reverse polarity<\/td>\n      <td>Cartridge fuse<\/td>\n    <\/tr>\n    <tr>\n      <td>Output overvoltage protection<\/td>\n      <td>Electronic fuse<\/td>\n    <\/tr>\n    \n  <\/tbody>\n<\/table>\t\t\t\t<\/div>\n\t\t\t\t<\/div>\n\t\t<div class=\"elementor-element elementor-element-64e272e e-con-full e-flex e-con e-child\" data-id=\"64e272e\" data-element_type=\"container\" data-e-type=\"container\">\n\t\t\t\t<div class=\"elementor-element elementor-element-df3d556 elementor-widget elementor-widget-heading\" data-id=\"df3d556\" data-element_type=\"widget\" data-e-type=\"widget\" data-widget_type=\"heading.default\">\n\t\t\t\t\t<h2 class=\"elementor-heading-title elementor-size-default\">Table 2: Documents<\/h2>\t\t\t\t<\/div>\n\t\t\t\t<div class=\"elementor-element elementor-element-f687d4d elementor-widget elementor-widget-html\" data-id=\"f687d4d\" data-element_type=\"widget\" data-e-type=\"widget\" data-widget_type=\"html.default\">\n\t\t\t\t\t<table class=\"mojetabulka\">\r\n  <thead>\r\n    <tr>\r\n    <\/tr>\r\n  <\/thead>\r\n  <tbody>\r\n    <tr>\r\n      <td>\r\n         <a href=\"\/wp-content\/uploads\/pdf\/p_120ps.pdf\"\r\n         target=\"_blank\" rel=\"noopener noreferrer\">\r\n        <img decoding=\"async\" src=\"\/wp-content\/uploads\/2025\/10\/icon_pdf.gif\" alt=\"Ikona\" class=\"icon\"> Brochure\r\n      <\/td>\r\n      <\/tr>\r\n    <tr>\r\n      <td>\r\n        <a href=\"\/wp-content\/uploads\/pdf\/Vyhlasenie_o_zhode_120PS.pdf\"\r\n        target=\"_blank\" rel=\"noopener noreferrer\">\r\n        <img decoding=\"async\" src=\"\/wp-content\/uploads\/2025\/10\/icon_pdf.gif\" alt=\"Ikona\" class=\"icon\"> Vyhl\u00e1senie o zhode\r\n      <\/td>\r\n    <\/tr>\r\n  <\/tbody>\r\n<\/table>\r\n\t\t\t\t<\/div>\n\t\t\t\t<\/div>\n\t\t\t\t<\/div>\n\t\t<div id=\"e-n-tab-content-1825860603\" role=\"tabpanel\" aria-labelledby=\"e-n-tab-title-1825860603\" data-tab-index=\"3\" style=\"--n-tabs-title-order: 3;\" class=\"elementor-element elementor-element-cb6cd13 e-con-full e-flex e-con e-child\" data-id=\"cb6cd13\" data-element_type=\"container\" data-e-type=\"container\">\n\t\t<div class=\"elementor-element elementor-element-3a34fde e-con-full e-flex e-con e-child\" data-id=\"3a34fde\" data-element_type=\"container\" data-e-type=\"container\">\n\t\t\t\t<div class=\"elementor-element elementor-element-85d2f1c elementor-widget elementor-widget-heading\" data-id=\"85d2f1c\" data-element_type=\"widget\" data-e-type=\"widget\" data-widget_type=\"heading.default\">\n\t\t\t\t\t<h2 class=\"elementor-heading-title elementor-size-default\">Table 3: 120PS Series Power Supply Models<\/h2>\t\t\t\t<\/div>\n\t\t\t\t<div class=\"elementor-element elementor-element-754fdc7 elementor-widget elementor-widget-html\" data-id=\"754fdc7\" data-element_type=\"widget\" data-e-type=\"widget\" data-widget_type=\"html.default\">\n\t\t\t\t\t<div class=\"table-horizontal-scroll\">\r\n    <table class=\"mojetabulka2\">\r\n  <thead>\r\n    <tr>\r\n        <td>Model Name<\/td>\r\n        <td>Output Voltage<\/td>\r\n        <td>Output Current<\/td>\r\n        <td>Stability<\/td>\r\n        <td>Ripple<\/td>\r\n        <td>Noise<\/td>\r\n    <\/tr>\r\n  <\/thead>\r\n  <tbody>\r\n    <tr>\r\n      <td data-label=\"N\u00e1zov\">120PS12V\/10A<\/td>\r\n      <td data-label=\"V\u00fdstupn\u00e9 nap\u00e4tie\">12 V<\/td>\r\n      <td data-label=\"V\u00fdstupn\u00fd pr\u00fad\">10 A<\/td>\r\n      <td data-label=\"Stabilita\">2 %<\/td>\r\n      <td data-label=\"Zvlnenie\"><30 mV<\/td>\r\n      <td data-label=\"\u0160um\"><60 mV \u0161\u0161<\/td>\r\n    <\/tr>\r\n    <tr>\r\n      <td data-label=\"N\u00e1zov\">120PS12V5\/10A<\/td>\r\n      <td data-label=\"V\u00fdstupn\u00e9 nap\u00e4tie\">12.5 V<\/td>\r\n      <td data-label=\"V\u00fdstupn\u00fd pr\u00fad\">10 A<\/td>\r\n      <td data-label=\"Stabilita\">2 %<\/td>\r\n      <td data-label=\"Zvlnenie\"><80 mV<\/td>\r\n      <td data-label=\"\u0160um\"><60 mV \u0161\u0161<\/td>\r\n    <\/tr>\r\n    <tr>\r\n      <td data-label=\"N\u00e1zov\">120PS24V\/5A<\/td>\r\n      <td data-label=\"V\u00fdstupn\u00e9 nap\u00e4tie\">24 V<\/td>\r\n      <td data-label=\"V\u00fdstupn\u00fd pr\u00fad\">5 A<\/td>\r\n      <td data-label=\"Stabilita\">1 %<\/td>\r\n      <td data-label=\"Zvlnenie\"><60 mV<\/td>\r\n      <td data-label=\"\u0160um\"><60 mV \u0161\u0161<\/td>\r\n    <\/tr>\r\n    \r\n  <\/tbody>\r\n<\/table>\r\n<\/div>\t\t\t\t<\/div>\n\t\t\t\t<\/div>\n\t\t<div class=\"elementor-element elementor-element-da283d9 e-flex e-con-boxed e-con e-child\" data-id=\"da283d9\" data-element_type=\"container\" data-e-type=\"container\">\n\t\t\t\t\t<div class=\"e-con-inner\">\n\t\t\t\t<div class=\"elementor-element elementor-element-f254ef4 elementor-widget elementor-widget-heading\" data-id=\"f254ef4\" data-element_type=\"widget\" data-e-type=\"widget\" data-widget_type=\"heading.default\">\n\t\t\t\t\t<h2 class=\"elementor-heading-title elementor-size-default\">Dimensions:<\/h2>\t\t\t\t<\/div>\n\t\t\t\t<div class=\"elementor-element elementor-element-14cf2f3 elementor-widget elementor-widget-text-editor\" data-id=\"14cf2f3\" data-element_type=\"widget\" data-e-type=\"widget\" data-widget_type=\"text-editor.default\">\n\t\t\t\t\t\t\t\t\t<p>The basic dimensions of the power supply are 185 x 130 x 60 mm. The dimensions, including the mounting brackets, are shown in the figure.<\/p>\t\t\t\t\t\t\t\t<\/div>\n\t\t\t\t<div class=\"elementor-element elementor-element-429c229 elementor-widget elementor-widget-image\" data-id=\"429c229\" data-element_type=\"widget\" data-e-type=\"widget\" data-widget_type=\"image.default\">\n\t\t\t\t\t\t\t\t\t\t\t\t\t\t\t<img decoding=\"async\" width=\"361\" height=\"229\" src=\"https:\/\/www.spower-prod.sk\/wp-content\/uploads\/2025\/10\/Snimka-obrazovky-2025-10-10-190858.png\" class=\"attachment-large size-large wp-image-1429\" alt=\"\" srcset=\"https:\/\/www.spower-prod.sk\/wp-content\/uploads\/2025\/10\/Snimka-obrazovky-2025-10-10-190858.png 361w, https:\/\/www.spower-prod.sk\/wp-content\/uploads\/2025\/10\/Snimka-obrazovky-2025-10-10-190858-300x190.png 300w\" sizes=\"(max-width: 361px) 100vw, 361px\" \/>\t\t\t\t\t\t\t\t\t\t\t\t\t\t\t<\/div>\n\t\t\t\t\t<\/div>\n\t\t\t\t<\/div>\n\t\t<div class=\"elementor-element elementor-element-d216b30 e-flex e-con-boxed e-con e-child\" data-id=\"d216b30\" data-element_type=\"container\" data-e-type=\"container\">\n\t\t\t\t\t<div class=\"e-con-inner\">\n\t\t\t\t<div class=\"elementor-element elementor-element-321b136 elementor-widget elementor-widget-heading\" data-id=\"321b136\" data-element_type=\"widget\" data-e-type=\"widget\" data-widget_type=\"heading.default\">\n\t\t\t\t\t<h2 class=\"elementor-heading-title elementor-size-default\">Additional options:<\/h2>\t\t\t\t<\/div>\n\t\t\t\t<div class=\"elementor-element elementor-element-1113984 elementor-widget elementor-widget-text-editor\" data-id=\"1113984\" data-element_type=\"widget\" data-e-type=\"widget\" data-widget_type=\"text-editor.default\">\n\t\t\t\t\t\t\t\t\t<p>If required, the power supply can be mounted in an enclosure with space for a backup battery. The enclosure must be ordered separately.<\/p>\t\t\t\t\t\t\t\t<\/div>\n\t\t\t\t\t<\/div>\n\t\t\t\t<\/div>\n\t\t\t\t<\/div>\n\t\t\t\t\t<\/div>\n\t\t<\/div>\n\t\t\t\t\t\t<\/div>\n\t\t\t\t\t<\/div>\n\t\t\t\t<\/div>\n\t\t\t\t<\/div>","protected":false},"excerpt":{"rendered":"<p>Stabilizovan\u00e9 zdroje 120PS V\u00fdkon &#8211; do 120 W Upevnenie &#8211; na DIN li\u0161tu alebo skrutkami Stabilizovan\u00e9 v\u00fdstupn\u00e9 nap\u00e4tie V\u00fdstupn\u00e9 nap\u00e4tie 12 V alebo 24 V Vstup \u2013 svorkovnica V\u00fdstup \u2013 svorkovnica Krytie IP20 Krytie pripojovac\u00edch svoriek IP00 Popis Technick\u00e9 \u00fadaje Modely Stabilizovan\u00e9 nap\u00e1jacie zdroje rad 120PS s\u00fa zdroje mal\u00e9ho bezpe\u010dn\u00e9ho nap\u00e4tia (SELV) ur\u010den\u00e9 najm\u00e4 pre&#8230;<\/p>","protected":false},"author":1,"featured_media":0,"parent":0,"menu_order":0,"comment_status":"closed","ping_status":"closed","template":"","meta":{"_kadence_starter_templates_imported_post":false,"_kad_post_transparent":"","_kad_post_title":"hide","_kad_post_layout":"fullwidth","_kad_post_sidebar_id":"","_kad_post_content_style":"unboxed","_kad_post_vertical_padding":"hide","_kad_post_feature":"hide","_kad_post_feature_position":"","_kad_post_header":false,"_kad_post_footer":false,"footnotes":""},"class_list":["post-1414","page","type-page","status-publish","hentry"],"_links":{"self":[{"href":"https:\/\/www.spower-prod.sk\/en\/wp-json\/wp\/v2\/pages\/1414","targetHints":{"allow":["GET"]}}],"collection":[{"href":"https:\/\/www.spower-prod.sk\/en\/wp-json\/wp\/v2\/pages"}],"about":[{"href":"https:\/\/www.spower-prod.sk\/en\/wp-json\/wp\/v2\/types\/page"}],"author":[{"embeddable":true,"href":"https:\/\/www.spower-prod.sk\/en\/wp-json\/wp\/v2\/users\/1"}],"replies":[{"embeddable":true,"href":"https:\/\/www.spower-prod.sk\/en\/wp-json\/wp\/v2\/comments?post=1414"}],"version-history":[{"count":167,"href":"https:\/\/www.spower-prod.sk\/en\/wp-json\/wp\/v2\/pages\/1414\/revisions"}],"predecessor-version":[{"id":10472,"href":"https:\/\/www.spower-prod.sk\/en\/wp-json\/wp\/v2\/pages\/1414\/revisions\/10472"}],"wp:attachment":[{"href":"https:\/\/www.spower-prod.sk\/en\/wp-json\/wp\/v2\/media?parent=1414"}],"curies":[{"name":"wp","href":"https:\/\/api.w.org\/{rel}","templated":true}]}}