{"id":1440,"date":"2025-10-10T19:25:34","date_gmt":"2025-10-10T17:25:34","guid":{"rendered":"https:\/\/www.spowerba.sk\/wp_test\/?page_id=1440"},"modified":"2026-03-30T13:57:22","modified_gmt":"2026-03-30T11:57:22","slug":"regulovatelne-zdroje-sp150-150w","status":"publish","type":"page","link":"https:\/\/www.spower-prod.sk\/en\/regulovatelne-zdroje-sp150-150w\/","title":{"rendered":"Adjustable Power Supply SP150 (150W)"},"content":{"rendered":"<div data-elementor-type=\"wp-page\" data-elementor-id=\"1440\" class=\"elementor elementor-1440\">\n\t\t\t\t<div class=\"elementor-element elementor-element-790dd46 e-flex e-con-boxed e-con e-parent\" data-id=\"790dd46\" data-element_type=\"container\" data-e-type=\"container\">\n\t\t\t\t\t<div class=\"e-con-inner\">\n\t\t\t\t<div class=\"elementor-element elementor-element-3a384cd elementor-widget elementor-widget-heading\" data-id=\"3a384cd\" data-element_type=\"widget\" data-e-type=\"widget\" data-widget_type=\"heading.default\">\n\t\t\t\t\t<h2 class=\"elementor-heading-title elementor-size-default\">Adjustable Power Supply SP150 (150W)<\/h2>\t\t\t\t<\/div>\n\t\t\t\t\t<\/div>\n\t\t\t\t<\/div>\n\t\t<div class=\"elementor-element elementor-element-0ac082a e-flex e-con-boxed e-con e-parent\" data-id=\"0ac082a\" data-element_type=\"container\" data-e-type=\"container\">\n\t\t\t\t\t<div class=\"e-con-inner\">\n\t\t<div class=\"elementor-element elementor-element-9d8ae47 e-con-full e-flex e-con e-child\" data-id=\"9d8ae47\" data-element_type=\"container\" data-e-type=\"container\">\n\t\t\t\t<div class=\"elementor-element elementor-element-b85d011 elementor-widget elementor-widget-image\" data-id=\"b85d011\" data-element_type=\"widget\" data-e-type=\"widget\" data-widget_type=\"image.default\">\n\t\t\t\t\t\t\t\t\t\t\t\t\t\t\t<img decoding=\"async\" src=\"https:\/\/www.spower-prod.sk\/wp-content\/uploads\/elementor\/thumbs\/flayer_sp150-rdae89b009drp7b4e9m9zkbak08m59k1ty03uhg9tk.png\" title=\"flayer_sp150\" alt=\"flayer_sp150\" loading=\"lazy\" \/>\t\t\t\t\t\t\t\t\t\t\t\t\t\t\t<\/div>\n\t\t\t\t<\/div>\n\t\t<div class=\"elementor-element elementor-element-f5edaec e-con-full e-flex e-con e-child\" data-id=\"f5edaec\" data-element_type=\"container\" data-e-type=\"container\">\n\t\t\t\t<div class=\"elementor-element elementor-element-c6404af elementor-widget elementor-widget-text-editor\" data-id=\"c6404af\" data-element_type=\"widget\" data-e-type=\"widget\" data-widget_type=\"text-editor.default\">\n\t\t\t\t\t\t\t\t\t<ul><li>Power output \u2013 up to 150 W<\/li><li>DESKTOP version<\/li><li>Regulated output voltage<\/li><li>Adjustable output voltage from 0 V to 30 V (50 V)<\/li><li>Output \u2013 4 mm sockets<\/li><li>IP20 protection rating<\/li><\/ul>\t\t\t\t\t\t\t\t<\/div>\n\t\t\t\t<\/div>\n\t\t\t\t\t<\/div>\n\t\t\t\t<\/div>\n\t\t<div class=\"elementor-element elementor-element-d074490 e-flex e-con-boxed e-con e-parent\" data-id=\"d074490\" data-element_type=\"container\" data-e-type=\"container\">\n\t\t\t\t\t<div class=\"e-con-inner\">\n\t\t\t\t<div class=\"elementor-element elementor-element-ed64ff3 e-n-tabs-mobile elementor-widget elementor-widget-n-tabs\" data-id=\"ed64ff3\" data-element_type=\"widget\" data-e-type=\"widget\" data-settings=\"{&quot;horizontal_scroll&quot;:&quot;disable&quot;}\" data-widget_type=\"nested-tabs.default\">\n\t\t\t\t\t\t\t<div class=\"e-n-tabs\" data-widget-number=\"248926195\" aria-label=\"Tabs. Open items with Enter or Space, close with Escape and navigate using the Arrow keys.\">\n\t\t\t<div class=\"e-n-tabs-heading\" role=\"tablist\">\n\t\t\t\t\t<button id=\"e-n-tab-title-2489261951\" data-tab-title-id=\"e-n-tab-title-2489261951\" class=\"e-n-tab-title\" aria-selected=\"true\" data-tab-index=\"1\" role=\"tab\" tabindex=\"0\" aria-controls=\"e-n-tab-content-2489261951\" style=\"--n-tabs-title-order: 1;\">\n\t\t\t\t\t\t<span class=\"e-n-tab-title-text\">\n\t\t\t\tDescription\t\t\t<\/span>\n\t\t<\/button>\n\t\t\t\t<button id=\"e-n-tab-title-2489261952\" data-tab-title-id=\"e-n-tab-title-2489261952\" class=\"e-n-tab-title\" aria-selected=\"false\" data-tab-index=\"2\" role=\"tab\" tabindex=\"-1\" aria-controls=\"e-n-tab-content-2489261952\" style=\"--n-tabs-title-order: 2;\">\n\t\t\t\t\t\t<span class=\"e-n-tab-title-text\">\n\t\t\t\tTechnical parameters\t\t\t<\/span>\n\t\t<\/button>\n\t\t\t\t<button id=\"e-n-tab-title-2489261953\" data-tab-title-id=\"e-n-tab-title-2489261953\" class=\"e-n-tab-title\" aria-selected=\"false\" data-tab-index=\"3\" role=\"tab\" tabindex=\"-1\" aria-controls=\"e-n-tab-content-2489261953\" style=\"--n-tabs-title-order: 3;\">\n\t\t\t\t\t\t<span class=\"e-n-tab-title-text\">\n\t\t\t\tModels\t\t\t<\/span>\n\t\t<\/button>\n\t\t\t\t\t<\/div>\n\t\t\t<div class=\"e-n-tabs-content\">\n\t\t\t\t<div id=\"e-n-tab-content-2489261951\" role=\"tabpanel\" aria-labelledby=\"e-n-tab-title-2489261951\" data-tab-index=\"1\" style=\"--n-tabs-title-order: 1;\" class=\"e-active elementor-element elementor-element-71c17c9 e-con-full e-flex e-con e-child\" data-id=\"71c17c9\" data-element_type=\"container\" data-e-type=\"container\">\n\t\t\t\t<div class=\"elementor-element elementor-element-04814a9 elementor-widget elementor-widget-text-editor\" data-id=\"04814a9\" data-element_type=\"widget\" data-e-type=\"widget\" data-widget_type=\"text-editor.default\">\n\t\t\t\t\t\t\t\t\t<p>The SP150 series adjustable power supplies are suitable for applications requiring frequent changes in output voltage. These units are designed to power electrical and electronic devices with DC voltage in indoor environments free from explosion hazards. As this is a switching-mode power supply (SMPS), it achieves high efficiency even at low output voltages. Consequently, the unit does not generate excessive heat at low output levels, as is common with linear power supplies. The output voltage can be adjusted from 0 V to 30 V or 0 V to 50 V, depending on the specific model. The power supply features adjustable current limiting. The set voltage and the drawn current can be monitored on the unit's built-in meter.<\/p><p>Warning: The current limiting function is only operational in a steady state. During a transient phenomenon, the power supply may deliver a current exceeding the preset limit. This is caused by the capacitance connected to the output of the power supply.<\/p>\t\t\t\t\t\t\t\t<\/div>\n\t\t\t\t<\/div>\n\t\t<div id=\"e-n-tab-content-2489261952\" role=\"tabpanel\" aria-labelledby=\"e-n-tab-title-2489261952\" data-tab-index=\"2\" style=\"--n-tabs-title-order: 2;\" class=\"elementor-element elementor-element-51b5d39 e-con-full e-flex e-con e-child\" data-id=\"51b5d39\" data-element_type=\"container\" data-e-type=\"container\">\n\t\t<div class=\"elementor-element elementor-element-598e420 e-con-full e-flex e-con e-child\" data-id=\"598e420\" data-element_type=\"container\" data-e-type=\"container\">\n\t\t\t\t<div class=\"elementor-element elementor-element-e2489af elementor-widget elementor-widget-heading\" data-id=\"e2489af\" data-element_type=\"widget\" data-e-type=\"widget\" data-widget_type=\"heading.default\">\n\t\t\t\t\t<h2 class=\"elementor-heading-title elementor-size-default\">Table 1: Technical parameters<\/h2>\t\t\t\t<\/div>\n\t\t\t\t<div class=\"elementor-element elementor-element-0dd8fda elementor-widget elementor-widget-html\" data-id=\"0dd8fda\" data-element_type=\"widget\" data-e-type=\"widget\" data-widget_type=\"html.default\">\n\t\t\t\t\t<table class=\"mojetabulka\">\n  <thead>\n    <tr>\n    <\/tr>\n  <\/thead>\n  <tbody>\n    <tr>\n      <td>Input Voltage<\/td>\n      <td>230 V \u00b1 10 % \/ 50 Hz<\/td>\n    <\/tr>\n    <tr>\n      <td>Output voltage adjustment<\/td>\n      <td>continuous from 0 V<\/td>\n    <\/tr>\n    <tr>\n      <td>Output current adjustment<\/td>\n      <td>continuous from 0.2 A<\/td>\n    <\/tr>\n    <tr>\n      <td>Operating temperature<\/td>\n      <td>0 to 30 \u00b0C<\/td>\n    <\/tr>\n    \n    <tr>\n      <td>Indication<\/td>\n      <td>current mode red LED<\/td>\n    <\/tr>\n    <tr>\n      <td>U and I measurement<\/td>\n      <td>3-digit LCD<\/td>\n    <\/tr>\n    <tr>\n      <td>Dimensions<\/td>\n      <td>240 \u00d7 120 \u00d7 60 mm<\/td>\n    <\/tr>\n    <tr>\n      <td>Weight<\/td>\n      <td>1550 g<\/td>\n    <\/tr>\n  <\/tbody>\n<\/table>\t\t\t\t<\/div>\n\t\t\t\t<\/div>\n\t\t<div class=\"elementor-element elementor-element-7f24bb2 e-con-full e-flex e-con e-child\" data-id=\"7f24bb2\" data-element_type=\"container\" data-e-type=\"container\">\n\t\t\t\t<div class=\"elementor-element elementor-element-cc4b1af elementor-widget elementor-widget-heading\" data-id=\"cc4b1af\" data-element_type=\"widget\" data-e-type=\"widget\" data-widget_type=\"heading.default\">\n\t\t\t\t\t<h2 class=\"elementor-heading-title elementor-size-default\">Table 2: Documents<\/h2>\t\t\t\t<\/div>\n\t\t\t\t<div class=\"elementor-element elementor-element-8bfc461 elementor-widget elementor-widget-html\" data-id=\"8bfc461\" data-element_type=\"widget\" data-e-type=\"widget\" data-widget_type=\"html.default\">\n\t\t\t\t\t<table class=\"mojetabulka\">\r\n  <thead>\r\n    <tr>\r\n    <\/tr>\r\n  <\/thead>\r\n  <tbody>\r\n    <tr>\r\n      <td>\r\n         <a href=\"\/wp-content\/uploads\/pdf\/p_sp150.pdf\" \r\n         target=\"_blank\" rel=\"noopener noreferrer\">\r\n        <img decoding=\"async\" src=\"\/wp-content\/uploads\/2025\/10\/icon_pdf.gif\" alt=\"Ikona\" class=\"icon\"> Brochure\r\n      <\/td>\r\n      <\/tr>\r\n    <tr>\r\n      <td>\r\n        <a href=\"\/wp-content\/uploads\/pdf\/Prehlasenie_o_zhode_SP150.pdf\"\r\n        target=\"_blank\" rel=\"noopener noreferrer\">\r\n        <img decoding=\"async\" src=\"\/wp-content\/uploads\/2025\/10\/icon_pdf.gif\" alt=\"Ikona\" class=\"icon\"> Declaration of Conformity\r\n      <\/td>\r\n    <\/tr>\r\n  <\/tbody>\r\n<\/table>\r\n\t\t\t\t<\/div>\n\t\t\t\t<\/div>\n\t\t\t\t<\/div>\n\t\t<div id=\"e-n-tab-content-2489261953\" role=\"tabpanel\" aria-labelledby=\"e-n-tab-title-2489261953\" data-tab-index=\"3\" style=\"--n-tabs-title-order: 3;\" class=\"elementor-element elementor-element-0a77c45 e-con-full e-flex e-con e-child\" data-id=\"0a77c45\" data-element_type=\"container\" data-e-type=\"container\">\n\t\t<div class=\"elementor-element elementor-element-8ac0af6 e-con-full e-flex e-con e-child\" data-id=\"8ac0af6\" data-element_type=\"container\" data-e-type=\"container\">\n\t\t\t\t<div class=\"elementor-element elementor-element-e745c87 elementor-widget elementor-widget-heading\" data-id=\"e745c87\" data-element_type=\"widget\" data-e-type=\"widget\" data-widget_type=\"heading.default\">\n\t\t\t\t\t<h2 class=\"elementor-heading-title elementor-size-default\">Table 3: SP150 Series Power Supply Models<\/h2>\t\t\t\t<\/div>\n\t\t\t\t<div class=\"elementor-element elementor-element-bc357ba elementor-widget elementor-widget-html\" data-id=\"bc357ba\" data-element_type=\"widget\" data-e-type=\"widget\" data-widget_type=\"html.default\">\n\t\t\t\t\t<div class=\"table-horizontal-scroll\">\r\n    <table class=\"mojetabulka2\">\r\n  <thead>\r\n    <tr>\r\n        <td>Model Name<\/td>\r\n        <td>Output Voltage<\/td>\r\n        <td>Output Current<\/td>\r\n        <td>Stability<\/td>\r\n        <td>Voltage regulation ripple<\/td>\r\n        <td>Current regulation ripple<\/td>\r\n    <\/tr>\r\n  <\/thead>\r\n  <tbody>\r\n    <tr>\r\n      <td data-label=\"N\u00e1zov\">SP150 30V\/5A<\/td>\r\n      <td data-label=\"V\u00fdstupn\u00e9 nap\u00e4tie\">30 V<\/td>\r\n      <td data-label=\"V\u00fdstupn\u00fd pr\u00fad\">5 A<\/td>\r\n      <td data-label=\"Stabilita\">1 %<\/td>\r\n      <td data-label=\"Zvlnenie nap\u00e4\u0165. regul\u00e1cie\">250 mV<\/td>\r\n      <td data-label=\"Zvlnenie pr\u00fad. regul\u00e1cie\">350 mV<\/td>\r\n    <\/tr>\r\n    <tr>\r\n      <td data-label=\"N\u00e1zov\">SP150 50V\/3A<\/td>\r\n      <td data-label=\"V\u00fdstupn\u00e9 nap\u00e4tie\">50 V<\/td>\r\n      <td data-label=\"V\u00fdstupn\u00fd pr\u00fad\">3 A<\/td>\r\n      <td data-label=\"Stabilita\">1 %<\/td>\r\n      <td data-label=\"Zvlnenie nap\u00e4\u0165. regul\u00e1cie\">250 mV<\/td>\r\n      <td data-label=\"Zvlnenie pr\u00fad. regul\u00e1cie\">500 mV<\/td>\r\n    <\/tr>\r\n  <\/tbody>\r\n<\/table>\r\n<\/div>\t\t\t\t<\/div>\n\t\t\t\t<\/div>\n\t\t<div class=\"elementor-element elementor-element-279e05b e-flex e-con-boxed e-con e-child\" data-id=\"279e05b\" data-element_type=\"container\" data-e-type=\"container\">\n\t\t\t\t\t<div class=\"e-con-inner\">\n\t\t\t\t<div class=\"elementor-element elementor-element-7d425ff elementor-widget elementor-widget-heading\" data-id=\"7d425ff\" data-element_type=\"widget\" data-e-type=\"widget\" data-widget_type=\"heading.default\">\n\t\t\t\t\t<h2 class=\"elementor-heading-title elementor-size-default\">Added features on the power supply (indicated by .x) compared to the standard version without additional designation:<\/h2>\t\t\t\t<\/div>\n\t\t\t\t<div class=\"elementor-element elementor-element-bd2f844 elementor-widget elementor-widget-text-editor\" data-id=\"bd2f844\" data-element_type=\"widget\" data-e-type=\"widget\" data-widget_type=\"text-editor.default\">\n\t\t\t\t\t\t\t\t\t<table id=\"tabfunkcie\">\n<tbody>\n<tr>\n<td class=\"tabfunkciebezobr\"><strong><span class=\"funkciadotx\">.1<\/span><\/strong><\/td>\n<td class=\"tabfunkciebezobr\">Multi-turn potentiometer (allows for more precise voltage regulation)<\/td>\n<\/tr>\n<\/tbody>\n<\/table>\t\t\t\t\t\t\t\t<\/div>\n\t\t\t\t\t<\/div>\n\t\t\t\t<\/div>\n\t\t\t\t<\/div>\n\t\t\t\t\t<\/div>\n\t\t<\/div>\n\t\t\t\t\t\t<\/div>\n\t\t\t\t\t<\/div>\n\t\t\t\t<\/div>\n\t\t\t\t<\/div>","protected":false},"excerpt":{"rendered":"<p>Regu\u013eovate\u013en\u00e9 zdroje SP150 (150W) V\u00fdkon &#8211; do 150 W Prevedenie DESKTOP Stabilizovan\u00e9 v\u00fdstupn\u00e9 nap\u00e4tie Regulovate\u013en\u00e9 v\u00fdstupn\u00e9 nap\u00e4tie od 0 V do 30 V (50 V) V\u00fdstup \u2013 Zdierky 4 mm Krytie IP20 Popis Technick\u00e9 \u00fadaje Modely Regulovate\u013en\u00e9 zdroje rad SP150 s\u00fa vhodn\u00e9 tam, kde sa vy\u017eaduje \u010dast\u00e1 zmena v\u00fdstupn\u00e9ho nap\u00e4tia. Zdroje s\u00fa ur\u010den\u00e9 na nap\u00e1janie&#8230;<\/p>","protected":false},"author":1,"featured_media":0,"parent":0,"menu_order":0,"comment_status":"closed","ping_status":"closed","template":"","meta":{"_kadence_starter_templates_imported_post":false,"_kad_post_transparent":"","_kad_post_title":"hide","_kad_post_layout":"fullwidth","_kad_post_sidebar_id":"","_kad_post_content_style":"unboxed","_kad_post_vertical_padding":"hide","_kad_post_feature":"hide","_kad_post_feature_position":"","_kad_post_header":false,"_kad_post_footer":false,"footnotes":""},"class_list":["post-1440","page","type-page","status-publish","hentry"],"_links":{"self":[{"href":"https:\/\/www.spower-prod.sk\/en\/wp-json\/wp\/v2\/pages\/1440","targetHints":{"allow":["GET"]}}],"collection":[{"href":"https:\/\/www.spower-prod.sk\/en\/wp-json\/wp\/v2\/pages"}],"about":[{"href":"https:\/\/www.spower-prod.sk\/en\/wp-json\/wp\/v2\/types\/page"}],"author":[{"embeddable":true,"href":"https:\/\/www.spower-prod.sk\/en\/wp-json\/wp\/v2\/users\/1"}],"replies":[{"embeddable":true,"href":"https:\/\/www.spower-prod.sk\/en\/wp-json\/wp\/v2\/comments?post=1440"}],"version-history":[{"count":130,"href":"https:\/\/www.spower-prod.sk\/en\/wp-json\/wp\/v2\/pages\/1440\/revisions"}],"predecessor-version":[{"id":10401,"href":"https:\/\/www.spower-prod.sk\/en\/wp-json\/wp\/v2\/pages\/1440\/revisions\/10401"}],"wp:attachment":[{"href":"https:\/\/www.spower-prod.sk\/en\/wp-json\/wp\/v2\/media?parent=1440"}],"curies":[{"name":"wp","href":"https:\/\/api.w.org\/{rel}","templated":true}]}}