{"id":1477,"date":"2025-10-10T20:07:11","date_gmt":"2025-10-10T18:07:11","guid":{"rendered":"https:\/\/www.spowerba.sk\/wp_test\/?page_id=1477"},"modified":"2026-04-23T20:55:15","modified_gmt":"2026-04-23T18:55:15","slug":"zalohovane-napajacie-zdroje-v-kryte-k-40","status":"publish","type":"page","link":"https:\/\/www.spower-prod.sk\/en\/zalohovane-napajacie-zdroje-v-kryte-k-40\/","title":{"rendered":"Z\u00e1lohovan\u00e9 nap\u00e1jacie zdroje v kryte K-40"},"content":{"rendered":"<div data-elementor-type=\"wp-page\" data-elementor-id=\"1477\" class=\"elementor elementor-1477\">\n\t\t\t\t<div class=\"elementor-element elementor-element-12f4fb6 e-flex e-con-boxed e-con e-parent\" data-id=\"12f4fb6\" data-element_type=\"container\" data-e-type=\"container\">\n\t\t\t\t\t<div class=\"e-con-inner\">\n\t\t\t\t<div class=\"elementor-element elementor-element-d93a750 elementor-widget elementor-widget-heading\" data-id=\"d93a750\" data-element_type=\"widget\" data-e-type=\"widget\" data-widget_type=\"heading.default\">\n\t\t\t\t\t<h2 class=\"elementor-heading-title elementor-size-default\">Switching Power Supply Unit in Case K-40<\/h2>\t\t\t\t<\/div>\n\t\t\t\t\t<\/div>\n\t\t\t\t<\/div>\n\t\t<div class=\"elementor-element elementor-element-e8cf3d0 e-flex e-con-boxed e-con e-parent\" data-id=\"e8cf3d0\" data-element_type=\"container\" data-e-type=\"container\">\n\t\t\t\t\t<div class=\"e-con-inner\">\n\t\t<div class=\"elementor-element elementor-element-3f4bc6f e-con-full e-flex e-con e-child\" data-id=\"3f4bc6f\" data-element_type=\"container\" data-e-type=\"container\">\n\t\t\t\t<div class=\"elementor-element elementor-element-78dea2e elementor-widget elementor-widget-image\" data-id=\"78dea2e\" data-element_type=\"widget\" data-e-type=\"widget\" data-widget_type=\"image.default\">\n\t\t\t\t\t\t\t\t\t\t\t\t\t\t\t<img fetchpriority=\"high\" decoding=\"async\" width=\"300\" height=\"300\" src=\"https:\/\/www.spower-prod.sk\/wp-content\/uploads\/2025\/10\/K40_10A-300x300.png\" class=\"attachment-medium size-medium wp-image-4385\" alt=\"\" srcset=\"https:\/\/www.spower-prod.sk\/wp-content\/uploads\/2025\/10\/elementor\/thumbs\/K40_10A-rdvyp8ty8iwwr41al3l05q44j3iwkwz6cdte3na2m0.png 300w, https:\/\/www.spower-prod.sk\/wp-content\/uploads\/2025\/10\/K40_10A-1024x1024.png 1024w, https:\/\/www.spower-prod.sk\/wp-content\/uploads\/2025\/10\/K40_10A-150x150.png 150w, https:\/\/www.spower-prod.sk\/wp-content\/uploads\/2025\/10\/K40_10A-768x768.png 768w, https:\/\/www.spower-prod.sk\/wp-content\/uploads\/2025\/10\/K40_10A.png 1512w\" sizes=\"(max-width: 300px) 100vw, 300px\" \/>\t\t\t\t\t\t\t\t\t\t\t\t\t\t\t<\/div>\n\t\t\t\t<div class=\"elementor-element elementor-element-282d73e elementor-widget elementor-widget-image\" data-id=\"282d73e\" data-element_type=\"widget\" data-e-type=\"widget\" data-widget_type=\"image.default\">\n\t\t\t\t\t\t\t\t\t\t\t\t\t\t\t<img decoding=\"async\" width=\"300\" height=\"300\" src=\"https:\/\/www.spower-prod.sk\/wp-content\/uploads\/2025\/10\/K40_5A-300x300.png\" class=\"attachment-medium size-medium wp-image-4384\" alt=\"\" srcset=\"https:\/\/www.spower-prod.sk\/wp-content\/uploads\/2025\/10\/K40_5A-300x300.png 300w, https:\/\/www.spower-prod.sk\/wp-content\/uploads\/2025\/10\/K40_5A-1024x1024.png 1024w, https:\/\/www.spower-prod.sk\/wp-content\/uploads\/2025\/10\/K40_5A-150x150.png 150w, https:\/\/www.spower-prod.sk\/wp-content\/uploads\/2025\/10\/K40_5A-768x768.png 768w, https:\/\/www.spower-prod.sk\/wp-content\/uploads\/2025\/10\/K40_5A.png 1512w\" sizes=\"(max-width: 300px) 100vw, 300px\" \/>\t\t\t\t\t\t\t\t\t\t\t\t\t\t\t<\/div>\n\t\t\t\t<\/div>\n\t\t<div class=\"elementor-element elementor-element-8ad0d8b e-con-full e-flex e-con e-child\" data-id=\"8ad0d8b\" data-element_type=\"container\" data-e-type=\"container\">\n\t\t\t\t<div class=\"elementor-element elementor-element-b32da1c elementor-widget elementor-widget-text-editor\" data-id=\"b32da1c\" data-element_type=\"widget\" data-e-type=\"widget\" data-widget_type=\"text-editor.default\">\n\t\t\t\t\t\t\t\t\t<ul><li>Enclosure with space for a battery up to 40 Ah<\/li><li>Battery deep discharge protection<\/li><li>Selectable battery charging speed depending on the set charging current<\/li><li>Battery voltage monitoring every 1 second<\/li><li>Optical status indication \u2013 4 LEDs<\/li><li>Missing battery signaling (disconnection) when 230 V \/ 50 Hz mains is connected<\/li><li>Lockable enclosure with a tamper contact (cover open detection)<\/li><li>Tamper contact with wall-removal detection<\/li><li>Electronic overload protection<\/li><li>Adjustable charging current value<\/li><li>High efficiency due to the use of switching-mode power supplies<\/li><li>Compact design for wall mounting<\/li><\/ul>\t\t\t\t\t\t\t\t<\/div>\n\t\t\t\t<\/div>\n\t\t\t\t\t<\/div>\n\t\t\t\t<\/div>\n\t\t<div class=\"elementor-element elementor-element-090e367 e-flex e-con-boxed e-con e-parent\" data-id=\"090e367\" data-element_type=\"container\" data-e-type=\"container\">\n\t\t\t\t\t<div class=\"e-con-inner\">\n\t\t\t\t<div class=\"elementor-element elementor-element-2638966 e-n-tabs-mobile elementor-widget elementor-widget-n-tabs\" data-id=\"2638966\" data-element_type=\"widget\" data-e-type=\"widget\" data-settings=\"{&quot;horizontal_scroll&quot;:&quot;disable&quot;}\" data-widget_type=\"nested-tabs.default\">\n\t\t\t\t\t\t\t<div class=\"e-n-tabs\" data-widget-number=\"40077670\" aria-label=\"Tabs. Open items with Enter or Space, close with Escape and navigate using the Arrow keys.\" data-no-translation-aria-label=\"\">\n\t\t\t<div class=\"e-n-tabs-heading\" role=\"tablist\">\n\t\t\t\t\t<button id=\"e-n-tab-title-400776701\" data-tab-title-id=\"e-n-tab-title-400776701\" class=\"e-n-tab-title\" aria-selected=\"true\" data-tab-index=\"1\" role=\"tab\" tabindex=\"0\" aria-controls=\"e-n-tab-content-400776701\" style=\"--n-tabs-title-order: 1;\">\n\t\t\t\t\t\t<span class=\"e-n-tab-title-text\">\n\t\t\t\tDescription\t\t\t<\/span>\n\t\t<\/button>\n\t\t\t\t<button id=\"e-n-tab-title-400776702\" data-tab-title-id=\"e-n-tab-title-400776702\" class=\"e-n-tab-title\" aria-selected=\"false\" data-tab-index=\"2\" role=\"tab\" tabindex=\"-1\" aria-controls=\"e-n-tab-content-400776702\" style=\"--n-tabs-title-order: 2;\">\n\t\t\t\t\t\t<span class=\"e-n-tab-title-text\">\n\t\t\t\tTechnical parameters\t\t\t<\/span>\n\t\t<\/button>\n\t\t\t\t\t<\/div>\n\t\t\t<div class=\"e-n-tabs-content\">\n\t\t\t\t<div id=\"e-n-tab-content-400776701\" role=\"tabpanel\" aria-labelledby=\"e-n-tab-title-400776701\" data-tab-index=\"1\" style=\"--n-tabs-title-order: 1;\" class=\"e-active elementor-element elementor-element-cd4f6fc e-con-full e-flex e-con e-child\" data-id=\"cd4f6fc\" data-element_type=\"container\" data-e-type=\"container\">\n\t\t\t\t<div class=\"elementor-element elementor-element-5703578 elementor-widget elementor-widget-text-editor\" data-id=\"5703578\" data-element_type=\"widget\" data-e-type=\"widget\" data-widget_type=\"text-editor.default\">\n\t\t\t\t\t\t\t\t\t<p>The <strong>75PS13V8 K40\/5A<\/strong> and <strong>1PS13V8 K40\/10A<\/strong> backup power supplies are designed to power devices requiring an uninterrupted DC supply of 13.8 Vdc or 12 Vdc.<\/p><p>They are adapted for connection to a backup battery with a capacity ranging from 17 Ah to 40 Ah. The battery is permanently connected to the power supply and is maintained in a fully charged state by the charger circuits, with no risk of overcharging.<\/p><p>The ZOM.01 circuit ensures, among other functions, that the preset charging current is maintained.<\/p><p>The unit is housed in a ventilated metal enclosure equipped with a mechanical lock and two tamper switches. One switch signals the opening of the cover, while the second detects the removal of the unit (metal enclosure) from its mounting location.<\/p>\t\t\t\t\t\t\t\t<\/div>\n\t\t\t\t<\/div>\n\t\t<div id=\"e-n-tab-content-400776702\" role=\"tabpanel\" aria-labelledby=\"e-n-tab-title-400776702\" data-tab-index=\"2\" style=\"--n-tabs-title-order: 2;\" class=\"elementor-element elementor-element-fc14e22 e-con-full e-flex e-con e-child\" data-id=\"fc14e22\" data-element_type=\"container\" data-e-type=\"container\">\n\t\t<div class=\"elementor-element elementor-element-1095aec e-con-full e-flex e-con e-child\" data-id=\"1095aec\" data-element_type=\"container\" data-e-type=\"container\">\n\t\t\t\t<div class=\"elementor-element elementor-element-18b07d7 elementor-widget elementor-widget-heading\" data-id=\"18b07d7\" data-element_type=\"widget\" data-e-type=\"widget\" data-widget_type=\"heading.default\">\n\t\t\t\t\t<h2 class=\"elementor-heading-title elementor-size-default\">Table 1: Technical parameters<\/h2>\t\t\t\t<\/div>\n\t\t\t\t<div class=\"elementor-element elementor-element-c43d6cc elementor-widget elementor-widget-html\" data-id=\"c43d6cc\" data-element_type=\"widget\" data-e-type=\"widget\" data-widget_type=\"html.default\">\n\t\t\t\t\t<table class=\"mojetabulka\">\n  <thead>\n    <tr>\n      <th>Technical parameters<\/th>\n      <th>75PS13V8 K40\/5A<\/th>\n      <th>1PS13V K40\/10A<\/th>\n    <\/tr>\n  <\/thead>\n  <tbody>\n    <tr>\n      <td>Input supply voltage<\/td>\n      <td>195 - 255 Vac \/ 47 - 63 Hz<\/td>\n      <td>195 - 255 Vac \/ 47 - 63 Hz<\/td>\n    <\/tr>\n    <tr>\n      <td>Output Voltage<\/td>\n      <td>13,8 Vdc < 2 %<\/td>\n      <td>13,8 Vdc < 1 %<\/td>\n    <\/tr>\n    <tr>\n      <td>Output voltage ripple<\/td>\n      <td>< 20 mV\u0161\u0161<\/td>\n      <td>< 60 mV\u0161\u0161<\/td>\n    <\/tr>\n    <tr>\n      <td>Maximum output current of the power supply<\/td>\n      <td>5 A<\/td>\n      <td>10 A<\/td>\n    <\/tr>\n    <tr>\n      <td>Mains failure signaling relay (230 V \/ 50 Hz)<\/td>\n      <td>NC contact type, 1 A \/ 12 Vdc<\/td>\n      <td>NC contact type, 1 A \/ 12 Vdc<\/td>\n    <\/tr>\n    <tr>\n      <td>Battery voltage signaling relay < 10,5 V<\/td>\n      <td>NC contact type, 1 A \/ 12 Vdc<\/td>\n      <td>NC contact type, 1 A \/ 12 Vdc<\/td>\n    <\/tr>\n    <tr>\n      <td>Maximum power consumption<\/td>\n      <td>81 W<\/td>\n      <td>163 W<\/td>\n    <\/tr>\n    <tr>\n      <td>Operating temperature<\/td>\n      <td>-15 \u00b0C to +40 \u00b0C<\/td>\n      <td>-15 \u00b0C to +40 \u00b0C<\/td>\n    <\/tr>\n    <tr>\n      <td>Enclosure dimensions<\/td>\n      <td>120 x 102 x 48 mm<\/td>\n      <td>120 x 102 x 48 mm<\/td>\n    <\/tr>\n   \n  <\/tbody>\n<\/table>\t\t\t\t<\/div>\n\t\t\t\t<\/div>\n\t\t<div class=\"elementor-element elementor-element-a500cf3 e-con-full e-flex e-con e-child\" data-id=\"a500cf3\" data-element_type=\"container\" data-e-type=\"container\">\n\t\t\t\t<div class=\"elementor-element elementor-element-01d93d0 elementor-widget elementor-widget-heading\" data-id=\"01d93d0\" data-element_type=\"widget\" data-e-type=\"widget\" data-widget_type=\"heading.default\">\n\t\t\t\t\t<h2 class=\"elementor-heading-title elementor-size-default\">Table 2: Documents<\/h2>\t\t\t\t<\/div>\n\t\t\t\t<div class=\"elementor-element elementor-element-3f291d0 elementor-widget elementor-widget-html\" data-id=\"3f291d0\" data-element_type=\"widget\" data-e-type=\"widget\" data-widget_type=\"html.default\">\n\t\t\t\t\t<table class=\"mojetabulka\">\r\n  <thead>\r\n    <tr>\r\n    <\/tr>\r\n  <\/thead>\r\n  <tbody>\r\n    <tr>\r\n      <td>\r\n         <a href=\"\/wp-content\/uploads\/pdf\/p_zvk_k40.pdf\" \r\n         target=\"_blank\" rel=\"noopener noreferrer\">\r\n        <img decoding=\"async\" src=\"\/wp-content\/uploads\/2025\/10\/icon_pdf.gif\" alt=\"Ikona\" class=\"icon\"> Brochure\r\n      <\/td>\r\n      <\/tr>\r\n    <tr>\r\n      <td>\r\n        <a href=\"\/wp-content\/uploads\/pdf\/Vyhlasenie_o_zhode_K-40.pdf\"\r\n        target=\"_blank\" rel=\"noopener noreferrer\">\r\n        <img decoding=\"async\" src=\"\/wp-content\/uploads\/2025\/10\/icon_pdf.gif\" alt=\"Ikona\" class=\"icon\"> Vyhl\u00e1senie o zhode\r\n      <\/td>\r\n    <\/tr>\r\n  <\/tbody>\r\n<\/table>\r\n\t\t\t\t<\/div>\n\t\t\t\t<\/div>\n\t\t\t\t<\/div>\n\t\t\t\t\t<\/div>\n\t\t<\/div>\n\t\t\t\t\t\t<\/div>\n\t\t\t\t\t<\/div>\n\t\t\t\t<\/div>\n\t\t\t\t<\/div>","protected":false},"excerpt":{"rendered":"<p>Z\u00e1lohovan\u00e9 nap\u00e1jacie zdroje v kryte k-40 Kryt s priestorom pre akumul\u00e1tor a\u017e 40 Ah Ochrana akumul\u00e1tora pred hlbok\u00fdm vybit\u00edm Volite\u013en\u00e1 r\u00fdchlos\u0165 nab\u00edjania akumul\u00e1tora v z\u00e1vislosti na nastavenom nab\u00edjacom pr\u00fade Kontrola nap\u00e4tia akumul\u00e1tora ka\u017ed\u00fa 1 sekundu Optick\u00e1 indik\u00e1cia stavu &#8211; 4 LED di\u00f3dy Signaliz\u00e1cia nepripojen\u00e9ho akumul\u00e1tora pri pripojenej sieti 230V\/50Hz Uzamykate\u013en\u00fd kryt s ochrann\u00fdm kontaktom otvorenia&#8230;<\/p>","protected":false},"author":1,"featured_media":0,"parent":0,"menu_order":0,"comment_status":"closed","ping_status":"closed","template":"","meta":{"_kadence_starter_templates_imported_post":false,"_kad_post_transparent":"","_kad_post_title":"hide","_kad_post_layout":"fullwidth","_kad_post_sidebar_id":"","_kad_post_content_style":"unboxed","_kad_post_vertical_padding":"hide","_kad_post_feature":"hide","_kad_post_feature_position":"","_kad_post_header":false,"_kad_post_footer":false,"footnotes":""},"class_list":["post-1477","page","type-page","status-publish","hentry"],"_links":{"self":[{"href":"https:\/\/www.spower-prod.sk\/en\/wp-json\/wp\/v2\/pages\/1477","targetHints":{"allow":["GET"]}}],"collection":[{"href":"https:\/\/www.spower-prod.sk\/en\/wp-json\/wp\/v2\/pages"}],"about":[{"href":"https:\/\/www.spower-prod.sk\/en\/wp-json\/wp\/v2\/types\/page"}],"author":[{"embeddable":true,"href":"https:\/\/www.spower-prod.sk\/en\/wp-json\/wp\/v2\/users\/1"}],"replies":[{"embeddable":true,"href":"https:\/\/www.spower-prod.sk\/en\/wp-json\/wp\/v2\/comments?post=1477"}],"version-history":[{"count":85,"href":"https:\/\/www.spower-prod.sk\/en\/wp-json\/wp\/v2\/pages\/1477\/revisions"}],"predecessor-version":[{"id":10481,"href":"https:\/\/www.spower-prod.sk\/en\/wp-json\/wp\/v2\/pages\/1477\/revisions\/10481"}],"wp:attachment":[{"href":"https:\/\/www.spower-prod.sk\/en\/wp-json\/wp\/v2\/media?parent=1477"}],"curies":[{"name":"wp","href":"https:\/\/api.w.org\/{rel}","templated":true}]}}