{"id":1497,"date":"2025-10-13T10:30:25","date_gmt":"2025-10-13T08:30:25","guid":{"rendered":"https:\/\/www.spowerba.sk\/wp_test\/?page_id=1497"},"modified":"2026-04-23T20:46:54","modified_gmt":"2026-04-23T18:46:54","slug":"dc-dc-menice-12dcr-10w","status":"publish","type":"page","link":"https:\/\/www.spower-prod.sk\/en\/dc-dc-menice-12dcr-10w\/","title":{"rendered":"DC\/DC Converters Type 12DCR (10W)"},"content":{"rendered":"<div data-elementor-type=\"wp-page\" data-elementor-id=\"1497\" class=\"elementor elementor-1497\">\n\t\t\t\t<div class=\"elementor-element elementor-element-4085d87 e-flex e-con-boxed e-con e-parent\" data-id=\"4085d87\" data-element_type=\"container\" data-e-type=\"container\">\n\t\t\t\t\t<div class=\"e-con-inner\">\n\t\t\t\t<div class=\"elementor-element elementor-element-649376d elementor-widget elementor-widget-heading\" data-id=\"649376d\" data-element_type=\"widget\" data-e-type=\"widget\" data-widget_type=\"heading.default\">\n\t\t\t\t\t<h2 class=\"elementor-heading-title elementor-size-default\">DC\/DC Converters Type 12DCR (10W)<\/h2>\t\t\t\t<\/div>\n\t\t\t\t\t<\/div>\n\t\t\t\t<\/div>\n\t\t<div class=\"elementor-element elementor-element-66cac08 e-flex e-con-boxed e-con e-parent\" data-id=\"66cac08\" data-element_type=\"container\" data-e-type=\"container\">\n\t\t\t\t\t<div class=\"e-con-inner\">\n\t\t<div class=\"elementor-element elementor-element-e79f905 e-con-full e-flex e-con e-child\" data-id=\"e79f905\" data-element_type=\"container\" data-e-type=\"container\">\n\t\t\t\t<div class=\"elementor-element elementor-element-137374f elementor-widget elementor-widget-image\" data-id=\"137374f\" data-element_type=\"widget\" data-e-type=\"widget\" data-widget_type=\"image.default\">\n\t\t\t\t\t\t\t\t\t\t\t\t\t\t\t<img fetchpriority=\"high\" decoding=\"async\" width=\"1024\" height=\"712\" src=\"https:\/\/www.spower-prod.sk\/wp-content\/uploads\/2026\/02\/12DCR_strana-1024x712.png\" class=\"attachment-large size-large wp-image-9655\" alt=\"\" srcset=\"https:\/\/www.spower-prod.sk\/wp-content\/uploads\/2026\/02\/12DCR_strana-1024x712.png 1024w, https:\/\/www.spower-prod.sk\/wp-content\/uploads\/2026\/02\/12DCR_strana-300x209.png 300w, https:\/\/www.spower-prod.sk\/wp-content\/uploads\/2026\/02\/12DCR_strana-768x534.png 768w, https:\/\/www.spower-prod.sk\/wp-content\/uploads\/2026\/02\/12DCR_strana-1536x1068.png 1536w, https:\/\/www.spower-prod.sk\/wp-content\/uploads\/2026\/02\/12DCR_strana.png 1744w\" sizes=\"(max-width: 1024px) 100vw, 1024px\" \/>\t\t\t\t\t\t\t\t\t\t\t\t\t\t\t<\/div>\n\t\t\t\t<\/div>\n\t\t<div class=\"elementor-element elementor-element-186e0d3 e-con-full e-flex e-con e-child\" data-id=\"186e0d3\" data-element_type=\"container\" data-e-type=\"container\">\n\t\t\t\t<div class=\"elementor-element elementor-element-9fc2c4f elementor-widget-divider--view-line elementor-widget elementor-widget-divider\" data-id=\"9fc2c4f\" data-element_type=\"widget\" data-e-type=\"widget\" data-widget_type=\"divider.default\">\n\t\t\t\t\t\t\t<div class=\"elementor-divider\">\n\t\t\t<span class=\"elementor-divider-separator\">\n\t\t\t\t\t\t<\/span>\n\t\t<\/div>\n\t\t\t\t\t\t<\/div>\n\t\t\t\t<div class=\"elementor-element elementor-element-3032131 elementor-widget elementor-widget-text-editor\" data-id=\"3032131\" data-element_type=\"widget\" data-e-type=\"widget\" data-widget_type=\"text-editor.default\">\n\t\t\t\t\t\t\t\t\t<ul><li>Power output \u2013 up to 10 W<\/li><li>Mounting \u2013 DIN rail mount<\/li><li>Regulated output voltage<\/li><li>Output voltage range from 5 V to 48 V<\/li><li>Input \u2013 terminal block<\/li><li>Output \u2013 terminal block<\/li><li>Protection rating \u2013 IP00<\/li><li>Galvanic isolation<\/li><\/ul>\t\t\t\t\t\t\t\t<\/div>\n\t\t\t\t<div class=\"elementor-element elementor-element-0a37acc elementor-widget-divider--view-line elementor-widget elementor-widget-divider\" data-id=\"0a37acc\" data-element_type=\"widget\" data-e-type=\"widget\" data-widget_type=\"divider.default\">\n\t\t\t\t\t\t\t<div class=\"elementor-divider\">\n\t\t\t<span class=\"elementor-divider-separator\">\n\t\t\t\t\t\t<\/span>\n\t\t<\/div>\n\t\t\t\t\t\t<\/div>\n\t\t\t\t<\/div>\n\t\t\t\t\t<\/div>\n\t\t\t\t<\/div>\n\t\t<div class=\"elementor-element elementor-element-e29bf36 e-flex e-con-boxed e-con e-parent\" data-id=\"e29bf36\" data-element_type=\"container\" data-e-type=\"container\">\n\t\t\t\t\t<div class=\"e-con-inner\">\n\t\t\t\t<div class=\"elementor-element elementor-element-3900c49 e-n-tabs-mobile elementor-widget elementor-widget-n-tabs\" data-id=\"3900c49\" data-element_type=\"widget\" data-e-type=\"widget\" data-settings=\"{&quot;horizontal_scroll&quot;:&quot;disable&quot;}\" data-widget_type=\"nested-tabs.default\">\n\t\t\t\t\t\t\t<div class=\"e-n-tabs\" data-widget-number=\"59771977\" aria-label=\"Tabs. Open items with Enter or Space, close with Escape and navigate using the Arrow keys.\" data-no-translation-aria-label=\"\">\n\t\t\t<div class=\"e-n-tabs-heading\" role=\"tablist\">\n\t\t\t\t\t<button id=\"e-n-tab-title-597719771\" data-tab-title-id=\"e-n-tab-title-597719771\" class=\"e-n-tab-title\" aria-selected=\"true\" data-tab-index=\"1\" role=\"tab\" tabindex=\"0\" aria-controls=\"e-n-tab-content-597719771\" style=\"--n-tabs-title-order: 1;\">\n\t\t\t\t\t\t<span class=\"e-n-tab-title-text\">\n\t\t\t\tDescription\t\t\t<\/span>\n\t\t<\/button>\n\t\t\t\t<button id=\"e-n-tab-title-597719772\" data-tab-title-id=\"e-n-tab-title-597719772\" class=\"e-n-tab-title\" aria-selected=\"false\" data-tab-index=\"2\" role=\"tab\" tabindex=\"-1\" aria-controls=\"e-n-tab-content-597719772\" style=\"--n-tabs-title-order: 2;\">\n\t\t\t\t\t\t<span class=\"e-n-tab-title-text\">\n\t\t\t\tTechnical parameters\t\t\t<\/span>\n\t\t<\/button>\n\t\t\t\t<button id=\"e-n-tab-title-597719773\" data-tab-title-id=\"e-n-tab-title-597719773\" class=\"e-n-tab-title\" aria-selected=\"false\" data-tab-index=\"3\" role=\"tab\" tabindex=\"-1\" aria-controls=\"e-n-tab-content-597719773\" style=\"--n-tabs-title-order: 3;\">\n\t\t\t\t\t\t<span class=\"e-n-tab-title-text\">\n\t\t\t\tModels\t\t\t<\/span>\n\t\t<\/button>\n\t\t\t\t\t<\/div>\n\t\t\t<div class=\"e-n-tabs-content\">\n\t\t\t\t<div id=\"e-n-tab-content-597719771\" role=\"tabpanel\" aria-labelledby=\"e-n-tab-title-597719771\" data-tab-index=\"1\" style=\"--n-tabs-title-order: 1;\" class=\"e-active elementor-element elementor-element-6600ed7 e-con-full e-flex e-con e-child\" data-id=\"6600ed7\" data-element_type=\"container\" data-e-type=\"container\">\n\t\t\t\t<div class=\"elementor-element elementor-element-d1b07d1 elementor-widget elementor-widget-text-editor\" data-id=\"d1b07d1\" data-element_type=\"widget\" data-e-type=\"widget\" data-widget_type=\"text-editor.default\">\n\t\t\t\t\t\t\t\t\t<p>DC\/DC converters are designed for general-purpose use to power electrical and electronic equipment with DC voltage in indoor, non-explosive environments. Due to the galvanically isolated output, these units can be used as negative voltage sources or interconnected to create symmetrical or multi-level power supplies. The output voltage can range from 5 V to 48 V.<\/p><p>Nominal output voltages and their respective maximum output currents are listed in the table. The converter is protected against output short circuits and reverse polarity on the input terminals. It is manufactured in three input voltage ranges, as shown in the table. Connections for input and output wires are made via screw terminal blocks.<\/p>\t\t\t\t\t\t\t\t<\/div>\n\t\t\t\t<\/div>\n\t\t<div id=\"e-n-tab-content-597719772\" role=\"tabpanel\" aria-labelledby=\"e-n-tab-title-597719772\" data-tab-index=\"2\" style=\"--n-tabs-title-order: 2;\" class=\"elementor-element elementor-element-a3cb0bf e-con-full e-flex e-con e-child\" data-id=\"a3cb0bf\" data-element_type=\"container\" data-e-type=\"container\">\n\t\t<div class=\"elementor-element elementor-element-9a110ff e-con-full e-flex e-con e-child\" data-id=\"9a110ff\" data-element_type=\"container\" data-e-type=\"container\">\n\t\t\t\t<div class=\"elementor-element elementor-element-e742ae2 elementor-widget elementor-widget-heading\" data-id=\"e742ae2\" data-element_type=\"widget\" data-e-type=\"widget\" data-widget_type=\"heading.default\">\n\t\t\t\t\t<h2 class=\"elementor-heading-title elementor-size-default\">Table 1: Technical parameters<\/h2>\t\t\t\t<\/div>\n\t\t\t\t<div class=\"elementor-element elementor-element-a7ddb18 elementor-widget elementor-widget-html\" data-id=\"a7ddb18\" data-element_type=\"widget\" data-e-type=\"widget\" data-widget_type=\"html.default\">\n\t\t\t\t\t<table class=\"mojetabulka\">\n  <thead>\n    <tr>\n    <\/tr>\n  <\/thead>\n  <tbody>\n    <tr>\n      <td>Operating temperature<\/td>\n      <td>-15 \u00b0C to +50 \u00b0C<\/td>\n    <\/tr>\n    <tr>\n      <td>Operating Relative Humidity<\/td>\n      <td>max. 75 %<\/td>\n    <\/tr>\n    <tr>\n      <td>Output short-circuit protection<\/td>\n      <td>&lt;1 min. (short-term)<\/td>\n    <\/tr>\n    \n    <tr>\n      <td>Dielectric Strength<\/td>\n      <td>500 V<\/td>\n    <\/tr>\n    <tr>\n      <td>Dimensions<\/td>\n      <td>75 \u00d7 47 \u00d7 39 mm<\/td>\n    <\/tr>\n    <tr>\n      <td>Weight<\/td>\n      <td>90 g<\/td>\n    <\/tr>\n  <\/tbody>\n<\/table>\t\t\t\t<\/div>\n\t\t\t\t<\/div>\n\t\t<div class=\"elementor-element elementor-element-c3e7fbb e-con-full e-flex e-con e-child\" data-id=\"c3e7fbb\" data-element_type=\"container\" data-e-type=\"container\">\n\t\t\t\t<div class=\"elementor-element elementor-element-825254a elementor-widget elementor-widget-heading\" data-id=\"825254a\" data-element_type=\"widget\" data-e-type=\"widget\" data-widget_type=\"heading.default\">\n\t\t\t\t\t<h2 class=\"elementor-heading-title elementor-size-default\">Table 2: Documents<\/h2>\t\t\t\t<\/div>\n\t\t\t\t<div class=\"elementor-element elementor-element-1d55848 elementor-widget elementor-widget-html\" data-id=\"1d55848\" data-element_type=\"widget\" data-e-type=\"widget\" data-widget_type=\"html.default\">\n\t\t\t\t\t<table class=\"mojetabulka\">\r\n  <thead>\r\n    <tr>\r\n    <\/tr>\r\n  <\/thead>\r\n  <tbody>\r\n    <tr>\r\n      <td>\r\n         <a href=\"\/wp-content\/uploads\/pdf\/p_12dcr.pdf\" \r\n         target=\"_blank\" rel=\"noopener noreferrer\">\r\n        <img decoding=\"async\" src=\"\/wp-content\/uploads\/2025\/10\/icon_pdf.gif\" alt=\"Ikona\" class=\"icon\"> Brochure\r\n      <\/td>\r\n    <\/tr>\r\n    <tr>\r\n      <td>\r\n        <a href=\"\/wp-content\/uploads\/pdf\/Vyhlasenie_o_zhode_12DCR.pdf\" \r\n        target=\"_blank\" rel=\"noopener noreferrer\">\r\n        <img decoding=\"async\" src=\"\/wp-content\/uploads\/2025\/10\/icon_pdf.gif\" alt=\"Ikona\" class=\"icon\"> Vyhl\u00e1senie o zhode\r\n      <\/td>\r\n    <\/tr>\r\n  <\/tbody>\r\n<\/table>\r\n\t\t\t\t<\/div>\n\t\t\t\t<\/div>\n\t\t\t\t<\/div>\n\t\t<div id=\"e-n-tab-content-597719773\" role=\"tabpanel\" aria-labelledby=\"e-n-tab-title-597719773\" data-tab-index=\"3\" style=\"--n-tabs-title-order: 3;\" class=\"elementor-element elementor-element-cf6ccc1 e-con-full e-flex e-con e-child\" data-id=\"cf6ccc1\" data-element_type=\"container\" data-e-type=\"container\">\n\t\t\t\t<div class=\"elementor-element elementor-element-ca6d223 elementor-widget elementor-widget-heading\" data-id=\"ca6d223\" data-element_type=\"widget\" data-e-type=\"widget\" data-widget_type=\"heading.default\">\n\t\t\t\t\t<h2 class=\"elementor-heading-title elementor-size-default\">Tabu\u013eka 3: Modely DC\/DC meni\u010da 12DCR<\/h2>\t\t\t\t<\/div>\n\t\t\t\t<div class=\"elementor-element elementor-element-675d4d8 elementor-widget elementor-widget-html\" data-id=\"675d4d8\" data-element_type=\"widget\" data-e-type=\"widget\" data-widget_type=\"html.default\">\n\t\t\t\t\t<div class=\"table-horizontal-scroll\">\r\n    <table class=\"mojetabulka2\">\r\n  <thead>\r\n    <tr>\r\n        <td>Model Name<\/td>\r\n        <td>Input Voltage<\/td>\r\n        <td>Output Voltage<\/td>\r\n        <td>Output Current<\/td>\r\n        <td>Stability<\/td>\r\n        <td>Noise<\/td>\r\n    <\/tr>\r\n  <\/thead>\r\n  <tbody>\r\n    <tr>\r\n      <td data-label=\"N\u00e1zov\">12DCR120050\/10<\/td>\r\n      <td data-label=\"Vstupn\u00e9 nap\u00e4tie\">10 - 20 V DC<\/td>\r\n      <td data-label=\"V\u00fdstupn\u00e9 nap\u00e4tie\">5 V<\/td>\r\n      <td data-label=\"V\u00fdstupn\u00fd pr\u00fad\">1 A<\/td>\r\n      <td data-label=\"Stabilita\">1 %<\/td>\r\n      <td data-label=\"\u0160um\"><100 mV \u0161\u0161<\/td>\r\n    <\/tr>\r\n    <tr>\r\n      <td data-label=\"N\u00e1zov\">12DCR120069\/07<\/td>\r\n      <td data-label=\"Vstupn\u00e9 nap\u00e4tie\">10 - 20 V DC<\/td>\r\n      <td data-label=\"V\u00fdstupn\u00e9 nap\u00e4tie\">6.9 V<\/td>\r\n      <td data-label=\"V\u00fdstupn\u00fd pr\u00fad\">0.7 A<\/td>\r\n      <td data-label=\"Stabilita\">1 %<\/td>\r\n      <td data-label=\"\u0160um\"><100 mV \u0161\u0161<\/td>\r\n    <\/tr>\r\n    <tr>\r\n      <td data-label=\"N\u00e1zov\">12DCR120120\/04<\/td>\r\n      <td data-label=\"Vstupn\u00e9 nap\u00e4tie\">10 - 20 V DC<\/td>\r\n      <td data-label=\"V\u00fdstupn\u00e9 nap\u00e4tie\">12 V<\/td>\r\n      <td data-label=\"V\u00fdstupn\u00fd pr\u00fad\">0.4 A<\/td>\r\n      <td data-label=\"Stabilita\">1 %<\/td>\r\n      <td data-label=\"\u0160um\"><100 mV \u0161\u0161<\/td>\r\n    <\/tr>\r\n    <tr>\r\n      <td data-label=\"N\u00e1zov\">12DCR120138\/035<\/td>\r\n      <td data-label=\"Vstupn\u00e9 nap\u00e4tie\">10 - 20 V DC<\/td>\r\n      <td data-label=\"V\u00fdstupn\u00e9 nap\u00e4tie\">13.8 V<\/td>\r\n      <td data-label=\"V\u00fdstupn\u00fd pr\u00fad\">0,35 A<\/td>\r\n      <td data-label=\"Stabilita\">1 %<\/td>\r\n      <td data-label=\"\u0160um\"><100 mV \u0161\u0161<\/td>\r\n    <\/tr>\r\n    <tr>\r\n      <td data-label=\"N\u00e1zov\">12DCR120150\/03<\/td>\r\n      <td data-label=\"Vstupn\u00e9 nap\u00e4tie\">10 - 20 V DC<\/td>\r\n      <td data-label=\"V\u00fdstupn\u00e9 nap\u00e4tie\">15 V<\/td>\r\n      <td data-label=\"V\u00fdstupn\u00fd pr\u00fad\">0.3 A<\/td>\r\n      <td data-label=\"Stabilita\">1 %<\/td>\r\n      <td data-label=\"\u0160um\"><100 mV \u0161\u0161<\/td>\r\n    <\/tr>\r\n    <tr>\r\n      <td data-label=\"N\u00e1zov\">12DCR120240\/02<\/td>\r\n      <td data-label=\"Vstupn\u00e9 nap\u00e4tie\">10 - 20 V DC<\/td>\r\n      <td data-label=\"V\u00fdstupn\u00e9 nap\u00e4tie\">24 V<\/td>\r\n      <td data-label=\"V\u00fdstupn\u00fd pr\u00fad\">0,2 A<\/td>\r\n      <td data-label=\"Stabilita\">1 %<\/td>\r\n      <td data-label=\"\u0160um\"><100 mV \u0161\u0161<\/td>\r\n    <\/tr>\r\n    <tr>\r\n      <td data-label=\"N\u00e1zov\">12DCR120276\/015<\/td>\r\n      <td data-label=\"Vstupn\u00e9 nap\u00e4tie\">10 - 20 V DC<\/td>\r\n      <td data-label=\"V\u00fdstupn\u00e9 nap\u00e4tie\">27.6 V<\/td>\r\n      <td data-label=\"V\u00fdstupn\u00fd pr\u00fad\">0,15 A<\/td>\r\n      <td data-label=\"Stabilita\">1 %<\/td>\r\n      <td data-label=\"\u0160um\"><100 mV \u0161\u0161<\/td>\r\n    <\/tr>\r\n    <tr>\r\n      <td data-label=\"N\u00e1zov\">12DCR120480\/01<\/td>\r\n      <td data-label=\"Vstupn\u00e9 nap\u00e4tie\">10 - 20 V DC<\/td>\r\n      <td data-label=\"V\u00fdstupn\u00e9 nap\u00e4tie\">48 V<\/td>\r\n      <td data-label=\"V\u00fdstupn\u00fd pr\u00fad\">0,1 A<\/td>\r\n      <td data-label=\"Stabilita\">1 %<\/td>\r\n      <td data-label=\"\u0160um\"><100 mV \u0161\u0161<\/td>\r\n    <\/tr>\r\n    <tr>\r\n      <td data-label=\"N\u00e1zov\">12DCR240050\/10<\/td>\r\n      <td data-label=\"Vstupn\u00e9 nap\u00e4tie\">10 - 20 V DC<\/td>\r\n      <td data-label=\"V\u00fdstupn\u00e9 nap\u00e4tie\">5 V<\/td>\r\n      <td data-label=\"V\u00fdstupn\u00fd pr\u00fad\">1 A<\/td>\r\n      <td data-label=\"Stabilita\">1 %<\/td>\r\n      <td data-label=\"\u0160um\"><100 mV \u0161\u0161<\/td>\r\n    <\/tr>\r\n    <tr>\r\n      <td data-label=\"N\u00e1zov\">12DCR240069\/10<\/td>\r\n      <td data-label=\"Vstupn\u00e9 nap\u00e4tie\">20 - 35 V DC<\/td>\r\n      <td data-label=\"V\u00fdstupn\u00e9 nap\u00e4tie\">6.9 V<\/td>\r\n      <td data-label=\"V\u00fdstupn\u00fd pr\u00fad\">1 A<\/td>\r\n      <td data-label=\"Stabilita\">1 %<\/td>\r\n      <td data-label=\"\u0160um\"><100 mV \u0161\u0161<\/td>\r\n    <\/tr>\r\n    <tr>\r\n      <td data-label=\"N\u00e1zov\">12DCR240120\/08<\/td>\r\n      <td data-label=\"Vstupn\u00e9 nap\u00e4tie\">20 - 35 V DC<\/td>\r\n      <td data-label=\"V\u00fdstupn\u00e9 nap\u00e4tie\">12 V<\/td>\r\n      <td data-label=\"V\u00fdstupn\u00fd pr\u00fad\">0.8 A<\/td>\r\n      <td data-label=\"Stabilita\">1 %<\/td>\r\n      <td data-label=\"\u0160um\"><100 mV \u0161\u0161<\/td>\r\n    <\/tr>\r\n    <tr>\r\n      <td data-label=\"N\u00e1zov\">12DCR240138\/07<\/td>\r\n      <td data-label=\"Vstupn\u00e9 nap\u00e4tie\">20 - 35 V DC<\/td>\r\n      <td data-label=\"V\u00fdstupn\u00e9 nap\u00e4tie\">13.8 V<\/td>\r\n      <td data-label=\"V\u00fdstupn\u00fd pr\u00fad\">0.7 A<\/td>\r\n      <td data-label=\"Stabilita\">1 %<\/td>\r\n      <td data-label=\"\u0160um\"><100 mV \u0161\u0161<\/td>\r\n    <\/tr>\r\n    <tr>\r\n      <td data-label=\"N\u00e1zov\">12DCR240150\/06<\/td>\r\n      <td data-label=\"Vstupn\u00e9 nap\u00e4tie\">20 - 35 V DC<\/td>\r\n      <td data-label=\"V\u00fdstupn\u00e9 nap\u00e4tie\">15 V<\/td>\r\n      <td data-label=\"V\u00fdstupn\u00fd pr\u00fad\">0.6 A<\/td>\r\n      <td data-label=\"Stabilita\">1 %<\/td>\r\n      <td data-label=\"\u0160um\"><100 mV \u0161\u0161<\/td>\r\n    <\/tr>\r\n    <tr>\r\n      <td data-label=\"N\u00e1zov\">12DCR240240\/04<\/td>\r\n      <td data-label=\"Vstupn\u00e9 nap\u00e4tie\">20 - 35 V DC<\/td>\r\n      <td data-label=\"V\u00fdstupn\u00e9 nap\u00e4tie\">24 V<\/td>\r\n      <td data-label=\"V\u00fdstupn\u00fd pr\u00fad\">0.4 A<\/td>\r\n      <td data-label=\"Stabilita\">1 %<\/td>\r\n      <td data-label=\"\u0160um\"><100 mV \u0161\u0161<\/td>\r\n    <\/tr>\r\n    <tr>\r\n      <td data-label=\"N\u00e1zov\">12DCR240276\/03<\/td>\r\n      <td data-label=\"Vstupn\u00e9 nap\u00e4tie\">20 - 35 V DC<\/td>\r\n      <td data-label=\"V\u00fdstupn\u00e9 nap\u00e4tie\">27.6 V<\/td>\r\n      <td data-label=\"V\u00fdstupn\u00fd pr\u00fad\">0.3 A<\/td>\r\n      <td data-label=\"Stabilita\">1 %<\/td>\r\n      <td data-label=\"\u0160um\"><100 mV \u0161\u0161<\/td>\r\n    <\/tr>\r\n    <tr>\r\n      <td data-label=\"N\u00e1zov\">12DCR240480\/02<\/td>\r\n      <td data-label=\"Vstupn\u00e9 nap\u00e4tie\">20 - 35 V DC<\/td>\r\n      <td data-label=\"V\u00fdstupn\u00e9 nap\u00e4tie\">48 V<\/td>\r\n      <td data-label=\"V\u00fdstupn\u00fd pr\u00fad\">0,2 A<\/td>\r\n      <td data-label=\"Stabilita\">1 %<\/td>\r\n      <td data-label=\"\u0160um\"><100 mV \u0161\u0161<\/td>\r\n    <\/tr>\r\n    <tr>\r\n      <td data-label=\"N\u00e1zov\">12DCR480050\/10<\/td>\r\n      <td data-label=\"Vstupn\u00e9 nap\u00e4tie\">35 - 60 V DC<\/td>\r\n      <td data-label=\"V\u00fdstupn\u00e9 nap\u00e4tie\">5 V<\/td>\r\n      <td data-label=\"V\u00fdstupn\u00fd pr\u00fad\">1 A<\/td>\r\n      <td data-label=\"Stabilita\">1 %<\/td>\r\n      <td data-label=\"\u0160um\"><100 mV \u0161\u0161<\/td>\r\n    <\/tr>\r\n    <tr>\r\n      <td data-label=\"N\u00e1zov\">12DCR480069\/10<\/td>\r\n      <td data-label=\"Vstupn\u00e9 nap\u00e4tie\">35 - 60 V DC<\/td>\r\n      <td data-label=\"V\u00fdstupn\u00e9 nap\u00e4tie\">6.9 V<\/td>\r\n      <td data-label=\"V\u00fdstupn\u00fd pr\u00fad\">1 A<\/td>\r\n      <td data-label=\"Stabilita\">1 %<\/td>\r\n      <td data-label=\"\u0160um\"><100 mV \u0161\u0161<\/td>\r\n    <\/tr>\r\n    <tr>\r\n      <td data-label=\"N\u00e1zov\">12DCR480120\/08<\/td>\r\n      <td data-label=\"Vstupn\u00e9 nap\u00e4tie\">35 - 60 V DC<\/td>\r\n      <td data-label=\"V\u00fdstupn\u00e9 nap\u00e4tie\">12 V<\/td>\r\n      <td data-label=\"V\u00fdstupn\u00fd pr\u00fad\">0.8 A<\/td>\r\n      <td data-label=\"Stabilita\">1 %<\/td>\r\n      <td data-label=\"\u0160um\"><100 mV \u0161\u0161<\/td>\r\n    <\/tr>\r\n    <tr>\r\n      <td data-label=\"N\u00e1zov\">12DCR480138\/07<\/td>\r\n      <td data-label=\"Vstupn\u00e9 nap\u00e4tie\">35 - 60 V DC<\/td>\r\n      <td data-label=\"V\u00fdstupn\u00e9 nap\u00e4tie\">13.8 V<\/td>\r\n      <td data-label=\"V\u00fdstupn\u00fd pr\u00fad\">0.7 A<\/td>\r\n      <td data-label=\"Stabilita\">1 %<\/td>\r\n      <td data-label=\"\u0160um\"><100 mV \u0161\u0161<\/td>\r\n    <\/tr>\r\n    <tr>\r\n      <td data-label=\"N\u00e1zov\">12DCR480150\/06<\/td>\r\n      <td data-label=\"Vstupn\u00e9 nap\u00e4tie\">35 - 60 V DC<\/td>\r\n      <td data-label=\"V\u00fdstupn\u00e9 nap\u00e4tie\">15 V<\/td>\r\n      <td data-label=\"V\u00fdstupn\u00fd pr\u00fad\">0.6 A<\/td>\r\n      <td data-label=\"Stabilita\">1 %<\/td>\r\n      <td data-label=\"\u0160um\"><100 mV \u0161\u0161<\/td>\r\n    <\/tr>\r\n    <tr>\r\n      <td data-label=\"N\u00e1zov\">12DCR480240\/04<\/td>\r\n      <td data-label=\"Vstupn\u00e9 nap\u00e4tie\">35 - 60 V DC<\/td>\r\n      <td data-label=\"V\u00fdstupn\u00e9 nap\u00e4tie\">24 V<\/td>\r\n      <td data-label=\"V\u00fdstupn\u00fd pr\u00fad\">0.4 A<\/td>\r\n      <td data-label=\"Stabilita\">1 %<\/td>\r\n      <td data-label=\"\u0160um\"><100 mV \u0161\u0161<\/td>\r\n    <\/tr>\r\n    <tr>\r\n      <td data-label=\"N\u00e1zov\">12DCR480276\/03<\/td>\r\n      <td data-label=\"Vstupn\u00e9 nap\u00e4tie\">35 - 60 V DC<\/td>\r\n      <td data-label=\"V\u00fdstupn\u00e9 nap\u00e4tie\">27.6 V<\/td>\r\n      <td data-label=\"V\u00fdstupn\u00fd pr\u00fad\">0.3 A<\/td>\r\n      <td data-label=\"Stabilita\">1 %<\/td>\r\n      <td data-label=\"\u0160um\"><100 mV \u0161\u0161<\/td>\r\n    <\/tr>\r\n    <tr>\r\n      <td data-label=\"N\u00e1zov\">12DCR480480\/02<\/td>\r\n      <td data-label=\"Vstupn\u00e9 nap\u00e4tie\">35 - 60 V DC<\/td>\r\n      <td data-label=\"V\u00fdstupn\u00e9 nap\u00e4tie\">48 V<\/td>\r\n      <td data-label=\"V\u00fdstupn\u00fd pr\u00fad\">0,2 A<\/td>\r\n      <td data-label=\"Stabilita\">1 %<\/td>\r\n      <td data-label=\"\u0160um\"><100 mV \u0161\u0161<\/td>\r\n    <\/tr>\r\n  <\/tbody>\r\n<\/table>\r\n<\/div>\t\t\t\t<\/div>\n\t\t\t\t<\/div>\n\t\t\t\t\t<\/div>\n\t\t<\/div>\n\t\t\t\t\t\t<\/div>\n\t\t\t\t\t<\/div>\n\t\t\t\t<\/div>\n\t\t\t\t<\/div>","protected":false},"excerpt":{"rendered":"<p>DC\/DC meni\u010de 12DCR (10W) V\u00fdkon &#8211; do 10 W Upevnenie &#8211; na DIN li\u0161tu Stabilizovan\u00e9 v\u00fdstupn\u00e9 nap\u00e4tie Rozsah v\u00fdstupn\u00fdch nap\u00e4t\u00ed od 5 V do 48 V Vstup \u2013 svorkovnica V\u00fdstup \u2013 svorkovnica Krytie IP00 Galvanick\u00e9 oddelenie Popis Technick\u00e9 \u00fadaje Modely DC\/DC meni\u010de\u00a0 s\u00fa ur\u010den\u00e9 k v\u0161eobecn\u00e9mu pou\u017eitiu na nap\u00e1janie elektrick\u00fdch a elektronick\u00fdch zariaden\u00ed jednosmern\u00fdm nap\u00e4t\u00edm&#8230;<\/p>","protected":false},"author":1,"featured_media":0,"parent":0,"menu_order":0,"comment_status":"closed","ping_status":"closed","template":"","meta":{"_kadence_starter_templates_imported_post":false,"_kad_post_transparent":"","_kad_post_title":"hide","_kad_post_layout":"fullwidth","_kad_post_sidebar_id":"","_kad_post_content_style":"unboxed","_kad_post_vertical_padding":"hide","_kad_post_feature":"hide","_kad_post_feature_position":"","_kad_post_header":false,"_kad_post_footer":false,"footnotes":""},"class_list":["post-1497","page","type-page","status-publish","hentry"],"_links":{"self":[{"href":"https:\/\/www.spower-prod.sk\/en\/wp-json\/wp\/v2\/pages\/1497","targetHints":{"allow":["GET"]}}],"collection":[{"href":"https:\/\/www.spower-prod.sk\/en\/wp-json\/wp\/v2\/pages"}],"about":[{"href":"https:\/\/www.spower-prod.sk\/en\/wp-json\/wp\/v2\/types\/page"}],"author":[{"embeddable":true,"href":"https:\/\/www.spower-prod.sk\/en\/wp-json\/wp\/v2\/users\/1"}],"replies":[{"embeddable":true,"href":"https:\/\/www.spower-prod.sk\/en\/wp-json\/wp\/v2\/comments?post=1497"}],"version-history":[{"count":139,"href":"https:\/\/www.spower-prod.sk\/en\/wp-json\/wp\/v2\/pages\/1497\/revisions"}],"predecessor-version":[{"id":10460,"href":"https:\/\/www.spower-prod.sk\/en\/wp-json\/wp\/v2\/pages\/1497\/revisions\/10460"}],"wp:attachment":[{"href":"https:\/\/www.spower-prod.sk\/en\/wp-json\/wp\/v2\/media?parent=1497"}],"curies":[{"name":"wp","href":"https:\/\/api.w.org\/{rel}","templated":true}]}}