{"id":1676,"date":"2025-10-13T17:04:21","date_gmt":"2025-10-13T15:04:21","guid":{"rendered":"https:\/\/www.spowerba.sk\/wp_test\/?page_id=1676"},"modified":"2026-02-03T14:40:11","modified_gmt":"2026-02-03T13:40:11","slug":"ostatne","status":"publish","type":"page","link":"https:\/\/www.spower-prod.sk\/en\/ostatne\/","title":{"rendered":"Other Products"},"content":{"rendered":"<div data-elementor-type=\"wp-page\" data-elementor-id=\"1676\" class=\"elementor elementor-1676\">\n\t\t\t\t<div class=\"elementor-element elementor-element-8854708 e-flex e-con-boxed e-con e-parent\" data-id=\"8854708\" data-element_type=\"container\" data-e-type=\"container\">\n\t\t\t\t\t<div class=\"e-con-inner\">\n\t\t\t\t<div class=\"elementor-element elementor-element-2431194 elementor-widget elementor-widget-heading\" data-id=\"2431194\" data-element_type=\"widget\" data-e-type=\"widget\" data-widget_type=\"heading.default\">\n\t\t\t\t\t<h2 class=\"elementor-heading-title elementor-size-default\">Other Products<\/h2>\t\t\t\t<\/div>\n\t\t\t\t\t<\/div>\n\t\t\t\t<\/div>\n\t\t<div class=\"elementor-element elementor-element-49ce350 e-flex e-con-boxed e-con e-parent\" data-id=\"49ce350\" data-element_type=\"container\" data-e-type=\"container\">\n\t\t\t\t\t<div class=\"e-con-inner\">\n\t\t\t\t<div class=\"elementor-element elementor-element-c5173f4 elementor-widget elementor-widget-heading\" data-id=\"c5173f4\" data-element_type=\"widget\" data-e-type=\"widget\" data-widget_type=\"heading.default\">\n\t\t\t\t\t<h2 class=\"elementor-heading-title elementor-size-default\">Product Range<\/h2>\t\t\t\t<\/div>\n\t\t\t\t\t<\/div>\n\t\t\t\t<\/div>\n\t\t<div class=\"elementor-element elementor-element-fe23b73 e-flex e-con-boxed e-con e-parent\" data-id=\"fe23b73\" data-element_type=\"container\" data-e-type=\"container\">\n\t\t\t\t\t<div class=\"e-con-inner\">\n\t\t<div class=\"elementor-element elementor-element-34d99ee e-con-full e-flex e-con e-child\" data-id=\"34d99ee\" data-element_type=\"container\" data-e-type=\"container\">\n\t\t\t\t<div class=\"elementor-element elementor-element-f278c27 elementor-widget__width-inherit elementor-widget elementor-widget-image\" data-id=\"f278c27\" data-element_type=\"widget\" data-e-type=\"widget\" data-widget_type=\"image.default\">\n\t\t\t\t\t\t\t\t\t\t\t\t\t\t\t<img fetchpriority=\"high\" decoding=\"async\" width=\"300\" height=\"300\" src=\"https:\/\/www.spower-prod.sk\/wp-content\/uploads\/2025\/10\/digitalny_ohmmeter-300x300.png\" class=\"attachment-medium size-medium wp-image-4373\" alt=\"\" srcset=\"https:\/\/www.spower-prod.sk\/wp-content\/uploads\/2025\/10\/digitalny_ohmmeter-300x300.png 300w, https:\/\/www.spower-prod.sk\/wp-content\/uploads\/2025\/10\/digitalny_ohmmeter-1024x1024.png 1024w, https:\/\/www.spower-prod.sk\/wp-content\/uploads\/2025\/10\/digitalny_ohmmeter-150x150.png 150w, https:\/\/www.spower-prod.sk\/wp-content\/uploads\/2025\/10\/digitalny_ohmmeter-768x768.png 768w, https:\/\/www.spower-prod.sk\/wp-content\/uploads\/2025\/10\/digitalny_ohmmeter.png 1512w\" sizes=\"(max-width: 300px) 100vw, 300px\" \/>\t\t\t\t\t\t\t\t\t\t\t\t\t\t\t<\/div>\n\t\t\t\t<\/div>\n\t\t<div class=\"elementor-element elementor-element-5355b92 e-con-full e-flex e-con e-child\" data-id=\"5355b92\" data-element_type=\"container\" data-e-type=\"container\">\n\t\t\t\t<div class=\"elementor-element elementor-element-cd0d62d elementor-widget elementor-widget-text-editor\" data-id=\"cd0d62d\" data-element_type=\"widget\" data-e-type=\"widget\" data-widget_type=\"text-editor.default\">\n\t\t\t\t\t\t\t\t\t<p><a href=\"\/en\/digitalny-ohmmeter\/\">Digital Ohmmeter\u00a0<\/a><\/p>\t\t\t\t\t\t\t\t<\/div>\n\t\t\t\t<div class=\"elementor-element elementor-element-bf9ccc4 elementor-widget elementor-widget-text-editor\" data-id=\"bf9ccc4\" data-element_type=\"widget\" data-e-type=\"widget\" data-widget_type=\"text-editor.default\">\n\t\t\t\t\t\t\t\t\t<p>Used for measuring the resistance of blasting circuits in underground mines and open-pit quarries.<\/p>\t\t\t\t\t\t\t\t<\/div>\n\t\t\t\t<\/div>\n\t\t\t\t\t<\/div>\n\t\t\t\t<\/div>\n\t\t<div class=\"elementor-element elementor-element-af1d18f e-flex e-con-boxed e-con e-parent\" data-id=\"af1d18f\" data-element_type=\"container\" data-e-type=\"container\">\n\t\t\t\t\t<div class=\"e-con-inner\">\n\t\t<div class=\"elementor-element elementor-element-1fb5c3c e-con-full e-flex e-con e-child\" data-id=\"1fb5c3c\" data-element_type=\"container\" data-e-type=\"container\">\n\t\t\t\t<div class=\"elementor-element elementor-element-c6b6b6e elementor-widget__width-inherit elementor-widget elementor-widget-image\" data-id=\"c6b6b6e\" data-element_type=\"widget\" data-e-type=\"widget\" data-widget_type=\"image.default\">\n\t\t\t\t\t\t\t\t\t\t\t\t\t\t\t<img decoding=\"async\" width=\"300\" height=\"234\" src=\"https:\/\/www.spower-prod.sk\/wp-content\/uploads\/2026\/02\/OB_strana-1-300x234.png\" class=\"attachment-medium size-medium wp-image-9670\" alt=\"\" srcset=\"https:\/\/www.spower-prod.sk\/wp-content\/uploads\/2026\/02\/OB_strana-1-300x234.png 300w, https:\/\/www.spower-prod.sk\/wp-content\/uploads\/2026\/02\/OB_strana-1-1024x800.png 1024w, https:\/\/www.spower-prod.sk\/wp-content\/uploads\/2026\/02\/OB_strana-1-768x600.png 768w, https:\/\/www.spower-prod.sk\/wp-content\/uploads\/2026\/02\/OB_strana-1-1536x1200.png 1536w, https:\/\/www.spower-prod.sk\/wp-content\/uploads\/2026\/02\/OB_strana-1.png 1877w\" sizes=\"(max-width: 300px) 100vw, 300px\" \/>\t\t\t\t\t\t\t\t\t\t\t\t\t\t\t<\/div>\n\t\t\t\t<\/div>\n\t\t<div class=\"elementor-element elementor-element-4e21592 e-con-full e-flex e-con e-child\" data-id=\"4e21592\" data-element_type=\"container\" data-e-type=\"container\">\n\t\t\t\t<div class=\"elementor-element elementor-element-0cd0130 elementor-widget elementor-widget-text-editor\" data-id=\"0cd0130\" data-element_type=\"widget\" data-e-type=\"widget\" data-widget_type=\"text-editor.default\">\n\t\t\t\t\t\t\t\t\t<p><a href=\"\/en\/odpajace-baterie\/\">Battery Disconnect Switch<\/a><\/p>\t\t\t\t\t\t\t\t<\/div>\n\t\t\t\t<div class=\"elementor-element elementor-element-66ae064 elementor-widget elementor-widget-text-editor\" data-id=\"66ae064\" data-element_type=\"widget\" data-e-type=\"widget\" data-widget_type=\"text-editor.default\">\n\t\t\t\t\t\t\t\t\t<p>A device designed to protect the battery from deep discharge.<\/p>\t\t\t\t\t\t\t\t<\/div>\n\t\t\t\t<\/div>\n\t\t\t\t\t<\/div>\n\t\t\t\t<\/div>\n\t\t\t\t<\/div>","protected":false},"excerpt":{"rendered":"<p>Ostatn\u00e9 Ponuka produktov: Digit\u00e1lny ohmmeter\u00a0 Sl\u00fa\u017ei na meranie odporu roznetn\u00fdch siet\u00ed v baniach a povrchov\u00fdch lomoch. Odp\u00e1ja\u010de bat\u00e9rie Je zariadenie na ochranu akumul\u00e1tora pred hlbok\u00fdm vybit\u00edm<\/p>","protected":false},"author":1,"featured_media":0,"parent":0,"menu_order":0,"comment_status":"closed","ping_status":"closed","template":"","meta":{"_kadence_starter_templates_imported_post":false,"_kad_post_transparent":"","_kad_post_title":"hide","_kad_post_layout":"fullwidth","_kad_post_sidebar_id":"","_kad_post_content_style":"unboxed","_kad_post_vertical_padding":"hide","_kad_post_feature":"hide","_kad_post_feature_position":"","_kad_post_header":false,"_kad_post_footer":false,"footnotes":""},"class_list":["post-1676","page","type-page","status-publish","hentry"],"_links":{"self":[{"href":"https:\/\/www.spower-prod.sk\/en\/wp-json\/wp\/v2\/pages\/1676","targetHints":{"allow":["GET"]}}],"collection":[{"href":"https:\/\/www.spower-prod.sk\/en\/wp-json\/wp\/v2\/pages"}],"about":[{"href":"https:\/\/www.spower-prod.sk\/en\/wp-json\/wp\/v2\/types\/page"}],"author":[{"embeddable":true,"href":"https:\/\/www.spower-prod.sk\/en\/wp-json\/wp\/v2\/users\/1"}],"replies":[{"embeddable":true,"href":"https:\/\/www.spower-prod.sk\/en\/wp-json\/wp\/v2\/comments?post=1676"}],"version-history":[{"count":61,"href":"https:\/\/www.spower-prod.sk\/en\/wp-json\/wp\/v2\/pages\/1676\/revisions"}],"predecessor-version":[{"id":9676,"href":"https:\/\/www.spower-prod.sk\/en\/wp-json\/wp\/v2\/pages\/1676\/revisions\/9676"}],"wp:attachment":[{"href":"https:\/\/www.spower-prod.sk\/en\/wp-json\/wp\/v2\/media?parent=1676"}],"curies":[{"name":"wp","href":"https:\/\/api.w.org\/{rel}","templated":true}]}}