{"id":1717,"date":"2025-10-14T12:14:00","date_gmt":"2025-10-14T10:14:00","guid":{"rendered":"https:\/\/www.spowerba.sk\/wp_test\/?page_id=1717"},"modified":"2026-02-27T10:35:49","modified_gmt":"2026-02-27T09:35:49","slug":"digitalny-ohmmeter","status":"publish","type":"page","link":"https:\/\/www.spower-prod.sk\/en\/digitalny-ohmmeter\/","title":{"rendered":"Digital Ohmmeter"},"content":{"rendered":"<div data-elementor-type=\"wp-page\" data-elementor-id=\"1717\" class=\"elementor elementor-1717\">\n\t\t\t\t<div class=\"elementor-element elementor-element-13818a9 e-flex e-con-boxed e-con e-parent\" data-id=\"13818a9\" data-element_type=\"container\" data-e-type=\"container\">\n\t\t\t\t\t<div class=\"e-con-inner\">\n\t\t\t\t<div class=\"elementor-element elementor-element-23c7a21 elementor-widget elementor-widget-heading\" data-id=\"23c7a21\" data-element_type=\"widget\" data-e-type=\"widget\" data-widget_type=\"heading.default\">\n\t\t\t\t\t<h2 class=\"elementor-heading-title elementor-size-default\">Digital Ohmmeter<\/h2>\t\t\t\t<\/div>\n\t\t\t\t\t<\/div>\n\t\t\t\t<\/div>\n\t\t<div class=\"elementor-element elementor-element-bd95405 e-flex e-con-boxed e-con e-parent\" data-id=\"bd95405\" data-element_type=\"container\" data-e-type=\"container\">\n\t\t\t\t\t<div class=\"e-con-inner\">\n\t\t<div class=\"elementor-element elementor-element-a0eba46 e-con-full e-flex e-con e-child\" data-id=\"a0eba46\" data-element_type=\"container\" data-e-type=\"container\">\n\t\t\t\t<div class=\"elementor-element elementor-element-7b213af elementor-widget elementor-widget-image\" data-id=\"7b213af\" data-element_type=\"widget\" data-e-type=\"widget\" data-widget_type=\"image.default\">\n\t\t\t\t\t\t\t\t\t\t\t\t\t\t\t<img fetchpriority=\"high\" decoding=\"async\" width=\"300\" height=\"300\" src=\"https:\/\/www.spower-prod.sk\/wp-content\/uploads\/2025\/10\/digitalny_ohmmeter-300x300.png\" class=\"attachment-medium size-medium wp-image-4373\" alt=\"\" srcset=\"https:\/\/www.spower-prod.sk\/wp-content\/uploads\/2025\/10\/digitalny_ohmmeter-300x300.png 300w, https:\/\/www.spower-prod.sk\/wp-content\/uploads\/2025\/10\/digitalny_ohmmeter-1024x1024.png 1024w, https:\/\/www.spower-prod.sk\/wp-content\/uploads\/2025\/10\/digitalny_ohmmeter-150x150.png 150w, https:\/\/www.spower-prod.sk\/wp-content\/uploads\/2025\/10\/digitalny_ohmmeter-768x768.png 768w, https:\/\/www.spower-prod.sk\/wp-content\/uploads\/2025\/10\/digitalny_ohmmeter.png 1512w\" sizes=\"(max-width: 300px) 100vw, 300px\" \/>\t\t\t\t\t\t\t\t\t\t\t\t\t\t\t<\/div>\n\t\t<div class=\"elementor-element elementor-element-c36aa1b e-con-full e-flex e-con e-child\" data-id=\"c36aa1b\" data-element_type=\"container\" data-e-type=\"container\">\n\t\t\t\t<div class=\"elementor-element elementor-element-8cb8ae6 elementor-widget-divider--view-line elementor-widget elementor-widget-divider\" data-id=\"8cb8ae6\" data-element_type=\"widget\" data-e-type=\"widget\" data-widget_type=\"divider.default\">\n\t\t\t\t\t\t\t<div class=\"elementor-divider\">\n\t\t\t<span class=\"elementor-divider-separator\">\n\t\t\t\t\t\t<\/span>\n\t\t<\/div>\n\t\t\t\t\t\t<\/div>\n\t\t\t\t<div class=\"elementor-element elementor-element-149d9c6 elementor-widget elementor-widget-text-editor\" data-id=\"149d9c6\" data-element_type=\"widget\" data-e-type=\"widget\" data-widget_type=\"text-editor.default\">\n\t\t\t\t\t\t\t\t\t<ul><li>Measurement range 200 \u03a9 to 2000 \u03a9<\/li><li>Auto-ranging<\/li><li>Auto power-on\/off<\/li><li>Explosion-proof approved<\/li><li>Leatherette case<\/li><li>IP54 protection rating<\/li><\/ul>\t\t\t\t\t\t\t\t<\/div>\n\t\t\t\t<div class=\"elementor-element elementor-element-1ccd632 elementor-widget-divider--view-line elementor-widget elementor-widget-divider\" data-id=\"1ccd632\" data-element_type=\"widget\" data-e-type=\"widget\" data-widget_type=\"divider.default\">\n\t\t\t\t\t\t\t<div class=\"elementor-divider\">\n\t\t\t<span class=\"elementor-divider-separator\">\n\t\t\t\t\t\t<\/span>\n\t\t<\/div>\n\t\t\t\t\t\t<\/div>\n\t\t\t\t<\/div>\n\t\t\t\t<\/div>\n\t\t\t\t\t<\/div>\n\t\t\t\t<\/div>\n\t\t<div class=\"elementor-element elementor-element-18de830 e-flex e-con-boxed e-con e-parent\" data-id=\"18de830\" data-element_type=\"container\" data-e-type=\"container\">\n\t\t\t\t\t<div class=\"e-con-inner\">\n\t\t\t\t<div class=\"elementor-element elementor-element-acefbcb e-n-tabs-mobile elementor-widget elementor-widget-n-tabs\" data-id=\"acefbcb\" data-element_type=\"widget\" data-e-type=\"widget\" data-settings=\"{&quot;horizontal_scroll&quot;:&quot;disable&quot;}\" data-widget_type=\"nested-tabs.default\">\n\t\t\t\t\t\t\t<div class=\"e-n-tabs\" data-widget-number=\"181337035\" aria-label=\"Tabs. Open items with Enter or Space, close with Escape and navigate using the Arrow keys.\">\n\t\t\t<div class=\"e-n-tabs-heading\" role=\"tablist\">\n\t\t\t\t\t<button id=\"e-n-tab-title-1813370351\" data-tab-title-id=\"e-n-tab-title-1813370351\" class=\"e-n-tab-title\" aria-selected=\"true\" data-tab-index=\"1\" role=\"tab\" tabindex=\"0\" aria-controls=\"e-n-tab-content-1813370351\" style=\"--n-tabs-title-order: 1;\">\n\t\t\t\t\t\t<span class=\"e-n-tab-title-text\">\n\t\t\t\tDescription\t\t\t<\/span>\n\t\t<\/button>\n\t\t\t\t<button id=\"e-n-tab-title-1813370352\" data-tab-title-id=\"e-n-tab-title-1813370352\" class=\"e-n-tab-title\" aria-selected=\"false\" data-tab-index=\"2\" role=\"tab\" tabindex=\"-1\" aria-controls=\"e-n-tab-content-1813370352\" style=\"--n-tabs-title-order: 2;\">\n\t\t\t\t\t\t<span class=\"e-n-tab-title-text\">\n\t\t\t\tTechnical parameters\t\t\t<\/span>\n\t\t<\/button>\n\t\t\t\t\t<\/div>\n\t\t\t<div class=\"e-n-tabs-content\">\n\t\t\t\t<div id=\"e-n-tab-content-1813370351\" role=\"tabpanel\" aria-labelledby=\"e-n-tab-title-1813370351\" data-tab-index=\"1\" style=\"--n-tabs-title-order: 1;\" class=\"e-active elementor-element elementor-element-ab91023 e-con-full e-flex e-con e-child\" data-id=\"ab91023\" data-element_type=\"container\" data-e-type=\"container\">\n\t\t\t\t<div class=\"elementor-element elementor-element-94d8f41 elementor-widget elementor-widget-text-editor\" data-id=\"94d8f41\" data-element_type=\"widget\" data-e-type=\"widget\" data-widget_type=\"text-editor.default\">\n\t\t\t\t\t\t\t\t\t<p>The digital ohmmeter DO 200\/2000.P is designed for measuring the ohmic resistance of blasting circuits during blasting operations. Measurement starts automatically upon connection of the measured resistance. Due to its circuit and structural design, it is suitable for both surface and underground use, as well as in explosive atmospheres. The package includes a leatherette case that provides protection for the input terminals against short-circuiting.<\/p>\t\t\t\t\t\t\t\t<\/div>\n\t\t\t\t<\/div>\n\t\t<div id=\"e-n-tab-content-1813370352\" role=\"tabpanel\" aria-labelledby=\"e-n-tab-title-1813370352\" data-tab-index=\"2\" style=\"--n-tabs-title-order: 2;\" class=\"elementor-element elementor-element-6d01e2d e-con-full e-flex e-con e-child\" data-id=\"6d01e2d\" data-element_type=\"container\" data-e-type=\"container\">\n\t\t<div class=\"elementor-element elementor-element-28062d3 e-flex e-con-boxed e-con e-child\" data-id=\"28062d3\" data-element_type=\"container\" data-e-type=\"container\">\n\t\t\t\t\t<div class=\"e-con-inner\">\n\t\t\t\t<div class=\"elementor-element elementor-element-f07f4fb elementor-widget elementor-widget-heading\" data-id=\"f07f4fb\" data-element_type=\"widget\" data-e-type=\"widget\" data-widget_type=\"heading.default\">\n\t\t\t\t\t<h2 class=\"elementor-heading-title elementor-size-default\">Table 1: Technical parameters<\/h2>\t\t\t\t<\/div>\n\t\t\t\t<div class=\"elementor-element elementor-element-f4aeda0 elementor-widget elementor-widget-html\" data-id=\"f4aeda0\" data-element_type=\"widget\" data-e-type=\"widget\" data-widget_type=\"html.default\">\n\t\t\t\t\t<table class=\"mojetabulka\">\n  <thead>\n    <tr>\n    <\/tr>\n  <\/thead>\n  <tbody>\n    <tr>\n      <td>Measurement range<\/td>\n      <td>Range 1: 0 to 199,9 \u03a9<br>\nRange 2: 200 to 1999 \u03a9<\/td>\n    <\/tr>\n    <tr>\n      <td>Measurement Accuracy<\/td>\n      <td>\u00b1(1 % + 1 digit)<\/td>\n    <\/tr>\n    <tr>\n      <td>Measuring Current<\/td>\n      <td><20 mA<\/td>\n    <\/tr>\n    \n    <tr>\n      <td>Quiescent Current<\/td>\n      <td><25 \u00b5A<\/td>\n    <\/tr>\n    <tr>\n      <td>Battery Life<\/td>\n      <td>Approx. 100 measuring hours<\/td>\n    <\/tr>\n    <tr>\n      <td>Protection Rating<\/td>\n      <td>IP 54<\/td>\n    <\/tr>\n    <tr>\n      <td>Weight<\/td>\n      <td>90 g<\/td>\n    <\/tr>\n    <tr>\n      <td>Supply Voltage<\/td>\n      <td>4,5 V (Three AA batteries)<\/td>\n    <\/tr>\n    <tr>\n      <td>Operating Temperature<\/td>\n      <td>0 to 40 \u00b0C<\/td>\n    <\/tr>\n    <tr>\n      <td>Weight<\/td>\n      <td>430 g<\/td>\n    <\/tr>\n    <tr>\n      <td>Equipment Category<\/td>\n      <td>I M1 EEx ia I<\/td>\n    <\/tr>\n  <\/tbody>\n<\/table>\t\t\t\t<\/div>\n\t\t\t\t\t<\/div>\n\t\t\t\t<\/div>\n\t\t<div class=\"elementor-element elementor-element-34b37e4 e-flex e-con-boxed e-con e-child\" data-id=\"34b37e4\" data-element_type=\"container\" data-e-type=\"container\">\n\t\t\t\t\t<div class=\"e-con-inner\">\n\t\t\t\t<div class=\"elementor-element elementor-element-8005a1f elementor-widget elementor-widget-heading\" data-id=\"8005a1f\" data-element_type=\"widget\" data-e-type=\"widget\" data-widget_type=\"heading.default\">\n\t\t\t\t\t<h2 class=\"elementor-heading-title elementor-size-default\">Table 2: Documents <\/h2>\t\t\t\t<\/div>\n\t\t\t\t<div class=\"elementor-element elementor-element-d7d43ec elementor-widget elementor-widget-html\" data-id=\"d7d43ec\" data-element_type=\"widget\" data-e-type=\"widget\" data-widget_type=\"html.default\">\n\t\t\t\t\t<table class=\"mojetabulka\">\r\n  <thead>\r\n    <tr>\r\n    <\/tr>\r\n  <\/thead>\r\n  <tbody>\r\n    <tr>\r\n      <td>\r\n         <a href=\"\/wp-content\/uploads\/pdf\/p_do_sk.pdf\" \r\n         target=\"_blank\" rel=\"noopener noreferrer\">\r\n        <img decoding=\"async\" src=\"\/wp-content\/uploads\/2025\/10\/icon_pdf.gif\" alt=\"Ikona\" class=\"icon\"> Brochure\r\n      <\/td>\r\n    <\/tr>\r\n    <tr>\r\n      <td>\r\n        <a href=\"\/wp-content\/uploads\/pdf\/Prehlasenie_o_zhode_DO.pdf\" \r\n        target=\"_blank\" rel=\"noopener noreferrer\">\r\n        <img decoding=\"async\" src=\"\/wp-content\/uploads\/2025\/10\/icon_pdf.gif\" alt=\"Ikona\" class=\"icon\"> Declaration of Conformity\r\n      <\/td>\r\n    <\/tr>\r\n  <\/tbody>\r\n<\/table>\r\n\t\t\t\t<\/div>\n\t\t\t\t\t<\/div>\n\t\t\t\t<\/div>\n\t\t\t\t<\/div>\n\t\t\t\t\t<\/div>\n\t\t<\/div>\n\t\t\t\t\t\t<\/div>\n\t\t\t\t\t<\/div>\n\t\t\t\t<\/div>\n\t\t\t\t<\/div>","protected":false},"excerpt":{"rendered":"<p>Digit\u00e1lny ohmmeter Rozsah merania 200 \u03a9 a\u017e 2000 \u03a9 Automatick\u00e9 prep\u00ednanie rozsahov Automatick\u00e9 vyp\u00ednanie a zap\u00ednanie Schv\u00e1len\u00e9 pre v\u00fdbu\u0161n\u00e9 prostredie Ko\u017eenkov\u00e9 puzdro Krytie IP54 Popis Technick\u00e9 \u00fadaje Digit\u00e1lny ohmmeter DO 200\/2000.P je ur\u010den\u00fd na meranie ohmick\u00e9ho odporu roznetn\u00fdch siet\u00ed pri trhac\u00edch pr\u00e1cach. Meranie sa uskuto\u010d\u0148uje automaticky po pripojen\u00ed meran\u00e9ho odporu. Svojim obvodov\u00fdm a kon\u0161truk\u010dn\u00fdm rie\u0161en\u00edm&#8230;<\/p>","protected":false},"author":1,"featured_media":0,"parent":0,"menu_order":0,"comment_status":"closed","ping_status":"closed","template":"","meta":{"_kadence_starter_templates_imported_post":false,"_kad_post_transparent":"","_kad_post_title":"hide","_kad_post_layout":"fullwidth","_kad_post_sidebar_id":"","_kad_post_content_style":"unboxed","_kad_post_vertical_padding":"hide","_kad_post_feature":"hide","_kad_post_feature_position":"","_kad_post_header":false,"_kad_post_footer":false,"footnotes":""},"class_list":["post-1717","page","type-page","status-publish","hentry"],"_links":{"self":[{"href":"https:\/\/www.spower-prod.sk\/en\/wp-json\/wp\/v2\/pages\/1717","targetHints":{"allow":["GET"]}}],"collection":[{"href":"https:\/\/www.spower-prod.sk\/en\/wp-json\/wp\/v2\/pages"}],"about":[{"href":"https:\/\/www.spower-prod.sk\/en\/wp-json\/wp\/v2\/types\/page"}],"author":[{"embeddable":true,"href":"https:\/\/www.spower-prod.sk\/en\/wp-json\/wp\/v2\/users\/1"}],"replies":[{"embeddable":true,"href":"https:\/\/www.spower-prod.sk\/en\/wp-json\/wp\/v2\/comments?post=1717"}],"version-history":[{"count":115,"href":"https:\/\/www.spower-prod.sk\/en\/wp-json\/wp\/v2\/pages\/1717\/revisions"}],"predecessor-version":[{"id":10034,"href":"https:\/\/www.spower-prod.sk\/en\/wp-json\/wp\/v2\/pages\/1717\/revisions\/10034"}],"wp:attachment":[{"href":"https:\/\/www.spower-prod.sk\/en\/wp-json\/wp\/v2\/media?parent=1717"}],"curies":[{"name":"wp","href":"https:\/\/api.w.org\/{rel}","templated":true}]}}