{"id":1738,"date":"2025-10-14T12:39:57","date_gmt":"2025-10-14T10:39:57","guid":{"rendered":"https:\/\/www.spowerba.sk\/wp_test\/?page_id=1738"},"modified":"2026-04-23T20:49:42","modified_gmt":"2026-04-23T18:49:42","slug":"odpajace-baterie","status":"publish","type":"page","link":"https:\/\/www.spower-prod.sk\/en\/odpajace-baterie\/","title":{"rendered":"Battery Disconnect Switch"},"content":{"rendered":"<div data-elementor-type=\"wp-page\" data-elementor-id=\"1738\" class=\"elementor elementor-1738\">\n\t\t\t\t<div class=\"elementor-element elementor-element-6ec3fc1 e-flex e-con-boxed e-con e-parent\" data-id=\"6ec3fc1\" data-element_type=\"container\" data-e-type=\"container\">\n\t\t\t\t\t<div class=\"e-con-inner\">\n\t\t\t\t<div class=\"elementor-element elementor-element-2a58474 elementor-widget elementor-widget-heading\" data-id=\"2a58474\" data-element_type=\"widget\" data-e-type=\"widget\" data-widget_type=\"heading.default\">\n\t\t\t\t\t<h2 class=\"elementor-heading-title elementor-size-default\">Battery Disconnect Switch<\/h2>\t\t\t\t<\/div>\n\t\t\t\t\t<\/div>\n\t\t\t\t<\/div>\n\t\t<div class=\"elementor-element elementor-element-281906e e-flex e-con-boxed e-con e-parent\" data-id=\"281906e\" data-element_type=\"container\" data-e-type=\"container\">\n\t\t\t\t\t<div class=\"e-con-inner\">\n\t\t<div class=\"elementor-element elementor-element-408de8a e-con-full e-flex e-con e-child\" data-id=\"408de8a\" data-element_type=\"container\" data-e-type=\"container\">\n\t\t\t\t<div class=\"elementor-element elementor-element-5aea1dc elementor-widget elementor-widget-image\" data-id=\"5aea1dc\" data-element_type=\"widget\" data-e-type=\"widget\" data-widget_type=\"image.default\">\n\t\t\t\t\t\t\t\t\t\t\t\t\t\t\t<img fetchpriority=\"high\" decoding=\"async\" width=\"768\" height=\"600\" src=\"https:\/\/www.spower-prod.sk\/wp-content\/uploads\/2026\/02\/OB_strana-1-768x600.png\" class=\"attachment-medium_large size-medium_large wp-image-9670\" alt=\"\" srcset=\"https:\/\/www.spower-prod.sk\/wp-content\/uploads\/2026\/02\/OB_strana-1-768x600.png 768w, https:\/\/www.spower-prod.sk\/wp-content\/uploads\/2026\/02\/OB_strana-1-300x234.png 300w, https:\/\/www.spower-prod.sk\/wp-content\/uploads\/2026\/02\/OB_strana-1-1024x800.png 1024w, https:\/\/www.spower-prod.sk\/wp-content\/uploads\/2026\/02\/OB_strana-1-1536x1200.png 1536w, https:\/\/www.spower-prod.sk\/wp-content\/uploads\/2026\/02\/OB_strana-1.png 1877w\" sizes=\"(max-width: 768px) 100vw, 768px\" \/>\t\t\t\t\t\t\t\t\t\t\t\t\t\t\t<\/div>\n\t\t<div class=\"elementor-element elementor-element-4080d65 e-con-full e-flex e-con e-child\" data-id=\"4080d65\" data-element_type=\"container\" data-e-type=\"container\">\n\t\t\t\t<div class=\"elementor-element elementor-element-52fd401 elementor-widget-divider--view-line elementor-widget elementor-widget-divider\" data-id=\"52fd401\" data-element_type=\"widget\" data-e-type=\"widget\" data-widget_type=\"divider.default\">\n\t\t\t\t\t\t\t<div class=\"elementor-divider\">\n\t\t\t<span class=\"elementor-divider-separator\">\n\t\t\t\t\t\t<\/span>\n\t\t<\/div>\n\t\t\t\t\t\t<\/div>\n\t\t\t\t<div class=\"elementor-element elementor-element-4d83ab5 elementor-widget elementor-widget-text-editor\" data-id=\"4d83ab5\" data-element_type=\"widget\" data-e-type=\"widget\" data-widget_type=\"text-editor.default\">\n\t\t\t\t\t\t\t\t\t<ul><li>Maximum current \u2013 up to 10 A<\/li><li>For 12, 24, and 48 V accumulators<\/li><li>Low voltage signaling<\/li><li>Battery protection by fuse<\/li><li>Remote disconnect capability<\/li><li>DIN rail mounting<\/li><\/ul>\t\t\t\t\t\t\t\t<\/div>\n\t\t\t\t<div class=\"elementor-element elementor-element-86130fa elementor-widget-divider--view-line elementor-widget elementor-widget-divider\" data-id=\"86130fa\" data-element_type=\"widget\" data-e-type=\"widget\" data-widget_type=\"divider.default\">\n\t\t\t\t\t\t\t<div class=\"elementor-divider\">\n\t\t\t<span class=\"elementor-divider-separator\">\n\t\t\t\t\t\t<\/span>\n\t\t<\/div>\n\t\t\t\t\t\t<\/div>\n\t\t\t\t<\/div>\n\t\t\t\t<\/div>\n\t\t\t\t\t<\/div>\n\t\t\t\t<\/div>\n\t\t<div class=\"elementor-element elementor-element-d027a40 e-flex e-con-boxed e-con e-parent\" data-id=\"d027a40\" data-element_type=\"container\" data-e-type=\"container\">\n\t\t\t\t\t<div class=\"e-con-inner\">\n\t\t\t\t<div class=\"elementor-element elementor-element-91dc8c7 e-n-tabs-mobile elementor-widget elementor-widget-n-tabs\" data-id=\"91dc8c7\" data-element_type=\"widget\" data-e-type=\"widget\" data-settings=\"{&quot;horizontal_scroll&quot;:&quot;disable&quot;}\" data-widget_type=\"nested-tabs.default\">\n\t\t\t\t\t\t\t<div class=\"e-n-tabs\" data-widget-number=\"152946887\" aria-label=\"Tabs. Open items with Enter or Space, close with Escape and navigate using the Arrow keys.\">\n\t\t\t<div class=\"e-n-tabs-heading\" role=\"tablist\">\n\t\t\t\t\t<button id=\"e-n-tab-title-1529468871\" data-tab-title-id=\"e-n-tab-title-1529468871\" class=\"e-n-tab-title\" aria-selected=\"true\" data-tab-index=\"1\" role=\"tab\" tabindex=\"0\" aria-controls=\"e-n-tab-content-1529468871\" style=\"--n-tabs-title-order: 1;\">\n\t\t\t\t\t\t<span class=\"e-n-tab-title-text\">\n\t\t\t\tDescription\t\t\t<\/span>\n\t\t<\/button>\n\t\t\t\t<button id=\"e-n-tab-title-1529468872\" data-tab-title-id=\"e-n-tab-title-1529468872\" class=\"e-n-tab-title\" aria-selected=\"false\" data-tab-index=\"2\" role=\"tab\" tabindex=\"-1\" aria-controls=\"e-n-tab-content-1529468872\" style=\"--n-tabs-title-order: 2;\">\n\t\t\t\t\t\t<span class=\"e-n-tab-title-text\">\n\t\t\t\tTechnical parameters\t\t\t<\/span>\n\t\t<\/button>\n\t\t\t\t<button id=\"e-n-tab-title-1529468873\" data-tab-title-id=\"e-n-tab-title-1529468873\" class=\"e-n-tab-title\" aria-selected=\"false\" data-tab-index=\"3\" role=\"tab\" tabindex=\"-1\" aria-controls=\"e-n-tab-content-1529468873\" style=\"--n-tabs-title-order: 3;\">\n\t\t\t\t\t\t<span class=\"e-n-tab-title-text\">\n\t\t\t\tModels\t\t\t<\/span>\n\t\t<\/button>\n\t\t\t\t\t<\/div>\n\t\t\t<div class=\"e-n-tabs-content\">\n\t\t\t\t<div id=\"e-n-tab-content-1529468871\" role=\"tabpanel\" aria-labelledby=\"e-n-tab-title-1529468871\" data-tab-index=\"1\" style=\"--n-tabs-title-order: 1;\" class=\"e-active elementor-element elementor-element-945c87a e-con-full e-flex e-con e-child\" data-id=\"945c87a\" data-element_type=\"container\" data-e-type=\"container\">\n\t\t\t\t<div class=\"elementor-element elementor-element-181716e elementor-widget elementor-widget-text-editor\" data-id=\"181716e\" data-element_type=\"widget\" data-e-type=\"widget\" data-widget_type=\"text-editor.default\">\n\t\t\t\t\t\t\t\t\t<p>The lead-acid battery disconnect is designed to protect the battery from deep discharge and subsequent permanent damage. This can occur during long-term power outages when the equipment is powered from a backup battery. The battery voltage is continuously monitored and compared with reference voltages U<span class=\"dolnyindex\">ref1<\/span>, U<span class=\"dolnyindex\">ref2<\/span>. If the battery voltage drops below the U<span class=\"dolnyindex\">ref1<\/span>\u00a0(U<span class=\"dolnyindex\">ref1<\/span>\u00a0= 10,5 V), the positive pole of the battery is disconnected from the device.<\/p><p>The battery disconnect features reverse polarity protection and short-circuit protection via a user-accessible 10 A safety fuse. The units are designed for a maximum current of 10 A. The value U<span class=\"dolnyindex\">ref1<\/span>\u00a0= 10,5 V applies to batteries with a nominal voltage of 12 V. For other battery systems (24 V, 48 V), the U<span class=\"dolnyindex\">ref1<\/span> values are 21.0 V and 42.0 V, respectively. The U<span class=\"dolnyindex\">ref2 value changes accordingly.<\/span><\/p>\t\t\t\t\t\t\t\t<\/div>\n\t\t\t\t<\/div>\n\t\t<div id=\"e-n-tab-content-1529468872\" role=\"tabpanel\" aria-labelledby=\"e-n-tab-title-1529468872\" data-tab-index=\"2\" style=\"--n-tabs-title-order: 2;\" class=\"elementor-element elementor-element-2b7cfe5 e-flex e-con-boxed e-con e-child\" data-id=\"2b7cfe5\" data-element_type=\"container\" data-e-type=\"container\">\n\t\t\t\t\t<div class=\"e-con-inner\">\n\t\t<div class=\"elementor-element elementor-element-3335f7e e-flex e-con-boxed e-con e-child\" data-id=\"3335f7e\" data-element_type=\"container\" data-e-type=\"container\">\n\t\t\t\t\t<div class=\"e-con-inner\">\n\t\t\t\t<div class=\"elementor-element elementor-element-d95e596 elementor-widget elementor-widget-heading\" data-id=\"d95e596\" data-element_type=\"widget\" data-e-type=\"widget\" data-widget_type=\"heading.default\">\n\t\t\t\t\t<h2 class=\"elementor-heading-title elementor-size-default\">Table 1: Technical parameters<\/h2>\t\t\t\t<\/div>\n\t\t\t\t<div class=\"elementor-element elementor-element-f9329ab elementor-widget elementor-widget-html\" data-id=\"f9329ab\" data-element_type=\"widget\" data-e-type=\"widget\" data-widget_type=\"html.default\">\n\t\t\t\t\t<table class=\"mojetabulka\">\n  <thead>\n    <tr>\n    <\/tr>\n  <\/thead>\n  <tbody>\n    <tr>\n      <td>Nominal Current<\/td>\n      <td>10 A<\/td>\n    <\/tr>\n    <tr>\n      <td>Nominal Voltage<\/td>\n      <td>12; 24; 48 V<\/td>\n    <\/tr>\n    <tr>\n      <td>Low voltage signaling<\/td>\n      <td>11; 22; 44 V<\/td>\n    <\/tr>\n    \n    <tr>\n      <td>Disconnect Voltage<\/td>\n      <td>10,5; 21; 42 V<\/td>\n    <\/tr>\n    <tr>\n      <td>Battery protection<\/td>\n      <td>by fuse 10 A<\/td>\n    <\/tr>\n    <tr>\n      <td>Dimensions<\/td>\n      <td>66 \u00d7 48 \u00d7 46 mm<\/td>\n    <\/tr>\n    <tr>\n      <td>Weight<\/td>\n      <td>80 g<\/td>\n    <\/tr>\n    <tr>\n      <td>Protection Rating<\/td>\n      <td>IP 00<\/td>\n    <\/tr>\n    <tr>\n      <td>Operating Temperature<\/td>\n      <td>-15 \u00b0C to 40 \u00b0C<\/td>\n    <\/tr>\n  <\/tbody>\n<\/table>\t\t\t\t<\/div>\n\t\t\t\t\t<\/div>\n\t\t\t\t<\/div>\n\t\t<div class=\"elementor-element elementor-element-6d08e74 e-con-full e-flex e-con e-child\" data-id=\"6d08e74\" data-element_type=\"container\" data-e-type=\"container\">\n\t\t\t\t<div class=\"elementor-element elementor-element-28f23b7 elementor-widget elementor-widget-heading\" data-id=\"28f23b7\" data-element_type=\"widget\" data-e-type=\"widget\" data-widget_type=\"heading.default\">\n\t\t\t\t\t<h2 class=\"elementor-heading-title elementor-size-default\">Table 2: Documents<\/h2>\t\t\t\t<\/div>\n\t\t\t\t<div class=\"elementor-element elementor-element-18e86b5 elementor-widget elementor-widget-html\" data-id=\"18e86b5\" data-element_type=\"widget\" data-e-type=\"widget\" data-widget_type=\"html.default\">\n\t\t\t\t\t<table class=\"mojetabulka\">\r\n  <thead>\r\n    <tr>\r\n    <\/tr>\r\n  <\/thead>\r\n  <tbody>\r\n    <tr>\r\n      <td>\r\n         <a href=\"\/wp-content\/uploads\/pdf\/p_ob.pdf\"\r\n         target=\"_blank\" rel=\"noopener noreferrer\">\r\n        <img decoding=\"async\" src=\"\/wp-content\/uploads\/2025\/10\/icon_pdf.gif\" alt=\"Ikona\" class=\"icon\"> Brochure\r\n      <\/td>\r\n    <\/tr>\r\n    <tr>\r\n      <td>\r\n         <a href=\"\/wp-content\/uploads\/pdf\/Vyhlasenie_o_zhode_OB.pdf\"\r\n         target=\"_blank\" rel=\"noopener noreferrer\">\r\n        <img decoding=\"async\" src=\"\/wp-content\/uploads\/2025\/10\/icon_pdf.gif\" alt=\"Ikona\" class=\"icon\"> Vyhl\u00e1senie o zhode \r\n      <\/td>\r\n    <\/tr>\r\n  <\/tbody>\r\n<\/table>\r\n\t\t\t\t<\/div>\n\t\t\t\t<\/div>\n\t\t\t\t\t<\/div>\n\t\t\t\t<\/div>\n\t\t<div id=\"e-n-tab-content-1529468873\" role=\"tabpanel\" aria-labelledby=\"e-n-tab-title-1529468873\" data-tab-index=\"3\" style=\"--n-tabs-title-order: 3;\" class=\"elementor-element elementor-element-d44ddad e-con-full e-flex e-con e-child\" data-id=\"d44ddad\" data-element_type=\"container\" data-e-type=\"container\">\n\t\t<div class=\"elementor-element elementor-element-3057692 e-con-full e-flex e-con e-child\" data-id=\"3057692\" data-element_type=\"container\" data-e-type=\"container\">\n\t\t\t\t<div class=\"elementor-element elementor-element-a0e2ce4 elementor-widget elementor-widget-heading\" data-id=\"a0e2ce4\" data-element_type=\"widget\" data-e-type=\"widget\" data-widget_type=\"heading.default\">\n\t\t\t\t\t<h2 class=\"elementor-heading-title elementor-size-default\">Table 3: Battery Disconnect Switch Models<\/h2>\t\t\t\t<\/div>\n\t\t\t\t<div class=\"elementor-element elementor-element-f9e54d2 elementor-widget elementor-widget-html\" data-id=\"f9e54d2\" data-element_type=\"widget\" data-e-type=\"widget\" data-widget_type=\"html.default\">\n\t\t\t\t\t<div class=\"table-horizontal-scroll\">\r\n    <table class=\"mojetabulka2\">\r\n  <thead>\r\n    <tr>\r\n        <td>Model Name<\/td>\r\n        <td>Battery Voltage<\/td>\r\n        <td>Maximum Current<\/td>\r\n        <td>Uref1<\/td>\r\n        <td>Uref2<\/td>\r\n        <td>Pre-disconnect signaling<\/td>\r\n        <td>Remote Disconnect Control<\/td>\r\n    <\/tr>\r\n  <\/thead>\r\n  <tbody>\r\n    <tr>\r\n      <td data-label=\"N\u00e1zov\">OB12V\/10A.0<\/td>\r\n      <td data-label=\"Nap\u00e4tie pou\u017eit\u00e9ho akumul\u00e1tora\">12 V<\/td>\r\n      <td data-label=\"Maxim\u00e1lny pr\u00fad\">10 A<\/td>\r\n      <td data-label=\"Uref1\">10,5 V<\/td>\r\n      <td data-label=\"Uref2\">-<\/td>\r\n      <td data-label=\"Signaliz\u00e1cia pred odpojen\u00edm akumul\u00e1tora\">-<\/td>\r\n      <td data-label=\"Extern\u00e9 ovl\u00e1danie odpojenia\">-<\/td>\r\n    <\/tr>\r\n    <tr>\r\n      <td data-label=\"N\u00e1zov\">OB12V\/10A.1<\/td>\r\n      <td data-label=\"Nap\u00e4tie pou\u017eit\u00e9ho akumul\u00e1tora\">12 V<\/td>\r\n      <td data-label=\"Maxim\u00e1lny pr\u00fad\">10 A<\/td>\r\n      <td data-label=\"Uref1\">10,5 V<\/td>\r\n      <td data-label=\"Uref2\">11 V<\/td>\r\n      <td data-label=\"Signaliz\u00e1cia pred odpojen\u00edm akumul\u00e1tora\">Yes<\/td>\r\n      <td data-label=\"Extern\u00e9 ovl\u00e1danie odpojenia\">-<\/td>\r\n    <\/tr>\r\n    <tr>\r\n      <td data-label=\"N\u00e1zov\">OB12V\/10A.11<\/td>\r\n      <td data-label=\"Nap\u00e4tie pou\u017eit\u00e9ho akumul\u00e1tora\">12 V<\/td>\r\n      <td data-label=\"Maxim\u00e1lny pr\u00fad\">10 A<\/td>\r\n      <td data-label=\"Uref1\">10 V<\/td>\r\n      <td data-label=\"Uref2\">11 V<\/td>\r\n      <td data-label=\"Signaliz\u00e1cia pred odpojen\u00edm akumul\u00e1tora\">Yes<\/td>\r\n      <td data-label=\"Extern\u00e9 ovl\u00e1danie odpojenia\">Yes<\/td>\r\n    <\/tr>\r\n    \r\n    <tr>\r\n      <td data-label=\"N\u00e1zov\">OB24V\/10A.0<\/td>\r\n      <td data-label=\"Nap\u00e4tie pou\u017eit\u00e9ho akumul\u00e1tora\">24 V<\/td>\r\n      <td data-label=\"Maxim\u00e1lny pr\u00fad\">10 A<\/td>\r\n      <td data-label=\"Uref1\">21 V<\/td>\r\n      <td data-label=\"Uref2\">-<\/td>\r\n      <td data-label=\"Signaliz\u00e1cia pred odpojen\u00edm akumul\u00e1tora\">-<\/td>\r\n      <td data-label=\"Extern\u00e9 ovl\u00e1danie odpojenia\">-<\/td>\r\n    <\/tr>\r\n    <tr>\r\n      <td data-label=\"N\u00e1zov\">OB24V\/10A.1<\/td>\r\n      <td data-label=\"Nap\u00e4tie pou\u017eit\u00e9ho akumul\u00e1tora\">24 V<\/td>\r\n      <td data-label=\"Maxim\u00e1lny pr\u00fad\">10 A<\/td>\r\n      <td data-label=\"Uref1\">21 V<\/td>\r\n      <td data-label=\"Uref2\">22 V<\/td>\r\n      <td data-label=\"Signaliz\u00e1cia pred odpojen\u00edm akumul\u00e1tora\">Yes<\/td>\r\n      <td data-label=\"Extern\u00e9 ovl\u00e1danie odpojenia\">-<\/td>\r\n    <\/tr>\r\n    <tr>\r\n      <td data-label=\"N\u00e1zov\">OB24V\/10A.11<\/td>\r\n      <td data-label=\"Nap\u00e4tie pou\u017eit\u00e9ho akumul\u00e1tora\">24 V<\/td>\r\n      <td data-label=\"Maxim\u00e1lny pr\u00fad\">10 A<\/td>\r\n      <td data-label=\"Uref1\">20 V<\/td>\r\n      <td data-label=\"Uref2\">22 V<\/td>\r\n      <td data-label=\"Signaliz\u00e1cia pred odpojen\u00edm akumul\u00e1tora\">Yes<\/td>\r\n      <td data-label=\"Extern\u00e9 ovl\u00e1danie odpojenia\">Yes<\/td>\r\n    <\/tr>\r\n    <tr>\r\n      <td data-label=\"N\u00e1zov\">OB48V\/2A5.0<\/td>\r\n      <td data-label=\"Nap\u00e4tie pou\u017eit\u00e9ho akumul\u00e1tora\">48 V<\/td>\r\n      <td data-label=\"Maxim\u00e1lny pr\u00fad\">2.5 A<\/td>\r\n      <td data-label=\"Uref1\">42 V<\/td>\r\n      <td data-label=\"Uref2\">-<\/td>\r\n      <td data-label=\"Signaliz\u00e1cia pred odpojen\u00edm akumul\u00e1tora\">-<\/td>\r\n      <td data-label=\"Extern\u00e9 ovl\u00e1danie odpojenia\">-<\/td>\r\n    <\/tr>\r\n    <tr>\r\n      <td data-label=\"N\u00e1zov\">OB48V\/2A5.1<\/td>\r\n      <td data-label=\"Nap\u00e4tie pou\u017eit\u00e9ho akumul\u00e1tora\">48 V<\/td>\r\n      <td data-label=\"Maxim\u00e1lny pr\u00fad\">2.5 A<\/td>\r\n      <td data-label=\"Uref1\">42 V<\/td>\r\n      <td data-label=\"Uref2\">44 V<\/td>\r\n      <td data-label=\"Signaliz\u00e1cia pred odpojen\u00edm akumul\u00e1tora\">Yes<\/td>\r\n      <td data-label=\"Extern\u00e9 ovl\u00e1danie odpojenia\">-<\/td>\r\n    <\/tr>\r\n    <tr>\r\n      <td data-label=\"N\u00e1zov\">OB48V\/2A5.11<\/td>\r\n      <td data-label=\"Nap\u00e4tie pou\u017eit\u00e9ho akumul\u00e1tora\">48 V<\/td>\r\n      <td data-label=\"Maxim\u00e1lny pr\u00fad\">2.5 A<\/td>\r\n      <td data-label=\"Uref1\">40 V<\/td>\r\n      <td data-label=\"Uref2\">44 V<\/td>\r\n      <td data-label=\"Signaliz\u00e1cia pred odpojen\u00edm akumul\u00e1tora\">Yes<\/td>\r\n      <td data-label=\"Extern\u00e9 ovl\u00e1danie odpojenia\">Yes<\/td>\r\n    <\/tr>\r\n    <tr>\r\n      <td data-label=\"N\u00e1zov\">OB12V\/20A.0<\/td>\r\n      <td data-label=\"Nap\u00e4tie pou\u017eit\u00e9ho akumul\u00e1tora\">12 V<\/td>\r\n      <td data-label=\"Maxim\u00e1lny pr\u00fad\">20 A<\/td>\r\n      <td data-label=\"Uref1\">10,5 V<\/td>\r\n      <td data-label=\"Uref2\">- <\/td>\r\n      <td data-label=\"Signaliz\u00e1cia pred odpojen\u00edm akumul\u00e1tora\">-<\/td>\r\n      <td data-label=\"Extern\u00e9 ovl\u00e1danie odpojenia\">-<\/td>\r\n    <\/tr>\r\n    <tr>\r\n      <td data-label=\"N\u00e1zov\">OB24V\/20A.0<\/td>\r\n      <td data-label=\"Nap\u00e4tie pou\u017eit\u00e9ho akumul\u00e1tora\">24 V<\/td>\r\n      <td data-label=\"Maxim\u00e1lny pr\u00fad\">20 A<\/td>\r\n      <td data-label=\"Uref1\">21 V<\/td>\r\n      <td data-label=\"Uref2\">-<\/td>\r\n      <td data-label=\"Signaliz\u00e1cia pred odpojen\u00edm akumul\u00e1tora\">-<\/td>\r\n      <td data-label=\"Extern\u00e9 ovl\u00e1danie odpojenia\">-<\/td>\r\n    <\/tr>\r\n  <\/tbody>\r\n<\/table>\r\n<\/div>\r\n\r\n\r\n\r\n\r\n\r\n\r\n\r\n\r\n\r\n\r\n\r\n\r\n\r\n\r\n\r\n\r\n\r\n\r\n\r\n\r\n\r\n\r\n\r\n\r\n\r\n\r\n\r\n\r\n\r\n\r\n\r\n\r\n\r\n\r\n\r\n\r\n\r\n\r\n\r\n\r\n\r\n\r\n\r\n\r\n\r\n\r\n\r\n\r\n\r\n\r\n\r\n\r\n\r\n\r\n\r\n\t\t\t\t<\/div>\n\t\t\t\t<\/div>\n\t\t\t\t<\/div>\n\t\t\t\t\t<\/div>\n\t\t<\/div>\n\t\t\t\t\t\t<\/div>\n\t\t\t\t\t<\/div>\n\t\t\t\t<\/div>\n\t\t\t\t<\/div>","protected":false},"excerpt":{"rendered":"<p>Odp\u00e1ja\u010de bat\u00e9rie Maxim\u00e1lny pr\u00fad &#8211; do 10 A Pre 12, 24 a 48 V akumul\u00e1tory Signaliz\u00e1cia poklesu nap\u00e4tia Ochrana akumul\u00e1tora tavnou poistkou Mo\u017enos\u0165 extern\u00e9ho odpojenia Mont\u00e1\u017e na DIN li\u0161tu Popis Technick\u00e9 \u00fadaje Modely Odpojova\u010d oloven\u00fdch akumul\u00e1torov je ur\u010den\u00fd na ochranu akumul\u00e1tora pred hlbok\u00fdm vybit\u00edm a jeho n\u00e1sledn\u00fdm zni\u010den\u00edm. To m\u00f4\u017ee nasta\u0165 v pr\u00edpade dlhodob\u00e9ho v\u00fdpadku&#8230;<\/p>","protected":false},"author":1,"featured_media":0,"parent":0,"menu_order":0,"comment_status":"closed","ping_status":"closed","template":"","meta":{"_kadence_starter_templates_imported_post":false,"_kad_post_transparent":"","_kad_post_title":"hide","_kad_post_layout":"fullwidth","_kad_post_sidebar_id":"","_kad_post_content_style":"unboxed","_kad_post_vertical_padding":"hide","_kad_post_feature":"hide","_kad_post_feature_position":"","_kad_post_header":false,"_kad_post_footer":false,"footnotes":""},"class_list":["post-1738","page","type-page","status-publish","hentry"],"_links":{"self":[{"href":"https:\/\/www.spower-prod.sk\/en\/wp-json\/wp\/v2\/pages\/1738","targetHints":{"allow":["GET"]}}],"collection":[{"href":"https:\/\/www.spower-prod.sk\/en\/wp-json\/wp\/v2\/pages"}],"about":[{"href":"https:\/\/www.spower-prod.sk\/en\/wp-json\/wp\/v2\/types\/page"}],"author":[{"embeddable":true,"href":"https:\/\/www.spower-prod.sk\/en\/wp-json\/wp\/v2\/users\/1"}],"replies":[{"embeddable":true,"href":"https:\/\/www.spower-prod.sk\/en\/wp-json\/wp\/v2\/comments?post=1738"}],"version-history":[{"count":193,"href":"https:\/\/www.spower-prod.sk\/en\/wp-json\/wp\/v2\/pages\/1738\/revisions"}],"predecessor-version":[{"id":10469,"href":"https:\/\/www.spower-prod.sk\/en\/wp-json\/wp\/v2\/pages\/1738\/revisions\/10469"}],"wp:attachment":[{"href":"https:\/\/www.spower-prod.sk\/en\/wp-json\/wp\/v2\/media?parent=1738"}],"curies":[{"name":"wp","href":"https:\/\/api.w.org\/{rel}","templated":true}]}}