{"id":1765,"date":"2025-10-14T13:14:25","date_gmt":"2025-10-14T11:14:25","guid":{"rendered":"https:\/\/www.spowerba.sk\/wp_test\/?page_id=1765"},"modified":"2026-04-23T21:11:19","modified_gmt":"2026-04-23T19:11:19","slug":"na-stiahnutie","status":"publish","type":"page","link":"https:\/\/www.spower-prod.sk\/en\/na-stiahnutie\/","title":{"rendered":"Download"},"content":{"rendered":"<div data-elementor-type=\"wp-page\" data-elementor-id=\"1765\" class=\"elementor elementor-1765\">\n\t\t\t\t\t\t<section class=\"elementor-section elementor-top-section elementor-element elementor-element-d4fdf42 elementor-section-boxed elementor-section-height-default elementor-section-height-default\" data-id=\"d4fdf42\" data-element_type=\"section\" data-e-type=\"section\" data-settings=\"{&quot;background_background&quot;:&quot;gradient&quot;,&quot;shape_divider_top&quot;:&quot;mountains&quot;}\">\n\t\t\t\t\t\t\t<div class=\"elementor-background-overlay\"><\/div>\n\t\t\t\t\t\t<div class=\"elementor-shape elementor-shape-top\" aria-hidden=\"true\" data-negative=\"false\">\n\t\t\t<svg xmlns=\"http:\/\/www.w3.org\/2000\/svg\" viewbox=\"0 0 1000 100\" preserveaspectratio=\"none\">\n\t<path class=\"elementor-shape-fill\" opacity=\"0.33\" d=\"M473,67.3c-203.9,88.3-263.1-34-320.3,0C66,119.1,0,59.7,0,59.7V0h1000v59.7 c0,0-62.1,26.1-94.9,29.3c-32.8,3.3-62.8-12.3-75.8-22.1C806,49.6,745.3,8.7,694.9,4.7S492.4,59,473,67.3z\"\/>\n\t<path class=\"elementor-shape-fill\" opacity=\"0.66\" d=\"M734,67.3c-45.5,0-77.2-23.2-129.1-39.1c-28.6-8.7-150.3-10.1-254,39.1 s-91.7-34.4-149.2,0C115.7,118.3,0,39.8,0,39.8V0h1000v36.5c0,0-28.2-18.5-92.1-18.5C810.2,18.1,775.7,67.3,734,67.3z\"\/>\n\t<path class=\"elementor-shape-fill\" d=\"M766.1,28.9c-200-57.5-266,65.5-395.1,19.5C242,1.8,242,5.4,184.8,20.6C128,35.8,132.3,44.9,89.9,52.5C28.6,63.7,0,0,0,0 h1000c0,0-9.9,40.9-83.6,48.1S829.6,47,766.1,28.9z\"\/>\n<\/svg>\t\t<\/div>\n\t\t\t\t\t<div class=\"elementor-container elementor-column-gap-default\">\n\t\t\t\t\t<div class=\"elementor-column elementor-col-100 elementor-top-column elementor-element elementor-element-da41125\" data-id=\"da41125\" data-element_type=\"column\" data-e-type=\"column\">\n\t\t\t<div class=\"elementor-widget-wrap elementor-element-populated\">\n\t\t\t\t\t\t<div class=\"elementor-element elementor-element-0e813c0 elementor-widget elementor-widget-heading\" data-id=\"0e813c0\" data-element_type=\"widget\" data-e-type=\"widget\" data-widget_type=\"heading.default\">\n\t\t\t\t\t<h6 class=\"elementor-heading-title elementor-size-default\">Documents for Download<\/h6>\t\t\t\t<\/div>\n\t\t\t\t\t<\/div>\n\t\t<\/div>\n\t\t\t\t\t<\/div>\n\t\t<\/section>\n\t\t<div class=\"elementor-element elementor-element-13f5fc8 e-flex e-con-boxed e-con e-parent\" data-id=\"13f5fc8\" data-element_type=\"container\" data-e-type=\"container\">\n\t\t\t\t\t<div class=\"e-con-inner\">\n\t\t<div class=\"elementor-element elementor-element-a08c40d e-grid e-con-full e-con e-child\" data-id=\"a08c40d\" data-element_type=\"container\" data-e-type=\"container\">\n\t\t\t\t<div class=\"elementor-element elementor-element-68d82b8 elementor-widget elementor-widget-heading\" data-id=\"68d82b8\" data-element_type=\"widget\" data-e-type=\"widget\" data-widget_type=\"heading.default\">\n\t\t\t\t\t<h2 class=\"elementor-heading-title elementor-size-default\">Power Supplies<\/h2>\t\t\t\t<\/div>\n\t\t\t\t<div class=\"elementor-element elementor-element-36b2186 elementor-widget elementor-widget-heading\" data-id=\"36b2186\" data-element_type=\"widget\" data-e-type=\"widget\" data-widget_type=\"heading.default\">\n\t\t\t\t\t<h2 class=\"elementor-heading-title elementor-size-default\">Ultrasonic Devices<\/h2>\t\t\t\t<\/div>\n\t\t\t\t<div class=\"elementor-element elementor-element-752b988 elementor-widget elementor-widget-heading\" data-id=\"752b988\" data-element_type=\"widget\" data-e-type=\"widget\" data-widget_type=\"heading.default\">\n\t\t\t\t\t<h2 class=\"elementor-heading-title elementor-size-default\">Other Products<\/h2>\t\t\t\t<\/div>\n\t\t\t\t<div class=\"elementor-element elementor-element-ec85c8a elementor-widget elementor-widget-html\" data-id=\"ec85c8a\" data-element_type=\"widget\" data-e-type=\"widget\" data-widget_type=\"html.default\">\n\t\t\t\t\t<table class=\"mojetabulka\">\r\n  <thead>\r\n    <tr>\r\n      <th>Type<\/th>\r\n      <th>Brochure<\/th>\r\n      <th>Vyhl\u00e1senie o zhode<\/th>\r\n    <\/tr>\r\n  <\/thead>\r\n  <tbody>\r\n    <tr>\r\n      <td data-label=\"Typ\">12 AD<\/td>\r\n      <td data-label=\"Prospekt\">\r\n         <a href=\"\/wp-content\/uploads\/pdf\/p_12ad.pdf\" target=\"_blank\" rel=\"noopener noreferrer\">\r\n        <img decoding=\"async\" src=\"\/wp-content\/uploads\/2025\/10\/icon_pdf.gif\" alt=\"Ikona\" class=\"icon\">\r\n      <\/td>\r\n      <td data-label=\"Vyhl\u00e1senie o zhode\">\r\n         <a href=\"\/wp-content\/uploads\/pdf\/Vyhlasenie_o_zhode_12AD.pdf\" target=\"_blank\" rel=\"noopener noreferrer\">\r\n        <img decoding=\"async\" src=\"\/wp-content\/uploads\/2025\/10\/icon_pdf.gif\" alt=\"Ikona\" class=\"icon\">\r\n      <\/td>\r\n    <\/tr>\r\n    <tr>\r\n      <td data-label=\"Typ\">16 AD<\/td>\r\n      <td data-label=\"Prospekt\">\r\n         <a href=\"\/wp-content\/uploads\/pdf\/p_16ad.pdf\" target=\"_blank\" rel=\"noopener noreferrer\">\r\n        <img decoding=\"async\" src=\"\/wp-content\/uploads\/2025\/10\/icon_pdf.gif\" alt=\"Ikona\" class=\"icon\">\r\n      <\/td>\r\n      <td data-label=\"Vyhl\u00e1senie o zhode\">\r\n         <a href=\"\/wp-content\/uploads\/pdf\/Vyhlasenie_o_zhode_16AD.pdf\" target=\"_blank\" rel=\"noopener noreferrer\">\r\n        <img decoding=\"async\" src=\"\/wp-content\/uploads\/2025\/10\/icon_pdf.gif\" alt=\"Ikona\" class=\"icon\">\r\n      <\/td>\r\n    <\/tr>\r\n    <tr>\r\n      <td data-label=\"Typ\">1 PS<\/td>\r\n      <td data-label=\"Prospekt\">\r\n         <a href=\"\/wp-content\/uploads\/pdf\/p_1ps.pdf\" target=\"_blank\" rel=\"noopener noreferrer\">\r\n        <img decoding=\"async\" src=\"\/wp-content\/uploads\/2025\/10\/icon_pdf.gif\" alt=\"Ikona\" class=\"icon\">\r\n      <\/td>\r\n      <td data-label=\"Vyhl\u00e1senie o zhode\">\r\n         <a href=\"\/wp-content\/uploads\/pdf\/Vyhlasenie_o_zhode_1PS.pdf\" target=\"_blank\" rel=\"noopener noreferrer\">\r\n        <img decoding=\"async\" src=\"\/wp-content\/uploads\/2025\/10\/icon_pdf.gif\" alt=\"Ikona\" class=\"icon\">\r\n      <\/td>\r\n    <\/tr>\r\n    <tr>\r\n      <td data-label=\"Typ\">75 PS<\/td>\r\n      <td data-label=\"Prospekt\">\r\n         <a href=\"\/wp-content\/uploads\/pdf\/p_75ps.pdf\" target=\"_blank\" rel=\"noopener noreferrer\">\r\n        <img decoding=\"async\" src=\"\/wp-content\/uploads\/2025\/10\/icon_pdf.gif\" alt=\"Ikona\" class=\"icon\">\r\n      <\/td>\r\n      <td data-label=\"Vyhl\u00e1senie o zhode\">\r\n         <a href=\"\/wp-content\/uploads\/pdf\/Vyhlasenie_o_zhode_75PS.pdf\" target=\"_blank\" rel=\"noopener noreferrer\">\r\n        <img decoding=\"async\" src=\"\/wp-content\/uploads\/2025\/10\/icon_pdf.gif\" alt=\"Ikona\" class=\"icon\">\r\n      <\/td>\r\n    <\/tr>\r\n    <tr>\r\n      <td data-label=\"Typ\">120 PS<\/td>\r\n      <td data-label=\"Prospekt\">\r\n         <a href=\"\/wp-content\/uploads\/pdf\/p_120ps.pdf\" target=\"_blank\" rel=\"noopener noreferrer\">\r\n        <img decoding=\"async\" src=\"\/wp-content\/uploads\/2025\/10\/icon_pdf.gif\" alt=\"Ikona\" class=\"icon\">\r\n      <\/td>\r\n      <td data-label=\"Vyhl\u00e1senie o zhode\">\r\n         <a href=\"\/wp-content\/uploads\/pdf\/Vyhlasenie_o_zhode_120PS.pdf\" target=\"_blank\" rel=\"noopener noreferrer\">\r\n        <img decoding=\"async\" src=\"\/wp-content\/uploads\/2025\/10\/icon_pdf.gif\" alt=\"Ikona\" class=\"icon\">\r\n      <\/td>\r\n    <\/tr>\r\n    <tr>\r\n      <td data-label=\"Typ\">SP150<\/td>\r\n      <td data-label=\"Prospekt\">\r\n         <a href=\"\/wp-content\/uploads\/pdf\/p_sp150.pdf\" target=\"_blank\" rel=\"noopener noreferrer\">\r\n        <img decoding=\"async\" src=\"\/wp-content\/uploads\/2025\/10\/icon_pdf.gif\" alt=\"Ikona\" class=\"icon\">\r\n      <\/td>\r\n      <td data-label=\"Prehl\u00e1senie o zhode\">\r\n         <a href=\"\/wp-content\/uploads\/pdf\/Prehlasenie_o_zhode_SP150.pdf\" target=\"_blank\" rel=\"noopener noreferrer\">\r\n        <img decoding=\"async\" src=\"\/wp-content\/uploads\/2025\/10\/icon_pdf.gif\" alt=\"Ikona\" class=\"icon\">\r\n      <\/td>\r\n    <\/tr>\r\n    <tr>\r\n      <td data-label=\"Typ\">K-40<\/td>\r\n      <td data-label=\"Prospekt\">\r\n         <a href=\"\/wp-content\/uploads\/pdf\/p_zvk_k40.pdf\" target=\"_blank\" rel=\"noopener noreferrer\">\r\n        <img decoding=\"async\" src=\"\/wp-content\/uploads\/2025\/10\/icon_pdf.gif\" alt=\"Ikona\" class=\"icon\">\r\n      <\/td>\r\n      <td data-label=\"Vyhl\u00e1senie o zhode\">\r\n         <a href=\"\/wp-content\/uploads\/pdf\/Vyhlasenie_o_zhode_K-40.pdf\" target=\"_blank\" rel=\"noopener noreferrer\">\r\n        <img decoding=\"async\" src=\"\/wp-content\/uploads\/2025\/10\/icon_pdf.gif\" alt=\"Ikona\" class=\"icon\">\r\n      <\/td>\r\n    <\/tr>\r\n    <tr>\r\n      <td data-label=\"Typ\">12 DCR<\/td>\r\n      <td data-label=\"Prospekt\">\r\n         <a href=\"\/wp-content\/uploads\/pdf\/p_12dcr.pdf\" target=\"_blank\" rel=\"noopener noreferrer\">\r\n        <img decoding=\"async\" src=\"\/wp-content\/uploads\/2025\/10\/icon_pdf.gif\" alt=\"Ikona\" class=\"icon\">\r\n      <\/td>\r\n      <td data-label=\"Vyhl\u00e1senie o zhode\">\r\n         <a href=\"\/wp-content\/uploads\/pdf\/Vyhlasenie_o_zhode_12DCR.pdf\" target=\"_blank\" rel=\"noopener noreferrer\">\r\n        <img decoding=\"async\" src=\"\/wp-content\/uploads\/2025\/10\/icon_pdf.gif\" alt=\"Ikona\" class=\"icon\">\r\n      <\/td>\r\n    <\/tr>\r\n  <\/tbody>\r\n<\/table>\r\n\t\t\t\t<\/div>\n\t\t\t\t<div class=\"elementor-element elementor-element-870cd10 elementor-widget elementor-widget-html\" data-id=\"870cd10\" data-element_type=\"widget\" data-e-type=\"widget\" data-widget_type=\"html.default\">\n\t\t\t\t\t<table class=\"mojetabulka\">\r\n  <thead>\r\n    <tr>\r\n      <th>Type<\/th>\r\n      <th>Brochure<\/th>\r\n      <th>Vyhl\u00e1senie o zhode<\/th>\r\n    <\/tr>\r\n  <\/thead>\r\n  <tbody>\r\n    <tr>\r\n        \r\n    <\/tr>\r\n    <tr>\r\n      <td data-label=\"Typ\">UCEI<\/td>\r\n      <td data-label=\"Prospekt\">\r\n         <a href=\"\/wp-content\/uploads\/pdf\/p_ucei.pdf\" target=\"_blank\" rel=\"noopener noreferrer\">\r\n        <img decoding=\"async\" src=\"\/wp-content\/uploads\/2025\/10\/icon_pdf.gif\" alt=\"Ikona\" class=\"icon\">\r\n      <\/td>\r\n      <td data-label=\"Prehl\u00e1senie o zhode\">\r\n         <a href=\"\/wp-content\/uploads\/pdf\/prehl\u00e1senie o zhode UCEI.pdf\" target=\"_blank\" rel=\"noopener noreferrer\">\r\n        <img decoding=\"async\" src=\"\/wp-content\/uploads\/2025\/10\/icon_pdf.gif\" alt=\"Ikona\" class=\"icon\">\r\n      <\/td>\r\n    <\/tr>\r\n    <\/tr>\r\n    <tr>\r\n      <td data-label=\"Typ\">UCI<\/td>\r\n      <td data-label=\"Prospekt\">\r\n         <a href=\"\/wp-content\/uploads\/pdf\/p_uci.pdf\" target=\"_blank\" rel=\"noopener noreferrer\">\r\n        <img decoding=\"async\" src=\"\/wp-content\/uploads\/2025\/10\/icon_pdf.gif\" alt=\"Ikona\" class=\"icon\">\r\n      <\/td>\r\n      <td data-label=\"Prehl\u00e1senie o zhode\">\r\n         <a href=\"\/wp-content\/uploads\/pdf\/Prehlasenie_o_zhode_UCI.pdf\" target=\"_blank\" rel=\"noopener noreferrer\">\r\n        <img decoding=\"async\" src=\"\/wp-content\/uploads\/2025\/10\/icon_pdf.gif\" alt=\"Ikona\" class=\"icon\">\r\n      <\/td>\r\n    <\/tr>\r\n    <tr>\r\n      <td data-label=\"Typ\">UC10<\/td>\r\n      <td data-label=\"Prospekt\">\r\n         <a href=\"\/wp-content\/uploads\/pdf\/p_uc10_sk.pdf\" target=\"_blank\" rel=\"noopener noreferrer\">\r\n        <img decoding=\"async\" src=\"\/wp-content\/uploads\/2025\/10\/icon_pdf.gif\" alt=\"Ikona\" class=\"icon\">\r\n      <\/td>\r\n      <td data-label=\"Prehl\u00e1senie o zhode\">\r\n         <a href=\"\/wp-content\/uploads\/pdf\/prehl\u00e1senie o zhode UC10.pdf\" target=\"_blank\" rel=\"noopener noreferrer\">\r\n        <img decoding=\"async\" src=\"\/wp-content\/uploads\/2025\/10\/icon_pdf.gif\" alt=\"Ikona\" class=\"icon\">\r\n      <\/td>\r\n    <\/tr>\r\n    <tr>\r\n      <td data-label=\"Typ\">UWM<\/td>\r\n      <td data-label=\"Prospekt\">\r\n         <a href=\"\/wp-content\/uploads\/pdf\/Prospekt_RUZS.pdf\" target=\"_blank\" rel=\"noopener noreferrer\">\r\n        <img decoding=\"async\" src=\"\/wp-content\/uploads\/2025\/10\/icon_pdf.gif\" alt=\"Ikona\" class=\"icon\">\r\n      <\/td>\r\n    <\/tr>\r\n    <tr>\r\n      <td data-label=\"Typ\">UWCS <\/td>\r\n      <td data-label=\"Prospekt\">\r\n         <a href=\"\/wp-content\/uploads\/pdf\/Prospekt_RURS.pdf\" target=\"_blank\" rel=\"noopener noreferrer\">\r\n        <img decoding=\"async\" src=\"\/wp-content\/uploads\/2025\/10\/icon_pdf.gif\" alt=\"Ikona\" class=\"icon\">\r\n      <\/td>\r\n    <\/tr>\r\n    <tr>\r\n      <td data-label=\"Typ\">UCH<\/td>\r\n      <td data-label=\"Prospekt\">\r\n         <a href=\"\/wp-content\/uploads\/pdf\/Prospekt_RUCS.pdf\" target=\"_blank\" rel=\"noopener noreferrer\">\r\n        <img decoding=\"async\" src=\"\/wp-content\/uploads\/2025\/10\/icon_pdf.gif\" alt=\"Ikona\" class=\"icon\">\r\n      <\/td>\r\n    <\/tr>\r\n    <tr>\r\n      <td data-label=\"Typ\">UWP<\/td>\r\n      <td data-label=\"Prospekt\">\r\n         <a href=\"\/wp-content\/uploads\/pdf\/Prospekt_PUZS.pdf\" target=\"_blank\" rel=\"noopener noreferrer\">\r\n        <img decoding=\"async\" src=\"\/wp-content\/uploads\/2025\/10\/icon_pdf.gif\" alt=\"Ikona\" class=\"icon\">\r\n      <\/td>\r\n    <\/tr>\r\n    <tr>\r\n      <td data-label=\"Typ\">UCP<\/td>\r\n      <td data-label=\"Prospekt\">\r\n         <a href=\"\/wp-content\/uploads\/pdf\/Prospekt_PURS.pdf\" target=\"_blank\" rel=\"noopener noreferrer\">\r\n        <img decoding=\"async\" src=\"\/wp-content\/uploads\/2025\/10\/icon_pdf.gif\" alt=\"Ikona\" class=\"icon\">\r\n      <\/td>\r\n    <\/tr>\r\n    <tr>\r\n      <td data-label=\"Typ\">UMW<\/td>\r\n      <td data-label=\"Prospekt\">\r\n         <a href=\"\/wp-content\/uploads\/pdf\/Prospekt_PUZSK.pdf\" target=\"_blank\" rel=\"noopener noreferrer\">\r\n        <img decoding=\"async\" src=\"\/wp-content\/uploads\/2025\/10\/icon_pdf.gif\" alt=\"Ikona\" class=\"icon\">\r\n      <\/td>\r\n    <\/tr>\r\n  <\/tbody>\r\n<\/table>\r\n\t\t\t\t<\/div>\n\t\t\t\t<div class=\"elementor-element elementor-element-fbc6c5b elementor-widget elementor-widget-html\" data-id=\"fbc6c5b\" data-element_type=\"widget\" data-e-type=\"widget\" data-widget_type=\"html.default\">\n\t\t\t\t\t<table class=\"mojetabulka\">\r\n  <thead>\r\n    <tr>\r\n      <th>Type<\/th>\r\n      <th>Brochure<\/th>\r\n      <th>Vyhl\u00e1senie o zhode<\/th>\r\n    <\/tr>\r\n  <\/thead>\r\n  <tbody>\r\n    <tr>\r\n      <td data-label=\"Typ\">DO<\/td>\r\n      <td data-label=\"Prospekt\">\r\n         <a href=\"\/wp-content\/uploads\/pdf\/p_do_sk.pdf\" target=\"_blank\" rel=\"noopener noreferrer\">\r\n        <img decoding=\"async\" src=\"https:\/\/www.spower-prod.sk\/wp-content\/uploads\/2025\/10\/icon_pdf.gif\" alt=\"Ikona\" class=\"icon\">\r\n      <\/td>\r\n      <td data-label=\"Prehl\u00e1senie o zhode\">\r\n         <a href=\"\/wp-content\/uploads\/pdf\/Prehlasenie_o_zhode_DO.pdf\" target=\"_blank\" rel=\"noopener noreferrer\">\r\n        <img decoding=\"async\" src=\"https:\/\/www.spower-prod.sk\/wp-content\/uploads\/2025\/10\/icon_pdf.gif\" alt=\"Ikona\" class=\"icon\">\r\n      <\/td>\r\n    <\/tr>\r\n    <tr>\r\n      <td data-label=\"Typ\">OB<\/td>\r\n      <td data-label=\"Prospekt\">\r\n         <a href=\"\/wp-content\/uploads\/pdf\/p_ob.pdf\" target=\"_blank\" rel=\"noopener noreferrer\">\r\n        <img decoding=\"async\" src=\"https:\/\/www.spower-prod.sk\/wp-content\/uploads\/2025\/10\/icon_pdf.gif\" alt=\"Ikona\" class=\"icon\">\r\n      <\/td>\r\n      <td data-label=\"Vyhl\u00e1senie o zhode\">\r\n         <a href=\"\/wp-content\/uploads\/pdf\/Vyhlasenie_o_zhode_OB.pdf\" target=\"_blank\" rel=\"noopener noreferrer\">\r\n        <img decoding=\"async\" src=\"https:\/\/www.spower-prod.sk\/wp-content\/uploads\/2025\/10\/icon_pdf.gif\" alt=\"Ikona\" class=\"icon\">\r\n      <\/td>\r\n    <\/tr>\r\n  <\/tbody>\r\n<\/table>\r\n\t\t\t\t<\/div>\n\t\t\t\t<\/div>\n\t\t\t\t\t<\/div>\n\t\t\t\t<\/div>\n\t\t\t\t<\/div>","protected":false},"excerpt":{"rendered":"<p>Dokumenty na stiahnutie Zdroje Ultrazvuk Ostatn\u00e9 Typ Prospekt Vyhl\u00e1senie o zhode 12 AD 16 AD 1 PS 75 PS 120 PS SP150 K-40 12 DCR Typ Prospekt Vyhl\u00e1senie o zhode UCEI UCI UC10 UWM UWCS UCH UWP UCP UMW Typ Prospekt Vyhl\u00e1senie o zhode DO OB<\/p>","protected":false},"author":1,"featured_media":0,"parent":0,"menu_order":0,"comment_status":"closed","ping_status":"closed","template":"","meta":{"_kadence_starter_templates_imported_post":false,"_kad_post_transparent":"","_kad_post_title":"hide","_kad_post_layout":"fullwidth","_kad_post_sidebar_id":"","_kad_post_content_style":"unboxed","_kad_post_vertical_padding":"hide","_kad_post_feature":"hide","_kad_post_feature_position":"","_kad_post_header":false,"_kad_post_footer":false,"footnotes":""},"class_list":["post-1765","page","type-page","status-publish","hentry"],"_links":{"self":[{"href":"https:\/\/www.spower-prod.sk\/en\/wp-json\/wp\/v2\/pages\/1765","targetHints":{"allow":["GET"]}}],"collection":[{"href":"https:\/\/www.spower-prod.sk\/en\/wp-json\/wp\/v2\/pages"}],"about":[{"href":"https:\/\/www.spower-prod.sk\/en\/wp-json\/wp\/v2\/types\/page"}],"author":[{"embeddable":true,"href":"https:\/\/www.spower-prod.sk\/en\/wp-json\/wp\/v2\/users\/1"}],"replies":[{"embeddable":true,"href":"https:\/\/www.spower-prod.sk\/en\/wp-json\/wp\/v2\/comments?post=1765"}],"version-history":[{"count":124,"href":"https:\/\/www.spower-prod.sk\/en\/wp-json\/wp\/v2\/pages\/1765\/revisions"}],"predecessor-version":[{"id":10487,"href":"https:\/\/www.spower-prod.sk\/en\/wp-json\/wp\/v2\/pages\/1765\/revisions\/10487"}],"wp:attachment":[{"href":"https:\/\/www.spower-prod.sk\/en\/wp-json\/wp\/v2\/media?parent=1765"}],"curies":[{"name":"wp","href":"https:\/\/api.w.org\/{rel}","templated":true}]}}