{"id":179,"date":"2021-10-23T18:33:16","date_gmt":"2021-10-23T18:33:16","guid":{"rendered":"https:\/\/kits.themecy.com\/memberships-2\/?page_id=179"},"modified":"2026-01-31T12:14:15","modified_gmt":"2026-01-31T11:14:15","slug":"onas","status":"publish","type":"page","link":"https:\/\/www.spower-prod.sk\/en\/onas\/","title":{"rendered":"About us"},"content":{"rendered":"<div data-elementor-type=\"wp-page\" data-elementor-id=\"179\" class=\"elementor elementor-179\">\n\t\t\t\t\t\t<section class=\"elementor-section elementor-top-section elementor-element elementor-element-08a7615 elementor-section-boxed elementor-section-height-default elementor-section-height-default\" data-id=\"08a7615\" data-element_type=\"section\" data-e-type=\"section\" data-settings=\"{&quot;background_background&quot;:&quot;gradient&quot;,&quot;shape_divider_top&quot;:&quot;mountains&quot;}\">\n\t\t\t\t\t\t\t<div class=\"elementor-background-overlay\"><\/div>\n\t\t\t\t\t\t<div class=\"elementor-shape elementor-shape-top\" aria-hidden=\"true\" data-negative=\"false\">\n\t\t\t<svg xmlns=\"http:\/\/www.w3.org\/2000\/svg\" viewbox=\"0 0 1000 100\" preserveaspectratio=\"none\">\n\t<path class=\"elementor-shape-fill\" opacity=\"0.33\" d=\"M473,67.3c-203.9,88.3-263.1-34-320.3,0C66,119.1,0,59.7,0,59.7V0h1000v59.7 c0,0-62.1,26.1-94.9,29.3c-32.8,3.3-62.8-12.3-75.8-22.1C806,49.6,745.3,8.7,694.9,4.7S492.4,59,473,67.3z\"\/>\n\t<path class=\"elementor-shape-fill\" opacity=\"0.66\" d=\"M734,67.3c-45.5,0-77.2-23.2-129.1-39.1c-28.6-8.7-150.3-10.1-254,39.1 s-91.7-34.4-149.2,0C115.7,118.3,0,39.8,0,39.8V0h1000v36.5c0,0-28.2-18.5-92.1-18.5C810.2,18.1,775.7,67.3,734,67.3z\"\/>\n\t<path class=\"elementor-shape-fill\" d=\"M766.1,28.9c-200-57.5-266,65.5-395.1,19.5C242,1.8,242,5.4,184.8,20.6C128,35.8,132.3,44.9,89.9,52.5C28.6,63.7,0,0,0,0 h1000c0,0-9.9,40.9-83.6,48.1S829.6,47,766.1,28.9z\"\/>\n<\/svg>\t\t<\/div>\n\t\t\t\t\t<div class=\"elementor-container elementor-column-gap-default\">\n\t\t\t\t\t<div class=\"elementor-column elementor-col-100 elementor-top-column elementor-element elementor-element-141f798\" data-id=\"141f798\" data-element_type=\"column\" data-e-type=\"column\">\n\t\t\t<div class=\"elementor-widget-wrap elementor-element-populated\">\n\t\t\t\t\t\t<div class=\"elementor-element elementor-element-0cbede4 elementor-widget elementor-widget-heading\" data-id=\"0cbede4\" data-element_type=\"widget\" data-e-type=\"widget\" data-widget_type=\"heading.default\">\n\t\t\t\t\t<h6 class=\"elementor-heading-title elementor-size-default\">About us<\/h6>\t\t\t\t<\/div>\n\t\t\t\t<div class=\"elementor-element elementor-element-3f08464 elementor-widget elementor-widget-heading\" data-id=\"3f08464\" data-element_type=\"widget\" data-e-type=\"widget\" data-widget_type=\"heading.default\">\n\t\t\t\t\t<h1 class=\"elementor-heading-title elementor-size-default\">35 Years of Experience in the Market<\/h1>\t\t\t\t<\/div>\n\t\t\t\t\t<\/div>\n\t\t<\/div>\n\t\t\t\t\t<\/div>\n\t\t<\/section>\n\t\t<div class=\"elementor-element elementor-element-29a4b04 e-flex e-con-boxed e-con e-parent\" data-id=\"29a4b04\" data-element_type=\"container\" data-e-type=\"container\">\n\t\t\t\t\t<div class=\"e-con-inner\">\n\t\t\t\t<div class=\"elementor-element elementor-element-50ad63d elementor-widget elementor-widget-heading\" data-id=\"50ad63d\" data-element_type=\"widget\" data-e-type=\"widget\" data-widget_type=\"heading.default\">\n\t\t\t\t\t<h5 class=\"elementor-heading-title elementor-size-default\">Every Tradition Has a Beginning<\/h5>\t\t\t\t<\/div>\n\t\t\t\t<div class=\"elementor-element elementor-element-ead14a9 elementor-widget elementor-widget-text-editor\" data-id=\"ead14a9\" data-element_type=\"widget\" data-e-type=\"widget\" data-widget_type=\"text-editor.default\">\n\t\t\t\t\t\t\t\t\t<p>One of them began in 1990 in Bratislava with the founding of the company\u00a0<strong>S PoweR s.r.o.<\/strong><\/p><p>The company initially focused on the development and manufacturing of electronic devices, later expanding into trade. Its development efforts were mainly directed at stabilized power supplies and logic probes, while its trading activities centered on importing electronic components.<\/p><p>Four years later, the partners established two independent companies, which continued the activities of S PoweR s.r.o.<\/p><p>They established the trading company<strong>\u00a0S PoweR export-import s.r.o.\u00a0<\/strong>and\u00a0<strong>S PoweR product s.r.o.<\/strong>\u00a0, which was dedicated exclusively to the development and manufacturing of electronic devices.<\/p><p>The company\u00a0<strong>S PoweR product s.r.o.<\/strong>\u00a0was founded in February 1994, based in Bratislava, with its production facility located in Ostr\u00fd Gr\u00fa\u0148, a small village in central Slovakia.<\/p><p>The management continued to highly prioritize the company's development, which played a crucial role in advancing the company toward its established goals.<\/p>\t\t\t\t\t\t\t\t<\/div>\n\t\t\t\t\t<\/div>\n\t\t\t\t<\/div>\n\t\t<div class=\"elementor-element elementor-element-8152a9d e-flex e-con-boxed e-con e-parent\" data-id=\"8152a9d\" data-element_type=\"container\" data-e-type=\"container\">\n\t\t\t\t\t<div class=\"e-con-inner\">\n\t\t\t\t<div class=\"elementor-element elementor-element-e60f315 elementor-widget elementor-widget-heading\" data-id=\"e60f315\" data-element_type=\"widget\" data-e-type=\"widget\" data-widget_type=\"heading.default\">\n\t\t\t\t\t<h5 class=\"elementor-heading-title elementor-size-default\">Company Focus<\/h5>\t\t\t\t<\/div>\n\t\t\t\t<div class=\"elementor-element elementor-element-549374c elementor-widget elementor-widget-text-editor\" data-id=\"549374c\" data-element_type=\"widget\" data-e-type=\"widget\" data-widget_type=\"text-editor.default\">\n\t\t\t\t\t\t\t\t\t<p>Over time, the company established three core lines, consolidating all marketing, development, and production resources within them:<\/p><ul><li><strong>Stabilized Power Supplies<\/strong><\/li><li><strong>Ultrasonic Devices<\/strong><\/li><li><strong>Other Products<\/strong><\/li><\/ul><p>The first two lines contribute significantly to the company\u2019s stability, while the \u201cOther Products\u201d line is dedicated to short-term projects and products with a specialized focus.<\/p><p>In the mid-1990s, the company entered the field of ultrasound. At first, it produced ultrasonic generators for cleaning systems delivered through commercial partnerships. Gradually, this activity developed, and today the company focuses mainly on the following areas:<\/p><ul><li><strong>Ultrasonic Cleaning<\/strong><\/li><li><strong>Ultrasonic Cutting<\/strong><\/li><li><strong>Ultrasonic Insertion<\/strong><\/li><li><strong>Ultrasonic Welding<\/strong><\/li><\/ul><p>Quality and professionalism are essential elements consistently applied every day across management, marketing, development, production, and sales processes.<\/p><p>Ongoing\u00a0<strong>knowledge enhancement<\/strong>, taking\u00a0<strong>responsibility<\/strong>\u00a0in key areas, and careful\u00a0<strong>oversight<\/strong>\u00a0of activities ensure the company\u2019s success. Good traditions last, particularly when founded on solid principles and embraced by the whole team.<\/p>\t\t\t\t\t\t\t\t<\/div>\n\t\t\t\t\t<\/div>\n\t\t\t\t<\/div>\n\t\t\t\t<\/div>","protected":false},"excerpt":{"rendered":"<p>O n\u00e1s 35 rokov na trhu KA\u017dD\u00c1 TRAD\u00cdCIA NIEKDE ZA\u010c\u00cdNA Jedna z nich za\u010dala v roku 1990 v Bratislave zalo\u017een\u00edm firmy\u00a0S PoweR s.r.o. Jej \u010dinnos\u0165 bola zameran\u00e1 najm\u00e4 na v\u00fdvoj a v\u00fdrobu elektronick\u00fdch zariaden\u00ed a neskor\u0161ie aj na obchod. Predmetom v\u00fdvoja boli predov\u0161etk\u00fdm stabilizovan\u00e9 zdroje a logick\u00e9 sondy. Obchod bol zameran\u00fd najm\u00e4 na dovoz elektronick\u00fdch&#8230;<\/p>","protected":false},"author":1,"featured_media":488,"parent":0,"menu_order":0,"comment_status":"closed","ping_status":"closed","template":"","meta":{"_kadence_starter_templates_imported_post":true,"_kad_post_transparent":"","_kad_post_title":"hide","_kad_post_layout":"fullwidth","_kad_post_sidebar_id":"","_kad_post_content_style":"unboxed","_kad_post_vertical_padding":"hide","_kad_post_feature":"hide","_kad_post_feature_position":"","_kad_post_header":false,"_kad_post_footer":false,"footnotes":""},"class_list":["post-179","page","type-page","status-publish","has-post-thumbnail","hentry"],"_links":{"self":[{"href":"https:\/\/www.spower-prod.sk\/en\/wp-json\/wp\/v2\/pages\/179","targetHints":{"allow":["GET"]}}],"collection":[{"href":"https:\/\/www.spower-prod.sk\/en\/wp-json\/wp\/v2\/pages"}],"about":[{"href":"https:\/\/www.spower-prod.sk\/en\/wp-json\/wp\/v2\/types\/page"}],"author":[{"embeddable":true,"href":"https:\/\/www.spower-prod.sk\/en\/wp-json\/wp\/v2\/users\/1"}],"replies":[{"embeddable":true,"href":"https:\/\/www.spower-prod.sk\/en\/wp-json\/wp\/v2\/comments?post=179"}],"version-history":[{"count":167,"href":"https:\/\/www.spower-prod.sk\/en\/wp-json\/wp\/v2\/pages\/179\/revisions"}],"predecessor-version":[{"id":9277,"href":"https:\/\/www.spower-prod.sk\/en\/wp-json\/wp\/v2\/pages\/179\/revisions\/9277"}],"wp:featuredmedia":[{"embeddable":true,"href":"https:\/\/www.spower-prod.sk\/en\/wp-json\/"}],"wp:attachment":[{"href":"https:\/\/www.spower-prod.sk\/en\/wp-json\/wp\/v2\/media?parent=179"}],"curies":[{"name":"wp","href":"https:\/\/api.w.org\/{rel}","templated":true}]}}