{"id":180,"date":"2021-10-23T18:33:59","date_gmt":"2021-10-23T18:33:59","guid":{"rendered":"https:\/\/kits.themecy.com\/memberships-2\/?page_id=180"},"modified":"2026-02-26T15:10:24","modified_gmt":"2026-02-26T14:10:24","slug":"produkty","status":"publish","type":"page","link":"https:\/\/www.spower-prod.sk\/en\/produkty\/","title":{"rendered":"Products"},"content":{"rendered":"<div data-elementor-type=\"wp-page\" data-elementor-id=\"180\" class=\"elementor elementor-180\">\n\t\t\t\t\t\t<section class=\"elementor-section elementor-top-section elementor-element elementor-element-0d7b105 elementor-section-boxed elementor-section-height-default elementor-section-height-default\" data-id=\"0d7b105\" data-element_type=\"section\" data-e-type=\"section\" data-settings=\"{&quot;background_background&quot;:&quot;gradient&quot;,&quot;shape_divider_top&quot;:&quot;mountains&quot;}\">\n\t\t\t\t\t\t\t<div class=\"elementor-background-overlay\"><\/div>\n\t\t\t\t\t\t<div class=\"elementor-shape elementor-shape-top\" aria-hidden=\"true\" data-negative=\"false\">\n\t\t\t<svg xmlns=\"http:\/\/www.w3.org\/2000\/svg\" viewbox=\"0 0 1000 100\" preserveaspectratio=\"none\">\n\t<path class=\"elementor-shape-fill\" opacity=\"0.33\" d=\"M473,67.3c-203.9,88.3-263.1-34-320.3,0C66,119.1,0,59.7,0,59.7V0h1000v59.7 c0,0-62.1,26.1-94.9,29.3c-32.8,3.3-62.8-12.3-75.8-22.1C806,49.6,745.3,8.7,694.9,4.7S492.4,59,473,67.3z\"\/>\n\t<path class=\"elementor-shape-fill\" opacity=\"0.66\" d=\"M734,67.3c-45.5,0-77.2-23.2-129.1-39.1c-28.6-8.7-150.3-10.1-254,39.1 s-91.7-34.4-149.2,0C115.7,118.3,0,39.8,0,39.8V0h1000v36.5c0,0-28.2-18.5-92.1-18.5C810.2,18.1,775.7,67.3,734,67.3z\"\/>\n\t<path class=\"elementor-shape-fill\" d=\"M766.1,28.9c-200-57.5-266,65.5-395.1,19.5C242,1.8,242,5.4,184.8,20.6C128,35.8,132.3,44.9,89.9,52.5C28.6,63.7,0,0,0,0 h1000c0,0-9.9,40.9-83.6,48.1S829.6,47,766.1,28.9z\"\/>\n<\/svg>\t\t<\/div>\n\t\t\t\t\t<div class=\"elementor-container elementor-column-gap-default\">\n\t\t\t\t\t<div class=\"elementor-column elementor-col-100 elementor-top-column elementor-element elementor-element-c188a29\" data-id=\"c188a29\" data-element_type=\"column\" data-e-type=\"column\">\n\t\t\t<div class=\"elementor-widget-wrap elementor-element-populated\">\n\t\t\t\t\t\t<div class=\"elementor-element elementor-element-f0388a7 elementor-widget elementor-widget-heading\" data-id=\"f0388a7\" data-element_type=\"widget\" data-e-type=\"widget\" data-widget_type=\"heading.default\">\n\t\t\t\t\t<h6 class=\"elementor-heading-title elementor-size-default\">Products<\/h6>\t\t\t\t<\/div>\n\t\t\t\t\t<\/div>\n\t\t<\/div>\n\t\t\t\t\t<\/div>\n\t\t<\/section>\n\t\t<div class=\"elementor-element elementor-element-a873c64 e-con-full e-flex e-con e-parent\" data-id=\"a873c64\" data-element_type=\"container\" data-e-type=\"container\">\n\t\t<div class=\"elementor-element elementor-element-75feb9e e-con-full e-flex e-con e-child\" data-id=\"75feb9e\" data-element_type=\"container\" data-e-type=\"container\">\n\t\t\t\t<div class=\"elementor-element elementor-element-0cf1fc9 e-transform elementor-invisible elementor-widget elementor-widget-image\" data-id=\"0cf1fc9\" data-element_type=\"widget\" data-e-type=\"widget\" data-settings=\"{&quot;_animation&quot;:&quot;zoomIn&quot;,&quot;_transform_scale_effect_hover&quot;:{&quot;unit&quot;:&quot;px&quot;,&quot;size&quot;:1.100000000000000088817841970012523233890533447265625,&quot;sizes&quot;:[]},&quot;_transform_scale_effect_hover_tablet&quot;:{&quot;unit&quot;:&quot;px&quot;,&quot;size&quot;:&quot;&quot;,&quot;sizes&quot;:[]},&quot;_transform_scale_effect_hover_mobile&quot;:{&quot;unit&quot;:&quot;px&quot;,&quot;size&quot;:&quot;&quot;,&quot;sizes&quot;:[]}}\" data-widget_type=\"image.default\">\n\t\t\t\t\t\t\t\t\t\t\t\t\t\t\t\t<a href=\"\/en\/ultrazvuk\/\">\n\t\t\t\t\t\t\t<img fetchpriority=\"high\" decoding=\"async\" width=\"686\" height=\"153\" src=\"https:\/\/www.spower-prod.sk\/wp-content\/uploads\/2026\/02\/Ultrasonic_devices-scaled.png\" class=\"attachment-large size-large wp-image-2190\" alt=\"\" srcset=\"https:\/\/www.spower-prod.sk\/wp-content\/uploads\/2026\/02\/Ultrasonic_devices-scaled.png 2560w, https:\/\/www.spower-prod.sk\/wp-content\/uploads\/2026\/02\/Ultrasonic_devices-300x84.png 300w, https:\/\/www.spower-prod.sk\/wp-content\/uploads\/2026\/02\/Ultrasonic_devices-1024x286.png 1024w, https:\/\/www.spower-prod.sk\/wp-content\/uploads\/2026\/02\/Ultrasonic_devices-768x215.png 768w, https:\/\/www.spower-prod.sk\/wp-content\/uploads\/2026\/02\/Ultrasonic_devices-1536x429.png 1536w, https:\/\/www.spower-prod.sk\/wp-content\/uploads\/2026\/02\/Ultrasonic_devices-2048x572.png 2048w, https:\/\/www.spower-prod.sk\/wp-content\/uploads\/2026\/02\/Ultrasonic_devices-18x5.png 18w\" sizes=\"(max-width: 686px) 100vw, 686px\" \/>\t\t\t\t\t\t\t\t<\/a>\n\t\t\t\t\t\t\t\t\t\t\t\t\t\t\t<\/div>\n\t\t\t\t<div class=\"elementor-element elementor-element-8b67ce5 elementor-widget elementor-widget-text-editor\" data-id=\"8b67ce5\" data-element_type=\"widget\" data-e-type=\"widget\" data-widget_type=\"text-editor.default\">\n\t\t\t\t\t\t\t\t\t<p>- Cleaning Equipment<br \/>- Cutting Equipment<br \/>- Welding Equipment<br \/>- Ultrasonic Sonotrodes<br \/>- Ultrasonic Generators<\/p>\t\t\t\t\t\t\t\t<\/div>\n\t\t\t\t<\/div>\n\t\t<div class=\"elementor-element elementor-element-333ba5d e-con-full e-flex e-con e-child\" data-id=\"333ba5d\" data-element_type=\"container\" data-e-type=\"container\">\n\t\t\t\t<div class=\"elementor-element elementor-element-cc766c5 e-transform elementor-invisible elementor-widget elementor-widget-image\" data-id=\"cc766c5\" data-element_type=\"widget\" data-e-type=\"widget\" data-settings=\"{&quot;_animation&quot;:&quot;zoomIn&quot;,&quot;_transform_scale_effect_hover&quot;:{&quot;unit&quot;:&quot;px&quot;,&quot;size&quot;:1.100000000000000088817841970012523233890533447265625,&quot;sizes&quot;:[]},&quot;_transform_scale_effect_hover_tablet&quot;:{&quot;unit&quot;:&quot;px&quot;,&quot;size&quot;:&quot;&quot;,&quot;sizes&quot;:[]},&quot;_transform_scale_effect_hover_mobile&quot;:{&quot;unit&quot;:&quot;px&quot;,&quot;size&quot;:&quot;&quot;,&quot;sizes&quot;:[]}}\" data-widget_type=\"image.default\">\n\t\t\t\t\t\t\t\t\t\t\t\t\t\t\t\t<a href=\"\/en\/zdroje\/\">\n\t\t\t\t\t\t\t<img decoding=\"async\" width=\"686\" height=\"153\" src=\"https:\/\/www.spower-prod.sk\/wp-content\/uploads\/2026\/02\/Power_supplies-scaled.png\" class=\"attachment-large size-large wp-image-2191\" alt=\"\" srcset=\"https:\/\/www.spower-prod.sk\/wp-content\/uploads\/2026\/02\/Power_supplies-scaled.png 2560w, https:\/\/www.spower-prod.sk\/wp-content\/uploads\/2026\/02\/Power_supplies-300x84.png 300w, https:\/\/www.spower-prod.sk\/wp-content\/uploads\/2026\/02\/Power_supplies-1024x286.png 1024w, https:\/\/www.spower-prod.sk\/wp-content\/uploads\/2026\/02\/Power_supplies-768x215.png 768w, https:\/\/www.spower-prod.sk\/wp-content\/uploads\/2026\/02\/Power_supplies-1536x429.png 1536w, https:\/\/www.spower-prod.sk\/wp-content\/uploads\/2026\/02\/Power_supplies-2048x572.png 2048w, https:\/\/www.spower-prod.sk\/wp-content\/uploads\/2026\/02\/Power_supplies-18x5.png 18w\" sizes=\"(max-width: 686px) 100vw, 686px\" \/>\t\t\t\t\t\t\t\t<\/a>\n\t\t\t\t\t\t\t\t\t\t\t\t\t\t\t<\/div>\n\t\t\t\t<div class=\"elementor-element elementor-element-a3858e0 elementor-widget elementor-widget-text-editor\" data-id=\"a3858e0\" data-element_type=\"widget\" data-e-type=\"widget\" data-widget_type=\"text-editor.default\">\n\t\t\t\t\t\t\t\t\t<p>- AC\/DC Power Adapters <br \/>- Stabilized Power Supplies<br \/>- DC\/DC Converters<br \/>- Battery Chargers<\/p>\t\t\t\t\t\t\t\t<\/div>\n\t\t\t\t<\/div>\n\t\t<div class=\"elementor-element elementor-element-ddda3b9 e-con-full e-flex e-con e-child\" data-id=\"ddda3b9\" data-element_type=\"container\" data-e-type=\"container\">\n\t\t\t\t<div class=\"elementor-element elementor-element-a5a6a35 e-transform elementor-invisible elementor-widget elementor-widget-image\" data-id=\"a5a6a35\" data-element_type=\"widget\" data-e-type=\"widget\" data-settings=\"{&quot;_animation&quot;:&quot;zoomIn&quot;,&quot;_transform_scale_effect_hover&quot;:{&quot;unit&quot;:&quot;px&quot;,&quot;size&quot;:1.100000000000000088817841970012523233890533447265625,&quot;sizes&quot;:[]},&quot;_transform_scale_effect_hover_tablet&quot;:{&quot;unit&quot;:&quot;px&quot;,&quot;size&quot;:&quot;&quot;,&quot;sizes&quot;:[]},&quot;_transform_scale_effect_hover_mobile&quot;:{&quot;unit&quot;:&quot;px&quot;,&quot;size&quot;:&quot;&quot;,&quot;sizes&quot;:[]}}\" data-widget_type=\"image.default\">\n\t\t\t\t\t\t\t\t\t\t\t\t\t\t\t\t<a href=\"\/en\/ostatne\/\">\n\t\t\t\t\t\t\t<img decoding=\"async\" width=\"686\" height=\"153\" src=\"https:\/\/www.spower-prod.sk\/wp-content\/uploads\/2026\/02\/Other_products-scaled.png\" class=\"attachment-large size-large wp-image-2189\" alt=\"\" srcset=\"https:\/\/www.spower-prod.sk\/wp-content\/uploads\/2026\/02\/Other_products-scaled.png 2560w, https:\/\/www.spower-prod.sk\/wp-content\/uploads\/2026\/02\/Other_products-300x84.png 300w, https:\/\/www.spower-prod.sk\/wp-content\/uploads\/2026\/02\/Other_products-1024x286.png 1024w, https:\/\/www.spower-prod.sk\/wp-content\/uploads\/2026\/02\/Other_products-768x215.png 768w, https:\/\/www.spower-prod.sk\/wp-content\/uploads\/2026\/02\/Other_products-1536x429.png 1536w, https:\/\/www.spower-prod.sk\/wp-content\/uploads\/2026\/02\/Other_products-2048x572.png 2048w, https:\/\/www.spower-prod.sk\/wp-content\/uploads\/2026\/02\/Other_products-18x5.png 18w\" sizes=\"(max-width: 686px) 100vw, 686px\" \/>\t\t\t\t\t\t\t\t<\/a>\n\t\t\t\t\t\t\t\t\t\t\t\t\t\t\t<\/div>\n\t\t\t\t<div class=\"elementor-element elementor-element-0dc200e elementor-widget elementor-widget-text-editor\" data-id=\"0dc200e\" data-element_type=\"widget\" data-e-type=\"widget\" data-widget_type=\"text-editor.default\">\n\t\t\t\t\t\t\t\t\t<p>- Digital Ohmmeter<br \/>- Battery Disconnect Switch<\/p>\t\t\t\t\t\t\t\t<\/div>\n\t\t\t\t<\/div>\n\t\t\t\t<\/div>\n\t\t\t\t<\/div>","protected":false},"excerpt":{"rendered":"<p>Produkty &#8211; \u010distiace zariadenia&#8211; rezacie zariadenia&#8211; zv\u00e1racie zariadenia&#8211; ultrazvukov\u00e9 sonotr\u00f3dy&#8211; ultrazvukov\u00e9 gener\u00e1tory &#8211; AC\/DC adapt\u00e9ry &#8211; stabilizovan\u00e9 zdroje&#8211; DC\/DC meni\u010de&#8211; nab\u00edja\u010dky &#8211; digit\u00e1lne ohmmetre&#8211; odp\u00e1ja\u010de bat\u00e9rie<\/p>","protected":false},"author":1,"featured_media":0,"parent":0,"menu_order":0,"comment_status":"closed","ping_status":"closed","template":"","meta":{"_kadence_starter_templates_imported_post":true,"_kad_post_transparent":"","_kad_post_title":"hide","_kad_post_layout":"fullwidth","_kad_post_sidebar_id":"","_kad_post_content_style":"unboxed","_kad_post_vertical_padding":"hide","_kad_post_feature":"hide","_kad_post_feature_position":"","_kad_post_header":false,"_kad_post_footer":false,"footnotes":""},"class_list":["post-180","page","type-page","status-publish","hentry"],"_links":{"self":[{"href":"https:\/\/www.spower-prod.sk\/en\/wp-json\/wp\/v2\/pages\/180","targetHints":{"allow":["GET"]}}],"collection":[{"href":"https:\/\/www.spower-prod.sk\/en\/wp-json\/wp\/v2\/pages"}],"about":[{"href":"https:\/\/www.spower-prod.sk\/en\/wp-json\/wp\/v2\/types\/page"}],"author":[{"embeddable":true,"href":"https:\/\/www.spower-prod.sk\/en\/wp-json\/wp\/v2\/users\/1"}],"replies":[{"embeddable":true,"href":"https:\/\/www.spower-prod.sk\/en\/wp-json\/wp\/v2\/comments?post=180"}],"version-history":[{"count":103,"href":"https:\/\/www.spower-prod.sk\/en\/wp-json\/wp\/v2\/pages\/180\/revisions"}],"predecessor-version":[{"id":10019,"href":"https:\/\/www.spower-prod.sk\/en\/wp-json\/wp\/v2\/pages\/180\/revisions\/10019"}],"wp:attachment":[{"href":"https:\/\/www.spower-prod.sk\/en\/wp-json\/wp\/v2\/media?parent=180"}],"curies":[{"name":"wp","href":"https:\/\/api.w.org\/{rel}","templated":true}]}}