{"id":183,"date":"2021-10-23T18:35:03","date_gmt":"2021-10-23T18:35:03","guid":{"rendered":"https:\/\/kits.themecy.com\/memberships-2\/?page_id=183"},"modified":"2026-02-26T09:32:36","modified_gmt":"2026-02-26T08:32:36","slug":"sluzby","status":"publish","type":"page","link":"https:\/\/www.spower-prod.sk\/en\/sluzby\/","title":{"rendered":"Services"},"content":{"rendered":"<div data-elementor-type=\"wp-page\" data-elementor-id=\"183\" class=\"elementor elementor-183\">\n\t\t\t\t\t\t<section class=\"elementor-section elementor-top-section elementor-element elementor-element-c33b8e6 elementor-section-boxed elementor-section-height-default elementor-section-height-default\" data-id=\"c33b8e6\" data-element_type=\"section\" data-e-type=\"section\" data-settings=\"{&quot;background_background&quot;:&quot;gradient&quot;,&quot;shape_divider_top&quot;:&quot;mountains&quot;}\">\n\t\t\t\t\t\t\t<div class=\"elementor-background-overlay\"><\/div>\n\t\t\t\t\t\t<div class=\"elementor-shape elementor-shape-top\" aria-hidden=\"true\" data-negative=\"false\">\n\t\t\t<svg xmlns=\"http:\/\/www.w3.org\/2000\/svg\" viewbox=\"0 0 1000 100\" preserveaspectratio=\"none\">\n\t<path class=\"elementor-shape-fill\" opacity=\"0.33\" d=\"M473,67.3c-203.9,88.3-263.1-34-320.3,0C66,119.1,0,59.7,0,59.7V0h1000v59.7 c0,0-62.1,26.1-94.9,29.3c-32.8,3.3-62.8-12.3-75.8-22.1C806,49.6,745.3,8.7,694.9,4.7S492.4,59,473,67.3z\"\/>\n\t<path class=\"elementor-shape-fill\" opacity=\"0.66\" d=\"M734,67.3c-45.5,0-77.2-23.2-129.1-39.1c-28.6-8.7-150.3-10.1-254,39.1 s-91.7-34.4-149.2,0C115.7,118.3,0,39.8,0,39.8V0h1000v36.5c0,0-28.2-18.5-92.1-18.5C810.2,18.1,775.7,67.3,734,67.3z\"\/>\n\t<path class=\"elementor-shape-fill\" d=\"M766.1,28.9c-200-57.5-266,65.5-395.1,19.5C242,1.8,242,5.4,184.8,20.6C128,35.8,132.3,44.9,89.9,52.5C28.6,63.7,0,0,0,0 h1000c0,0-9.9,40.9-83.6,48.1S829.6,47,766.1,28.9z\"\/>\n<\/svg>\t\t<\/div>\n\t\t\t\t\t<div class=\"elementor-container elementor-column-gap-default\">\n\t\t\t\t\t<div class=\"elementor-column elementor-col-100 elementor-top-column elementor-element elementor-element-53634de\" data-id=\"53634de\" data-element_type=\"column\" data-e-type=\"column\">\n\t\t\t<div class=\"elementor-widget-wrap elementor-element-populated\">\n\t\t\t\t\t\t<div class=\"elementor-element elementor-element-2b5d317 elementor-widget elementor-widget-heading\" data-id=\"2b5d317\" data-element_type=\"widget\" data-e-type=\"widget\" data-widget_type=\"heading.default\">\n\t\t\t\t\t<h6 class=\"elementor-heading-title elementor-size-default\">Services<\/h6>\t\t\t\t<\/div>\n\t\t\t\t\t<\/div>\n\t\t<\/div>\n\t\t\t\t\t<\/div>\n\t\t<\/section>\n\t\t\t\t<section class=\"elementor-section elementor-top-section elementor-element elementor-element-95a23b3 elementor-section-boxed elementor-section-height-default elementor-section-height-default\" data-id=\"95a23b3\" data-element_type=\"section\" data-e-type=\"section\" data-settings=\"{&quot;background_background&quot;:&quot;classic&quot;}\">\n\t\t\t\t\t\t<div class=\"elementor-container elementor-column-gap-default\">\n\t\t\t\t\t<div class=\"elementor-column elementor-col-100 elementor-top-column elementor-element elementor-element-41df479\" data-id=\"41df479\" data-element_type=\"column\" data-e-type=\"column\">\n\t\t\t<div class=\"elementor-widget-wrap elementor-element-populated\">\n\t\t\t\t\t\t<div class=\"elementor-element elementor-element-a3460cc elementor-widget elementor-widget-accordion\" data-id=\"a3460cc\" data-element_type=\"widget\" data-e-type=\"widget\" data-widget_type=\"accordion.default\">\n\t\t\t\t\t\t\t<div class=\"elementor-accordion\">\n\t\t\t\t\t\t\t<div class=\"elementor-accordion-item\">\n\t\t\t\t\t<div id=\"elementor-tab-title-1711\" class=\"elementor-tab-title\" data-tab=\"1\" role=\"button\" aria-controls=\"elementor-tab-content-1711\" aria-expanded=\"false\">\n\t\t\t\t\t\t\t\t\t\t\t\t\t<span class=\"elementor-accordion-icon elementor-accordion-icon-left\" aria-hidden=\"true\">\n\t\t\t\t\t\t\t\t\t\t\t\t\t\t\t<span class=\"elementor-accordion-icon-closed\"><svg class=\"e-font-icon-svg e-fas-plus\" viewbox=\"0 0 448 512\" xmlns=\"http:\/\/www.w3.org\/2000\/svg\"><path d=\"M416 208H272V64c0-17.67-14.33-32-32-32h-32c-17.67 0-32 14.33-32 32v144H32c-17.67 0-32 14.33-32 32v32c0 17.67 14.33 32 32 32h144v144c0 17.67 14.33 32 32 32h32c17.67 0 32-14.33 32-32V304h144c17.67 0 32-14.33 32-32v-32c0-17.67-14.33-32-32-32z\"><\/path><\/svg><\/span>\n\t\t\t\t\t\t\t\t<span class=\"elementor-accordion-icon-opened\"><svg class=\"e-font-icon-svg e-fas-minus\" viewbox=\"0 0 448 512\" xmlns=\"http:\/\/www.w3.org\/2000\/svg\"><path d=\"M416 208H32c-17.67 0-32 14.33-32 32v32c0 17.67 14.33 32 32 32h384c17.67 0 32-14.33 32-32v-32c0-17.67-14.33-32-32-32z\"><\/path><\/svg><\/span>\n\t\t\t\t\t\t\t\t\t\t\t\t\t\t<\/span>\n\t\t\t\t\t\t\t\t\t\t\t\t<a class=\"elementor-accordion-title\" tabindex=\"0\">Custom Ultrasonic Cleaning<\/a>\n\t\t\t\t\t<\/div>\n\t\t\t\t\t<div id=\"elementor-tab-content-1711\" class=\"elementor-tab-content elementor-clearfix\" data-tab=\"1\" role=\"region\" aria-labelledby=\"elementor-tab-title-1711\"><p>Ultrasonic cleaning is carried out through cavitation. In this process, ultrasonic waves create microbubbles in the cleaning liquid, which implode and remove contaminants from surfaces without causing mechanical damage.<\/p><p>Ultrasonic cleaning removes <strong>dirt<\/strong>, <strong>grease <\/strong>and other <strong>residues from parts<\/strong>.<\/p><p>This allows for effective cleaning of components with complex shapes and hard-to-reach areas, such as bores, bends, or threads.<\/p><p>For example, cleaning of:<\/p><ul><li>filters (especially hydraulic ones),<\/li><li>pipes,<\/li><li>carburetors,<\/li><li>engine blocks,<\/li><li>and many more items.<\/li><\/ul><p>If you have any questions, we will be happy to help.<\/p><p><img fetchpriority=\"high\" decoding=\"async\" class=\"alignnone wp-image-772\" src=\"https:\/\/www.spower-prod.sk\/wp-content\/uploads\/2025\/10\/filter_cistenie2-262x300.jpg\" alt=\"\" width=\"222\" height=\"254\" srcset=\"https:\/\/www.spower-prod.sk\/wp-content\/uploads\/2025\/10\/filter_cistenie2-262x300.jpg 262w, https:\/\/www.spower-prod.sk\/wp-content\/uploads\/2025\/10\/filter_cistenie2.jpg 600w\" sizes=\"(max-width: 222px) 100vw, 222px\" \/>\u00a0 \u00a0 \u00a0 \u00a0 <img decoding=\"async\" class=\"alignnone\" src=\"https:\/\/www.spower-prod.sk\/wp-content\/uploads\/2025\/10\/motor_cistenie-300x254.png\" alt=\"Obr. Karbur\u00e1tor motora\" width=\"300\" height=\"254\" \/><\/p><\/div>\n\t\t\t\t<\/div>\n\t\t\t\t\t\t\t<div class=\"elementor-accordion-item\">\n\t\t\t\t\t<div id=\"elementor-tab-title-1712\" class=\"elementor-tab-title\" data-tab=\"2\" role=\"button\" aria-controls=\"elementor-tab-content-1712\" aria-expanded=\"false\">\n\t\t\t\t\t\t\t\t\t\t\t\t\t<span class=\"elementor-accordion-icon elementor-accordion-icon-left\" aria-hidden=\"true\">\n\t\t\t\t\t\t\t\t\t\t\t\t\t\t\t<span class=\"elementor-accordion-icon-closed\"><svg class=\"e-font-icon-svg e-fas-plus\" viewbox=\"0 0 448 512\" xmlns=\"http:\/\/www.w3.org\/2000\/svg\"><path d=\"M416 208H272V64c0-17.67-14.33-32-32-32h-32c-17.67 0-32 14.33-32 32v144H32c-17.67 0-32 14.33-32 32v32c0 17.67 14.33 32 32 32h144v144c0 17.67 14.33 32 32 32h32c17.67 0 32-14.33 32-32V304h144c17.67 0 32-14.33 32-32v-32c0-17.67-14.33-32-32-32z\"><\/path><\/svg><\/span>\n\t\t\t\t\t\t\t\t<span class=\"elementor-accordion-icon-opened\"><svg class=\"e-font-icon-svg e-fas-minus\" viewbox=\"0 0 448 512\" xmlns=\"http:\/\/www.w3.org\/2000\/svg\"><path d=\"M416 208H32c-17.67 0-32 14.33-32 32v32c0 17.67 14.33 32 32 32h384c17.67 0 32-14.33 32-32v-32c0-17.67-14.33-32-32-32z\"><\/path><\/svg><\/span>\n\t\t\t\t\t\t\t\t\t\t\t\t\t\t<\/span>\n\t\t\t\t\t\t\t\t\t\t\t\t<a class=\"elementor-accordion-title\" tabindex=\"0\">Custom Parts Manufacturing<\/a>\n\t\t\t\t\t<\/div>\n\t\t\t\t\t<div id=\"elementor-tab-content-1712\" class=\"elementor-tab-content elementor-clearfix\" data-tab=\"2\" role=\"region\" aria-labelledby=\"elementor-tab-title-1712\"><p>We provide professional manufacturing of 3D parts and components using 3-axis CNC milling machines and lathes.<br \/>Manufacturing based on supplied technical documentation.<br \/>Single-piece or serial production by agreement.<\/p><p>If you have any questions, we will be happy to help.\u00a0<\/p><p>The images illustrate our machinery and equipment.<br \/><img decoding=\"async\" class=\"alignnone wp-image-779\" src=\"https:\/\/www.spower-prod.sk\/wp-content\/uploads\/2025\/10\/IMG_20251007_142202-300x185.jpg\" alt=\"\" width=\"278\" height=\"171\" srcset=\"https:\/\/www.spower-prod.sk\/wp-content\/uploads\/2025\/10\/IMG_20251007_142202-300x185.jpg 300w, https:\/\/www.spower-prod.sk\/wp-content\/uploads\/2025\/10\/IMG_20251007_142202-1024x631.jpg 1024w, https:\/\/www.spower-prod.sk\/wp-content\/uploads\/2025\/10\/IMG_20251007_142202-768x473.jpg 768w, https:\/\/www.spower-prod.sk\/wp-content\/uploads\/2025\/10\/IMG_20251007_142202-1536x947.jpg 1536w, https:\/\/www.spower-prod.sk\/wp-content\/uploads\/2025\/10\/IMG_20251007_142202-2048x1262.jpg 2048w\" sizes=\"(max-width: 278px) 100vw, 278px\" \/> <img loading=\"lazy\" decoding=\"async\" class=\"alignnone wp-image-777\" src=\"https:\/\/www.spower-prod.sk\/wp-content\/uploads\/2025\/10\/IMG_20210919_180921-300x169.jpg\" alt=\"\" width=\"303\" height=\"171\" srcset=\"https:\/\/www.spower-prod.sk\/wp-content\/uploads\/2025\/10\/IMG_20210919_180921-300x169.jpg 300w, https:\/\/www.spower-prod.sk\/wp-content\/uploads\/2025\/10\/IMG_20210919_180921-1024x576.jpg 1024w, https:\/\/www.spower-prod.sk\/wp-content\/uploads\/2025\/10\/IMG_20210919_180921-768x432.jpg 768w, https:\/\/www.spower-prod.sk\/wp-content\/uploads\/2025\/10\/IMG_20210919_180921-1536x864.jpg 1536w, https:\/\/www.spower-prod.sk\/wp-content\/uploads\/2025\/10\/IMG_20210919_180921-2048x1152.jpg 2048w\" sizes=\"(max-width: 303px) 100vw, 303px\" \/><br \/><img loading=\"lazy\" decoding=\"async\" class=\"alignnone size-medium wp-image-776\" src=\"https:\/\/www.spower-prod.sk\/wp-content\/uploads\/2025\/10\/IMG_20200430_194516-225x300.jpg\" alt=\"\" width=\"225\" height=\"300\" srcset=\"https:\/\/www.spower-prod.sk\/wp-content\/uploads\/2025\/10\/IMG_20200430_194516-225x300.jpg 225w, https:\/\/www.spower-prod.sk\/wp-content\/uploads\/2025\/10\/IMG_20200430_194516-768x1024.jpg 768w, https:\/\/www.spower-prod.sk\/wp-content\/uploads\/2025\/10\/IMG_20200430_194516-1152x1536.jpg 1152w, https:\/\/www.spower-prod.sk\/wp-content\/uploads\/2025\/10\/IMG_20200430_194516-1536x2048.jpg 1536w, https:\/\/www.spower-prod.sk\/wp-content\/uploads\/2025\/10\/IMG_20200430_194516-scaled.jpg 1920w\" sizes=\"(max-width: 225px) 100vw, 225px\" \/> \u00a0<\/p><\/div>\n\t\t\t\t<\/div>\n\t\t\t\t\t\t\t<div class=\"elementor-accordion-item\">\n\t\t\t\t\t<div id=\"elementor-tab-title-1713\" class=\"elementor-tab-title\" data-tab=\"3\" role=\"button\" aria-controls=\"elementor-tab-content-1713\" aria-expanded=\"false\">\n\t\t\t\t\t\t\t\t\t\t\t\t\t<span class=\"elementor-accordion-icon elementor-accordion-icon-left\" aria-hidden=\"true\">\n\t\t\t\t\t\t\t\t\t\t\t\t\t\t\t<span class=\"elementor-accordion-icon-closed\"><svg class=\"e-font-icon-svg e-fas-plus\" viewbox=\"0 0 448 512\" xmlns=\"http:\/\/www.w3.org\/2000\/svg\"><path d=\"M416 208H272V64c0-17.67-14.33-32-32-32h-32c-17.67 0-32 14.33-32 32v144H32c-17.67 0-32 14.33-32 32v32c0 17.67 14.33 32 32 32h144v144c0 17.67 14.33 32 32 32h32c17.67 0 32-14.33 32-32V304h144c17.67 0 32-14.33 32-32v-32c0-17.67-14.33-32-32-32z\"><\/path><\/svg><\/span>\n\t\t\t\t\t\t\t\t<span class=\"elementor-accordion-icon-opened\"><svg class=\"e-font-icon-svg e-fas-minus\" viewbox=\"0 0 448 512\" xmlns=\"http:\/\/www.w3.org\/2000\/svg\"><path d=\"M416 208H32c-17.67 0-32 14.33-32 32v32c0 17.67 14.33 32 32 32h384c17.67 0 32-14.33 32-32v-32c0-17.67-14.33-32-32-32z\"><\/path><\/svg><\/span>\n\t\t\t\t\t\t\t\t\t\t\t\t\t\t<\/span>\n\t\t\t\t\t\t\t\t\t\t\t\t<a class=\"elementor-accordion-title\" tabindex=\"0\">Ultrasonic Welding<\/a>\n\t\t\t\t\t<\/div>\n\t\t\t\t\t<div id=\"elementor-tab-content-1713\" class=\"elementor-tab-content elementor-clearfix\" data-tab=\"3\" role=\"region\" aria-labelledby=\"elementor-tab-title-1713\"><p>Ultrasonic welding ensures a very strong bond between two materials without the use of additional materials.<\/p><p><strong>- Welding<\/strong> (plastic housings, adapter cases, plastic enclosures, etc.)<\/p><p>We also provide other methods of joining plastic materials upon request.\u00a0<\/p><p><strong>- Spot Welding<\/strong><\/p><p><strong>- Riveting<\/strong><\/p><\/div>\n\t\t\t\t<\/div>\n\t\t\t\t\t\t\t<div class=\"elementor-accordion-item\">\n\t\t\t\t\t<div id=\"elementor-tab-title-1714\" class=\"elementor-tab-title\" data-tab=\"4\" role=\"button\" aria-controls=\"elementor-tab-content-1714\" aria-expanded=\"false\">\n\t\t\t\t\t\t\t\t\t\t\t\t\t<span class=\"elementor-accordion-icon elementor-accordion-icon-left\" aria-hidden=\"true\">\n\t\t\t\t\t\t\t\t\t\t\t\t\t\t\t<span class=\"elementor-accordion-icon-closed\"><svg class=\"e-font-icon-svg e-fas-plus\" viewbox=\"0 0 448 512\" xmlns=\"http:\/\/www.w3.org\/2000\/svg\"><path d=\"M416 208H272V64c0-17.67-14.33-32-32-32h-32c-17.67 0-32 14.33-32 32v144H32c-17.67 0-32 14.33-32 32v32c0 17.67 14.33 32 32 32h144v144c0 17.67 14.33 32 32 32h32c17.67 0 32-14.33 32-32V304h144c17.67 0 32-14.33 32-32v-32c0-17.67-14.33-32-32-32z\"><\/path><\/svg><\/span>\n\t\t\t\t\t\t\t\t<span class=\"elementor-accordion-icon-opened\"><svg class=\"e-font-icon-svg e-fas-minus\" viewbox=\"0 0 448 512\" xmlns=\"http:\/\/www.w3.org\/2000\/svg\"><path d=\"M416 208H32c-17.67 0-32 14.33-32 32v32c0 17.67 14.33 32 32 32h384c17.67 0 32-14.33 32-32v-32c0-17.67-14.33-32-32-32z\"><\/path><\/svg><\/span>\n\t\t\t\t\t\t\t\t\t\t\t\t\t\t<\/span>\n\t\t\t\t\t\t\t\t\t\t\t\t<a class=\"elementor-accordion-title\" tabindex=\"0\">Pren\u00e1jom zariaden\u00ed<\/a>\n\t\t\t\t\t<\/div>\n\t\t\t\t\t<div id=\"elementor-tab-content-1714\" class=\"elementor-tab-content elementor-clearfix\" data-tab=\"4\" role=\"region\" aria-labelledby=\"elementor-tab-title-1714\"><p>We offer rental of all ultrasonic equipment.<\/p><\/div>\n\t\t\t\t<\/div>\n\t\t\t\t\t\t\t\t<\/div>\n\t\t\t\t\t\t<\/div>\n\t\t\t\t\t<\/div>\n\t\t<\/div>\n\t\t\t\t\t<\/div>\n\t\t<\/section>\n\t\t\t\t<\/div>","protected":false},"excerpt":{"rendered":"<p>Slu\u017eby Z\u00e1kazkov\u00e9 ultrazvukov\u00e9 \u010distenie Ultrazvukov\u00e9 \u010distenie prebieha pomocou kavit\u00e1cie. Pri tomto procese\u00a0 ultrazvukov\u00e9 vlny vytv\u00e1raj\u00fa v \u010distiacej kvapaline mikrobublinky, ktor\u00e9 imploduj\u00fa a odstra\u0148uj\u00fa ne\u010distoty z povrchu bez mechanick\u00e9ho po\u0161kodenia. Ultrazvukov\u00e9 \u010distenie zbavuje diely ne\u010dist\u00f4t, mastnoty alebo in\u00fdch n\u00e1nosov. V\u010faka tomu je mo\u017en\u00e9 efekt\u00edvne \u010disti\u0165 aj diely komplexn\u00fdch tvarov a \u0165a\u017eko dostupn\u00e9 miesta, ako s\u00fa otvory,&#8230;<\/p>","protected":false},"author":1,"featured_media":497,"parent":0,"menu_order":0,"comment_status":"closed","ping_status":"closed","template":"","meta":{"_kadence_starter_templates_imported_post":true,"_kad_post_transparent":"","_kad_post_title":"hide","_kad_post_layout":"fullwidth","_kad_post_sidebar_id":"","_kad_post_content_style":"unboxed","_kad_post_vertical_padding":"hide","_kad_post_feature":"hide","_kad_post_feature_position":"","_kad_post_header":false,"_kad_post_footer":false,"footnotes":""},"class_list":["post-183","page","type-page","status-publish","has-post-thumbnail","hentry"],"_links":{"self":[{"href":"https:\/\/www.spower-prod.sk\/en\/wp-json\/wp\/v2\/pages\/183","targetHints":{"allow":["GET"]}}],"collection":[{"href":"https:\/\/www.spower-prod.sk\/en\/wp-json\/wp\/v2\/pages"}],"about":[{"href":"https:\/\/www.spower-prod.sk\/en\/wp-json\/wp\/v2\/types\/page"}],"author":[{"embeddable":true,"href":"https:\/\/www.spower-prod.sk\/en\/wp-json\/wp\/v2\/users\/1"}],"replies":[{"embeddable":true,"href":"https:\/\/www.spower-prod.sk\/en\/wp-json\/wp\/v2\/comments?post=183"}],"version-history":[{"count":101,"href":"https:\/\/www.spower-prod.sk\/en\/wp-json\/wp\/v2\/pages\/183\/revisions"}],"predecessor-version":[{"id":9963,"href":"https:\/\/www.spower-prod.sk\/en\/wp-json\/wp\/v2\/pages\/183\/revisions\/9963"}],"wp:featuredmedia":[{"embeddable":true,"href":"https:\/\/www.spower-prod.sk\/en\/wp-json\/"}],"wp:attachment":[{"href":"https:\/\/www.spower-prod.sk\/en\/wp-json\/wp\/v2\/media?parent=183"}],"curies":[{"name":"wp","href":"https:\/\/api.w.org\/{rel}","templated":true}]}}