{"id":3882,"date":"2025-10-27T09:29:31","date_gmt":"2025-10-27T08:29:31","guid":{"rendered":"https:\/\/www.spowerba.sk\/wp_test\/?page_id=3882"},"modified":"2026-02-01T20:36:21","modified_gmt":"2026-02-01T19:36:21","slug":"ultrazvukovy-sijaci-stroj","status":"publish","type":"page","link":"https:\/\/www.spower-prod.sk\/en\/ultrazvukovy-sijaci-stroj\/","title":{"rendered":"Ultrazvukov\u00fd \u0161ijac\u00ed stroj"},"content":{"rendered":"<div data-elementor-type=\"wp-page\" data-elementor-id=\"3882\" class=\"elementor elementor-3882\">\n\t\t\t\t<div class=\"elementor-element elementor-element-eae549e e-flex e-con-boxed e-con e-parent\" data-id=\"eae549e\" data-element_type=\"container\" data-e-type=\"container\">\n\t\t\t\t\t<div class=\"e-con-inner\">\n\t\t\t\t<div class=\"elementor-element elementor-element-c7802bc elementor-widget elementor-widget-heading\" data-id=\"c7802bc\" data-element_type=\"widget\" data-e-type=\"widget\" data-widget_type=\"heading.default\">\n\t\t\t\t\t<h2 class=\"elementor-heading-title elementor-size-default\">Ultrazvukov\u00fd \u0161ijac\u00ed stroj<\/h2>\t\t\t\t<\/div>\n\t\t\t\t\t<\/div>\n\t\t\t\t<\/div>\n\t\t<div class=\"elementor-element elementor-element-1be68ad e-flex e-con-boxed e-con e-parent\" data-id=\"1be68ad\" data-element_type=\"container\" data-e-type=\"container\">\n\t\t\t\t\t<div class=\"e-con-inner\">\n\t\t\t\t<div class=\"elementor-element elementor-element-7903046 elementor-widget elementor-widget-image\" data-id=\"7903046\" data-element_type=\"widget\" data-e-type=\"widget\" data-widget_type=\"image.default\">\n\t\t\t\t\t\t\t\t\t\t\t\t\t\t\t<img fetchpriority=\"high\" decoding=\"async\" width=\"300\" height=\"197\" src=\"https:\/\/www.spower-prod.sk\/wp-content\/uploads\/2025\/10\/IMG_2980-2-1-300x197.png\" class=\"attachment-medium size-medium wp-image-3943\" alt=\"\" srcset=\"https:\/\/www.spower-prod.sk\/wp-content\/uploads\/2025\/10\/IMG_2980-2-1-300x197.png 300w, https:\/\/www.spower-prod.sk\/wp-content\/uploads\/2025\/10\/IMG_2980-2-1-1024x673.png 1024w, https:\/\/www.spower-prod.sk\/wp-content\/uploads\/2025\/10\/IMG_2980-2-1-768x504.png 768w, https:\/\/www.spower-prod.sk\/wp-content\/uploads\/2025\/10\/IMG_2980-2-1.png 1512w\" sizes=\"(max-width: 300px) 100vw, 300px\" \/>\t\t\t\t\t\t\t\t\t\t\t\t\t\t\t<\/div>\n\t\t\t\t<div class=\"elementor-element elementor-element-448e424 elementor-widget elementor-widget-text-editor\" data-id=\"448e424\" data-element_type=\"widget\" data-e-type=\"widget\" data-widget_type=\"text-editor.default\">\n\t\t\t\t\t\t\t\t\t<ul><li>Samostatn\u00fd n\u00e1stroj<\/li><li>Mo\u017enos\u0165 doin\u0161talova\u0165 do svojho zariadenia<\/li><li>Rezacie kot\u00fa\u010de, no\u017ee alebo sonotr\u00f3dy<\/li><\/ul>\t\t\t\t\t\t\t\t<\/div>\n\t\t\t\t\t<\/div>\n\t\t\t\t<\/div>\n\t\t<div class=\"elementor-element elementor-element-08437b5 e-flex e-con-boxed e-con e-parent\" data-id=\"08437b5\" data-element_type=\"container\" data-e-type=\"container\">\n\t\t\t\t\t<div class=\"e-con-inner\">\n\t\t\t\t<div class=\"elementor-element elementor-element-3286aca elementor-widget elementor-widget-text-editor\" data-id=\"3286aca\" data-element_type=\"widget\" data-e-type=\"widget\" data-widget_type=\"text-editor.default\">\n\t\t\t\t\t\t\t\t\t<p>Ultrazvukov\u00e9 rezacie n\u00e1stroje s\u00fa v\u00fdborn\u00e9 na presn\u00e9, r\u00fdchle a \u010dist\u00e9 rezanie r\u00f4znych materi\u00e1lov \u2013 od potrav\u00edn a\u017e po technick\u00e9 plasty \u2013 s minim\u00e1lnym tren\u00edm, deform\u00e1ciou a odpadom.<br \/>Rezy s\u00fa \u010dist\u00e9, rovn\u00e9 a bez deform\u00e1ci\u00ed, \u010do je d\u00f4le\u017eit\u00e9 najm\u00e4 pri jemn\u00fdch alebo vrstven\u00fdch materi\u00e1loch.<br \/>Funguje na r\u00f4znych materi\u00e1loch \u2013 od m\u00e4kk\u00fdch (napr. potraviny, text\u00edlie) po tvrd\u00e9 (plasty, kompozity, kovov\u00e9 f\u00f3lie)<br \/><br \/>R\u00f4zne rezacie n\u00e1stroje sa daj\u00fa pou\u017ei\u0165 aj na robotick\u00fdch ramen\u00e1ch. Napr\u00edklad v automobilovom priemysle na narezanie otvorov do ko\u017eenky alebo \u010dal\u00fanenia. <br \/><br \/>Vyu\u017eitie: rezanie syrov, kol\u00e1\u010dov, \u010dokol\u00e1d, (v\u0161etko \u010do sa lep\u00ed na povrch no\u017ea). \u010ealej s\u00fa to syntetick\u00e9 vl\u00e1kna, f\u00f3lie, plastov\u00e9 komponenty, kovov\u00e9 f\u00f3lie, gurtne.\u00a0<\/p>\t\t\t\t\t\t\t\t<\/div>\n\t\t\t\t\t<\/div>\n\t\t\t\t<\/div>\n\t\t\t\t<\/div>","protected":false},"excerpt":{"rendered":"<p>Ultrazvukov\u00fd \u0161ijac\u00ed stroj Samostatn\u00fd n\u00e1stroj Mo\u017enos\u0165 doin\u0161talova\u0165 do svojho zariadenia Rezacie kot\u00fa\u010de, no\u017ee alebo sonotr\u00f3dy Ultrazvukov\u00e9 rezacie n\u00e1stroje s\u00fa v\u00fdborn\u00e9 na presn\u00e9, r\u00fdchle a \u010dist\u00e9 rezanie r\u00f4znych materi\u00e1lov \u2013 od potrav\u00edn a\u017e po technick\u00e9 plasty \u2013 s minim\u00e1lnym tren\u00edm, deform\u00e1ciou a odpadom.Rezy s\u00fa \u010dist\u00e9, rovn\u00e9 a bez deform\u00e1ci\u00ed, \u010do je d\u00f4le\u017eit\u00e9 najm\u00e4 pri jemn\u00fdch alebo&#8230;<\/p>","protected":false},"author":1,"featured_media":0,"parent":0,"menu_order":0,"comment_status":"closed","ping_status":"closed","template":"","meta":{"_kadence_starter_templates_imported_post":false,"_kad_post_transparent":"","_kad_post_title":"hide","_kad_post_layout":"fullwidth","_kad_post_sidebar_id":"","_kad_post_content_style":"unboxed","_kad_post_vertical_padding":"hide","_kad_post_feature":"hide","_kad_post_feature_position":"","_kad_post_header":false,"_kad_post_footer":false,"footnotes":""},"class_list":["post-3882","page","type-page","status-publish","hentry"],"_links":{"self":[{"href":"https:\/\/www.spower-prod.sk\/en\/wp-json\/wp\/v2\/pages\/3882","targetHints":{"allow":["GET"]}}],"collection":[{"href":"https:\/\/www.spower-prod.sk\/en\/wp-json\/wp\/v2\/pages"}],"about":[{"href":"https:\/\/www.spower-prod.sk\/en\/wp-json\/wp\/v2\/types\/page"}],"author":[{"embeddable":true,"href":"https:\/\/www.spower-prod.sk\/en\/wp-json\/wp\/v2\/users\/1"}],"replies":[{"embeddable":true,"href":"https:\/\/www.spower-prod.sk\/en\/wp-json\/wp\/v2\/comments?post=3882"}],"version-history":[{"count":86,"href":"https:\/\/www.spower-prod.sk\/en\/wp-json\/wp\/v2\/pages\/3882\/revisions"}],"predecessor-version":[{"id":9392,"href":"https:\/\/www.spower-prod.sk\/en\/wp-json\/wp\/v2\/pages\/3882\/revisions\/9392"}],"wp:attachment":[{"href":"https:\/\/www.spower-prod.sk\/en\/wp-json\/wp\/v2\/media?parent=3882"}],"curies":[{"name":"wp","href":"https:\/\/api.w.org\/{rel}","templated":true}]}}