{"id":4743,"date":"2025-11-06T12:08:49","date_gmt":"2025-11-06T11:08:49","guid":{"rendered":"https:\/\/www.spowerba.sk\/wp_test\/?page_id=4743"},"modified":"2026-03-10T16:14:10","modified_gmt":"2026-03-10T15:14:10","slug":"ultrazvukova-cistiaca-linka-prekladacia","status":"publish","type":"page","link":"https:\/\/www.spower-prod.sk\/en\/ultrazvukova-cistiaca-linka-prekladacia\/","title":{"rendered":"Ultrazvukov\u00e1 \u010distiaca linka prekladacia"},"content":{"rendered":"<div data-elementor-type=\"wp-page\" data-elementor-id=\"4743\" class=\"elementor elementor-4743\">\n\t\t\t\t<div class=\"elementor-element elementor-element-36beab7 e-flex e-con-boxed e-con e-parent\" data-id=\"36beab7\" data-element_type=\"container\" data-e-type=\"container\">\n\t\t\t\t\t<div class=\"e-con-inner\">\n\t\t\t\t<div class=\"elementor-element elementor-element-7e56fa8 elementor-widget elementor-widget-heading\" data-id=\"7e56fa8\" data-element_type=\"widget\" data-e-type=\"widget\" data-widget_type=\"heading.default\">\n\t\t\t\t\t<h2 class=\"elementor-heading-title elementor-size-default\">Multi-Stage Ultrasonic Transfer Line<\/h2>\t\t\t\t<\/div>\n\t\t\t\t\t<\/div>\n\t\t\t\t<\/div>\n\t\t<div class=\"elementor-element elementor-element-0828e4b e-con-full e-flex e-con e-parent\" data-id=\"0828e4b\" data-element_type=\"container\" data-e-type=\"container\">\n\t\t<div class=\"elementor-element elementor-element-30de394 e-flex e-con-boxed e-con e-child\" data-id=\"30de394\" data-element_type=\"container\" data-e-type=\"container\">\n\t\t\t\t\t<div class=\"e-con-inner\">\n\t\t\t\t<div class=\"elementor-element elementor-element-3db5348 elementor-widget elementor-widget-image\" data-id=\"3db5348\" data-element_type=\"widget\" data-e-type=\"widget\" data-widget_type=\"image.default\">\n\t\t\t\t\t\t\t\t\t\t\t\t\t\t\t<img fetchpriority=\"high\" decoding=\"async\" width=\"1024\" height=\"932\" src=\"https:\/\/www.spower-prod.sk\/wp-content\/uploads\/2025\/10\/IMG_20250925_173840-1024x932.png\" class=\"attachment-large size-large wp-image-815\" alt=\"\" srcset=\"https:\/\/www.spower-prod.sk\/wp-content\/uploads\/2025\/10\/IMG_20250925_173840-1024x932.png 1024w, https:\/\/www.spower-prod.sk\/wp-content\/uploads\/2025\/10\/IMG_20250925_173840-300x273.png 300w, https:\/\/www.spower-prod.sk\/wp-content\/uploads\/2025\/10\/IMG_20250925_173840-768x699.png 768w, https:\/\/www.spower-prod.sk\/wp-content\/uploads\/2025\/10\/IMG_20250925_173840-1536x1398.png 1536w, https:\/\/www.spower-prod.sk\/wp-content\/uploads\/2025\/10\/IMG_20250925_173840-2048x1864.png 2048w\" sizes=\"(max-width: 1024px) 100vw, 1024px\" \/>\t\t\t\t\t\t\t\t\t\t\t\t\t\t\t<\/div>\n\t\t<div class=\"elementor-element elementor-element-9ee149a e-con-full e-flex e-con e-child\" data-id=\"9ee149a\" data-element_type=\"container\" data-e-type=\"container\">\n\t\t\t\t<div class=\"elementor-element elementor-element-a2b6453 elementor-widget-divider--view-line elementor-widget elementor-widget-divider\" data-id=\"a2b6453\" data-element_type=\"widget\" data-e-type=\"widget\" data-widget_type=\"divider.default\">\n\t\t\t\t\t\t\t<div class=\"elementor-divider\">\n\t\t\t<span class=\"elementor-divider-separator\">\n\t\t\t\t\t\t<\/span>\n\t\t<\/div>\n\t\t\t\t\t\t<\/div>\n\t\t\t\t<div class=\"elementor-element elementor-element-eac6698 elementor-widget elementor-widget-text-editor\" data-id=\"eac6698\" data-element_type=\"widget\" data-e-type=\"widget\" data-widget_type=\"text-editor.default\">\n\t\t\t\t\t\t\t\t\t<ul><li>High-quality efficient cleaning<\/li><li>Custom solutions according to customer requirements<\/li><li>Synchronized cycle flow\u00a0<\/li><li><span style=\"color: #333333;\">Automated movement in all sections of the cleaning line<\/span><\/li><li><span style=\"background-color: rgba(0, 0, 0, 0);\">Comprehensive implementation from design to production<\/span><\/li><li>Modern engineering methods<\/li><li>Models for water-based solutions and flammable liquids<\/li><li>The line includes:<br \/>\u2013 input and output conveyors<br \/>\u2013 process tanks<\/li><\/ul>\t\t\t\t\t\t\t\t<\/div>\n\t\t\t\t<div class=\"elementor-element elementor-element-62290dd elementor-widget-divider--view-line elementor-widget elementor-widget-divider\" data-id=\"62290dd\" data-element_type=\"widget\" data-e-type=\"widget\" data-widget_type=\"divider.default\">\n\t\t\t\t\t\t\t<div class=\"elementor-divider\">\n\t\t\t<span class=\"elementor-divider-separator\">\n\t\t\t\t\t\t<\/span>\n\t\t<\/div>\n\t\t\t\t\t\t<\/div>\n\t\t\t\t<\/div>\n\t\t\t\t\t<\/div>\n\t\t\t\t<\/div>\n\t\t\t\t<\/div>\n\t\t<div class=\"elementor-element elementor-element-6c5d186 e-flex e-con-boxed e-con e-parent\" data-id=\"6c5d186\" data-element_type=\"container\" data-e-type=\"container\">\n\t\t\t\t\t<div class=\"e-con-inner\">\n\t\t\t\t<div class=\"elementor-element elementor-element-c95ff1f e-n-tabs-mobile elementor-widget elementor-widget-n-tabs\" data-id=\"c95ff1f\" data-element_type=\"widget\" data-e-type=\"widget\" data-settings=\"{&quot;horizontal_scroll&quot;:&quot;disable&quot;}\" data-widget_type=\"nested-tabs.default\">\n\t\t\t\t\t\t\t<div class=\"e-n-tabs\" data-widget-number=\"211156767\" aria-label=\"Tabs. Open items with Enter or Space, close with Escape and navigate using the Arrow keys.\" data-no-translation-aria-label=\"\">\n\t\t\t<div class=\"e-n-tabs-heading\" role=\"tablist\">\n\t\t\t\t\t<button id=\"e-n-tab-title-2111567671\" data-tab-title-id=\"e-n-tab-title-2111567671\" class=\"e-n-tab-title\" aria-selected=\"true\" data-tab-index=\"1\" role=\"tab\" tabindex=\"0\" aria-controls=\"e-n-tab-content-2111567671\" style=\"--n-tabs-title-order: 1;\">\n\t\t\t\t\t\t<span class=\"e-n-tab-title-text\">\n\t\t\t\tDescription\t\t\t<\/span>\n\t\t<\/button>\n\t\t\t\t<button id=\"e-n-tab-title-2111567672\" data-tab-title-id=\"e-n-tab-title-2111567672\" class=\"e-n-tab-title\" aria-selected=\"false\" data-tab-index=\"2\" role=\"tab\" tabindex=\"-1\" aria-controls=\"e-n-tab-content-2111567672\" style=\"--n-tabs-title-order: 2;\">\n\t\t\t\t\t\t<span class=\"e-n-tab-title-text\">\n\t\t\t\tTechnical parameters\t\t\t<\/span>\n\t\t<\/button>\n\t\t\t\t<button id=\"e-n-tab-title-2111567673\" data-tab-title-id=\"e-n-tab-title-2111567673\" class=\"e-n-tab-title\" aria-selected=\"false\" data-tab-index=\"3\" role=\"tab\" tabindex=\"-1\" aria-controls=\"e-n-tab-content-2111567673\" style=\"--n-tabs-title-order: 3;\">\n\t\t\t\t\t\t<span class=\"e-n-tab-title-text\">\n\t\t\t\tModels\t\t\t<\/span>\n\t\t<\/button>\n\t\t\t\t<button id=\"e-n-tab-title-2111567674\" data-tab-title-id=\"e-n-tab-title-2111567674\" class=\"e-n-tab-title\" aria-selected=\"false\" data-tab-index=\"4\" role=\"tab\" tabindex=\"-1\" aria-controls=\"e-n-tab-content-2111567674\" style=\"--n-tabs-title-order: 4;\">\n\t\t\t\t\t\t<span class=\"e-n-tab-title-text\">\n\t\t\t\tGallery\t\t\t<\/span>\n\t\t<\/button>\n\t\t\t\t<button id=\"e-n-tab-title-2111567675\" data-tab-title-id=\"e-n-tab-title-2111567675\" class=\"e-n-tab-title\" aria-selected=\"false\" data-tab-index=\"5\" role=\"tab\" tabindex=\"-1\" aria-controls=\"e-n-tab-content-2111567675\" style=\"--n-tabs-title-order: 5;\">\n\t\t\t\t\t\t<span class=\"e-n-tab-title-text\">\n\t\t\t\tVideos\t\t\t<\/span>\n\t\t<\/button>\n\t\t\t\t\t<\/div>\n\t\t\t<div class=\"e-n-tabs-content\">\n\t\t\t\t<div id=\"e-n-tab-content-2111567671\" role=\"tabpanel\" aria-labelledby=\"e-n-tab-title-2111567671\" data-tab-index=\"1\" style=\"--n-tabs-title-order: 1;\" class=\"e-active elementor-element elementor-element-b22de62 e-con-full e-flex e-con e-child\" data-id=\"b22de62\" data-element_type=\"container\" data-e-type=\"container\">\n\t\t\t\t<div class=\"elementor-element elementor-element-e70f369 elementor-widget elementor-widget-text-editor\" data-id=\"e70f369\" data-element_type=\"widget\" data-e-type=\"widget\" data-widget_type=\"text-editor.default\">\n\t\t\t\t\t\t\t\t\t<p><strong>Multi-Stage Ultrasonic Transfer Line \u2013 high-quality efficient cleaning<\/strong><\/p><p data-start=\"173\" data-end=\"475\">The Multi-Stage Ultrasonic Transfer Cleaning Line  is <strong>a PLC-controlled automated system<\/strong>designed for full integration into the customer's production processes. This line represents a modern solution for fast, precise, and highly reliable cleaning of a wide range of metallic and non-metallic parts. Thanks to its high process stability, it is an ideal choice for facilities requiring efficient industrial cleaning with consistent results.<\/p><p><span style=\"background-color: rgba(0, 0, 0, 0);\">The system is built on an aluminum frame equipped with stainless steel technological tanks for cleaning, rinsing, preservation, and drying processes. These tanks are integrated with an automated transfer system (manipulator) that collects process baskets from the input conveyor and progressively moves them through the individual stages of the line according to a set cycle time. Upon completion of the cycle, the cleaned and dried components are delivered to the output conveyor. As a result, the parts exit the line with a high standard of cleanliness, ready for the next operation or immediate dispatch.<\/span><\/p><p data-start=\"698\" data-end=\"727\"><strong data-start=\"703\" data-end=\"727\">Advantages of the multi-stage transfer ultrasonic line<\/strong><\/p><ul data-start=\"728\" data-end=\"1302\"><li data-start=\"728\" data-end=\"833\"><p data-start=\"730\" data-end=\"833\"><strong data-start=\"730\" data-end=\"766\">High cleaning standard<\/strong> \u2013 stable and repeatable results even for demanding applications.<\/p><\/li><li data-start=\"834\" data-end=\"936\"><p data-start=\"836\" data-end=\"936\"><strong data-start=\"836\" data-end=\"859\">Significant time savings<\/strong> \u2013 synchronized cycles running in all tanks simultaneously greatly enhance productivity.<\/p><\/li><li data-start=\"937\" data-end=\"1051\"><p data-start=\"939\" data-end=\"1051\"><strong data-start=\"939\" data-end=\"958\">High capacity<\/strong> \u2013 spacious baskets allow for cleaning a larger volume of components (depending on part dimensions).<\/p><\/li><li data-start=\"1052\" data-end=\"1222\"><p data-start=\"1054\" data-end=\"1222\"><strong data-start=\"1054\" data-end=\"1079\">Automated process<\/strong> \u2013 synchronized basket transfer between all sections ensures smooth operation from input to automatic discharge onto the output conveyor.<\/p><\/li><li data-start=\"1223\" data-end=\"1302\"><p data-start=\"1225\" data-end=\"1302\"><b data-path-to-node=\"3,4,0\" data-index-in-node=\"0\">Modular configuration<\/b> \u2013 the number and function of process tanks can be customized to meet the specific technological requirements of the customer.<\/p><\/li><\/ul><p><strong>Tank type<\/strong><\/p><ul><li>Cleaning tank\u00a0\u00a0<\/li><li>Rinsing tank<\/li><li>Preservation tank<\/li><li>Drying chamber<p><strong><br \/>The number and type of tanks can be customized according to the customer's requirements.<\/strong><\/p><\/li><\/ul><p><strong>Cleaning liquid<\/strong><\/p><p>The items to be cleaned are submerged in the cleaning liquid. Ultrasonic waves propagate through the liquid, inducing cavitation \u2013 a process of formation and implosion of microbubbles that mechanically and highly effectively remove contaminants from the surfaces of the parts.\u00a0<\/p><p>Applicable liquids: water-based liquids with cleaning additives, or flammable liquids with a flash point above 63\u00b0C.\u00a0<\/p>\t\t\t\t\t\t\t\t<\/div>\n\t\t\t\t<\/div>\n\t\t<div id=\"e-n-tab-content-2111567672\" role=\"tabpanel\" aria-labelledby=\"e-n-tab-title-2111567672\" data-tab-index=\"2\" style=\"--n-tabs-title-order: 2;\" class=\"elementor-element elementor-element-f102251 e-con-full e-flex e-con e-child\" data-id=\"f102251\" data-element_type=\"container\" data-e-type=\"container\">\n\t\t<div class=\"elementor-element elementor-element-1abea0d e-con-full e-flex e-con e-child\" data-id=\"1abea0d\" data-element_type=\"container\" data-e-type=\"container\">\n\t\t\t\t<div class=\"elementor-element elementor-element-8b9810e elementor-widget elementor-widget-heading\" data-id=\"8b9810e\" data-element_type=\"widget\" data-e-type=\"widget\" data-widget_type=\"heading.default\">\n\t\t\t\t\t<h2 class=\"elementor-heading-title elementor-size-default\">Table 1: Technical data for cleaner type - UCID4500C63 for flammable liquids<\/h2>\t\t\t\t<\/div>\n\t\t\t\t<div class=\"elementor-element elementor-element-464b1fb elementor-widget elementor-widget-html\" data-id=\"464b1fb\" data-element_type=\"widget\" data-e-type=\"widget\" data-widget_type=\"html.default\">\n\t\t\t\t\t<table class=\"mojetabulka\">\n  <thead>\n    <tr>\n    <\/tr>\n  <\/thead>\n  <tbody>\n    <tr>\n      <td>Supply voltage \/ frequency<\/td>\n      <td>3\/PEN AC~60 Hz, 460V \/ TN-C<\/td>\n    <\/tr>\n    <tr>\n      <td>Protected current (I)<\/td>\n      <td>63 A<\/td>\n    <\/tr>\n    <tr>\n      <td>Installed power input<\/td>\n      <td>25 000 W<\/td>\n    <\/tr>\n    <tr>\n      <td>Ultrasonic power input<\/td>\n      <td>4 500 W<\/td>\n    <\/tr>\n    <tr>\n      <td>Heating power input<\/td>\n      <td>14 000 W<\/td>\n    <\/tr>\n    <tr>\n      <td>Cooling capacity<\/td>\n      <td>11 kW<\/td>\n    <\/tr>\n    <tr>\n      <td>Min. flash point of the cleaning liquid<\/td>\n      <td>>-63\u00b0C<\/td>\n    <\/tr>\n    <tr>\n      <td>Cleaner type<\/td>\n      <td>A2<\/td>\n    <\/tr>\n    <tr>\n      <td>Max. operating temperature of the cleaning liquid<\/td>\n      <td>15\u00b0C lower than the minimum flash point of the cleaning liquid<\/td>\n    <\/tr>\n    <tr>\n      <td>Dimensions (W x L x H)\t<\/td>\n      <td>5720 x 2310 x 2060 mm<\/td>\n    <\/tr>\n    <tr>\n      <td>Tank volume<\/td>\n      <td>170 l<\/td>\n    <\/tr>\n    <tr>\n      <td>Pneumatic system working pressure\t<\/td>\n      <td>6 Bar<\/td>\n    <\/tr>\n    \n  <\/tbody>\n<\/table>\t\t\t\t<\/div>\n\t\t\t\t<\/div>\n\t\t<div class=\"elementor-element elementor-element-1b5f3c0 e-con-full e-flex e-con e-child\" data-id=\"1b5f3c0\" data-element_type=\"container\" data-e-type=\"container\">\n\t\t\t\t<div class=\"elementor-element elementor-element-6fc8bad elementor-widget elementor-widget-heading\" data-id=\"6fc8bad\" data-element_type=\"widget\" data-e-type=\"widget\" data-widget_type=\"heading.default\">\n\t\t\t\t\t<h2 class=\"elementor-heading-title elementor-size-default\">Table 2: Technical data for cleaner type - UCDL1401C63 for flammable liquids<\/h2>\t\t\t\t<\/div>\n\t\t\t\t<div class=\"elementor-element elementor-element-635ffe8 elementor-widget elementor-widget-html\" data-id=\"635ffe8\" data-element_type=\"widget\" data-e-type=\"widget\" data-widget_type=\"html.default\">\n\t\t\t\t\t<table class=\"mojetabulka\">\n  <thead>\n    <tr>\n    <\/tr>\n  <\/thead>\n  <tbody>\n    <tr>\n      <td>Supply voltage \/ frequency<\/td>\n      <td>3\/PEN AC~60 Hz, 440V \/ TN-C<\/td>\n    <\/tr>\n    <tr>\n      <td>Protected current (I)<\/td>\n      <td>32 A<\/td>\n    <\/tr>\n    <tr>\n      <td>Installed power input<\/td>\n      <td>15 000 W<\/td>\n    <\/tr>\n    <tr>\n      <td>Ultrasonic power input<\/td>\n      <td>2x750 W\/25kHz; 1x750W\/35kHz<\/td>\n    <\/tr>\n    <tr>\n      <td>Heating power input<\/td>\n      <td>3 000 W<\/td>\n    <\/tr>\n    <tr>\n      <td>Cooling capacity<\/td>\n      <td>9 kW<\/td>\n    <\/tr>\n    <tr>\n      <td>Min. flash point of the cleaning liquid<\/td>\n      <td>>-63\u00b0C<\/td>\n    <\/tr>\n    <tr>\n      <td>Cleaner type<\/td>\n      <td>A2<\/td>\n    <\/tr>\n    <tr>\n      <td>Max. operating temperature of the cleaning liquid<\/td>\n      <td>15\u00b0C lower than the minimum flash point of the cleaning liquid<\/td>\n    <\/tr>\n    <tr>\n      <td>Dimensions (W x L x H)\t<\/td>\n      <td>4320 x 1870 x 3180 mm<\/td>\n    <\/tr>\n    \n  <\/tbody>\n<\/table>\t\t\t\t<\/div>\n\t\t\t\t<\/div>\n\t\t<div class=\"elementor-element elementor-element-507275a e-con-full e-flex e-con e-child\" data-id=\"507275a\" data-element_type=\"container\" data-e-type=\"container\">\n\t\t\t\t<div class=\"elementor-element elementor-element-e8a0cda elementor-widget elementor-widget-heading\" data-id=\"e8a0cda\" data-element_type=\"widget\" data-e-type=\"widget\" data-widget_type=\"heading.default\">\n\t\t\t\t\t<h2 class=\"elementor-heading-title elementor-size-default\">Table 3: Technical data for cleaner type - UCDL2201\/MX\/VCPI<\/h2>\t\t\t\t<\/div>\n\t\t\t\t<div class=\"elementor-element elementor-element-6292e31 elementor-widget elementor-widget-html\" data-id=\"6292e31\" data-element_type=\"widget\" data-e-type=\"widget\" data-widget_type=\"html.default\">\n\t\t\t\t\t<table class=\"mojetabulka\">\n  <thead>\n    <tr>\n    <\/tr>\n  <\/thead>\n  <tbody>\n    <tr>\n      <td>Supply voltage \/ frequency<\/td>\n      <td>3\/PEN AC~60 Hz, 440V \/ TN-C<\/td>\n    <\/tr>\n    <tr>\n      <td>Protected current (I)<\/td>\n      <td>63 A<\/td>\n    <\/tr>\n    <tr>\n      <td>Installed power input<\/td>\n      <td>25 000 W<\/td>\n    <\/tr>\n    <tr>\n      <td>Ultrasonic power input<\/td>\n      <td>4 500 W<\/td>\n    <\/tr>\n    <tr>\n      <td>Heating power input<\/td>\n      <td>14 000 W<\/td>\n    <\/tr>\n    <tr>\n    <tr>\n      <td>Dimensions (W x L x H)\t<\/td>\n      <td>5720 x 2310 x 2060 mm<\/td>\n    <\/tr>\n    <tr>\n      <td>Tank volume<\/td>\n      <td>150 l<\/td>\n    <\/tr>\n    <tr>\n      <td>Pneumatic system working pressure<\/td>\n      <td>6 Bar<\/td>\n    <\/tr>\n    \n  <\/tbody>\n<\/table>\t\t\t\t<\/div>\n\t\t\t\t<\/div>\n\t\t\t\t<\/div>\n\t\t<div id=\"e-n-tab-content-2111567673\" role=\"tabpanel\" aria-labelledby=\"e-n-tab-title-2111567673\" data-tab-index=\"3\" style=\"--n-tabs-title-order: 3;\" class=\"elementor-element elementor-element-54b9d02 e-con-full e-flex e-con e-child\" data-id=\"54b9d02\" data-element_type=\"container\" data-e-type=\"container\">\n\t\t<div class=\"elementor-element elementor-element-ec93231 e-con-full e-flex e-con e-child\" data-id=\"ec93231\" data-element_type=\"container\" data-e-type=\"container\">\n\t\t\t\t<div class=\"elementor-element elementor-element-d9281c5 elementor-widget elementor-widget-text-editor\" data-id=\"d9281c5\" data-element_type=\"widget\" data-e-type=\"widget\" data-widget_type=\"text-editor.default\">\n\t\t\t\t\t\t\t\t\t<p>Type: UCID4500C63 \u2013 using cleaning liquid with a flash point above 63\u00b0C. <br \/>Consists of:<\/p><ol><li>Input conveyor<\/li><li>Cleaning tank<\/li><li>Rinsing tank<\/li><li>Drying chamber 1<\/li><li>Drying chamber 2<\/li><li>Output conveyor<\/li><\/ol>\t\t\t\t\t\t\t\t<\/div>\n\t\t\t\t<div class=\"elementor-element elementor-element-0a650fe elementor-widget elementor-widget-text-editor\" data-id=\"0a650fe\" data-element_type=\"widget\" data-e-type=\"widget\" data-widget_type=\"text-editor.default\">\n\t\t\t\t\t\t\t\t\t<p>Type: UCDL1401C63 \u2013 using cleaning liquid with a flash point above 63\u00b0C. <br \/>Consists of:<\/p><ol><li>Input conveyor<\/li><li>Cleaning tank<\/li><li>Drying chamber<\/li><li>Output conveyor<\/li><\/ol>\t\t\t\t\t\t\t\t<\/div>\n\t\t\t\t<div class=\"elementor-element elementor-element-2560657 elementor-widget elementor-widget-text-editor\" data-id=\"2560657\" data-element_type=\"widget\" data-e-type=\"widget\" data-widget_type=\"text-editor.default\">\n\t\t\t\t\t\t\t\t\t<p>Type: UCDL2201\/MX\/VCPI \u2013 using water-based cleaning liquid. <br \/>Consists of:<\/p><ol><li>Input conveyor<\/li><li>Cleaning tank<\/li><li>Rinsing tank<\/li><li>Preservation tank<\/li><li>Drying chamber\u00a0<\/li><li>Output conveyor<\/li><\/ol>\t\t\t\t\t\t\t\t<\/div>\n\t\t\t\t<\/div>\n\t\t\t\t<\/div>\n\t\t<div id=\"e-n-tab-content-2111567674\" role=\"tabpanel\" aria-labelledby=\"e-n-tab-title-2111567674\" data-tab-index=\"4\" style=\"--n-tabs-title-order: 4;\" class=\"elementor-element elementor-element-21a88ea e-flex e-con-boxed e-con e-child\" data-id=\"21a88ea\" data-element_type=\"container\" data-e-type=\"container\">\n\t\t\t\t\t<div class=\"e-con-inner\">\n\t\t\t\t<div class=\"elementor-element elementor-element-481f2a1 elementor-widget elementor-widget-image-gallery\" data-id=\"481f2a1\" data-element_type=\"widget\" data-e-type=\"widget\" data-widget_type=\"image-gallery.default\">\n\t\t\t\t\t\t\t<div class=\"elementor-image-gallery\">\n\t\t\t<div id='gallery-1' class='gallery galleryid-4743 gallery-columns-4 gallery-size-thumbnail'><figure class='gallery-item'>\n\t\t\t<div class='gallery-icon portrait'>\n\t\t\t\t<a data-elementor-open-lightbox=\"yes\" data-elementor-lightbox-slideshow=\"481f2a1\" data-elementor-lightbox-title=\"linka_prekladacia_rozmer\" data-e-action-hash=\"#elementor-action%3Aaction%3Dlightbox%26settings%3DeyJpZCI6NTc0OCwidXJsIjoiaHR0cHM6XC9cL3d3dy5zcG93ZXItcHJvZC5za1wvd3AtY29udGVudFwvdXBsb2Fkc1wvMjAyNVwvMTFcL2xpbmthX3ByZWtsYWRhY2lhX3Jvem1lci5wbmciLCJzbGlkZXNob3ciOiI0ODFmMmExIn0%3D\" href='https:\/\/www.spower-prod.sk\/wp-content\/uploads\/2025\/11\/linka_prekladacia_rozmer.png'><img decoding=\"async\" width=\"150\" height=\"150\" src=\"https:\/\/www.spower-prod.sk\/wp-content\/uploads\/2025\/11\/linka_prekladacia_rozmer-150x150.png\" class=\"attachment-thumbnail size-thumbnail\" alt=\"\" \/><\/a>\n\t\t\t<\/div><\/figure><figure class='gallery-item'>\n\t\t\t<div class='gallery-icon portrait'>\n\t\t\t\t<a data-elementor-open-lightbox=\"yes\" data-elementor-lightbox-slideshow=\"481f2a1\" data-elementor-lightbox-title=\"IMG_20250910_103816\" data-e-action-hash=\"#elementor-action%3Aaction%3Dlightbox%26settings%3DeyJpZCI6Nzk2NCwidXJsIjoiaHR0cHM6XC9cL3d3dy5zcG93ZXItcHJvZC5za1wvd3AtY29udGVudFwvdXBsb2Fkc1wvMjAyNVwvMTJcL0lNR18yMDI1MDkxMF8xMDM4MTYtc2NhbGVkLmpwZyIsInNsaWRlc2hvdyI6IjQ4MWYyYTEifQ%3D%3D\" href='https:\/\/www.spower-prod.sk\/wp-content\/uploads\/2025\/12\/IMG_20250910_103816-scaled.jpg'><img decoding=\"async\" width=\"150\" height=\"150\" src=\"https:\/\/www.spower-prod.sk\/wp-content\/uploads\/2025\/12\/IMG_20250910_103816-150x150.jpg\" class=\"attachment-thumbnail size-thumbnail\" alt=\"\" \/><\/a>\n\t\t\t<\/div><\/figure><figure class='gallery-item'>\n\t\t\t<div class='gallery-icon landscape'>\n\t\t\t\t<a data-elementor-open-lightbox=\"yes\" data-elementor-lightbox-slideshow=\"481f2a1\" data-elementor-lightbox-title=\"IMG_20250909_101109\" data-e-action-hash=\"#elementor-action%3Aaction%3Dlightbox%26settings%3DeyJpZCI6Nzk2MiwidXJsIjoiaHR0cHM6XC9cL3d3dy5zcG93ZXItcHJvZC5za1wvd3AtY29udGVudFwvdXBsb2Fkc1wvMjAyNVwvMTJcL0lNR18yMDI1MDkwOV8xMDExMDktc2NhbGVkLmpwZyIsInNsaWRlc2hvdyI6IjQ4MWYyYTEifQ%3D%3D\" href='https:\/\/www.spower-prod.sk\/wp-content\/uploads\/2025\/12\/IMG_20250909_101109-scaled.jpg'><img loading=\"lazy\" decoding=\"async\" width=\"150\" height=\"150\" src=\"https:\/\/www.spower-prod.sk\/wp-content\/uploads\/2025\/12\/IMG_20250909_101109-150x150.jpg\" class=\"attachment-thumbnail size-thumbnail\" alt=\"\" \/><\/a>\n\t\t\t<\/div><\/figure>\n\t\t<\/div>\n\t\t<\/div>\n\t\t\t\t\t\t<\/div>\n\t\t\t\t\t<\/div>\n\t\t\t\t<\/div>\n\t\t<div id=\"e-n-tab-content-2111567675\" role=\"tabpanel\" aria-labelledby=\"e-n-tab-title-2111567675\" data-tab-index=\"5\" style=\"--n-tabs-title-order: 5;\" class=\"elementor-element elementor-element-a6b5759 e-flex e-con-boxed e-con e-child\" data-id=\"a6b5759\" data-element_type=\"container\" data-e-type=\"container\">\n\t\t\t\t\t<div class=\"e-con-inner\">\n\t\t<div class=\"elementor-element elementor-element-d3b452f e-grid e-con-full e-con e-child\" data-id=\"d3b452f\" data-element_type=\"container\" data-e-type=\"container\">\n\t\t\t\t<div class=\"elementor-element elementor-element-4a7850a elementor-widget elementor-widget-video\" data-id=\"4a7850a\" data-element_type=\"widget\" data-e-type=\"widget\" data-settings=\"{&quot;youtube_url&quot;:&quot;https:\\\/\\\/youtu.be\\\/DQIRP_i4n_g&quot;,&quot;video_type&quot;:&quot;youtube&quot;,&quot;controls&quot;:&quot;yes&quot;}\" data-widget_type=\"video.default\">\n\t\t\t\t\t\t\t<div class=\"elementor-wrapper elementor-open-inline\">\n\t\t\t<div class=\"elementor-video\"><\/div>\t\t<\/div>\n\t\t\t\t\t\t<\/div>\n\t\t\t\t<div class=\"elementor-element elementor-element-861e314 elementor-widget elementor-widget-video\" data-id=\"861e314\" data-element_type=\"widget\" data-e-type=\"widget\" data-settings=\"{&quot;youtube_url&quot;:&quot;https:\\\/\\\/youtu.be\\\/ZcjdkkyFtmU&quot;,&quot;video_type&quot;:&quot;youtube&quot;,&quot;controls&quot;:&quot;yes&quot;}\" data-widget_type=\"video.default\">\n\t\t\t\t\t\t\t<div class=\"elementor-wrapper elementor-open-inline\">\n\t\t\t<div class=\"elementor-video\"><\/div>\t\t<\/div>\n\t\t\t\t\t\t<\/div>\n\t\t\t\t<div class=\"elementor-element elementor-element-67f33c8 elementor-widget elementor-widget-video\" data-id=\"67f33c8\" data-element_type=\"widget\" data-e-type=\"widget\" data-settings=\"{&quot;youtube_url&quot;:&quot;https:\\\/\\\/youtu.be\\\/xmiWEVwC7BY&quot;,&quot;video_type&quot;:&quot;youtube&quot;,&quot;controls&quot;:&quot;yes&quot;}\" data-widget_type=\"video.default\">\n\t\t\t\t\t\t\t<div class=\"elementor-wrapper elementor-open-inline\">\n\t\t\t<div class=\"elementor-video\"><\/div>\t\t<\/div>\n\t\t\t\t\t\t<\/div>\n\t\t\t\t<\/div>\n\t\t\t\t\t<\/div>\n\t\t\t\t<\/div>\n\t\t\t\t\t<\/div>\n\t\t<\/div>\n\t\t\t\t\t\t<\/div>\n\t\t\t\t\t<\/div>\n\t\t\t\t<\/div>\n\t\t\t\t<\/div>","protected":false},"excerpt":{"rendered":"<p>Ultrazvukov\u00e1 \u010distiaca linka &#8211; prekladacia Efekt\u00edvne \u010distenie vo vysokej kvalite Rie\u0161enie pod\u013ea po\u017eiadaviek z\u00e1kazn\u00edka Synchronizovan\u00fd priebeh cyklov\u00a0 Automatizovan\u00fd pohyb vo v\u0161etk\u00fdch \u010dastiach \u010distiacej linky Komplexn\u00e1 realiz\u00e1cia od n\u00e1vrhu po v\u00fdrobu Modern\u00e9 kon\u0161truk\u010dn\u00e9 postupy Varianty pre vodn\u00e9 roztoky aj hor\u013eav\u00e9 kvapaliny Linka obsahuje:&#8211; vstupn\u00fd a v\u00fdstupn\u00fd dopravn\u00edk&#8211; procesn\u00e9 vane Popis Technick\u00e9 \u00fadaje Modely Gal\u00e9ria Vide\u00e1 Ultrazvukov\u00e1&#8230;<\/p>","protected":false},"author":1,"featured_media":0,"parent":0,"menu_order":0,"comment_status":"closed","ping_status":"closed","template":"","meta":{"_kadence_starter_templates_imported_post":false,"_kad_post_transparent":"","_kad_post_title":"hide","_kad_post_layout":"fullwidth","_kad_post_sidebar_id":"","_kad_post_content_style":"unboxed","_kad_post_vertical_padding":"hide","_kad_post_feature":"hide","_kad_post_feature_position":"","_kad_post_header":false,"_kad_post_footer":false,"footnotes":""},"class_list":["post-4743","page","type-page","status-publish","hentry"],"_links":{"self":[{"href":"https:\/\/www.spower-prod.sk\/en\/wp-json\/wp\/v2\/pages\/4743","targetHints":{"allow":["GET"]}}],"collection":[{"href":"https:\/\/www.spower-prod.sk\/en\/wp-json\/wp\/v2\/pages"}],"about":[{"href":"https:\/\/www.spower-prod.sk\/en\/wp-json\/wp\/v2\/types\/page"}],"author":[{"embeddable":true,"href":"https:\/\/www.spower-prod.sk\/en\/wp-json\/wp\/v2\/users\/1"}],"replies":[{"embeddable":true,"href":"https:\/\/www.spower-prod.sk\/en\/wp-json\/wp\/v2\/comments?post=4743"}],"version-history":[{"count":241,"href":"https:\/\/www.spower-prod.sk\/en\/wp-json\/wp\/v2\/pages\/4743\/revisions"}],"predecessor-version":[{"id":10339,"href":"https:\/\/www.spower-prod.sk\/en\/wp-json\/wp\/v2\/pages\/4743\/revisions\/10339"}],"wp:attachment":[{"href":"https:\/\/www.spower-prod.sk\/en\/wp-json\/wp\/v2\/media?parent=4743"}],"curies":[{"name":"wp","href":"https:\/\/api.w.org\/{rel}","templated":true}]}}