{"id":677,"date":"2025-10-05T18:04:55","date_gmt":"2025-10-05T16:04:55","guid":{"rendered":"https:\/\/www.spowerba.sk\/wp_test\/?page_id=677"},"modified":"2026-02-26T10:16:16","modified_gmt":"2026-02-26T09:16:16","slug":"ultrazvukove-cistenie","status":"publish","type":"page","link":"https:\/\/www.spower-prod.sk\/en\/ultrazvukove-cistenie\/","title":{"rendered":"Ultrazvukov\u00e9 \u010distenie"},"content":{"rendered":"<div data-elementor-type=\"wp-page\" data-elementor-id=\"677\" class=\"elementor elementor-677\">\n\t\t\t\t<div class=\"elementor-element elementor-element-e959d49 e-con-full e-flex e-con e-parent\" data-id=\"e959d49\" data-element_type=\"container\" data-e-type=\"container\" data-settings=\"{&quot;background_background&quot;:&quot;slideshow&quot;,&quot;background_slideshow_gallery&quot;:[],&quot;background_slideshow_loop&quot;:&quot;yes&quot;,&quot;background_slideshow_slide_duration&quot;:5000,&quot;background_slideshow_slide_transition&quot;:&quot;fade&quot;,&quot;background_slideshow_transition_duration&quot;:500}\">\n\t\t\t\t<div class=\"elementor-element elementor-element-85b6bca elementor-widget elementor-widget-heading\" data-id=\"85b6bca\" data-element_type=\"widget\" data-e-type=\"widget\" data-widget_type=\"heading.default\">\n\t\t\t\t\t<h2 class=\"elementor-heading-title elementor-size-default\">Ultrasonic cleaning<\/h2>\t\t\t\t<\/div>\n\t\t<div class=\"elementor-element elementor-element-59099e9 e-flex e-con-boxed e-con e-child\" data-id=\"59099e9\" data-element_type=\"container\" data-e-type=\"container\">\n\t\t\t\t\t<div class=\"e-con-inner\">\n\t\t\t\t<div class=\"elementor-element elementor-element-7c7d4cd elementor-widget__width-initial elementor-widget-mobile__width-inherit elementor-widget elementor-widget-text-editor\" data-id=\"7c7d4cd\" data-element_type=\"widget\" data-e-type=\"widget\" data-widget_type=\"text-editor.default\">\n\t\t\t\t\t\t\t\t\t<p><em><strong>Ultrasonic cleaning represents a modern, highly efficient solution for cleaning diverse objects. It is a process where items are cleaned in a liquid (most commonly water or a specialized solution) using ultrasonic waves.<\/strong><\/em><\/p>\t\t\t\t\t\t\t\t<\/div>\n\t\t\t\t<div class=\"elementor-element elementor-element-23c6be0 elementor-widget__width-inherit elementor-widget elementor-widget-text-editor\" data-id=\"23c6be0\" data-element_type=\"widget\" data-e-type=\"widget\" data-widget_type=\"text-editor.default\">\n\t\t\t\t\t\t\t\t\t<p style=\"margin-bottom: 32px;\"><strong>Benefits<\/strong><\/p><ul style=\"margin-top: 0px; margin-right: 0px; margin-left: 0px;\"><li>High-quality cleaning<\/li><li>High repeatability<\/li><li>Cleaning of hard-to-reach or inaccessible areas<\/li><li>No damage to the surface of cleaned objects<\/li><li>Cleaning liquid reusable for dozens to hundreds of cycles<\/li><li>Suitable for cleaning bearings, tubes, nozzles, filling tips, valves, threads, food crates, etc.<\/li><li>Applications in automotive, food, chemical, electrotechnical, and other industries.<\/li><\/ul>\t\t\t\t\t\t\t\t<\/div>\n\t\t\t\t\t<\/div>\n\t\t\t\t<\/div>\n\t\t\t\t<\/div>\n\t\t<div class=\"elementor-element elementor-element-64a139a e-flex e-con-boxed e-con e-parent\" data-id=\"64a139a\" data-element_type=\"container\" data-e-type=\"container\">\n\t\t\t\t\t<div class=\"e-con-inner\">\n\t\t\t\t<div class=\"elementor-element elementor-element-2e24fe2 elementor-widget elementor-widget-heading\" data-id=\"2e24fe2\" data-element_type=\"widget\" data-e-type=\"widget\" data-widget_type=\"heading.default\">\n\t\t\t\t\t<h2 class=\"elementor-heading-title elementor-size-default\">Product Range<\/h2>\t\t\t\t<\/div>\n\t\t\t\t\t<\/div>\n\t\t\t\t<\/div>\n\t\t<div class=\"elementor-element elementor-element-618ecd4 e-flex e-con-boxed e-con e-parent\" data-id=\"618ecd4\" data-element_type=\"container\" data-e-type=\"container\">\n\t\t\t\t\t<div class=\"e-con-inner\">\n\t\t<div class=\"elementor-element elementor-element-bd397ec e-con-full e-flex e-con e-child\" data-id=\"bd397ec\" data-element_type=\"container\" data-e-type=\"container\">\n\t\t\t\t<div class=\"elementor-element elementor-element-d82669e elementor-widget__width-inherit elementor-widget elementor-widget-image\" data-id=\"d82669e\" data-element_type=\"widget\" data-e-type=\"widget\" data-widget_type=\"image.default\">\n\t\t\t\t\t\t\t\t\t\t\t\t\t\t\t<img fetchpriority=\"high\" decoding=\"async\" width=\"1024\" height=\"1024\" src=\"https:\/\/www.spower-prod.sk\/wp-content\/uploads\/2025\/11\/IMG_20251103_111352-1024x1024.png\" class=\"attachment-large size-large wp-image-4404\" alt=\"\" srcset=\"https:\/\/www.spower-prod.sk\/wp-content\/uploads\/2025\/11\/IMG_20251103_111352-1024x1024.png 1024w, https:\/\/www.spower-prod.sk\/wp-content\/uploads\/2025\/11\/IMG_20251103_111352-300x300.png 300w, https:\/\/www.spower-prod.sk\/wp-content\/uploads\/2025\/11\/IMG_20251103_111352-150x150.png 150w, https:\/\/www.spower-prod.sk\/wp-content\/uploads\/2025\/11\/IMG_20251103_111352-768x768.png 768w, https:\/\/www.spower-prod.sk\/wp-content\/uploads\/2025\/11\/IMG_20251103_111352-1536x1536.png 1536w, https:\/\/www.spower-prod.sk\/wp-content\/uploads\/2025\/11\/IMG_20251103_111352-2048x2048.png 2048w\" sizes=\"(max-width: 1024px) 100vw, 1024px\" \/>\t\t\t\t\t\t\t\t\t\t\t\t\t\t\t<\/div>\n\t\t\t\t<\/div>\n\t\t<div class=\"elementor-element elementor-element-f6fb805 e-con-full e-flex e-con e-child\" data-id=\"f6fb805\" data-element_type=\"container\" data-e-type=\"container\">\n\t\t\t\t<div class=\"elementor-element elementor-element-d053df8 elementor-widget elementor-widget-text-editor\" data-id=\"d053df8\" data-element_type=\"widget\" data-e-type=\"widget\" data-widget_type=\"text-editor.default\">\n\t\t\t\t\t\t\t\t\t<p><a href=\"\/en\/rucna-ultrazvukova-cistiaca-suprava\/\">Handheld Ultrasonic Cleaning Kit<\/a><\/p>\t\t\t\t\t\t\t\t<\/div>\n\t\t\t\t<div class=\"elementor-element elementor-element-634a37f elementor-widget elementor-widget-text-editor\" data-id=\"634a37f\" data-element_type=\"widget\" data-e-type=\"widget\" data-widget_type=\"text-editor.default\">\n\t\t\t\t\t\t\t\t\t<p>For cleaning contaminated objects in a high-amplitude, near-field ultrasonic environment. <br \/>For cleaning screen-printing stencils, various meshes, and stencils used for applying solder paste or adhesive onto printed circuit boards (PCBs).<\/p>\t\t\t\t\t\t\t\t<\/div>\n\t\t\t\t<\/div>\n\t\t\t\t\t<\/div>\n\t\t\t\t<\/div>\n\t\t<div class=\"elementor-element elementor-element-74e5473 e-flex e-con-boxed e-con e-parent\" data-id=\"74e5473\" data-element_type=\"container\" data-e-type=\"container\">\n\t\t\t\t\t<div class=\"e-con-inner\">\n\t\t<div class=\"elementor-element elementor-element-10bf511 e-con-full e-flex e-con e-child\" data-id=\"10bf511\" data-element_type=\"container\" data-e-type=\"container\">\n\t\t\t\t<div class=\"elementor-element elementor-element-9b0b53f elementor-widget__width-inherit elementor-widget elementor-widget-image\" data-id=\"9b0b53f\" data-element_type=\"widget\" data-e-type=\"widget\" data-widget_type=\"image.default\">\n\t\t\t\t\t\t\t\t\t\t\t\t\t\t\t<img decoding=\"async\" width=\"1024\" height=\"926\" src=\"https:\/\/www.spower-prod.sk\/wp-content\/uploads\/2025\/10\/UCEI_40_bp-1-1024x926.png\" class=\"attachment-large size-large wp-image-3957\" alt=\"\" srcset=\"https:\/\/www.spower-prod.sk\/wp-content\/uploads\/2025\/10\/UCEI_40_bp-1-1024x926.png 1024w, https:\/\/www.spower-prod.sk\/wp-content\/uploads\/2025\/10\/UCEI_40_bp-1-300x271.png 300w, https:\/\/www.spower-prod.sk\/wp-content\/uploads\/2025\/10\/UCEI_40_bp-1-768x694.png 768w, https:\/\/www.spower-prod.sk\/wp-content\/uploads\/2025\/10\/UCEI_40_bp-1.png 1115w\" sizes=\"(max-width: 1024px) 100vw, 1024px\" \/>\t\t\t\t\t\t\t\t\t\t\t\t\t\t\t<\/div>\n\t\t\t\t<\/div>\n\t\t<div class=\"elementor-element elementor-element-7485aff e-con-full e-flex e-con e-child\" data-id=\"7485aff\" data-element_type=\"container\" data-e-type=\"container\">\n\t\t\t\t<div class=\"elementor-element elementor-element-232b979 elementor-widget elementor-widget-text-editor\" data-id=\"232b979\" data-element_type=\"widget\" data-e-type=\"widget\" data-widget_type=\"text-editor.default\">\n\t\t\t\t\t\t\t\t\t<p><a href=\"\/en\/priemyselna-ultrazvukova-cisticka-ucei\/\">Industrial Ultrasonic Cleaner - UCEI<\/a><\/p>\t\t\t\t\t\t\t\t<\/div>\n\t\t\t\t<div class=\"elementor-element elementor-element-bd87fbd elementor-widget elementor-widget-text-editor\" data-id=\"bd87fbd\" data-element_type=\"widget\" data-e-type=\"widget\" data-widget_type=\"text-editor.default\">\n\t\t\t\t\t\t\t\t\t<p>Designed for cleaning objects in non-flammable liquids. Engineered for professional use, these units are characterized by their robustness and long service life.<\/p>\t\t\t\t\t\t\t\t<\/div>\n\t\t\t\t<\/div>\n\t\t\t\t\t<\/div>\n\t\t\t\t<\/div>\n\t\t<div class=\"elementor-element elementor-element-7d19355 e-flex e-con-boxed e-con e-parent\" data-id=\"7d19355\" data-element_type=\"container\" data-e-type=\"container\">\n\t\t\t\t\t<div class=\"e-con-inner\">\n\t\t<div class=\"elementor-element elementor-element-08b1f90 e-con-full e-flex e-con e-child\" data-id=\"08b1f90\" data-element_type=\"container\" data-e-type=\"container\">\n\t\t\t\t<div class=\"elementor-element elementor-element-488bc07 elementor-widget__width-inherit elementor-widget elementor-widget-image\" data-id=\"488bc07\" data-element_type=\"widget\" data-e-type=\"widget\" data-widget_type=\"image.default\">\n\t\t\t\t\t\t\t\t\t\t\t\t\t\t\t<img decoding=\"async\" width=\"1024\" height=\"1024\" src=\"https:\/\/www.spower-prod.sk\/wp-content\/uploads\/2025\/10\/UCI_30.600.C55_bp-1-1024x1024.png\" class=\"attachment-large size-large wp-image-4048\" alt=\"\" srcset=\"https:\/\/www.spower-prod.sk\/wp-content\/uploads\/2025\/10\/UCI_30.600.C55_bp-1-1024x1024.png 1024w, https:\/\/www.spower-prod.sk\/wp-content\/uploads\/2025\/10\/elementor\/thumbs\/UCI_30.600.C55_bp-1-rdtoo5buokch6dkollunjxg9tayrq7dvnwqdi1v73s.png 300w, https:\/\/www.spower-prod.sk\/wp-content\/uploads\/2025\/10\/UCI_30.600.C55_bp-1-150x150.png 150w, https:\/\/www.spower-prod.sk\/wp-content\/uploads\/2025\/10\/UCI_30.600.C55_bp-1-768x768.png 768w, https:\/\/www.spower-prod.sk\/wp-content\/uploads\/2025\/10\/elementor\/thumbs\/UCI_30.600.C55_bp-1-rdtoo5bvahqozdnjt2a8lyvgbz2l22zqlt0ykr3t4c.png 350w, https:\/\/www.spower-prod.sk\/wp-content\/uploads\/2025\/10\/UCI_30.600.C55_bp-1.png 1512w\" sizes=\"(max-width: 1024px) 100vw, 1024px\" \/>\t\t\t\t\t\t\t\t\t\t\t\t\t\t\t<\/div>\n\t\t\t\t<\/div>\n\t\t<div class=\"elementor-element elementor-element-977579a e-con-full e-flex e-con e-child\" data-id=\"977579a\" data-element_type=\"container\" data-e-type=\"container\">\n\t\t\t\t<div class=\"elementor-element elementor-element-9b1c6c8 elementor-widget elementor-widget-text-editor\" data-id=\"9b1c6c8\" data-element_type=\"widget\" data-e-type=\"widget\" data-widget_type=\"text-editor.default\">\n\t\t\t\t\t\t\t\t\t<p><a href=\"\/en\/ultrazvukova-cisticka-uci\/\">Ultrasonic Cleaner for Flammable Liquids - UCI<\/a><\/p>\t\t\t\t\t\t\t\t<\/div>\n\t\t\t\t<div class=\"elementor-element elementor-element-d4ec89b elementor-widget elementor-widget-text-editor\" data-id=\"d4ec89b\" data-element_type=\"widget\" data-e-type=\"widget\" data-widget_type=\"text-editor.default\">\n\t\t\t\t\t\t\t\t\t<p>Designed for cleaning objects in flammable liquids. These units are equipped with safety features that prevent the risk of fire.<\/p>\t\t\t\t\t\t\t\t<\/div>\n\t\t\t\t<\/div>\n\t\t\t\t\t<\/div>\n\t\t\t\t<\/div>\n\t\t<div class=\"elementor-element elementor-element-e2ae545 e-flex e-con-boxed e-con e-parent\" data-id=\"e2ae545\" data-element_type=\"container\" data-e-type=\"container\">\n\t\t\t\t\t<div class=\"e-con-inner\">\n\t\t<div class=\"elementor-element elementor-element-8d531dd e-con-full e-flex e-con e-child\" data-id=\"8d531dd\" data-element_type=\"container\" data-e-type=\"container\">\n\t\t\t\t<div class=\"elementor-element elementor-element-dbbd5f6 elementor-widget__width-inherit elementor-widget elementor-widget-image\" data-id=\"dbbd5f6\" data-element_type=\"widget\" data-e-type=\"widget\" data-widget_type=\"image.default\">\n\t\t\t\t\t\t\t\t\t\t\t\t\t\t\t<img loading=\"lazy\" decoding=\"async\" width=\"1024\" height=\"1024\" src=\"https:\/\/www.spower-prod.sk\/wp-content\/uploads\/2026\/02\/UC10_obrazok-1024x1024.png\" class=\"attachment-large size-large wp-image-9648\" alt=\"\" srcset=\"https:\/\/www.spower-prod.sk\/wp-content\/uploads\/2026\/02\/UC10_obrazok-1024x1024.png 1024w, https:\/\/www.spower-prod.sk\/wp-content\/uploads\/2026\/02\/UC10_obrazok-300x300.png 300w, https:\/\/www.spower-prod.sk\/wp-content\/uploads\/2026\/02\/UC10_obrazok-150x150.png 150w, https:\/\/www.spower-prod.sk\/wp-content\/uploads\/2026\/02\/UC10_obrazok-768x768.png 768w, https:\/\/www.spower-prod.sk\/wp-content\/uploads\/2026\/02\/UC10_obrazok.png 1256w\" sizes=\"(max-width: 1024px) 100vw, 1024px\" \/>\t\t\t\t\t\t\t\t\t\t\t\t\t\t\t<\/div>\n\t\t\t\t<\/div>\n\t\t<div class=\"elementor-element elementor-element-07e20ca e-con-full e-flex e-con e-child\" data-id=\"07e20ca\" data-element_type=\"container\" data-e-type=\"container\">\n\t\t\t\t<div class=\"elementor-element elementor-element-4b95012 elementor-widget elementor-widget-text-editor\" data-id=\"4b95012\" data-element_type=\"widget\" data-e-type=\"widget\" data-widget_type=\"text-editor.default\">\n\t\t\t\t\t\t\t\t\t<p><a href=\"\/en\/ultrazvukova-kompaktna-cisticka-uc10\/\">Compact Ultrasonic Cleaner - UC10<\/a><\/p>\t\t\t\t\t\t\t\t<\/div>\n\t\t\t\t<div class=\"elementor-element elementor-element-d9ec3b2 elementor-widget elementor-widget-text-editor\" data-id=\"d9ec3b2\" data-element_type=\"widget\" data-e-type=\"widget\" data-widget_type=\"text-editor.default\">\n\t\t\t\t\t\t\t\t\t<p>For cleaning objects in non-flammable liquids.\u00a0<br \/>For cleaning and degreasing hard-to-reach areas, cavities, holes, threads, pipes, etc.<\/p>\t\t\t\t\t\t\t\t<\/div>\n\t\t\t\t<\/div>\n\t\t\t\t\t<\/div>\n\t\t\t\t<\/div>\n\t\t<div class=\"elementor-element elementor-element-c76054a e-flex e-con-boxed e-con e-parent\" data-id=\"c76054a\" data-element_type=\"container\" data-e-type=\"container\">\n\t\t\t\t\t<div class=\"e-con-inner\">\n\t\t<div class=\"elementor-element elementor-element-5087ce2 e-con-full e-flex e-con e-child\" data-id=\"5087ce2\" data-element_type=\"container\" data-e-type=\"container\">\n\t\t\t\t<div class=\"elementor-element elementor-element-74134fc elementor-widget__width-inherit elementor-widget elementor-widget-image\" data-id=\"74134fc\" data-element_type=\"widget\" data-e-type=\"widget\" data-widget_type=\"image.default\">\n\t\t\t\t\t\t\t\t\t\t\t\t\t\t\t<img loading=\"lazy\" decoding=\"async\" width=\"768\" height=\"1024\" src=\"https:\/\/www.spower-prod.sk\/wp-content\/uploads\/2025\/11\/kontinualna_linka_rozmer-768x1024.png\" class=\"attachment-large size-large wp-image-5750\" alt=\"\" srcset=\"https:\/\/www.spower-prod.sk\/wp-content\/uploads\/2025\/11\/kontinualna_linka_rozmer-768x1024.png 768w, https:\/\/www.spower-prod.sk\/wp-content\/uploads\/2025\/11\/kontinualna_linka_rozmer-225x300.png 225w, https:\/\/www.spower-prod.sk\/wp-content\/uploads\/2025\/11\/kontinualna_linka_rozmer-1152x1536.png 1152w, https:\/\/www.spower-prod.sk\/wp-content\/uploads\/2025\/11\/kontinualna_linka_rozmer.png 1512w\" sizes=\"(max-width: 768px) 100vw, 768px\" \/>\t\t\t\t\t\t\t\t\t\t\t\t\t\t\t<\/div>\n\t\t\t\t<\/div>\n\t\t<div class=\"elementor-element elementor-element-71119aa e-con-full e-flex e-con e-child\" data-id=\"71119aa\" data-element_type=\"container\" data-e-type=\"container\">\n\t\t\t\t<div class=\"elementor-element elementor-element-b7b0cf6 elementor-widget elementor-widget-text-editor\" data-id=\"b7b0cf6\" data-element_type=\"widget\" data-e-type=\"widget\" data-widget_type=\"text-editor.default\">\n\t\t\t\t\t\t\t\t\t<p><a href=\"\/en\/ultrazvukova-cistiaca-linka-kontinualna\/\">Continuous Ultrasonic Cleaning Line \u2013 Custom Production<\/a><\/p>\t\t\t\t\t\t\t\t<\/div>\n\t\t\t\t<div class=\"elementor-element elementor-element-ce17d21 elementor-widget elementor-widget-text-editor\" data-id=\"ce17d21\" data-element_type=\"widget\" data-e-type=\"widget\" data-widget_type=\"text-editor.default\">\n\t\t\t\t\t\t\t\t\t<p>Cleaning lines (systems) are designed and manufactured from the ground up according to customer requirements. They are characterized by wide variability, with items moved via a mechanical conveyor belt.<\/p>\t\t\t\t\t\t\t\t<\/div>\n\t\t\t\t<\/div>\n\t\t\t\t\t<\/div>\n\t\t\t\t<\/div>\n\t\t<div class=\"elementor-element elementor-element-453601f e-flex e-con-boxed e-con e-parent\" data-id=\"453601f\" data-element_type=\"container\" data-e-type=\"container\">\n\t\t\t\t\t<div class=\"e-con-inner\">\n\t\t<div class=\"elementor-element elementor-element-59e68e9 e-con-full e-flex e-con e-child\" data-id=\"59e68e9\" data-element_type=\"container\" data-e-type=\"container\">\n\t\t\t\t<div class=\"elementor-element elementor-element-46e3cd2 elementor-widget__width-inherit elementor-widget elementor-widget-image\" data-id=\"46e3cd2\" data-element_type=\"widget\" data-e-type=\"widget\" data-widget_type=\"image.default\">\n\t\t\t\t\t\t\t\t\t\t\t\t\t\t\t<img loading=\"lazy\" decoding=\"async\" width=\"768\" height=\"1024\" src=\"https:\/\/www.spower-prod.sk\/wp-content\/uploads\/2025\/11\/linka_prekladacia_rozmer-768x1024.png\" class=\"attachment-large size-large wp-image-5748\" alt=\"\" srcset=\"https:\/\/www.spower-prod.sk\/wp-content\/uploads\/2025\/11\/linka_prekladacia_rozmer-768x1024.png 768w, https:\/\/www.spower-prod.sk\/wp-content\/uploads\/2025\/11\/linka_prekladacia_rozmer-225x300.png 225w, https:\/\/www.spower-prod.sk\/wp-content\/uploads\/2025\/11\/linka_prekladacia_rozmer-1152x1536.png 1152w, https:\/\/www.spower-prod.sk\/wp-content\/uploads\/2025\/11\/linka_prekladacia_rozmer.png 1512w\" sizes=\"(max-width: 768px) 100vw, 768px\" \/>\t\t\t\t\t\t\t\t\t\t\t\t\t\t\t<\/div>\n\t\t\t\t<\/div>\n\t\t<div class=\"elementor-element elementor-element-4c0356a e-con-full e-flex e-con e-child\" data-id=\"4c0356a\" data-element_type=\"container\" data-e-type=\"container\">\n\t\t\t\t<div class=\"elementor-element elementor-element-8a64df0 elementor-widget elementor-widget-text-editor\" data-id=\"8a64df0\" data-element_type=\"widget\" data-e-type=\"widget\" data-widget_type=\"text-editor.default\">\n\t\t\t\t\t\t\t\t\t<p><a href=\"\/en\/ultrazvukova-cistiaca-linka-prekladacia\/\">Multi-Stage Ultrasonic Transfer Line \u2013 Custom Production<\/a><\/p>\t\t\t\t\t\t\t\t<\/div>\n\t\t\t\t<div class=\"elementor-element elementor-element-117a47a elementor-widget elementor-widget-text-editor\" data-id=\"117a47a\" data-element_type=\"widget\" data-e-type=\"widget\" data-widget_type=\"text-editor.default\">\n\t\t\t\t\t\t\t\t\t<p>Cleaning lines (systems) are designed and manufactured from the ground up according to customer requirements. They are characterized by wide variability, with crates transferred between tanks using a pneumatic lift and transport system.<\/p>\t\t\t\t\t\t\t\t<\/div>\n\t\t\t\t<\/div>\n\t\t\t\t\t<\/div>\n\t\t\t\t<\/div>\n\t\t\t\t<\/div>","protected":false},"excerpt":{"rendered":"<p>ULTRAZVUKOV\u00c9 \u010cISTENIE Ultrazvukov\u00e9 \u010distenie predstavuje modern\u00e9 a vysoko efekt\u00edvne rie\u0161enie pre \u010distenie rozmanit\u00fdch predmetov. Je to proces, pri ktorom sa predmety \u010distia v kvapaline (naj\u010dastej\u0161ie vode alebo \u0161peci\u00e1lnom roztoku) pomocou ultrazvukov\u00fdch v\u013an. V\u00ddHODY Vysokokvalitn\u00e9 \u010distenie Vysok\u00e1 opakovate\u013enos\u0165 \u010cistenie \u0165a\u017eko dostupn\u00fdch alebo nedostupn\u00fdch miest Nepo\u0161kodzuje povrch \u010disten\u00fdch predmetov Vyu\u017eite\u013enos\u0165 kvapaliny na nieko\u013eko desiatok a\u017e stoviek cyklov&#8230;<\/p>","protected":false},"author":1,"featured_media":0,"parent":0,"menu_order":0,"comment_status":"closed","ping_status":"closed","template":"","meta":{"_kadence_starter_templates_imported_post":false,"_kad_post_transparent":"","_kad_post_title":"hide","_kad_post_layout":"fullwidth","_kad_post_sidebar_id":"","_kad_post_content_style":"unboxed","_kad_post_vertical_padding":"hide","_kad_post_feature":"hide","_kad_post_feature_position":"","_kad_post_header":false,"_kad_post_footer":false,"footnotes":""},"class_list":["post-677","page","type-page","status-publish","hentry"],"_links":{"self":[{"href":"https:\/\/www.spower-prod.sk\/en\/wp-json\/wp\/v2\/pages\/677","targetHints":{"allow":["GET"]}}],"collection":[{"href":"https:\/\/www.spower-prod.sk\/en\/wp-json\/wp\/v2\/pages"}],"about":[{"href":"https:\/\/www.spower-prod.sk\/en\/wp-json\/wp\/v2\/types\/page"}],"author":[{"embeddable":true,"href":"https:\/\/www.spower-prod.sk\/en\/wp-json\/wp\/v2\/users\/1"}],"replies":[{"embeddable":true,"href":"https:\/\/www.spower-prod.sk\/en\/wp-json\/wp\/v2\/comments?post=677"}],"version-history":[{"count":358,"href":"https:\/\/www.spower-prod.sk\/en\/wp-json\/wp\/v2\/pages\/677\/revisions"}],"predecessor-version":[{"id":9966,"href":"https:\/\/www.spower-prod.sk\/en\/wp-json\/wp\/v2\/pages\/677\/revisions\/9966"}],"wp:attachment":[{"href":"https:\/\/www.spower-prod.sk\/en\/wp-json\/wp\/v2\/media?parent=677"}],"curies":[{"name":"wp","href":"https:\/\/api.w.org\/{rel}","templated":true}]}}