{"id":707,"date":"2025-10-05T20:35:33","date_gmt":"2025-10-05T18:35:33","guid":{"rendered":"https:\/\/www.spowerba.sk\/wp_test\/?page_id=707"},"modified":"2026-03-10T12:34:10","modified_gmt":"2026-03-10T11:34:10","slug":"priemyselna-ultrazvukova-cisticka-ucei","status":"publish","type":"page","link":"https:\/\/www.spower-prod.sk\/en\/priemyselna-ultrazvukova-cisticka-ucei\/","title":{"rendered":"Industrial Ultrasonic Cleaner - UCEI"},"content":{"rendered":"<div data-elementor-type=\"wp-page\" data-elementor-id=\"707\" class=\"elementor elementor-707\">\n\t\t\t\t<div class=\"elementor-element elementor-element-4913df6 e-flex e-con-boxed e-con e-parent\" data-id=\"4913df6\" data-element_type=\"container\" data-e-type=\"container\">\n\t\t\t\t\t<div class=\"e-con-inner\">\n\t\t\t\t<div class=\"elementor-element elementor-element-9437075 elementor-widget elementor-widget-heading\" data-id=\"9437075\" data-element_type=\"widget\" data-e-type=\"widget\" data-widget_type=\"heading.default\">\n\t\t\t\t\t<h2 class=\"elementor-heading-title elementor-size-default\">Industrial Ultrasonic Cleaner - UCEI<\/h2>\t\t\t\t<\/div>\n\t\t\t\t\t<\/div>\n\t\t\t\t<\/div>\n\t\t<div class=\"elementor-element elementor-element-e48d547 e-con-full e-flex e-con e-parent\" data-id=\"e48d547\" data-element_type=\"container\" data-e-type=\"container\">\n\t\t<div class=\"elementor-element elementor-element-cd9f037 e-flex e-con-boxed e-con e-child\" data-id=\"cd9f037\" data-element_type=\"container\" data-e-type=\"container\">\n\t\t\t\t\t<div class=\"e-con-inner\">\n\t\t\t\t<div class=\"elementor-element elementor-element-e910ffd elementor-widget elementor-widget-image\" data-id=\"e910ffd\" data-element_type=\"widget\" data-e-type=\"widget\" data-widget_type=\"image.default\">\n\t\t\t\t\t\t\t\t\t\t\t\t\t\t\t<img fetchpriority=\"high\" decoding=\"async\" width=\"1115\" height=\"1008\" src=\"https:\/\/www.spower-prod.sk\/wp-content\/uploads\/2025\/10\/UCEI_40_bp-1.png\" class=\"attachment-1536x1536 size-1536x1536 wp-image-3957\" alt=\"\" srcset=\"https:\/\/www.spower-prod.sk\/wp-content\/uploads\/2025\/10\/UCEI_40_bp-1.png 1115w, https:\/\/www.spower-prod.sk\/wp-content\/uploads\/2025\/10\/UCEI_40_bp-1-300x271.png 300w, https:\/\/www.spower-prod.sk\/wp-content\/uploads\/2025\/10\/UCEI_40_bp-1-1024x926.png 1024w, https:\/\/www.spower-prod.sk\/wp-content\/uploads\/2025\/10\/UCEI_40_bp-1-768x694.png 768w\" sizes=\"(max-width: 1115px) 100vw, 1115px\" \/>\t\t\t\t\t\t\t\t\t\t\t\t\t\t\t<\/div>\n\t\t<div class=\"elementor-element elementor-element-14d40a8 e-con-full e-flex e-con e-child\" data-id=\"14d40a8\" data-element_type=\"container\" data-e-type=\"container\">\n\t\t\t\t<div class=\"elementor-element elementor-element-0e00624 elementor-widget-divider--view-line elementor-widget elementor-widget-divider\" data-id=\"0e00624\" data-element_type=\"widget\" data-e-type=\"widget\" data-widget_type=\"divider.default\">\n\t\t\t\t\t\t\t<div class=\"elementor-divider\">\n\t\t\t<span class=\"elementor-divider-separator\">\n\t\t\t\t\t\t<\/span>\n\t\t<\/div>\n\t\t\t\t\t\t<\/div>\n\t\t\t\t<div class=\"elementor-element elementor-element-f540370 elementor-widget elementor-widget-text-editor\" data-id=\"f540370\" data-element_type=\"widget\" data-e-type=\"widget\" data-widget_type=\"text-editor.default\">\n\t\t\t\t\t\t\t\t\t<ul><li>Fast and efficient cleaning, time-saving<\/li><li>Designed for industrial use<\/li><li>Cleaning without mechanical surface damage<\/li><li>\u00a0Includes:<br \/>\u2013 timer<br \/>\u2013 thermostat<br \/>\u2013 liquid level sensor<br \/>\u2013 overflow tank<\/li><li>Cleaning in non-flammable fluids<\/li><li>In volumes from 40 to 160 l<\/li><\/ul>\t\t\t\t\t\t\t\t<\/div>\n\t\t\t\t<div class=\"elementor-element elementor-element-c65e1ed elementor-widget-divider--view-line elementor-widget elementor-widget-divider\" data-id=\"c65e1ed\" data-element_type=\"widget\" data-e-type=\"widget\" data-widget_type=\"divider.default\">\n\t\t\t\t\t\t\t<div class=\"elementor-divider\">\n\t\t\t<span class=\"elementor-divider-separator\">\n\t\t\t\t\t\t<\/span>\n\t\t<\/div>\n\t\t\t\t\t\t<\/div>\n\t\t\t\t<\/div>\n\t\t\t\t\t<\/div>\n\t\t\t\t<\/div>\n\t\t\t\t<\/div>\n\t\t<div class=\"elementor-element elementor-element-48e86a4 e-flex e-con-boxed e-con e-parent\" data-id=\"48e86a4\" data-element_type=\"container\" data-e-type=\"container\">\n\t\t\t\t\t<div class=\"e-con-inner\">\n\t\t\t\t<div class=\"elementor-element elementor-element-7bad983 e-n-tabs-mobile elementor-widget elementor-widget-n-tabs\" data-id=\"7bad983\" data-element_type=\"widget\" data-e-type=\"widget\" data-settings=\"{&quot;horizontal_scroll&quot;:&quot;disable&quot;}\" data-widget_type=\"nested-tabs.default\">\n\t\t\t\t\t\t\t<div class=\"e-n-tabs\" data-widget-number=\"129685891\" aria-label=\"Tabs. Open items with Enter or Space, close with Escape and navigate using the Arrow keys.\">\n\t\t\t<div class=\"e-n-tabs-heading\" role=\"tablist\">\n\t\t\t\t\t<button id=\"e-n-tab-title-1296858911\" data-tab-title-id=\"e-n-tab-title-1296858911\" class=\"e-n-tab-title\" aria-selected=\"true\" data-tab-index=\"1\" role=\"tab\" tabindex=\"0\" aria-controls=\"e-n-tab-content-1296858911\" style=\"--n-tabs-title-order: 1;\">\n\t\t\t\t\t\t<span class=\"e-n-tab-title-text\">\n\t\t\t\tDescription\t\t\t<\/span>\n\t\t<\/button>\n\t\t\t\t<button id=\"e-n-tab-title-1296858912\" data-tab-title-id=\"e-n-tab-title-1296858912\" class=\"e-n-tab-title\" aria-selected=\"false\" data-tab-index=\"2\" role=\"tab\" tabindex=\"-1\" aria-controls=\"e-n-tab-content-1296858912\" style=\"--n-tabs-title-order: 2;\">\n\t\t\t\t\t\t<span class=\"e-n-tab-title-text\">\n\t\t\t\tTechnical parameters\t\t\t<\/span>\n\t\t<\/button>\n\t\t\t\t<button id=\"e-n-tab-title-1296858913\" data-tab-title-id=\"e-n-tab-title-1296858913\" class=\"e-n-tab-title\" aria-selected=\"false\" data-tab-index=\"3\" role=\"tab\" tabindex=\"-1\" aria-controls=\"e-n-tab-content-1296858913\" style=\"--n-tabs-title-order: 3;\">\n\t\t\t\t\t\t<span class=\"e-n-tab-title-text\">\n\t\t\t\tModels\t\t\t<\/span>\n\t\t<\/button>\n\t\t\t\t<button id=\"e-n-tab-title-1296858914\" data-tab-title-id=\"e-n-tab-title-1296858914\" class=\"e-n-tab-title\" aria-selected=\"false\" data-tab-index=\"4\" role=\"tab\" tabindex=\"-1\" aria-controls=\"e-n-tab-content-1296858914\" style=\"--n-tabs-title-order: 4;\">\n\t\t\t\t\t\t<span class=\"e-n-tab-title-text\">\n\t\t\t\tGallery\t\t\t<\/span>\n\t\t<\/button>\n\t\t\t\t\t<\/div>\n\t\t\t<div class=\"e-n-tabs-content\">\n\t\t\t\t<div id=\"e-n-tab-content-1296858911\" role=\"tabpanel\" aria-labelledby=\"e-n-tab-title-1296858911\" data-tab-index=\"1\" style=\"--n-tabs-title-order: 1;\" class=\"e-active elementor-element elementor-element-8206476 e-con-full e-flex e-con e-child\" data-id=\"8206476\" data-element_type=\"container\" data-e-type=\"container\">\n\t\t\t\t<div class=\"elementor-element elementor-element-afadece elementor-widget elementor-widget-text-editor\" data-id=\"afadece\" data-element_type=\"widget\" data-e-type=\"widget\" data-widget_type=\"text-editor.default\">\n\t\t\t\t\t\t\t\t\t<p><strong>Description<\/strong><br \/>Thanks to their robust construction, UCEI ultrasonic cleaners are designed for demanding industrial applications. With built-in generators, the cleaner features high power stability independent of the load. An integrated low-level sensor prevents the activation of ultrasonics and heating if the cleaning fluid level is insufficient. The control system is digital. Large-scale START and STOP buttons facilitate easy operation while wearing protective equipment (gloves).<\/p><p><strong>Applications<\/strong><br \/><span style=\"font-size: 18px;\">For cleaning and degreasing hard-to-reach areas, cavities, holes, threads, pipes, etc.\u00a0<br \/><\/span>Cleaning of filters, engine blocks, bearings, shafts, and other parts.<\/p><p><strong>Warning:\u00a0<\/strong><br \/><strong><span style=\"color: #993366;\">The use of flammable cleaning fluids in UCEI cleaners is strictly prohibited!<\/span><\/strong><\/p>\t\t\t\t\t\t\t\t<\/div>\n\t\t\t\t<\/div>\n\t\t<div id=\"e-n-tab-content-1296858912\" role=\"tabpanel\" aria-labelledby=\"e-n-tab-title-1296858912\" data-tab-index=\"2\" style=\"--n-tabs-title-order: 2;\" class=\"elementor-element elementor-element-6572313 e-con-full e-flex e-con e-child\" data-id=\"6572313\" data-element_type=\"container\" data-e-type=\"container\">\n\t\t<div class=\"elementor-element elementor-element-7133a0b e-con-full e-flex e-con e-child\" data-id=\"7133a0b\" data-element_type=\"container\" data-e-type=\"container\">\n\t\t\t\t<div class=\"elementor-element elementor-element-de94c78 elementor-widget elementor-widget-heading\" data-id=\"de94c78\" data-element_type=\"widget\" data-e-type=\"widget\" data-widget_type=\"heading.default\">\n\t\t\t\t\t<h2 class=\"elementor-heading-title elementor-size-default\">Table 1: Technical parameters<\/h2>\t\t\t\t<\/div>\n\t\t\t\t<div class=\"elementor-element elementor-element-6551b2f elementor-widget elementor-widget-html\" data-id=\"6551b2f\" data-element_type=\"widget\" data-e-type=\"widget\" data-widget_type=\"html.default\">\n\t\t\t\t\t<table class=\"mojetabulka\">\n  <thead>\n    <tr>\n    <\/tr>\n  <\/thead>\n  <tbody>\n    <tr>\n      <td>Construction<\/td>\n      <td>All-stainless steel<\/td>\n    <\/tr>\n    <tr>\n      <td>Tank sheet thickness<\/td>\n      <td>2 mm<\/td>\n    <\/tr>\n    <tr>\n      <td>Membrane sheet thickness<\/td>\n      <td>3 mm<\/td>\n    <\/tr>\n    <tr>\n      <td>Protection<\/td>\n      <td>Liquid level switch for protection of heating elements and ultrasonic transducers<\/td>\n    <\/tr>\n    <tr>\n      <td>Inlet valve<\/td>\n      <td>3\/4\"<\/td>\n    <\/tr>\n    <tr>\n      <td>Drain valve<\/td>\n      <td>3\/4\"<\/td>\n    <\/tr>\n    <tr>\n      <td>Overflow valve<\/td>\n      <td>1\/2\"<\/td>\n    <\/tr>\n    <tr>\n      <td>Lid<\/td>\n      <td>Yes<\/td>\n    <\/tr>\n    <tr>\n      <td>Control<\/td>\n      <td>Digital control panel<\/td>\n    <\/tr>\n    \n  <\/tbody>\n<\/table>\t\t\t\t<\/div>\n\t\t\t\t<\/div>\n\t\t<div class=\"elementor-element elementor-element-db8d1c7 e-con-full e-flex e-con e-child\" data-id=\"db8d1c7\" data-element_type=\"container\" data-e-type=\"container\">\n\t\t\t\t<div class=\"elementor-element elementor-element-f6e6b0c elementor-widget elementor-widget-heading\" data-id=\"f6e6b0c\" data-element_type=\"widget\" data-e-type=\"widget\" data-widget_type=\"heading.default\">\n\t\t\t\t\t<h2 class=\"elementor-heading-title elementor-size-default\">Table 2: Documents<\/h2>\t\t\t\t<\/div>\n\t\t\t\t<div class=\"elementor-element elementor-element-059450f elementor-widget elementor-widget-html\" data-id=\"059450f\" data-element_type=\"widget\" data-e-type=\"widget\" data-widget_type=\"html.default\">\n\t\t\t\t\t<table class=\"mojetabulka\">\r\n  <thead>\r\n    <tr>\r\n    <\/tr>\r\n  <\/thead>\r\n  <tbody>\r\n    <tr>\r\n      <td>\r\n         <a href=\"\/wp-content\/uploads\/pdf\/p_ucei.pdf\" \r\n            target=\"_blank\" rel=\"noopener noreferrer\">\r\n        <img decoding=\"async\" src=\"\/wp-content\/uploads\/2025\/10\/icon_pdf.gif\" alt=\"Ikona\" class=\"icon\"> Brochure\r\n      <\/td>\r\n    <\/tr>\r\n    <tr>\r\n      <td>\r\n         <a href=\"\/wp-content\/uploads\/pdf\/prehl\u00e1senie o zhode UCEI.pdf\" \r\n            target=\"_blank\" rel=\"noopener noreferrer\">\r\n        <img decoding=\"async\" src=\"\/wp-content\/uploads\/2025\/10\/icon_pdf.gif\" alt=\"Ikona\" class=\"icon\"> Declaration of Conformity\r\n      <\/td>\r\n    <\/tr>\r\n  <\/tbody>\r\n<\/table>\r\n\t\t\t\t<\/div>\n\t\t\t\t<\/div>\n\t\t\t\t<\/div>\n\t\t<div id=\"e-n-tab-content-1296858913\" role=\"tabpanel\" aria-labelledby=\"e-n-tab-title-1296858913\" data-tab-index=\"3\" style=\"--n-tabs-title-order: 3;\" class=\"elementor-element elementor-element-1acf43f e-con-full e-flex e-con e-child\" data-id=\"1acf43f\" data-element_type=\"container\" data-e-type=\"container\">\n\t\t\t\t<div class=\"elementor-element elementor-element-0e29334 elementor-widget elementor-widget-text-editor\" data-id=\"0e29334\" data-element_type=\"widget\" data-e-type=\"widget\" data-widget_type=\"text-editor.default\">\n\t\t\t\t\t\t\t\t\t<p><strong>Models<\/strong><br \/>UCEI cleaners are manufactured in volumes of 40, 80, 120, and 160 liters. They feature an integrated overflow tank that prevents cleaning fluid from overflowing when an object is submerged.<\/p>\t\t\t\t\t\t\t\t<\/div>\n\t\t\t\t<div class=\"elementor-element elementor-element-6b13c1d elementor-widget elementor-widget-heading\" data-id=\"6b13c1d\" data-element_type=\"widget\" data-e-type=\"widget\" data-widget_type=\"heading.default\">\n\t\t\t\t\t<h2 class=\"elementor-heading-title elementor-size-default\">Table 3: UCEI cleaner models<\/h2>\t\t\t\t<\/div>\n\t\t\t\t<div class=\"elementor-element elementor-element-34ff628 elementor-widget elementor-widget-html\" data-id=\"34ff628\" data-element_type=\"widget\" data-e-type=\"widget\" data-widget_type=\"html.default\">\n\t\t\t\t\t<div class=\"table-horizontal-scroll\">\r\n    <table class=\"mojetabulka2\">\r\n  <thead>\r\n    <tr>\r\n        <td>Model Name<\/td>\r\n        <td>Volume<\/td>\r\n        <td>Ultrasonic power<\/td>\r\n        <td>Heating<\/td>\r\n        <td>Dimensions L x W x H<\/td>\r\n        <td>Liquid level<\/td>\r\n    <\/tr>\r\n  <\/thead>\r\n  <tbody>\r\n    <tr>\r\n      <td data-label=\"N\u00e1zov\">UCEI40<\/td>\r\n      <td data-label=\"Objem\">40 l<\/td>\r\n      <td data-label=\"UZ v\u00fdkon\">600 W<\/td>\r\n      <td data-label=\"Ohrev\">2000 W<\/td>\r\n      <td data-label=\"Rozmery d x \u0161 x v\">548 x 240 x 404 mm<\/td>\r\n      <td data-label=\"V\u00fd\u0161ka hladiny\">304 mm<\/td>\r\n    <\/tr>\r\n    <tr>\r\n      <td data-label=\"N\u00e1zov\">UCEI80<\/td>\r\n      <td data-label=\"Objem\">80 l<\/td>\r\n      <td data-label=\"UZ v\u00fdkon\">1200 W<\/td>\r\n      <td data-label=\"Ohrev\">4000 W<\/td>\r\n      <td data-label=\"Rozmery d x \u0161 x v\">660 x 400 x 404 mm<\/td>\r\n      <td data-label=\"V\u00fd\u0161ka hladiny\">304 mm<\/td>\r\n    <\/tr>\r\n    <tr>\r\n      <td data-label=\"N\u00e1zov\">UCEI120<\/td>\r\n      <td data-label=\"Objem\">120 l<\/td>\r\n      <td data-label=\"V\u00fdkon\">1800 W<\/td>\r\n      <td data-label=\"V\u00fdkon celkov\u00fd\">6000 W<\/td>\r\n      <td data-label=\"Rozmery d x \u0161 x v\">680 x 450 x 504 mm<\/td>\r\n      <td data-label=\"V\u00fd\u0161ka hladiny\">404 mm<\/td>\r\n    <\/tr>\r\n    <tr>\r\n      <td data-label=\"N\u00e1zov\">UCEI160<\/td>\r\n      <td data-label=\"Objem\">160 l<\/td>\r\n      <td data-label=\"V\u00fdkon\">2400 W<\/td>\r\n      <td data-label=\"V\u00fdkon celkov\u00fd\">6000 W<\/td>\r\n      <td data-label=\"Rozmery d x \u0161 x v\">880 x 450 x 504 mm<\/td>\r\n      <td data-label=\"V\u00fd\u0161ka hladiny\">404 mm<\/td>\r\n    <\/tr>\r\n  <\/tbody>\r\n<\/table>\r\n<\/div>\t\t\t\t<\/div>\n\t\t\t\t<\/div>\n\t\t<div id=\"e-n-tab-content-1296858914\" role=\"tabpanel\" aria-labelledby=\"e-n-tab-title-1296858914\" data-tab-index=\"4\" style=\"--n-tabs-title-order: 4;\" class=\"elementor-element elementor-element-6582cd9 e-flex e-con-boxed e-con e-child\" data-id=\"6582cd9\" data-element_type=\"container\" data-e-type=\"container\">\n\t\t\t\t\t<div class=\"e-con-inner\">\n\t\t\t\t<div class=\"elementor-element elementor-element-373f4d8 elementor-widget elementor-widget-image-gallery\" data-id=\"373f4d8\" data-element_type=\"widget\" data-e-type=\"widget\" data-widget_type=\"image-gallery.default\">\n\t\t\t\t\t\t\t<div class=\"elementor-image-gallery\">\n\t\t\t<div id='gallery-1' class='gallery galleryid-707 gallery-columns-4 gallery-size-thumbnail'><figure class='gallery-item'>\n\t\t\t<div class='gallery-icon landscape'>\n\t\t\t\t<a data-elementor-open-lightbox=\"yes\" data-elementor-lightbox-slideshow=\"373f4d8\" data-elementor-lightbox-title=\"UCEI_40_bp\" data-e-action-hash=\"#elementor-action%3Aaction%3Dlightbox%26settings%3DeyJpZCI6Mzk1NywidXJsIjoiaHR0cHM6XC9cL3d3dy5zcG93ZXItcHJvZC5za1wvd3AtY29udGVudFwvdXBsb2Fkc1wvMjAyNVwvMTBcL1VDRUlfNDBfYnAtMS5wbmciLCJzbGlkZXNob3ciOiIzNzNmNGQ4In0%3D\" href='https:\/\/www.spower-prod.sk\/wp-content\/uploads\/2025\/10\/UCEI_40_bp-1.png'><img decoding=\"async\" width=\"150\" height=\"150\" src=\"https:\/\/www.spower-prod.sk\/wp-content\/uploads\/2025\/10\/UCEI_40_bp-1-150x150.png\" class=\"attachment-thumbnail size-thumbnail\" alt=\"\" aria-describedby=\"gallery-1-3957\" srcset=\"https:\/\/www.spower-prod.sk\/wp-content\/uploads\/2025\/10\/UCEI_40_bp-1-150x150.png 150w, https:\/\/www.spower-prod.sk\/wp-content\/uploads\/2025\/10\/elementor\/thumbs\/UCEI_40_bp-1-150x150.png 1500w\" sizes=\"(max-width: 150px) 100vw, 150px\" \/><\/a>\n\t\t\t<\/div>\n\t\t\t\t<figcaption class='wp-caption-text gallery-caption' id='gallery-1-3957'>\n\t\t\t\tUCEI 40.01 Cleaner\n\t\t\t\t<\/figcaption><\/figure><figure class='gallery-item'>\n\t\t\t<div class='gallery-icon landscape'>\n\t\t\t\t<a data-elementor-open-lightbox=\"yes\" data-elementor-lightbox-slideshow=\"373f4d8\" data-elementor-lightbox-title=\"IMG_8159_v\u00fdrez\" data-e-action-hash=\"#elementor-action%3Aaction%3Dlightbox%26settings%3DeyJpZCI6Mzk1MSwidXJsIjoiaHR0cHM6XC9cL3d3dy5zcG93ZXItcHJvZC5za1wvd3AtY29udGVudFwvdXBsb2Fkc1wvMjAyNVwvMTBcL0lNR184MTU5X3Z5cmV6LXNjYWxlZC5qcGciLCJzbGlkZXNob3ciOiIzNzNmNGQ4In0%3D\" href='https:\/\/www.spower-prod.sk\/wp-content\/uploads\/2025\/10\/IMG_8159_vyrez-scaled.jpg'><img decoding=\"async\" width=\"150\" height=\"150\" src=\"https:\/\/www.spower-prod.sk\/wp-content\/uploads\/2025\/10\/IMG_8159_vyrez-150x150.jpg\" class=\"attachment-thumbnail size-thumbnail\" alt=\"\" aria-describedby=\"gallery-1-3951\" \/><\/a>\n\t\t\t<\/div>\n\t\t\t\t<figcaption class='wp-caption-text gallery-caption' id='gallery-1-3951'>\n\t\t\t\tUCEI 120 Cleaner\n\t\t\t\t<\/figcaption><\/figure><figure class='gallery-item'>\n\t\t\t<div class='gallery-icon landscape'>\n\t\t\t\t<a data-elementor-open-lightbox=\"yes\" data-elementor-lightbox-slideshow=\"373f4d8\" data-elementor-lightbox-title=\"UCEI_120_bp\" data-e-action-hash=\"#elementor-action%3Aaction%3Dlightbox%26settings%3DeyJpZCI6Mzk1OCwidXJsIjoiaHR0cHM6XC9cL3d3dy5zcG93ZXItcHJvZC5za1wvd3AtY29udGVudFwvdXBsb2Fkc1wvMjAyNVwvMTBcL1VDRUlfMTIwX2JwLnBuZyIsInNsaWRlc2hvdyI6IjM3M2Y0ZDgifQ%3D%3D\" href='https:\/\/www.spower-prod.sk\/wp-content\/uploads\/2025\/10\/UCEI_120_bp.png'><img loading=\"lazy\" decoding=\"async\" width=\"150\" height=\"150\" src=\"https:\/\/www.spower-prod.sk\/wp-content\/uploads\/2025\/10\/UCEI_120_bp-150x150.png\" class=\"attachment-thumbnail size-thumbnail\" alt=\"\" aria-describedby=\"gallery-1-3958\" \/><\/a>\n\t\t\t<\/div>\n\t\t\t\t<figcaption class='wp-caption-text gallery-caption' id='gallery-1-3958'>\n\t\t\t\tUCEI 120 Cleaner with drying tank\n\t\t\t\t<\/figcaption><\/figure><figure class='gallery-item'>\n\t\t\t<div class='gallery-icon landscape'>\n\t\t\t\t<a data-elementor-open-lightbox=\"yes\" data-elementor-lightbox-slideshow=\"373f4d8\" data-elementor-lightbox-title=\"PB140654\" data-e-action-hash=\"#elementor-action%3Aaction%3Dlightbox%26settings%3DeyJpZCI6NDYzNywidXJsIjoiaHR0cHM6XC9cL3d3dy5zcG93ZXItcHJvZC5za1wvd3AtY29udGVudFwvdXBsb2Fkc1wvMjAyNVwvMTFcL1BCMTQwNjU0LnBuZyIsInNsaWRlc2hvdyI6IjM3M2Y0ZDgifQ%3D%3D\" href='https:\/\/www.spower-prod.sk\/wp-content\/uploads\/2025\/11\/PB140654.png'><img loading=\"lazy\" decoding=\"async\" width=\"150\" height=\"150\" src=\"https:\/\/www.spower-prod.sk\/wp-content\/uploads\/2025\/11\/PB140654-150x150.png\" class=\"attachment-thumbnail size-thumbnail\" alt=\"\" aria-describedby=\"gallery-1-4637\" srcset=\"https:\/\/www.spower-prod.sk\/wp-content\/uploads\/2025\/11\/PB140654-150x150.png 150w, https:\/\/www.spower-prod.sk\/wp-content\/uploads\/2025\/11\/PB140654-300x300.png 300w, https:\/\/www.spower-prod.sk\/wp-content\/uploads\/2025\/11\/PB140654-1024x1024.png 1024w, https:\/\/www.spower-prod.sk\/wp-content\/uploads\/2025\/11\/PB140654-768x768.png 768w, https:\/\/www.spower-prod.sk\/wp-content\/uploads\/2025\/11\/PB140654.png 1512w\" sizes=\"(max-width: 150px) 100vw, 150px\" \/><\/a>\n\t\t\t<\/div>\n\t\t\t\t<figcaption class='wp-caption-text gallery-caption' id='gallery-1-4637'>\n\t\t\t\tUCEI 150 Cleaner\n\t\t\t\t<\/figcaption><\/figure>\n\t\t<\/div>\n\t\t<\/div>\n\t\t\t\t\t\t<\/div>\n\t\t\t\t\t<\/div>\n\t\t\t\t<\/div>\n\t\t\t\t\t<\/div>\n\t\t<\/div>\n\t\t\t\t\t\t<\/div>\n\t\t\t\t\t<\/div>\n\t\t\t\t<\/div>\n\t\t\t\t<\/div>","protected":false},"excerpt":{"rendered":"<p>Priemyseln\u00e1 ultrazvukov\u00e1 \u010disti\u010dka UCEI R\u00fdchle a efekt\u00edvne \u010distenie, \u00faspora \u010dasu Ur\u010den\u00e9 pre priemyseln\u00e9 pou\u017eitie \u010cistenie bez mechanick\u00e9ho po\u0161kodenia povrchu \u00a0Obsahuje:&#8211; \u010dasova\u010d&#8211; termostat&#8211; sn\u00edma\u010d hladiny&#8211; prepadov\u00e1 n\u00e1dr\u017e \u010cistenie v nehor\u013eav\u00fdch kvapalin\u00e1ch V objemoch od 40 do 160 l Popis Technick\u00e9 \u00fadaje Modely Gal\u00e9ria PopisUltrazvukov\u00e9 \u010disti\u010dky UCEI s\u00fa v\u010faka robustnej kon\u0161trukcii ur\u010den\u00e9 pre n\u00e1ro\u010dn\u00e9 priemyseln\u00e9 aplik\u00e1cie. V\u010faka&#8230;<\/p>","protected":false},"author":1,"featured_media":0,"parent":0,"menu_order":0,"comment_status":"closed","ping_status":"closed","template":"","meta":{"_kadence_starter_templates_imported_post":false,"_kad_post_transparent":"","_kad_post_title":"hide","_kad_post_layout":"fullwidth","_kad_post_sidebar_id":"","_kad_post_content_style":"unboxed","_kad_post_vertical_padding":"hide","_kad_post_feature":"hide","_kad_post_feature_position":"","_kad_post_header":false,"_kad_post_footer":false,"footnotes":""},"class_list":["post-707","page","type-page","status-publish","hentry"],"_links":{"self":[{"href":"https:\/\/www.spower-prod.sk\/en\/wp-json\/wp\/v2\/pages\/707","targetHints":{"allow":["GET"]}}],"collection":[{"href":"https:\/\/www.spower-prod.sk\/en\/wp-json\/wp\/v2\/pages"}],"about":[{"href":"https:\/\/www.spower-prod.sk\/en\/wp-json\/wp\/v2\/types\/page"}],"author":[{"embeddable":true,"href":"https:\/\/www.spower-prod.sk\/en\/wp-json\/wp\/v2\/users\/1"}],"replies":[{"embeddable":true,"href":"https:\/\/www.spower-prod.sk\/en\/wp-json\/wp\/v2\/comments?post=707"}],"version-history":[{"count":189,"href":"https:\/\/www.spower-prod.sk\/en\/wp-json\/wp\/v2\/pages\/707\/revisions"}],"predecessor-version":[{"id":10161,"href":"https:\/\/www.spower-prod.sk\/en\/wp-json\/wp\/v2\/pages\/707\/revisions\/10161"}],"wp:attachment":[{"href":"https:\/\/www.spower-prod.sk\/en\/wp-json\/wp\/v2\/media?parent=707"}],"curies":[{"name":"wp","href":"https:\/\/api.w.org\/{rel}","templated":true}]}}