{"id":819,"date":"2025-10-07T16:38:45","date_gmt":"2025-10-07T14:38:45","guid":{"rendered":"https:\/\/www.spowerba.sk\/wp_test\/?page_id=819"},"modified":"2026-02-26T11:40:38","modified_gmt":"2026-02-26T10:40:38","slug":"ultrazvukove-rezanie","status":"publish","type":"page","link":"https:\/\/www.spower-prod.sk\/en\/ultrazvukove-rezanie\/","title":{"rendered":"Ultrasonic cutting"},"content":{"rendered":"<div data-elementor-type=\"wp-page\" data-elementor-id=\"819\" class=\"elementor elementor-819\">\n\t\t\t\t<div class=\"elementor-element elementor-element-3a2eb4b e-con-full e-flex e-con e-parent\" data-id=\"3a2eb4b\" data-element_type=\"container\" data-e-type=\"container\" data-settings=\"{&quot;background_background&quot;:&quot;slideshow&quot;,&quot;background_slideshow_gallery&quot;:[],&quot;background_slideshow_loop&quot;:&quot;yes&quot;,&quot;background_slideshow_slide_duration&quot;:5000,&quot;background_slideshow_slide_transition&quot;:&quot;fade&quot;,&quot;background_slideshow_transition_duration&quot;:500}\">\n\t\t\t\t<div class=\"elementor-element elementor-element-8f89840 elementor-widget elementor-widget-heading\" data-id=\"8f89840\" data-element_type=\"widget\" data-e-type=\"widget\" data-widget_type=\"heading.default\">\n\t\t\t\t\t<h2 class=\"elementor-heading-title elementor-size-default\">Ultrasonic cutting<\/h2>\t\t\t\t<\/div>\n\t\t<div class=\"elementor-element elementor-element-665fafd e-flex e-con-boxed e-con e-child\" data-id=\"665fafd\" data-element_type=\"container\" data-e-type=\"container\">\n\t\t\t\t\t<div class=\"e-con-inner\">\n\t\t\t\t<div class=\"elementor-element elementor-element-265b0c2 elementor-widget__width-initial elementor-widget-mobile__width-inherit elementor-widget elementor-widget-text-editor\" data-id=\"265b0c2\" data-element_type=\"widget\" data-e-type=\"widget\" data-widget_type=\"text-editor.default\">\n\t\t\t\t\t\t\t\t\t<p><strong>Ultrasonic cutting provides a perfectly clean and smooth cut without material deformation. High-frequency vibrations significantly reduce the required cutting force, ensuring high precision and process efficiency.<\/strong><\/p>\t\t\t\t\t\t\t\t<\/div>\n\t\t\t\t<div class=\"elementor-element elementor-element-dfa151c elementor-widget__width-inherit elementor-widget-mobile__width-inherit elementor-widget elementor-widget-text-editor\" data-id=\"dfa151c\" data-element_type=\"widget\" data-e-type=\"widget\" data-widget_type=\"text-editor.default\">\n\t\t\t\t\t\t\t\t\t<p><strong>Benefits<br \/><\/strong><\/p><ul><li><span class=\"a_GcMg font-feature-liga-off font-feature-clig-off font-feature-calt-off text-decoration-none text-strikethrough-none\">Superior Cut Quality \u2013 smooth and clean edges facilitate easy subsequent bonding or material processing.<\/span><\/li><li><span class=\"a_GcMg font-feature-liga-off font-feature-clig-off font-feature-calt-off text-decoration-none text-strikethrough-none\">No Deformation \u2013 low mechanical force prevents damage or compression of the material in the cutting direction.<\/span><\/li><li><span class=\"a_GcMg font-feature-liga-off font-feature-clig-off font-feature-calt-off text-decoration-none text-strikethrough-none\">Zero Waste \u2013 no material loss, eliminating the need for cutting allowances.<\/span><\/li><li><span class=\"a_GcMg font-feature-liga-off font-feature-clig-off font-feature-calt-off text-decoration-none text-strikethrough-none\">Efficiency \u2013 a fast and reliable process with high repeatability.<\/span><\/li><li><span class=\"a_GcMg font-feature-liga-off font-feature-clig-off font-feature-calt-off text-decoration-none text-strikethrough-none\">Versatility \u2013 suitable for cutting plastics, textiles, rubber, composites, and food products.<\/span><\/li><li><span class=\"a_GcMg font-feature-liga-off font-feature-clig-off font-feature-calt-off text-decoration-none text-strikethrough-none\">Extended Blade Life \u2013 significantly reduced friction extends the lifespan of the cutting tool.<\/span><\/li><\/ul>\t\t\t\t\t\t\t\t<\/div>\n\t\t\t\t\t<\/div>\n\t\t\t\t<\/div>\n\t\t\t\t<\/div>\n\t\t<div class=\"elementor-element elementor-element-3fe9d84 e-flex e-con-boxed e-con e-parent\" data-id=\"3fe9d84\" data-element_type=\"container\" data-e-type=\"container\">\n\t\t\t\t\t<div class=\"e-con-inner\">\n\t\t\t\t<div class=\"elementor-element elementor-element-ebe8f5f elementor-widget elementor-widget-heading\" data-id=\"ebe8f5f\" data-element_type=\"widget\" data-e-type=\"widget\" data-widget_type=\"heading.default\">\n\t\t\t\t\t<h2 class=\"elementor-heading-title elementor-size-default\">Product Range<\/h2>\t\t\t\t<\/div>\n\t\t\t\t\t<\/div>\n\t\t\t\t<\/div>\n\t\t<div class=\"elementor-element elementor-element-36c7c07 e-flex e-con-boxed e-con e-parent\" data-id=\"36c7c07\" data-element_type=\"container\" data-e-type=\"container\">\n\t\t\t\t\t<div class=\"e-con-inner\">\n\t\t<div class=\"elementor-element elementor-element-b413064 e-con-full e-flex e-con e-child\" data-id=\"b413064\" data-element_type=\"container\" data-e-type=\"container\">\n\t\t\t\t<div class=\"elementor-element elementor-element-29fc26e elementor-widget elementor-widget-image\" data-id=\"29fc26e\" data-element_type=\"widget\" data-e-type=\"widget\" data-widget_type=\"image.default\">\n\t\t\t\t\t\t\t\t\t\t\t\t\t\t\t<img fetchpriority=\"high\" decoding=\"async\" width=\"1024\" height=\"1024\" src=\"https:\/\/www.spower-prod.sk\/wp-content\/uploads\/2025\/12\/rucna_rezacia1512x1512-1024x1024.png\" class=\"attachment-large size-large wp-image-7061\" alt=\"\" srcset=\"https:\/\/www.spower-prod.sk\/wp-content\/uploads\/2025\/12\/rucna_rezacia1512x1512-1024x1024.png 1024w, https:\/\/www.spower-prod.sk\/wp-content\/uploads\/2025\/12\/rucna_rezacia1512x1512-300x300.png 300w, https:\/\/www.spower-prod.sk\/wp-content\/uploads\/2025\/12\/rucna_rezacia1512x1512-150x150.png 150w, https:\/\/www.spower-prod.sk\/wp-content\/uploads\/2025\/12\/rucna_rezacia1512x1512-768x768.png 768w, https:\/\/www.spower-prod.sk\/wp-content\/uploads\/2025\/12\/rucna_rezacia1512x1512.png 1512w\" sizes=\"(max-width: 1024px) 100vw, 1024px\" \/>\t\t\t\t\t\t\t\t\t\t\t\t\t\t\t<\/div>\n\t\t\t\t<\/div>\n\t\t<div class=\"elementor-element elementor-element-f9dbf2f e-con-full e-flex e-con e-child\" data-id=\"f9dbf2f\" data-element_type=\"container\" data-e-type=\"container\">\n\t\t\t\t<div class=\"elementor-element elementor-element-74e85e1 elementor-widget elementor-widget-text-editor\" data-id=\"74e85e1\" data-element_type=\"widget\" data-e-type=\"widget\" data-widget_type=\"text-editor.default\">\n\t\t\t\t\t\t\t\t\t<p><a href=\"\/en\/rucna-ultrazvukova-rezacia-suprava\/\">Handheld Ultrasonic Cutting Kit<\/a><\/p>\t\t\t\t\t\t\t\t<\/div>\n\t\t\t\t<div class=\"elementor-element elementor-element-86be5b1 elementor-widget elementor-widget-text-editor\" data-id=\"86be5b1\" data-element_type=\"widget\" data-e-type=\"widget\" data-widget_type=\"text-editor.default\">\n\t\t\t\t\t\t\t\t\t<p>Designed for versatile cutting of a wide range of materials.<\/p>\t\t\t\t\t\t\t\t<\/div>\n\t\t\t\t<\/div>\n\t\t\t\t\t<\/div>\n\t\t\t\t<\/div>\n\t\t<div class=\"elementor-element elementor-element-cd8fbda e-flex e-con-boxed e-con e-parent\" data-id=\"cd8fbda\" data-element_type=\"container\" data-e-type=\"container\">\n\t\t\t\t\t<div class=\"e-con-inner\">\n\t\t<div class=\"elementor-element elementor-element-9dcb2c5 e-con-full e-flex e-con e-child\" data-id=\"9dcb2c5\" data-element_type=\"container\" data-e-type=\"container\">\n\t\t\t\t<div class=\"elementor-element elementor-element-6fdb1d6 elementor-widget elementor-widget-image\" data-id=\"6fdb1d6\" data-element_type=\"widget\" data-e-type=\"widget\" data-widget_type=\"image.default\">\n\t\t\t\t\t\t\t\t\t\t\t\t\t\t\t<img decoding=\"async\" width=\"768\" height=\"1024\" src=\"https:\/\/www.spower-prod.sk\/wp-content\/uploads\/2025\/11\/pneumaticka_rezacia-768x1024.png\" class=\"attachment-large size-large wp-image-5767\" alt=\"\" srcset=\"https:\/\/www.spower-prod.sk\/wp-content\/uploads\/2025\/11\/pneumaticka_rezacia-768x1024.png 768w, https:\/\/www.spower-prod.sk\/wp-content\/uploads\/2025\/11\/pneumaticka_rezacia-225x300.png 225w, https:\/\/www.spower-prod.sk\/wp-content\/uploads\/2025\/11\/pneumaticka_rezacia-1152x1536.png 1152w, https:\/\/www.spower-prod.sk\/wp-content\/uploads\/2025\/11\/pneumaticka_rezacia.png 1512w\" sizes=\"(max-width: 768px) 100vw, 768px\" \/>\t\t\t\t\t\t\t\t\t\t\t\t\t\t\t<\/div>\n\t\t\t\t<\/div>\n\t\t<div class=\"elementor-element elementor-element-2ac3ee0 e-con-full e-flex e-con e-child\" data-id=\"2ac3ee0\" data-element_type=\"container\" data-e-type=\"container\">\n\t\t\t\t<div class=\"elementor-element elementor-element-e6ebad4 elementor-widget elementor-widget-text-editor\" data-id=\"e6ebad4\" data-element_type=\"widget\" data-e-type=\"widget\" data-widget_type=\"text-editor.default\">\n\t\t\t\t\t\t\t\t\t<p><a href=\"\/en\/pneumaticka-ultrazvukova-rezacia-suprava\/\">Pneumatic Ultrasonic Cutting Kit<\/a><\/p>\t\t\t\t\t\t\t\t<\/div>\n\t\t\t\t<div class=\"elementor-element elementor-element-3e8f04d elementor-widget elementor-widget-text-editor\" data-id=\"3e8f04d\" data-element_type=\"widget\" data-e-type=\"widget\" data-widget_type=\"text-editor.default\">\n\t\t\t\t\t\t\t\t\t<p>Ensures a faster and more precise cutting process, engineered even for demanding applications requiring high contact force.<\/p>\t\t\t\t\t\t\t\t<\/div>\n\t\t\t\t<\/div>\n\t\t\t\t\t<\/div>\n\t\t\t\t<\/div>\n\t\t\t\t<\/div>","protected":false},"excerpt":{"rendered":"<p>Ultrazvukov\u00e9 rezanie Ultrazvukov\u00e9 rezanie zabezpe\u010duje dokonale \u010dist\u00fd a hladk\u00fd rez bez deform\u00e1cie materi\u00e1lu. V\u010faka vysokofrekven\u010dn\u00fdm vibr\u00e1ci\u00e1m no\u017ea sa v\u00fdrazne zni\u017euje potrebn\u00e1 rezn\u00e1 sila, \u010do zaru\u010duje vysok\u00fa presnos\u0165 a efektivitu cel\u00e9ho procesu. V\u00ddHODY Kvalitn\u00fd povrch rezu &#8211; hranica rezu je hladk\u00e1 a \u010dist\u00e1, \u010do u\u013eah\u010duje n\u00e1sledn\u00e9 sp\u00e1janie alebo spracovanie materi\u00e1lu Bez deform\u00e1ci\u00ed \u2013 n\u00edzka mechanick\u00e1 sila&#8230;<\/p>","protected":false},"author":1,"featured_media":0,"parent":0,"menu_order":0,"comment_status":"closed","ping_status":"closed","template":"","meta":{"_kadence_starter_templates_imported_post":false,"_kad_post_transparent":"","_kad_post_title":"hide","_kad_post_layout":"fullwidth","_kad_post_sidebar_id":"","_kad_post_content_style":"unboxed","_kad_post_vertical_padding":"hide","_kad_post_feature":"hide","_kad_post_feature_position":"","_kad_post_header":false,"_kad_post_footer":false,"footnotes":""},"class_list":["post-819","page","type-page","status-publish","hentry"],"_links":{"self":[{"href":"https:\/\/www.spower-prod.sk\/en\/wp-json\/wp\/v2\/pages\/819","targetHints":{"allow":["GET"]}}],"collection":[{"href":"https:\/\/www.spower-prod.sk\/en\/wp-json\/wp\/v2\/pages"}],"about":[{"href":"https:\/\/www.spower-prod.sk\/en\/wp-json\/wp\/v2\/types\/page"}],"author":[{"embeddable":true,"href":"https:\/\/www.spower-prod.sk\/en\/wp-json\/wp\/v2\/users\/1"}],"replies":[{"embeddable":true,"href":"https:\/\/www.spower-prod.sk\/en\/wp-json\/wp\/v2\/comments?post=819"}],"version-history":[{"count":232,"href":"https:\/\/www.spower-prod.sk\/en\/wp-json\/wp\/v2\/pages\/819\/revisions"}],"predecessor-version":[{"id":9979,"href":"https:\/\/www.spower-prod.sk\/en\/wp-json\/wp\/v2\/pages\/819\/revisions\/9979"}],"wp:attachment":[{"href":"https:\/\/www.spower-prod.sk\/en\/wp-json\/wp\/v2\/media?parent=819"}],"curies":[{"name":"wp","href":"https:\/\/api.w.org\/{rel}","templated":true}]}}