{"id":852,"date":"2025-10-07T19:05:14","date_gmt":"2025-10-07T17:05:14","guid":{"rendered":"https:\/\/www.spowerba.sk\/wp_test\/?page_id=852"},"modified":"2026-03-04T21:33:03","modified_gmt":"2026-03-04T20:33:03","slug":"ultrazvukove-zvaranie","status":"publish","type":"page","link":"https:\/\/www.spower-prod.sk\/en\/ultrazvukove-zvaranie\/","title":{"rendered":"Ultrasonic Welding"},"content":{"rendered":"<div data-elementor-type=\"wp-page\" data-elementor-id=\"852\" class=\"elementor elementor-852\">\n\t\t\t\t<div class=\"elementor-element elementor-element-0d8a7c6 e-con-full e-flex e-con e-parent\" data-id=\"0d8a7c6\" data-element_type=\"container\" data-e-type=\"container\">\n\t\t\t\t<div class=\"elementor-element elementor-element-c2e4578 elementor-widget elementor-widget-heading\" data-id=\"c2e4578\" data-element_type=\"widget\" data-e-type=\"widget\" data-widget_type=\"heading.default\">\n\t\t\t\t\t<h2 class=\"elementor-heading-title elementor-size-default\">Ultrasonic Welding<\/h2>\t\t\t\t<\/div>\n\t\t<div class=\"elementor-element elementor-element-88ba601 e-flex e-con-boxed e-con e-child\" data-id=\"88ba601\" data-element_type=\"container\" data-e-type=\"container\">\n\t\t\t\t\t<div class=\"e-con-inner\">\n\t\t\t\t<div class=\"elementor-element elementor-element-5cd2e7d elementor-widget__width-initial elementor-widget-mobile__width-inherit elementor-widget elementor-widget-text-editor\" data-id=\"5cd2e7d\" data-element_type=\"widget\" data-e-type=\"widget\" data-widget_type=\"text-editor.default\">\n\t\t\t\t\t\t\t\t\t<p><span style=\"color: #333333;\"><em><strong>Ultrasonic welding provides a clean and high-strength bond without the use of adhesives, fasteners, or external heat. High-frequency vibrations create localized friction that instantly joins materials at the contact point. The process is exceptionally fast, energy-efficient, and ensures high precision without deforming the surrounding area.<\/strong><\/em><\/span><\/p>\t\t\t\t\t\t\t\t<\/div>\n\t\t\t\t<div class=\"elementor-element elementor-element-6560ee5 elementor-widget elementor-widget-text-editor\" data-id=\"6560ee5\" data-element_type=\"widget\" data-e-type=\"widget\" data-widget_type=\"text-editor.default\">\n\t\t\t\t\t\t\t\t\t<p><strong>Benefits<\/strong><\/p><ul><li>Strong and Reliable Bonds \u2013 high-quality welds achieved without the use of adhesives or screws,<\/li><li>High Speed \u2013 bonding occurs within seconds with no need for additional cooling,<\/li><li>Kompaktn\u00fd dizajn \u2013 mal\u00e1 n\u00e1ro\u010dnos\u0165 na priestor a n\u00edzka hmotnos\u0165 zariadenia,<\/li><li>Eco-Friendly,<\/li><li>Zero Waste \u2013 clean process without mechanical or chemical waste,<\/li><li><p class=\"cvGsUA direction-ltr align-center para-style-body\">Versatility \u2013 suitable for plastics, non-woven textiles, synthetic leather, foils, and certain metals.<\/p><\/li><\/ul>\t\t\t\t\t\t\t\t<\/div>\n\t\t\t\t\t<\/div>\n\t\t\t\t<\/div>\n\t\t\t\t<\/div>\n\t\t<div class=\"elementor-element elementor-element-33c7801 e-flex e-con-boxed e-con e-parent\" data-id=\"33c7801\" data-element_type=\"container\" data-e-type=\"container\">\n\t\t\t\t\t<div class=\"e-con-inner\">\n\t\t\t\t<div class=\"elementor-element elementor-element-4e37478 elementor-widget elementor-widget-heading\" data-id=\"4e37478\" data-element_type=\"widget\" data-e-type=\"widget\" data-widget_type=\"heading.default\">\n\t\t\t\t\t<h2 class=\"elementor-heading-title elementor-size-default\">Product Range<\/h2>\t\t\t\t<\/div>\n\t\t\t\t\t<\/div>\n\t\t\t\t<\/div>\n\t\t<div class=\"elementor-element elementor-element-f38a824 e-flex e-con-boxed e-con e-parent\" data-id=\"f38a824\" data-element_type=\"container\" data-e-type=\"container\">\n\t\t\t\t\t<div class=\"e-con-inner\">\n\t\t<div class=\"elementor-element elementor-element-f8e2ed8 e-con-full e-flex e-con e-child\" data-id=\"f8e2ed8\" data-element_type=\"container\" data-e-type=\"container\">\n\t\t\t\t<div class=\"elementor-element elementor-element-fe5bd3e elementor-widget__width-inherit elementor-widget elementor-widget-image\" data-id=\"fe5bd3e\" data-element_type=\"widget\" data-e-type=\"widget\" data-widget_type=\"image.default\">\n\t\t\t\t\t\t\t\t\t\t\t\t\t\t\t<img fetchpriority=\"high\" decoding=\"async\" width=\"1024\" height=\"1024\" src=\"https:\/\/www.spower-prod.sk\/wp-content\/uploads\/2025\/12\/rucna_zvaracia-1024x1024.png\" class=\"attachment-large size-large wp-image-7029\" alt=\"\" srcset=\"https:\/\/www.spower-prod.sk\/wp-content\/uploads\/2025\/12\/rucna_zvaracia-1024x1024.png 1024w, https:\/\/www.spower-prod.sk\/wp-content\/uploads\/2025\/12\/rucna_zvaracia-300x300.png 300w, https:\/\/www.spower-prod.sk\/wp-content\/uploads\/2025\/12\/rucna_zvaracia-150x150.png 150w, https:\/\/www.spower-prod.sk\/wp-content\/uploads\/2025\/12\/rucna_zvaracia-768x768.png 768w, https:\/\/www.spower-prod.sk\/wp-content\/uploads\/2025\/12\/rucna_zvaracia.png 1512w\" sizes=\"(max-width: 1024px) 100vw, 1024px\" \/>\t\t\t\t\t\t\t\t\t\t\t\t\t\t\t<\/div>\n\t\t\t\t<\/div>\n\t\t<div class=\"elementor-element elementor-element-1e482a3 e-con-full e-flex e-con e-child\" data-id=\"1e482a3\" data-element_type=\"container\" data-e-type=\"container\">\n\t\t\t\t<div class=\"elementor-element elementor-element-5b14d77 elementor-widget elementor-widget-text-editor\" data-id=\"5b14d77\" data-element_type=\"widget\" data-e-type=\"widget\" data-widget_type=\"text-editor.default\">\n\t\t\t\t\t\t\t\t\t<p><a href=\"\/en\/rucna-ultrazvukova-zvaracia-suprava\/\">Handheld Ultrasonic Welding Kit<\/a><\/p>\t\t\t\t\t\t\t\t<\/div>\n\t\t\t\t<div class=\"elementor-element elementor-element-e851b35 elementor-widget elementor-widget-text-editor\" data-id=\"e851b35\" data-element_type=\"widget\" data-e-type=\"widget\" data-widget_type=\"text-editor.default\">\n\t\t\t\t\t\t\t\t\t<p>Ideal for welding materials that do not require high pressing force.<\/p>\t\t\t\t\t\t\t\t<\/div>\n\t\t\t\t<\/div>\n\t\t\t\t\t<\/div>\n\t\t\t\t<\/div>\n\t\t<div class=\"elementor-element elementor-element-b6f04ee e-flex e-con-boxed e-con e-parent\" data-id=\"b6f04ee\" data-element_type=\"container\" data-e-type=\"container\">\n\t\t\t\t\t<div class=\"e-con-inner\">\n\t\t<div class=\"elementor-element elementor-element-3b17605 e-con-full e-flex e-con e-child\" data-id=\"3b17605\" data-element_type=\"container\" data-e-type=\"container\">\n\t\t\t\t<div class=\"elementor-element elementor-element-587b77a elementor-widget__width-inherit elementor-widget elementor-widget-image\" data-id=\"587b77a\" data-element_type=\"widget\" data-e-type=\"widget\" data-widget_type=\"image.default\">\n\t\t\t\t\t\t\t\t\t\t\t\t\t\t\t<img decoding=\"async\" width=\"768\" height=\"1024\" src=\"https:\/\/www.spower-prod.sk\/wp-content\/uploads\/2025\/10\/zvaracia_suprava-768x1024.png\" class=\"attachment-large size-large wp-image-2328\" alt=\"\" srcset=\"https:\/\/www.spower-prod.sk\/wp-content\/uploads\/2025\/10\/zvaracia_suprava-768x1024.png 768w, https:\/\/www.spower-prod.sk\/wp-content\/uploads\/2025\/10\/zvaracia_suprava-225x300.png 225w, https:\/\/www.spower-prod.sk\/wp-content\/uploads\/2025\/10\/zvaracia_suprava-1152x1536.png 1152w, https:\/\/www.spower-prod.sk\/wp-content\/uploads\/2025\/10\/zvaracia_suprava.png 1512w\" sizes=\"(max-width: 768px) 100vw, 768px\" \/>\t\t\t\t\t\t\t\t\t\t\t\t\t\t\t<\/div>\n\t\t\t\t<\/div>\n\t\t<div class=\"elementor-element elementor-element-61a2500 e-con-full e-flex e-con e-child\" data-id=\"61a2500\" data-element_type=\"container\" data-e-type=\"container\">\n\t\t\t\t<div class=\"elementor-element elementor-element-04910e7 elementor-widget elementor-widget-text-editor\" data-id=\"04910e7\" data-element_type=\"widget\" data-e-type=\"widget\" data-widget_type=\"text-editor.default\">\n\t\t\t\t\t\t\t\t\t<p><a href=\"\/en\/pneumaticka-ultrazvukova-zvaracia-suprava\/\">Pneumatic Ultrasonic Welding Kit<\/a><\/p>\t\t\t\t\t\t\t\t<\/div>\n\t\t\t\t<div class=\"elementor-element elementor-element-bb9037b elementor-widget elementor-widget-text-editor\" data-id=\"bb9037b\" data-element_type=\"widget\" data-e-type=\"widget\" data-widget_type=\"text-editor.default\">\n\t\t\t\t\t\t\t\t\t<p>Designed for welding larger parts that require higher contact force and increased ultrasonic power.<\/p>\t\t\t\t\t\t\t\t<\/div>\n\t\t\t\t<\/div>\n\t\t\t\t\t<\/div>\n\t\t\t\t<\/div>\n\t\t<div class=\"elementor-element elementor-element-0f2de5f e-flex e-con-boxed e-con e-parent\" data-id=\"0f2de5f\" data-element_type=\"container\" data-e-type=\"container\">\n\t\t\t\t\t<div class=\"e-con-inner\">\n\t\t<div class=\"elementor-element elementor-element-30f5292 e-con-full e-flex e-con e-child\" data-id=\"30f5292\" data-element_type=\"container\" data-e-type=\"container\">\n\t\t\t\t<div class=\"elementor-element elementor-element-d79995d elementor-widget__width-inherit elementor-widget elementor-widget-image\" data-id=\"d79995d\" data-element_type=\"widget\" data-e-type=\"widget\" data-widget_type=\"image.default\">\n\t\t\t\t\t\t\t\t\t\t\t\t\t\t\t<img decoding=\"async\" width=\"1024\" height=\"1024\" src=\"https:\/\/www.spower-prod.sk\/wp-content\/uploads\/2025\/11\/zvaracka_kovov-1-1024x1024.png\" class=\"attachment-large size-large wp-image-5629\" alt=\"\" srcset=\"https:\/\/www.spower-prod.sk\/wp-content\/uploads\/2025\/11\/zvaracka_kovov-1-1024x1024.png 1024w, https:\/\/www.spower-prod.sk\/wp-content\/uploads\/2025\/11\/elementor\/thumbs\/zvaracka_kovov-1-rf16kcbwytmpvdteksqgmlokvnlegx38sd6z9692go.png 300w, https:\/\/www.spower-prod.sk\/wp-content\/uploads\/2025\/11\/zvaracka_kovov-1-150x150.png 150w, https:\/\/www.spower-prod.sk\/wp-content\/uploads\/2025\/11\/zvaracka_kovov-1-768x768.png 768w, https:\/\/www.spower-prod.sk\/wp-content\/uploads\/2025\/11\/zvaracka_kovov-1.png 1512w\" sizes=\"(max-width: 1024px) 100vw, 1024px\" \/>\t\t\t\t\t\t\t\t\t\t\t\t\t\t\t<\/div>\n\t\t\t\t<\/div>\n\t\t<div class=\"elementor-element elementor-element-8d381ed e-con-full e-flex e-con e-child\" data-id=\"8d381ed\" data-element_type=\"container\" data-e-type=\"container\">\n\t\t\t\t<div class=\"elementor-element elementor-element-d9862f0 elementor-widget elementor-widget-text-editor\" data-id=\"d9862f0\" data-element_type=\"widget\" data-e-type=\"widget\" data-widget_type=\"text-editor.default\">\n\t\t\t\t\t\t\t\t\t<p><a href=\"\/en\/pneumaticka-ultrazvukova-zvaracka-kovov\/\">Pneumatic Ultrasonic Metal Welder<\/a><\/p>\t\t\t\t\t\t\t\t<\/div>\n\t\t\t\t<div class=\"elementor-element elementor-element-3997939 elementor-widget elementor-widget-text-editor\" data-id=\"3997939\" data-element_type=\"widget\" data-e-type=\"widget\" data-widget_type=\"text-editor.default\">\n\t\t\t\t\t\t\t\t\t<p>Designed for direct welding of metallic parts.<\/p>\t\t\t\t\t\t\t\t<\/div>\n\t\t\t\t<\/div>\n\t\t\t\t\t<\/div>\n\t\t\t\t<\/div>\n\t\t\t\t<\/div>","protected":false},"excerpt":{"rendered":"<p>Ultrazvukov\u00e9 zv\u00e1ranie Ultrazvukov\u00e9 zv\u00e1ranie zabezpe\u010duje \u010dist\u00fd a pevn\u00fd spoj bez pou\u017eitia lepidiel, skrutiek \u010di extern\u00e9ho tepla. Vysokofrekven\u010dn\u00e9 vibr\u00e1cie vytv\u00e1raj\u00fa lokalizovan\u00e9 trenie, ktor\u00e9 materi\u00e1ly v mieste dotyku okam\u017eite spoj\u00ed. Tento proces je mimoriadne r\u00fdchly, energeticky \u00fasporn\u00fd a zaru\u010duje vysok\u00fa presnos\u0165 bez deform\u00e1cie okolia spoja. V\u00ddHODY Pevn\u00e9 a spo\u013eahliv\u00e9 spoje \u2013 vysok\u00e1 kvalita zvaru bez pou\u017eitia lepidiel&#8230;<\/p>","protected":false},"author":1,"featured_media":0,"parent":0,"menu_order":0,"comment_status":"closed","ping_status":"closed","template":"","meta":{"_kadence_starter_templates_imported_post":false,"_kad_post_transparent":"","_kad_post_title":"hide","_kad_post_layout":"fullwidth","_kad_post_sidebar_id":"","_kad_post_content_style":"unboxed","_kad_post_vertical_padding":"hide","_kad_post_feature":"hide","_kad_post_feature_position":"","_kad_post_header":false,"_kad_post_footer":false,"footnotes":""},"class_list":["post-852","page","type-page","status-publish","hentry"],"_links":{"self":[{"href":"https:\/\/www.spower-prod.sk\/en\/wp-json\/wp\/v2\/pages\/852","targetHints":{"allow":["GET"]}}],"collection":[{"href":"https:\/\/www.spower-prod.sk\/en\/wp-json\/wp\/v2\/pages"}],"about":[{"href":"https:\/\/www.spower-prod.sk\/en\/wp-json\/wp\/v2\/types\/page"}],"author":[{"embeddable":true,"href":"https:\/\/www.spower-prod.sk\/en\/wp-json\/wp\/v2\/users\/1"}],"replies":[{"embeddable":true,"href":"https:\/\/www.spower-prod.sk\/en\/wp-json\/wp\/v2\/comments?post=852"}],"version-history":[{"count":220,"href":"https:\/\/www.spower-prod.sk\/en\/wp-json\/wp\/v2\/pages\/852\/revisions"}],"predecessor-version":[{"id":10052,"href":"https:\/\/www.spower-prod.sk\/en\/wp-json\/wp\/v2\/pages\/852\/revisions\/10052"}],"wp:attachment":[{"href":"https:\/\/www.spower-prod.sk\/en\/wp-json\/wp\/v2\/media?parent=852"}],"curies":[{"name":"wp","href":"https:\/\/api.w.org\/{rel}","templated":true}]}}